{"id":37,"date":"2023-04-14T14:14:02","date_gmt":"2023-04-14T11:14:02","guid":{"rendered":"https:\/\/blogi.savonia.fi\/aadapoysko\/?page_id=37"},"modified":"2024-09-10T02:52:41","modified_gmt":"2024-09-09T23:52:41","slug":"lahtotaso-ja-tavoitteet","status":"publish","type":"page","link":"https:\/\/blogi.savonia.fi\/aadapoysko\/kjkj\/preanalytiikan-harkka\/lahtotaso-ja-tavoitteet\/","title":{"rendered":"L\u00e4ht\u00f6taso ja Henkil\u00f6kohtaiset tavoitteet"},"content":{"rendered":"","protected":true},"excerpt":{"rendered":"","protected":true},"author":9450,"featured_media":0,"parent":35,"menu_order":1,"comment_status":"open","ping_status":"closed","template":"","meta":{"footnotes":""},"class_list":["post-37","page","type-page","status-publish","post-password-required","hentry"],"_links":{"self":[{"href":"https:\/\/blogi.savonia.fi\/aadapoysko\/wp-json\/wp\/v2\/pages\/37","targetHints":{"allow":["GET"]}}],"collection":[{"href":"https:\/\/blogi.savonia.fi\/aadapoysko\/wp-json\/wp\/v2\/pages"}],"about":[{"href":"https:\/\/blogi.savonia.fi\/aadapoysko\/wp-json\/wp\/v2\/types\/page"}],"author":[{"embeddable":true,"href":"https:\/\/blogi.savonia.fi\/aadapoysko\/wp-json\/wp\/v2\/users\/9450"}],"replies":[{"embeddable":true,"href":"https:\/\/blogi.savonia.fi\/aadapoysko\/wp-json\/wp\/v2\/comments?post=37"}],"version-history":[{"count":9,"href":"https:\/\/blogi.savonia.fi\/aadapoysko\/wp-json\/wp\/v2\/pages\/37\/revisions"}],"predecessor-version":[{"id":87,"href":"https:\/\/blogi.savonia.fi\/aadapoysko\/wp-json\/wp\/v2\/pages\/37\/revisions\/87"}],"up":[{"embeddable":true,"href":"https:\/\/blogi.savonia.fi\/aadapoysko\/wp-json\/wp\/v2\/pages\/35"}],"wp:attachment":[{"href":"https:\/\/blogi.savonia.fi\/aadapoysko\/wp-json\/wp\/v2\/media?parent=37"}],"curies":[{"name":"wp","href":"https:\/\/api.w.org\/{rel}","templated":true}]}}