{"id":113,"date":"2017-06-09T10:06:44","date_gmt":"2017-06-09T10:06:44","guid":{"rendered":"https:\/\/blogi.savonia.fi\/agrifuture\/?page_id=113"},"modified":"2020-05-28T12:15:34","modified_gmt":"2020-05-28T12:15:34","slug":"innovaatiot-kayttoosi","status":"publish","type":"page","link":"https:\/\/blogi.savonia.fi\/agrifuture\/innovaatiot-kayttoosi\/","title":{"rendered":"Uutiskirje ajankohtaisista tapahtumista ja kuulumisista"},"content":{"rendered":"<p><img loading=\"lazy\" decoding=\"async\" class=\"wp-image-454 aligncenter\" src=\"https:\/\/blogi.savonia.fi\/agrifuture\/wp-content\/uploads\/sites\/3908\/2019\/09\/syysomenat-1024x768.jpg\" alt=\"\" width=\"345\" height=\"259\" srcset=\"https:\/\/blogi.savonia.fi\/agrifuture\/wp-content\/uploads\/sites\/3908\/2019\/09\/syysomenat-1024x768.jpg 1024w, https:\/\/blogi.savonia.fi\/agrifuture\/wp-content\/uploads\/sites\/3908\/2019\/09\/syysomenat-300x225.jpg 300w, https:\/\/blogi.savonia.fi\/agrifuture\/wp-content\/uploads\/sites\/3908\/2019\/09\/syysomenat-768x576.jpg 768w, https:\/\/blogi.savonia.fi\/agrifuture\/wp-content\/uploads\/sites\/3908\/2019\/09\/syysomenat.jpg 1632w\" sizes=\"auto, (max-width: 345px) 100vw, 345px\" \/><\/p>\n<p>Tilaa luonnonvara-alan uutiskirje <a href=\"https:\/\/savonia.mail-eur.net\/account\/20776730-e7a3b8c60901857736fbbd94cd5b34f3-79217\/355186\">t\u00e4st\u00e4<\/a> ja seuraa meit\u00e4 Facebookissa <a href=\"https:\/\/www.facebook.com\/AgrologiksiSavoniassa\/?ref=aymt_homepage_panel&amp;eid=ARBdCOeG5TE8wHa4dkEvLMfDht_-6m88hGY1VnT9B6nrqML_0YNHFsCGMRvwNT3NnDTbHDOjTSzC2j3l\">Agrologiksi Savoniassa<\/a><\/p>\n<p>Toukokuu 2020: <a href=\"https:\/\/savonia.mail-eur.net\/a\/s\/43545447-808af9e81ae640f8a40104323e2e8bd6\/645050\">Luonnonvara-alan uutiskirje toukokuu 2020<\/a><\/p>\n<p>Joulukuu 2019: <a href=\"https:\/\/savonia.mail-eur.net\/a\/s\/20776730-f9722d06d479b4803534437b3b7633c5\/505582\">Luonnonvara-alan uutiskirje joulukuu 2019<\/a><\/p>\n<p>Syyskuu 2019: <a href=\"http:\/\/uutiskirje.savonia.fi\/a\/s\/20776737-a80ff737791a72628a011f6f7bc6c385\/431386\">luonnonvara-alan uutiskirje syyskuu 2019<\/a><\/p>\n<p>Kes\u00e4kuu 2019: <a href=\"https:\/\/blogi.savonia.fi\/agrifuture\/wp-content\/uploads\/sites\/3908\/2019\/09\/luonnonvara-alan-uutiskirje-kesakuu-2019.pdf\">luonnonvara-alan-uutiskirje-kesakuu-2019<\/a><\/p>\n<p>Maaliskuu 2019: <a href=\"https:\/\/blogi.savonia.fi\/agrifuture\/wp-content\/uploads\/sites\/3908\/2019\/09\/luonnonvara-alan-uutiskirje-maaliskuu-2019.pdf\">luonnonvara-alan-uutiskirje-maaliskuu-2019<\/a><\/p>\n<p>&nbsp;<\/p>\n<p>Ideoista tekoihin &#8211; Savonian lukuisat hankkeet tuottavat tietoa ja osaamista alan ammattilaisten k\u00e4ytt\u00f6\u00f6n: <a href=\"https:\/\/portal.savonia.fi\/amk\/fi\/tutkimus-ja-kehittaminen\/savonian-painoalat\/vastuullinen-ruokatuotanto\/hankkeet\">Luonnonvara-alan hankkeet<\/a><\/p>\n<p>&nbsp;<\/p>\n<p>&nbsp;<\/p>\n<p>&nbsp;<\/p>\n<p>&nbsp;<\/p>\n","protected":false},"excerpt":{"rendered":"<p>Tilaa luonnonvara-alan uutiskirje t\u00e4st\u00e4 ja seuraa meit\u00e4 Facebookissa Agrologiksi Savoniassa Toukokuu 2020: Luonnonvara-alan uutiskirje toukokuu 2020 Joulukuu 2019: Luonnonvara-alan uutiskirje joulukuu 2019 Syyskuu 2019: luonnonvara-alan uutiskirje syyskuu 2019 Kes\u00e4kuu 2019: luonnonvara-alan-uutiskirje-kesakuu-2019 Maaliskuu 2019: luonnonvara-alan-uutiskirje-maaliskuu-2019 &nbsp; Ideoista tekoihin &#8211; Savonian lukuisat<\/p>\n","protected":false},"author":3279,"featured_media":0,"parent":0,"menu_order":0,"comment_status":"closed","ping_status":"closed","template":"","meta":{"footnotes":""},"class_list":["post-113","page","type-page","status-publish","hentry"],"_links":{"self":[{"href":"https:\/\/blogi.savonia.fi\/agrifuture\/wp-json\/wp\/v2\/pages\/113","targetHints":{"allow":["GET"]}}],"collection":[{"href":"https:\/\/blogi.savonia.fi\/agrifuture\/wp-json\/wp\/v2\/pages"}],"about":[{"href":"https:\/\/blogi.savonia.fi\/agrifuture\/wp-json\/wp\/v2\/types\/page"}],"author":[{"embeddable":true,"href":"https:\/\/blogi.savonia.fi\/agrifuture\/wp-json\/wp\/v2\/users\/3279"}],"replies":[{"embeddable":true,"href":"https:\/\/blogi.savonia.fi\/agrifuture\/wp-json\/wp\/v2\/comments?post=113"}],"version-history":[{"count":26,"href":"https:\/\/blogi.savonia.fi\/agrifuture\/wp-json\/wp\/v2\/pages\/113\/revisions"}],"predecessor-version":[{"id":726,"href":"https:\/\/blogi.savonia.fi\/agrifuture\/wp-json\/wp\/v2\/pages\/113\/revisions\/726"}],"wp:attachment":[{"href":"https:\/\/blogi.savonia.fi\/agrifuture\/wp-json\/wp\/v2\/media?parent=113"}],"curies":[{"name":"wp","href":"https:\/\/api.w.org\/{rel}","templated":true}]}}