{"id":48,"date":"2019-02-20T15:34:32","date_gmt":"2019-02-20T13:34:32","guid":{"rendered":"https:\/\/blogi.savonia.fi\/ajatuksiaarkkitehtuurista\/?page_id=48"},"modified":"2025-02-08T21:46:26","modified_gmt":"2025-02-08T19:46:26","slug":"tietoa-blogista","status":"publish","type":"page","link":"https:\/\/blogi.savonia.fi\/ajatuksiaarkkitehtuurista\/tietoa-blogista\/","title":{"rendered":"Tietoa blogista"},"content":{"rendered":"<p>Tervetuoa lukemaan Ajatuksia arkkitehtuurista \u2013blogia. Blogi k\u00e4sittelee aiheita, jotka v\u00e4lj\u00e4sti liittyv\u00e4t ymp\u00e4rist\u00f6\u00f6mme ja ihmisen kulttuuriin. Aiheina voi siten olla melkein mit\u00e4 tahansa koulutuksesta musiikkiin, ihmisen arkikokemuksista filosofisiin pohdintoihin, raa\u2019asta rakentamisesta kuvataiteisiin. Blogikirjoituksissa aiheita k\u00e4sitell\u00e4\u00e4n aina kuitenkin arkkitehtuurin n\u00e4k\u00f6kulmasta.<\/p>\n<p>Blogin toimituskunta:<\/p>\n<p>Janne Repo<br \/>\nYliopettaja<br \/>\nSavonia-ammattikorkeakoulu<\/p>\n<p>Anne Heikkinen<br \/>\nViestint\u00e4- ja vaikuttavuusjohtaja<br \/>\nSavonia-ammattikorkeakoulu<\/p>\n<p>&nbsp;<\/p>\n","protected":false},"excerpt":{"rendered":"<p>Tervetuoa lukemaan Ajatuksia arkkitehtuurista \u2013blogia. Blogi k\u00e4sittelee aiheita, jotka v\u00e4lj\u00e4sti liittyv\u00e4t ymp\u00e4rist\u00f6\u00f6mme ja ihmisen kulttuuriin. Aiheina voi siten olla melkein mit\u00e4 tahansa koulutuksesta musiikkiin, ihmisen arkikokemuksista filosofisiin pohdintoihin, raa\u2019asta rakentamisesta kuvataiteisiin. Blogikirjoituksissa aiheita k\u00e4sitell\u00e4\u00e4n aina kuitenkin arkkitehtuurin n\u00e4k\u00f6kulmasta. Blogin toimituskunta: Janne Repo Yliopettaja Savonia-ammattikorkeakoulu Anne Heikkinen Viestint\u00e4- ja vaikuttavuusjohtaja Savonia-ammattikorkeakoulu &nbsp;<\/p>\n","protected":false},"author":4291,"featured_media":0,"parent":0,"menu_order":0,"comment_status":"closed","ping_status":"closed","template":"","meta":{"footnotes":""},"class_list":["post-48","page","type-page","status-publish","hentry"],"_links":{"self":[{"href":"https:\/\/blogi.savonia.fi\/ajatuksiaarkkitehtuurista\/wp-json\/wp\/v2\/pages\/48","targetHints":{"allow":["GET"]}}],"collection":[{"href":"https:\/\/blogi.savonia.fi\/ajatuksiaarkkitehtuurista\/wp-json\/wp\/v2\/pages"}],"about":[{"href":"https:\/\/blogi.savonia.fi\/ajatuksiaarkkitehtuurista\/wp-json\/wp\/v2\/types\/page"}],"author":[{"embeddable":true,"href":"https:\/\/blogi.savonia.fi\/ajatuksiaarkkitehtuurista\/wp-json\/wp\/v2\/users\/4291"}],"replies":[{"embeddable":true,"href":"https:\/\/blogi.savonia.fi\/ajatuksiaarkkitehtuurista\/wp-json\/wp\/v2\/comments?post=48"}],"version-history":[{"count":7,"href":"https:\/\/blogi.savonia.fi\/ajatuksiaarkkitehtuurista\/wp-json\/wp\/v2\/pages\/48\/revisions"}],"predecessor-version":[{"id":109,"href":"https:\/\/blogi.savonia.fi\/ajatuksiaarkkitehtuurista\/wp-json\/wp\/v2\/pages\/48\/revisions\/109"}],"wp:attachment":[{"href":"https:\/\/blogi.savonia.fi\/ajatuksiaarkkitehtuurista\/wp-json\/wp\/v2\/media?parent=48"}],"curies":[{"name":"wp","href":"https:\/\/api.w.org\/{rel}","templated":true}]}}