{"id":629,"date":"2025-05-18T08:01:46","date_gmt":"2025-05-18T05:01:46","guid":{"rendered":"https:\/\/blogi.savonia.fi\/anuverbaan\/?page_id=629"},"modified":"2025-10-02T10:40:16","modified_gmt":"2025-10-02T07:40:16","slug":"hoitotyon-osaamisen-taydentaminen","status":"publish","type":"page","link":"https:\/\/blogi.savonia.fi\/anuverbaan\/esimerkkisivu\/hoitotyon-osaamisen-taydentaminen\/","title":{"rendered":"Hoitoty\u00f6n osaamisen t\u00e4ydent\u00e4minen"},"content":{"rendered":"","protected":true},"excerpt":{"rendered":"","protected":true},"author":9246,"featured_media":0,"parent":2,"menu_order":5,"comment_status":"open","ping_status":"closed","template":"","meta":{"footnotes":""},"class_list":["post-629","page","type-page","status-publish","post-password-required","hentry"],"_links":{"self":[{"href":"https:\/\/blogi.savonia.fi\/anuverbaan\/wp-json\/wp\/v2\/pages\/629","targetHints":{"allow":["GET"]}}],"collection":[{"href":"https:\/\/blogi.savonia.fi\/anuverbaan\/wp-json\/wp\/v2\/pages"}],"about":[{"href":"https:\/\/blogi.savonia.fi\/anuverbaan\/wp-json\/wp\/v2\/types\/page"}],"author":[{"embeddable":true,"href":"https:\/\/blogi.savonia.fi\/anuverbaan\/wp-json\/wp\/v2\/users\/9246"}],"replies":[{"embeddable":true,"href":"https:\/\/blogi.savonia.fi\/anuverbaan\/wp-json\/wp\/v2\/comments?post=629"}],"version-history":[{"count":1,"href":"https:\/\/blogi.savonia.fi\/anuverbaan\/wp-json\/wp\/v2\/pages\/629\/revisions"}],"predecessor-version":[{"id":630,"href":"https:\/\/blogi.savonia.fi\/anuverbaan\/wp-json\/wp\/v2\/pages\/629\/revisions\/630"}],"up":[{"embeddable":true,"href":"https:\/\/blogi.savonia.fi\/anuverbaan\/wp-json\/wp\/v2\/pages\/2"}],"wp:attachment":[{"href":"https:\/\/blogi.savonia.fi\/anuverbaan\/wp-json\/wp\/v2\/media?parent=629"}],"curies":[{"name":"wp","href":"https:\/\/api.w.org\/{rel}","templated":true}]}}