{"id":903,"date":"2025-12-28T11:24:09","date_gmt":"2025-12-28T09:24:09","guid":{"rendered":"https:\/\/blogi.savonia.fi\/anuverbaan\/?page_id=903"},"modified":"2025-12-29T10:18:04","modified_gmt":"2025-12-29T08:18:04","slug":"tervetuloa-oppimisymparistooni","status":"publish","type":"page","link":"https:\/\/blogi.savonia.fi\/anuverbaan\/tervetuloa-oppimisymparistooni\/","title":{"rendered":"TERVETULOA OPPIMISYMP\u00c4RIST\u00d6\u00d6NI"},"content":{"rendered":"\n<h1 class=\"wp-block-heading\"><\/h1>\n\n\n\n<p>Olen sairaanhoitajaopiskelija Savonian ammattikorkeakoululta. Opintoni aloitin syksyll\u00e4 -22 ja teen t\u00e4ll\u00e4 hetkell\u00e4 opinn\u00e4ytety\u00f6t\u00e4ni Kainuun hyvinvointialueelle aiheesta psykologinen turvallisuus opiskelijaohjauksessa. Opintojeni syvent\u00e4vien kurssien aikana olen perehtynyt palliatiiviseen oirehoitoon. Ty\u00f6kokemusta alalta minulla on ymp\u00e4rivuorokautisen asumisen palveluyksik\u00f6ist\u00e4 sek\u00e4 psykiatrian hoitoty\u00f6st\u00e4 osastolla. Somaattinen oirehoito on mielenterveysty\u00f6n lis\u00e4ksi l\u00e4hell\u00e4 syd\u00e4nt\u00e4ni ja ty\u00f6skentelen mielell\u00e4ni asiakasl\u00e4ht\u00f6isesti niin osastolla, poliklinikalla kuin palveluyksik\u00f6iss\u00e4.<\/p>\n","protected":false},"excerpt":{"rendered":"<p>Olen sairaanhoitajaopiskelija Savonian ammattikorkeakoululta. Opintoni aloitin syksyll\u00e4 -22 ja teen t\u00e4ll\u00e4 hetkell\u00e4 opinn\u00e4ytety\u00f6t\u00e4ni Kainuun hyvinvointialueelle aiheesta psykologinen turvallisuus opiskelijaohjauksessa. Opintojeni syvent\u00e4vien kurssien aikana olen perehtynyt palliatiiviseen oirehoitoon. Ty\u00f6kokemusta alalta minulla on ymp\u00e4rivuorokautisen asumisen palveluyksik\u00f6ist\u00e4 sek\u00e4 psykiatrian hoitoty\u00f6st\u00e4 osastolla. Somaattinen oirehoito&#8230; <a class=\"more-link\" href=\"https:\/\/blogi.savonia.fi\/anuverbaan\/tervetuloa-oppimisymparistooni\/\">Continue Reading &rarr;<\/a><\/p>\n","protected":false},"author":9246,"featured_media":0,"parent":0,"menu_order":0,"comment_status":"closed","ping_status":"closed","template":"","meta":{"footnotes":""},"class_list":["post-903","page","type-page","status-publish","hentry"],"_links":{"self":[{"href":"https:\/\/blogi.savonia.fi\/anuverbaan\/wp-json\/wp\/v2\/pages\/903","targetHints":{"allow":["GET"]}}],"collection":[{"href":"https:\/\/blogi.savonia.fi\/anuverbaan\/wp-json\/wp\/v2\/pages"}],"about":[{"href":"https:\/\/blogi.savonia.fi\/anuverbaan\/wp-json\/wp\/v2\/types\/page"}],"author":[{"embeddable":true,"href":"https:\/\/blogi.savonia.fi\/anuverbaan\/wp-json\/wp\/v2\/users\/9246"}],"replies":[{"embeddable":true,"href":"https:\/\/blogi.savonia.fi\/anuverbaan\/wp-json\/wp\/v2\/comments?post=903"}],"version-history":[{"count":5,"href":"https:\/\/blogi.savonia.fi\/anuverbaan\/wp-json\/wp\/v2\/pages\/903\/revisions"}],"predecessor-version":[{"id":976,"href":"https:\/\/blogi.savonia.fi\/anuverbaan\/wp-json\/wp\/v2\/pages\/903\/revisions\/976"}],"wp:attachment":[{"href":"https:\/\/blogi.savonia.fi\/anuverbaan\/wp-json\/wp\/v2\/media?parent=903"}],"curies":[{"name":"wp","href":"https:\/\/api.w.org\/{rel}","templated":true}]}}