{"id":133,"date":"2022-10-11T09:58:09","date_gmt":"2022-10-11T06:58:09","guid":{"rendered":"https:\/\/blogi.savonia.fi\/arvostavavuorovaikutus\/?page_id=133"},"modified":"2022-11-30T21:32:43","modified_gmt":"2022-11-30T19:32:43","slug":"etusivu-valmennuksen-esittely","status":"publish","type":"page","link":"https:\/\/blogi.savonia.fi\/arvostavavuorovaikutus\/","title":{"rendered":"Valmennuksen esittely"},"content":{"rendered":"\n<p class=\"has-black-color has-text-color has-medium-font-size\">Valmennus on kehitetty Vetovoimainen vanhusty\u00f6 -hankkeessa yhteisty\u00f6ss\u00e4 kotihoidon ja asumispalveluyksik\u00f6iden henkil\u00f6st\u00f6n kanssa.<\/p>\n\n\n\n<p class=\"has-black-color has-text-color has-medium-font-size\">Valmentajina ovat toimineet: <br><strong>Aija Hietanen<\/strong>, ty\u00f6yhteis\u00f6valmentaja, Savonia-ammattikorkeakoulu<br><strong>Heli Kek\u00e4l\u00e4inen<\/strong>, vanhusty\u00f6n asiantuntija, Savonia-ammattikorkeakoulu<br><strong>Jaana Piippo<\/strong>, ty\u00f6yhteis\u00f6valmentaja, Savon ammattiopisto<br><strong>Satu Pirskanen<\/strong>, vanhusty\u00f6n erityisasiantuntija, Savonia-ammattikorkeakoulu<\/p>\n\n\n\n<p>Videon kesto 1:53. Video on tekstitetty. <\/p>\n\n\n\n\n<!-- iframe plugin v.6.0 wordpress.org\/plugins\/iframe\/ -->\n<iframe loading=\"lazy\" width=\"560\" height=\"315\" src=\"https:\/\/www.youtube.com\/embed\/_1zu2ZFfb-o\" title=\"YouTube video player\" frameborder=\"0\" allow=\"accelerometer; autoplay; clipboard-write; encrypted-media; gyroscope; picture-in-picture\" 0=\"allowfullscreen&gt;&lt;\/iframe\" scrolling=\"yes\" class=\"iframe-class\"><\/iframe>\n\n","protected":false},"excerpt":{"rendered":"<p>Valmennus on kehitetty Vetovoimainen vanhusty\u00f6 -hankkeessa yhteisty\u00f6ss\u00e4 kotihoidon ja asumispalveluyksik\u00f6iden henkil\u00f6st\u00f6n kanssa. Valmentajina ovat toimineet: Aija Hietanen, ty\u00f6yhteis\u00f6valmentaja, Savonia-ammattikorkeakouluHeli Kek\u00e4l\u00e4inen, vanhusty\u00f6n asiantuntija, Savonia-ammattikorkeakouluJaana Piippo, ty\u00f6yhteis\u00f6valmentaja, Savon ammattiopistoSatu Pirskanen, vanhusty\u00f6n erityisasiantuntija, Savonia-ammattikorkeakoulu Videon kesto 1:53. Video on tekstitetty.<\/p>\n","protected":false},"author":24,"featured_media":0,"parent":0,"menu_order":0,"comment_status":"closed","ping_status":"closed","template":"","meta":{"footnotes":""},"class_list":["post-133","page","type-page","status-publish","hentry"],"_links":{"self":[{"href":"https:\/\/blogi.savonia.fi\/arvostavavuorovaikutus\/wp-json\/wp\/v2\/pages\/133","targetHints":{"allow":["GET"]}}],"collection":[{"href":"https:\/\/blogi.savonia.fi\/arvostavavuorovaikutus\/wp-json\/wp\/v2\/pages"}],"about":[{"href":"https:\/\/blogi.savonia.fi\/arvostavavuorovaikutus\/wp-json\/wp\/v2\/types\/page"}],"author":[{"embeddable":true,"href":"https:\/\/blogi.savonia.fi\/arvostavavuorovaikutus\/wp-json\/wp\/v2\/users\/24"}],"replies":[{"embeddable":true,"href":"https:\/\/blogi.savonia.fi\/arvostavavuorovaikutus\/wp-json\/wp\/v2\/comments?post=133"}],"version-history":[{"count":11,"href":"https:\/\/blogi.savonia.fi\/arvostavavuorovaikutus\/wp-json\/wp\/v2\/pages\/133\/revisions"}],"predecessor-version":[{"id":246,"href":"https:\/\/blogi.savonia.fi\/arvostavavuorovaikutus\/wp-json\/wp\/v2\/pages\/133\/revisions\/246"}],"wp:attachment":[{"href":"https:\/\/blogi.savonia.fi\/arvostavavuorovaikutus\/wp-json\/wp\/v2\/media?parent=133"}],"curies":[{"name":"wp","href":"https:\/\/api.w.org\/{rel}","templated":true}]}}