{"id":162,"date":"2022-11-14T14:15:12","date_gmt":"2022-11-14T12:15:12","guid":{"rendered":"https:\/\/blogi.savonia.fi\/arvostavavuorovaikutus\/?page_id=162"},"modified":"2022-12-01T21:25:32","modified_gmt":"2022-12-01T19:25:32","slug":"virityskysymyksia","status":"publish","type":"page","link":"https:\/\/blogi.savonia.fi\/arvostavavuorovaikutus\/virityskysymyksia\/","title":{"rendered":"Virityskysymyksi\u00e4"},"content":{"rendered":"<div class=\"wp-block-image is-style-default\">\n<figure class=\"alignleft size-full is-resized\"><img loading=\"lazy\" decoding=\"async\" src=\"https:\/\/blogi.savonia.fi\/arvostavavuorovaikutus\/wp-content\/uploads\/sites\/10962\/2022\/12\/Keskustelukortti.png\" alt=\"\" class=\"wp-image-248\" width=\"404\" height=\"260\" srcset=\"https:\/\/blogi.savonia.fi\/arvostavavuorovaikutus\/wp-content\/uploads\/sites\/10962\/2022\/12\/Keskustelukortti.png 821w, https:\/\/blogi.savonia.fi\/arvostavavuorovaikutus\/wp-content\/uploads\/sites\/10962\/2022\/12\/Keskustelukortti-300x193.png 300w, https:\/\/blogi.savonia.fi\/arvostavavuorovaikutus\/wp-content\/uploads\/sites\/10962\/2022\/12\/Keskustelukortti-768x494.png 768w\" sizes=\"auto, (max-width: 404px) 100vw, 404px\" \/><\/figure>\n<\/div>\n\n\n<p class=\"has-black-color has-text-color has-medium-font-size\">Mik\u00e4li ty\u00f6yhteis\u00f6ss\u00e4si ei ole k\u00e4yt\u00f6ss\u00e4 keskustelukortteja, voit k\u00e4ytt\u00e4\u00e4 apunasi alla olevia kysymyksi\u00e4. <br>Voitte my\u00f6s ty\u00f6st\u00e4\u00e4 keskustelukortit itse ty\u00f6yhteis\u00f6ss\u00e4nne: jokainen ty\u00f6ntekij\u00e4 kirjoittaa kolme kysymyst\u00e4 erillisille paperilapuille. Laput kootaan korttipakaksi ja niit\u00e4 voi k\u00e4ytt\u00e4\u00e4 mink\u00e4 tahansa palaverin alussa. Virityskysymysten avulla ty\u00f6yhteis\u00f6n j\u00e4senet oppivat tuntemaan toisiaan uudesta n\u00e4k\u00f6kulmasta. Sill\u00e4 on my\u00f6nteisi\u00e4 vaikutuksia arvostavan vuorovaikutuksen toteutumiseen. <\/p>\n\n\n\n<p class=\"has-black-color has-text-color has-medium-font-size\"><strong>T\u00e4ss\u00e4 muutama kysymys, mill\u00e4 p\u00e4\u00e4sette alkuun: <\/strong><br>&#8211; millaiseen seikkailuun haluaisit joutua?<br>&#8211; mit\u00e4 tekisit, jos t\u00e4m\u00e4 ty\u00f6yhteis\u00f6 olisi sinun perheesi?<br>&#8211; mik\u00e4 saa sinut syttym\u00e4\u00e4n?<br>&#8211; millaisessa paikassa olisit mieluiten juuri nyt?<br>&#8211; mit\u00e4 ty\u00f6t\u00e4 tekisit, jos et tekisi t\u00e4t\u00e4 ty\u00f6t\u00e4?<br>&#8211; mik\u00e4 on suurin intohimosi?<br>&#8211; mit\u00e4 et ole koskaan tehnyt?<br>&#8211; mik\u00e4 on rohkein tekosi?<br>&#8211; millainen olet, kun olet parhaimmillasi?<br>&#8211; ket\u00e4 ihailet ja miksi?<br>&#8211; kerro tarina ensirakkaudestasi<\/p>\n\n\n\n<p><\/p>\n\n\n\n<p><\/p>\n\n\n\n<p><\/p>\n\n\n\n<p><\/p>\n\n\n\n<p><\/p>\n\n\n\n<p><\/p>\n\n\n\n<p><\/p>\n\n\n\n\n\n\n\n\n\n\n\n\n","protected":false},"excerpt":{"rendered":"<p>Mik\u00e4li ty\u00f6yhteis\u00f6ss\u00e4si ei ole k\u00e4yt\u00f6ss\u00e4 keskustelukortteja, voit k\u00e4ytt\u00e4\u00e4 apunasi alla olevia kysymyksi\u00e4. Voitte my\u00f6s ty\u00f6st\u00e4\u00e4 keskustelukortit itse ty\u00f6yhteis\u00f6ss\u00e4nne: jokainen ty\u00f6ntekij\u00e4 kirjoittaa kolme kysymyst\u00e4 erillisille paperilapuille. Laput kootaan korttipakaksi ja niit\u00e4 voi k\u00e4ytt\u00e4\u00e4 mink\u00e4 tahansa palaverin alussa. Virityskysymysten avulla ty\u00f6yhteis\u00f6n j\u00e4senet&hellip; <\/p>\n","protected":false},"author":24,"featured_media":0,"parent":0,"menu_order":0,"comment_status":"closed","ping_status":"closed","template":"","meta":{"footnotes":""},"class_list":["post-162","page","type-page","status-publish","hentry"],"_links":{"self":[{"href":"https:\/\/blogi.savonia.fi\/arvostavavuorovaikutus\/wp-json\/wp\/v2\/pages\/162","targetHints":{"allow":["GET"]}}],"collection":[{"href":"https:\/\/blogi.savonia.fi\/arvostavavuorovaikutus\/wp-json\/wp\/v2\/pages"}],"about":[{"href":"https:\/\/blogi.savonia.fi\/arvostavavuorovaikutus\/wp-json\/wp\/v2\/types\/page"}],"author":[{"embeddable":true,"href":"https:\/\/blogi.savonia.fi\/arvostavavuorovaikutus\/wp-json\/wp\/v2\/users\/24"}],"replies":[{"embeddable":true,"href":"https:\/\/blogi.savonia.fi\/arvostavavuorovaikutus\/wp-json\/wp\/v2\/comments?post=162"}],"version-history":[{"count":9,"href":"https:\/\/blogi.savonia.fi\/arvostavavuorovaikutus\/wp-json\/wp\/v2\/pages\/162\/revisions"}],"predecessor-version":[{"id":251,"href":"https:\/\/blogi.savonia.fi\/arvostavavuorovaikutus\/wp-json\/wp\/v2\/pages\/162\/revisions\/251"}],"wp:attachment":[{"href":"https:\/\/blogi.savonia.fi\/arvostavavuorovaikutus\/wp-json\/wp\/v2\/media?parent=162"}],"curies":[{"name":"wp","href":"https:\/\/api.w.org\/{rel}","templated":true}]}}