{"id":47,"date":"2022-08-18T13:03:07","date_gmt":"2022-08-18T10:03:07","guid":{"rendered":"https:\/\/blogi.savonia.fi\/arvostavavuorovaikutus\/?page_id=47"},"modified":"2023-01-05T14:27:18","modified_gmt":"2023-01-05T12:27:18","slug":"rikastava-vuorovaikutus","status":"publish","type":"page","link":"https:\/\/blogi.savonia.fi\/arvostavavuorovaikutus\/rikastava-vuorovaikutus\/","title":{"rendered":"Rikastava vuorovaikutus"},"content":{"rendered":"\n\n<!-- iframe plugin v.6.0 wordpress.org\/plugins\/iframe\/ -->\n<iframe loading=\"lazy\" width=\"560\" height=\"315\" src=\"https:\/\/www.youtube.com\/embed\/TOrW5KN5puQ\" title=\"YouTube video player\" frameborder=\"0\" allow=\"accelerometer; autoplay; clipboard-write; encrypted-media; gyroscope; picture-in-picture\" 0=\"allowfullscreen&gt;&lt;\/iframe\" scrolling=\"yes\" class=\"iframe-class\"><\/iframe>\n\n\n\n\n<figure class=\"wp-block-table is-style-regular has-medium-font-size\"><table class=\"has-black-color has-text-color\"><tbody><tr><td>Ty\u00f6paja 2: Rikastava vuorovaikutus 1,5 h\u00a0<\/td><\/tr><tr><td><strong>Tavoite&nbsp;<\/strong><\/td><td>Osallistuja ymm\u00e4rt\u00e4\u00e4 rikastavan vuorovaikutuksen merkityksen ty\u00f6yhteis\u00f6ss\u00e4 ja harjaantuu rikastavan vuorovaikutuksen k\u00e4ytt\u00f6\u00f6n.&nbsp;<\/td><\/tr><tr><td><strong>Sis\u00e4lt\u00f6&nbsp;<\/strong><\/td><td>Viritys<br>V\u00e4liteht\u00e4v\u00e4n purku&nbsp;&nbsp;&nbsp;<br>P\u00e4iv\u00e4n aiheen k\u00e4sittely&nbsp;&nbsp;<br>Harjoittelu ja sen purkaminen&nbsp;&nbsp;<br>Yhteenveto ja kiteytys&nbsp;&nbsp;<br>Uuden v\u00e4liteht\u00e4v\u00e4n muotoilu&nbsp;<\/td><\/tr><tr><td><strong>Menetelm\u00e4t ja harjoitukset<\/strong>&nbsp;<\/td><td><strong>Viritys&nbsp;<\/strong>&nbsp;<br>1. Kierros korttien avulla:&nbsp;Yksi osallistuja valitsee pakasta kortin ja lukee sen sis\u00e4lt\u00e4m\u00e4n kysymyksen. Lukijan toisella puolella istuva vastaa ensimm\u00e4isen\u00e4 kysymykseen. Kaikki vastaavat vuorotellen kortin kysymykseen. Kortin nostanut vastaa viimeiseksi.&nbsp;&nbsp;&nbsp;&nbsp;<br>2. Ty\u00f6pajan vet\u00e4j\u00e4\/t kertaavat  edellisell\u00e4 kerralla asetetut valmennuksen tavoitteet, ty\u00f6tavat ja sitovat t\u00e4m\u00e4n ty\u00f6pajan teeman ja tavoitteet niihin.&nbsp;<br>&nbsp;<br><strong>V\u00e4liteht\u00e4v\u00e4n purku (Dia 2)&nbsp;<\/strong>&nbsp;Kootaan osallistujien motto-paperit p\u00f6yd\u00e4lle tai fl\u00e4pille. Jokainen esittelee omansa.&nbsp;&nbsp;Ty\u00f6pajan vet\u00e4j\u00e4\/t kysyv\u00e4t, haluavatko osallistujat hy\u00f6dynt\u00e4\u00e4 mottoja jotenkin esim. kokoamalla motot yhteen dialle tai fl\u00e4pille ty\u00f6yhteis\u00f6n omaksi arvostavan vuorovaikutuksen motto-tauluksi. Ehdotus: Haastetaan osallistujia toteuttamaan mottoaan tehostetusti valmennuksen aikana. Valmennuksen lopussa voidaan reflektoida, ovatko motot muuttuneet ja kehittyneet.&nbsp;&nbsp;<br><br><strong>P\u00e4iv\u00e4n aiheen k\u00e4sittely<\/strong>&nbsp;Rikastavan vuorovaikutuksen esittely (Dia 3-4)<br><em>Pariporina<\/em> osallistujat ideoivat lis\u00e4\u00e4 rikastavan vuorovaikutuksen vuorosanoja. (Dia 5). Yhteiskeskustelu ja vuorosanojen t\u00e4ydent\u00e4minen edelleen.<br><br><strong>Harjoittelu ja sen purkaminen<\/strong>&nbsp;Ryhm\u00e4 jaetaan kahteen osaan. Ryhm\u00e4t k\u00e4sittelev\u00e4t samaa aihetta rikastavan vuorovaikutuksen keinoin. Aihe etsit\u00e4\u00e4n yhdess\u00e4 ennen harjoitusta.&nbsp;Pienryhm\u00e4 aloittaa aiheen k\u00e4sittelyn rikastavan vuorovaikutuksen avulla.&nbsp;Ryhm\u00e4n j\u00e4senet esitt\u00e4v\u00e4t tarkentavia kysymyksi\u00e4, jatkavat uudella idealla, ehdotuksella, ajatuksella kuulemaansa ideaa.&nbsp;Keksi uusia ideoita!&nbsp;Keksi\/kysy, mit\u00e4 siit\u00e4 seuraisikaan!&nbsp;Kerro, mit\u00e4 sen lis\u00e4ksi tai j\u00e4lkeen voisi viel\u00e4 tehd\u00e4!&nbsp;Jatkakaa siihen saakka, kun yht\u00e4\u00e4n ideaa ei en\u00e4\u00e4 heru.&nbsp;Valmistautukaa kertomaan, mihin ideaan lopulta p\u00e4\u00e4dyitte. (Diat 6-7)<br><br><strong>Yhteenveto ja kiteytys<\/strong>&nbsp;Miten voitte vied\u00e4 rikastavaa vuorovaikutusta ty\u00f6yhteis\u00f6n toimintaan? Mihin tilanteisiin se sopisi?&nbsp;(Dia 8)&nbsp;<br><br><strong>Uuden v\u00e4liteht\u00e4v\u00e4n muotoilu<\/strong> (Dia 9)&nbsp;Milloin itse k\u00e4ytit rikastavaa vuorovaikutusta? Tarkastele ty\u00f6tilanteita ja ty\u00f6n ulkopuolista el\u00e4m\u00e4\u00e4.&nbsp;&nbsp;Laita muistiin tilanne, josta p\u00e4\u00e4set kertomaan seuraavassa ty\u00f6pajassa.&nbsp;&nbsp;Kiitos ty\u00f6skentelyst\u00e4!&nbsp;<\/td><\/tr><tr><td><strong>K\u00e4ytett\u00e4v\u00e4 materiaali&nbsp;<\/strong><\/td><td>Kortit<br>Diat&nbsp;<\/td><\/tr><tr><td><strong>V\u00e4liteht\u00e4v\u00e4&nbsp;<\/strong><\/td><td>Milloin itse k\u00e4ytit rikastavaa vuorovaikutusta? Tarkastele ty\u00f6tilanteita ja ty\u00f6n ulkopuolista el\u00e4m\u00e4\u00e4. Tuo seuraavalle kerralla mukanasi tarina, jossa kuvaat tilannetta ja sen kulkua.&nbsp;<\/td><\/tr><\/tbody><\/table><\/figure>\n\n\n\n<div data-wp-interactive=\"core\/file\" class=\"wp-block-file\"><object data-wp-bind--hidden=\"!state.hasPdfPreview\" hidden class=\"wp-block-file__embed\" data=\"https:\/\/blogi.savonia.fi\/arvostavavuorovaikutus\/wp-content\/uploads\/sites\/10962\/2022\/10\/Tyopaja-2-Rikastavavuorovaikutus-.pdf\" type=\"application\/pdf\" style=\"width:100%;height:600px\" aria-label=\"Tiedoston Tyopaja-2-Rikastavavuorovaikutus- upotus.\"><\/object><a id=\"wp-block-file--media-17c852cf-8f2b-463a-906c-d3f8911e09ad\" href=\"https:\/\/blogi.savonia.fi\/arvostavavuorovaikutus\/wp-content\/uploads\/sites\/10962\/2022\/10\/Tyopaja-2-Rikastavavuorovaikutus-.pdf\">Tyopaja-2-Rikastavavuorovaikutus-<\/a><a href=\"https:\/\/blogi.savonia.fi\/arvostavavuorovaikutus\/wp-content\/uploads\/sites\/10962\/2022\/10\/Tyopaja-2-Rikastavavuorovaikutus-.pdf\" class=\"wp-block-file__button wp-element-button\" download aria-describedby=\"wp-block-file--media-17c852cf-8f2b-463a-906c-d3f8911e09ad\">Lataa<\/a><\/div>\n\n\n","protected":false},"excerpt":{"rendered":"<p>Ty\u00f6paja 2: Rikastava vuorovaikutus 1,5 h\u00a0 Tavoite&nbsp; Osallistuja ymm\u00e4rt\u00e4\u00e4 rikastavan vuorovaikutuksen merkityksen ty\u00f6yhteis\u00f6ss\u00e4 ja harjaantuu rikastavan vuorovaikutuksen k\u00e4ytt\u00f6\u00f6n.&nbsp; Sis\u00e4lt\u00f6&nbsp; ViritysV\u00e4liteht\u00e4v\u00e4n purku&nbsp;&nbsp;&nbsp;P\u00e4iv\u00e4n aiheen k\u00e4sittely&nbsp;&nbsp;Harjoittelu ja sen purkaminen&nbsp;&nbsp;Yhteenveto ja kiteytys&nbsp;&nbsp;Uuden v\u00e4liteht\u00e4v\u00e4n muotoilu&nbsp; Menetelm\u00e4t ja harjoitukset&nbsp; Viritys&nbsp;&nbsp;1. Kierros korttien avulla:&nbsp;Yksi osallistuja valitsee pakasta&hellip; <\/p>\n","protected":false},"author":24,"featured_media":0,"parent":0,"menu_order":0,"comment_status":"closed","ping_status":"closed","template":"","meta":{"footnotes":""},"class_list":["post-47","page","type-page","status-publish","hentry"],"_links":{"self":[{"href":"https:\/\/blogi.savonia.fi\/arvostavavuorovaikutus\/wp-json\/wp\/v2\/pages\/47","targetHints":{"allow":["GET"]}}],"collection":[{"href":"https:\/\/blogi.savonia.fi\/arvostavavuorovaikutus\/wp-json\/wp\/v2\/pages"}],"about":[{"href":"https:\/\/blogi.savonia.fi\/arvostavavuorovaikutus\/wp-json\/wp\/v2\/types\/page"}],"author":[{"embeddable":true,"href":"https:\/\/blogi.savonia.fi\/arvostavavuorovaikutus\/wp-json\/wp\/v2\/users\/24"}],"replies":[{"embeddable":true,"href":"https:\/\/blogi.savonia.fi\/arvostavavuorovaikutus\/wp-json\/wp\/v2\/comments?post=47"}],"version-history":[{"count":13,"href":"https:\/\/blogi.savonia.fi\/arvostavavuorovaikutus\/wp-json\/wp\/v2\/pages\/47\/revisions"}],"predecessor-version":[{"id":260,"href":"https:\/\/blogi.savonia.fi\/arvostavavuorovaikutus\/wp-json\/wp\/v2\/pages\/47\/revisions\/260"}],"wp:attachment":[{"href":"https:\/\/blogi.savonia.fi\/arvostavavuorovaikutus\/wp-json\/wp\/v2\/media?parent=47"}],"curies":[{"name":"wp","href":"https:\/\/api.w.org\/{rel}","templated":true}]}}