{"id":103,"date":"2021-03-25T20:53:29","date_gmt":"2021-03-25T18:53:29","guid":{"rendered":"https:\/\/blogi.savonia.fi\/bakteerienpolku\/?page_id=103"},"modified":"2024-04-22T18:56:19","modified_gmt":"2024-04-22T15:56:19","slug":"analysointi-laitteilla","status":"publish","type":"page","link":"https:\/\/blogi.savonia.fi\/bakteerienpolku\/etusivu\/analysointi-laitteilla\/","title":{"rendered":"Bakteerien polku laboratoriossa"},"content":{"rendered":"\n<p class=\"has-large-font-size\"><a href=\"https:\/\/blogi.savonia.fi\/bakteerienpolku\/analysointi-laitteilla\/herkyyden-maaritys-vitek2-jarjestelmalla\/\"><strong>Tunnistus vitek2 j\u00e4rjestelm\u00e4ll\u00e4<\/strong><\/a><\/p>\n\n\n\n<div class=\"wp-block-columns is-layout-flex wp-container-core-columns-is-layout-9d6595d7 wp-block-columns-is-layout-flex\">\n<div class=\"wp-block-column is-layout-flow wp-block-column-is-layout-flow\" style=\"flex-basis:100%\">\n<div class=\"wp-block-group\"><div class=\"wp-block-group__inner-container is-layout-flow wp-block-group-is-layout-flow\">\n<p class=\"has-large-font-size\"><a href=\"https:\/\/blogi.savonia.fi\/bakteerienpolku\/analysointi-laitteilla\/tunnistus-vitek2-jarjestelmalla\/\"><strong>Herkyyden m\u00e4\u00e4ritys vitek2 j\u00e4rjestelm\u00e4ll\u00e4<\/strong><\/a><\/p>\n\n\n\n<p class=\"has-large-font-size\"><a href=\"https:\/\/blogi.savonia.fi\/bakteerienpolku\/analysointi-laitteilla\/tunnistus-malditofilla\/\"><strong>Tunnistus malditofilla<\/strong><\/a><\/p>\n<\/div><\/div>\n<\/div>\n<\/div>\n\n\n\n<p class=\"has-huge-font-size\"><\/p>\n","protected":false},"excerpt":{"rendered":"<p>Tunnistus vitek2 j\u00e4rjestelm\u00e4ll\u00e4 Herkyyden m\u00e4\u00e4ritys vitek2 j\u00e4rjestelm\u00e4ll\u00e4 Tunnistus malditofilla<\/p>\n","protected":false},"author":2968,"featured_media":0,"parent":57,"menu_order":6,"comment_status":"closed","ping_status":"closed","template":"","meta":{"footnotes":""},"class_list":["post-103","page","type-page","status-publish","hentry"],"_links":{"self":[{"href":"https:\/\/blogi.savonia.fi\/bakteerienpolku\/wp-json\/wp\/v2\/pages\/103","targetHints":{"allow":["GET"]}}],"collection":[{"href":"https:\/\/blogi.savonia.fi\/bakteerienpolku\/wp-json\/wp\/v2\/pages"}],"about":[{"href":"https:\/\/blogi.savonia.fi\/bakteerienpolku\/wp-json\/wp\/v2\/types\/page"}],"author":[{"embeddable":true,"href":"https:\/\/blogi.savonia.fi\/bakteerienpolku\/wp-json\/wp\/v2\/users\/2968"}],"replies":[{"embeddable":true,"href":"https:\/\/blogi.savonia.fi\/bakteerienpolku\/wp-json\/wp\/v2\/comments?post=103"}],"version-history":[{"count":10,"href":"https:\/\/blogi.savonia.fi\/bakteerienpolku\/wp-json\/wp\/v2\/pages\/103\/revisions"}],"predecessor-version":[{"id":240,"href":"https:\/\/blogi.savonia.fi\/bakteerienpolku\/wp-json\/wp\/v2\/pages\/103\/revisions\/240"}],"up":[{"embeddable":true,"href":"https:\/\/blogi.savonia.fi\/bakteerienpolku\/wp-json\/wp\/v2\/pages\/57"}],"wp:attachment":[{"href":"https:\/\/blogi.savonia.fi\/bakteerienpolku\/wp-json\/wp\/v2\/media?parent=103"}],"curies":[{"name":"wp","href":"https:\/\/api.w.org\/{rel}","templated":true}]}}