{"id":12,"date":"2020-11-16T15:06:36","date_gmt":"2020-11-16T13:06:36","guid":{"rendered":"https:\/\/blogi.savonia.fi\/bakteerienpolku\/?page_id=12"},"modified":"2021-01-20T17:39:48","modified_gmt":"2021-01-20T15:39:48","slug":"tyo-mikrobiologian-laboratoriossa","status":"publish","type":"page","link":"https:\/\/blogi.savonia.fi\/bakteerienpolku\/tyo-mikrobiologian-laboratoriossa\/","title":{"rendered":"Ty\u00f6 mikrobiologian laboratoriossa"},"content":{"rendered":"\n<p>Kliininen mikrobiologia tutkii terveytt\u00e4 uhkaavien taudinaiheuttajien, kuten bakteerien ja virusten kyky\u00e4 aiheuttaa tauteja ihmisess\u00e4, sek\u00e4 epidemioita v\u00e4est\u00f6ryhmiss\u00e4. Bioanalyytikko&nbsp;ty\u00f6skentelee mikrobiologian laboraratoriossa yhteisty\u00f6ss\u00e4 sairaalamikrobiologien ja mikrobiologian erikoisl\u00e4\u00e4k\u00e4reiden kanssa. (Suomen Bioanalyytikkoliitto ry 2020.)<\/p>\n\n\n\n<p>Laboratoriotutkimusprosessin hallinta on bioanalyytikon ammattip\u00e4tevyyden perusta. Tutkimusprosessin preanalyyttisen vaiheen keskeinen sis\u00e4lt\u00f6 on n\u00e4ytteenotto. Analyyttisessa vaiheessa keskeist\u00e4 on suorittaa n\u00e4ytteen tutkimukset laadukkaasti ja luotettavasti ja postanalyyttisessa vaiheessa arvioidaan tutkimuksen onnistuminen ja tulosten luotettavuus (Tuokko, Rautajoki ja Lehto 2008.)<\/p>\n\n\n\n<p>Mikrobiologian laboratoriossa tutkittavat bakteerit ja virukset tunnistetaan ominaisuuksiensa perusteella. Suuri osa tunnistamiseen liittyvist\u00e4 ty\u00f6teht\u00e4vist\u00e4 tehd\u00e4\u00e4n k\u00e4sin, vaikka teknologian ja automaation yleistyess\u00e4 monet testit ovat siirtyneet analysaattoreille. Bakteerien tutkimisessa k\u00e4ytet\u00e4\u00e4n perinteisi\u00e4 viljelymenetelmi\u00e4 niiden kasvattamiseen. Viljelyiden bakteerikasvuston tunnistamisessa k\u00e4ytet\u00e4\u00e4n biokemiallisia testej\u00e4 ja my\u00f6s bakteerien herkkyys eri antibiootteja kohtaan m\u00e4\u00e4ritet\u00e4\u00e4n. Mikrobiologian laboratoriossa ty\u00f6skentelev\u00e4t bioanalyytikot tulkitsevat itsen\u00e4isesti viljelyit\u00e4 ja vastaavat tuloksia potilastietoj\u00e4rjestelm\u00e4\u00e4n. (Suomen Bioanalyytikkoliitto ry 2020.)<\/p>\n\n\n\n<hr class=\"wp-block-separator is-style-wide\" \/>\n\n\n\n<p>SUOMEN BIOANALYYTIKKOLIITTO 2020. Kliininen mikrobiologia. [Viitattu 16.10.2020] Saatavilla: <a href=\"https:\/\/www.bioanalyytikkoliitto.fi\/mika-ihmeen-bioanalyytikko\/bioanalyytikon-koulutus\/erikoisalat\/kliininen-mikrobiologia\/\">https:\/\/www.bioanalyytikkoliitto.fi\/mika-ihmeen-bioanalyytikko\/bioanalyytikon-koulutus\/erikoisalat\/kliininen-mikrobiologia\/<\/a><\/p>\n\n\n\n<p><\/p>\n","protected":false},"excerpt":{"rendered":"<p>Kliininen mikrobiologia tutkii terveytt\u00e4 uhkaavien taudinaiheuttajien, kuten bakteerien ja virusten kyky\u00e4 aiheuttaa tauteja ihmisess\u00e4, sek\u00e4 epidemioita v\u00e4est\u00f6ryhmiss\u00e4. Bioanalyytikko&nbsp;ty\u00f6skentelee mikrobiologian laboraratoriossa yhteisty\u00f6ss\u00e4 sairaalamikrobiologien ja mikrobiologian erikoisl\u00e4\u00e4k\u00e4reiden kanssa. (Suomen Bioanalyytikkoliitto ry 2020.) Laboratoriotutkimusprosessin hallinta on bioanalyytikon ammattip\u00e4tevyyden perusta. Tutkimusprosessin preanalyyttisen vaiheen keskeinen sis\u00e4lt\u00f6 on n\u00e4ytteenotto. Analyyttisessa vaiheessa keskeist\u00e4 on suorittaa n\u00e4ytteen tutkimukset laadukkaasti ja luotettavasti ja postanalyyttisessa\u2026 <span class=\"read-more\"><a href=\"https:\/\/blogi.savonia.fi\/bakteerienpolku\/tyo-mikrobiologian-laboratoriossa\/\">Read More &raquo;<\/a><\/span><\/p>\n","protected":false},"author":2959,"featured_media":0,"parent":0,"menu_order":2,"comment_status":"closed","ping_status":"closed","template":"","meta":{"footnotes":""},"class_list":["post-12","page","type-page","status-publish","hentry"],"_links":{"self":[{"href":"https:\/\/blogi.savonia.fi\/bakteerienpolku\/wp-json\/wp\/v2\/pages\/12","targetHints":{"allow":["GET"]}}],"collection":[{"href":"https:\/\/blogi.savonia.fi\/bakteerienpolku\/wp-json\/wp\/v2\/pages"}],"about":[{"href":"https:\/\/blogi.savonia.fi\/bakteerienpolku\/wp-json\/wp\/v2\/types\/page"}],"author":[{"embeddable":true,"href":"https:\/\/blogi.savonia.fi\/bakteerienpolku\/wp-json\/wp\/v2\/users\/2959"}],"replies":[{"embeddable":true,"href":"https:\/\/blogi.savonia.fi\/bakteerienpolku\/wp-json\/wp\/v2\/comments?post=12"}],"version-history":[{"count":5,"href":"https:\/\/blogi.savonia.fi\/bakteerienpolku\/wp-json\/wp\/v2\/pages\/12\/revisions"}],"predecessor-version":[{"id":100,"href":"https:\/\/blogi.savonia.fi\/bakteerienpolku\/wp-json\/wp\/v2\/pages\/12\/revisions\/100"}],"wp:attachment":[{"href":"https:\/\/blogi.savonia.fi\/bakteerienpolku\/wp-json\/wp\/v2\/media?parent=12"}],"curies":[{"name":"wp","href":"https:\/\/api.w.org\/{rel}","templated":true}]}}