{"id":13,"date":"2020-11-16T15:06:52","date_gmt":"2020-11-16T13:06:52","guid":{"rendered":"https:\/\/blogi.savonia.fi\/bakteerienpolku\/?page_id=13"},"modified":"2021-11-30T19:48:39","modified_gmt":"2021-11-30T17:48:39","slug":"bakteerit","status":"publish","type":"page","link":"https:\/\/blogi.savonia.fi\/bakteerienpolku\/bakteerit\/","title":{"rendered":"Virtsatieinfetiot ja virtsan bakteerit"},"content":{"rendered":"\n<p>Kliinisen mikrobiologian laboratorioissa pyrit\u00e4\u00e4n l\u00f6yt\u00e4m\u00e4\u00e4n taudinaiheuttajia monien erilaisten menetelmien avulla. T\u00e4ss\u00e4&nbsp;blogissa esitell\u00e4\u00e4n klinisen mikrobiologian tutkimusprosessia tavallisimpien virtsan taudinaiheuttajabakteeriten avulla. Suuri osa virtsantieinfektioista on enterobakteerien ja enterokokkien aiheuttamia. <\/p>\n\n\n\n<p>Virtsatieinfektiot (VTI) ovat hengitystieinfektioiden j\u00e4lkeen yleisimpi\u00e4 infektioita, joiden vuoksi hakeudutaan l\u00e4\u00e4k\u00e4rin hoitoon. Suomessa hoidetaan vuosittain noin 270\u00a0000 virtsatieinfektiota, joista suurin osa hoidetaan avohoidossa ja loput sairaalassa. VTI:t yleistyv\u00e4t i\u00e4n my\u00f6t\u00e4 ja ovat p\u00e4\u00e4asiassa naisten sairauksia. Nuorilla ja keski-ik\u00e4isill\u00e4 miehill\u00e4 virtsatieinfektiot ovat harvinaisia ja infektion aiheuttaa usein virtsarakkoon kohdistuva toimenpide, katetrointi tai tyhjenemish\u00e4iri\u00f6. Infektioriski kasvaa my\u00f6s miehill\u00e4 i\u00e4n my\u00f6t\u00e4 ja vanhemmilla miehill\u00e4 virtsatieinfektiot ovat yht\u00e4 yleisi\u00e4 kuin naisilla. (Virtsatieinfektiot: K\u00e4yp\u00e4 hoito -suositus 2021.)<\/p>\n\n\n\n<p>Tulehduksen saavat aikaan v\u00e4lilihaa kolonisoivat bakteerit p\u00e4\u00e4stess\u00e4\u00e4n nousemaan virtsaputkea pitkin virtsarakkoon. Riskitekij\u00f6iksi on tutkimusten perusteella osoittautunut heikentynyt limakalvopuolustus, sukupuoliyhdynt\u00e4 ja virtsanjohdinten toimintah\u00e4iri\u00f6t. Virtsan katetrointi on huomattavin riskitekij\u00e4 ymp\u00e4rivuorokautisessa hoidossa, ja katetrointi nostaa virtsatieinfektion riskin kymmenkertaiseksi.\u00a0 Avohoidossa tavallisin infektion aiheuttajabakteeri on <em>Escherichia coli <\/em>ja hoitoon liittyvien infektioiden aiheuttajia ovat <em>Echerichia colin<\/em> ohella muun muassa Klebsiellat, Enterokokit ja Pseudomonakset. (Virtsatieinfektiot: K\u00e4yp\u00e4 hoito -suositus 2021.)<\/p>\n\n\n\n<hr class=\"wp-block-separator is-style-wide\" \/>\n\n\n\n<p>VIRTSATIEINFEKTIOT: K\u00c4YP\u00c4 HOITO -SUOSITUS 2021. Suomalaisen l\u00e4\u00e4k\u00e4riseura Duodecimin, Suomen Nefrologiyhdistys ry:n, Kliiniset mikrobiologit ry:n, Suomen Infektiol\u00e4\u00e4k\u00e4rit ry:n, Suomen Kliinisen Kemian Erikoisl\u00e4\u00e4k\u00e4riyhdistys ry:n, Suomen Urologiyhdistyksen ja Suomen yleisl\u00e4\u00e4ketieteen yhdistys ry:n asettama ty\u00f6ryhm\u00e4. Helsinki: Suomalainen L\u00e4\u00e4k\u00e4riseura Duodecim. Saatavilla: <a href=\"https:\/\/www.kaypahoito.fi\/hoi10050\">https:\/\/www.kaypahoito.fi\/hoi10050<\/a><\/p>\n\n\n\n<p><\/p>\n","protected":false},"excerpt":{"rendered":"<p>Kliinisen mikrobiologian laboratorioissa pyrit\u00e4\u00e4n l\u00f6yt\u00e4m\u00e4\u00e4n taudinaiheuttajia monien erilaisten menetelmien avulla. T\u00e4ss\u00e4&nbsp;blogissa esitell\u00e4\u00e4n klinisen mikrobiologian tutkimusprosessia tavallisimpien virtsan taudinaiheuttajabakteeriten avulla. Suuri osa virtsantieinfektioista on enterobakteerien ja enterokokkien aiheuttamia. Virtsatieinfektiot (VTI) ovat hengitystieinfektioiden j\u00e4lkeen yleisimpi\u00e4 infektioita, joiden vuoksi hakeudutaan l\u00e4\u00e4k\u00e4rin hoitoon. Suomessa hoidetaan vuosittain noin 270\u00a0000 virtsatieinfektiota, joista suurin osa hoidetaan avohoidossa ja loput sairaalassa. VTI:t yleistyv\u00e4t\u2026 <span class=\"read-more\"><a href=\"https:\/\/blogi.savonia.fi\/bakteerienpolku\/bakteerit\/\">Read More &raquo;<\/a><\/span><\/p>\n","protected":false},"author":2968,"featured_media":0,"parent":0,"menu_order":4,"comment_status":"closed","ping_status":"closed","template":"","meta":{"footnotes":""},"class_list":["post-13","page","type-page","status-publish","hentry"],"_links":{"self":[{"href":"https:\/\/blogi.savonia.fi\/bakteerienpolku\/wp-json\/wp\/v2\/pages\/13","targetHints":{"allow":["GET"]}}],"collection":[{"href":"https:\/\/blogi.savonia.fi\/bakteerienpolku\/wp-json\/wp\/v2\/pages"}],"about":[{"href":"https:\/\/blogi.savonia.fi\/bakteerienpolku\/wp-json\/wp\/v2\/types\/page"}],"author":[{"embeddable":true,"href":"https:\/\/blogi.savonia.fi\/bakteerienpolku\/wp-json\/wp\/v2\/users\/2968"}],"replies":[{"embeddable":true,"href":"https:\/\/blogi.savonia.fi\/bakteerienpolku\/wp-json\/wp\/v2\/comments?post=13"}],"version-history":[{"count":12,"href":"https:\/\/blogi.savonia.fi\/bakteerienpolku\/wp-json\/wp\/v2\/pages\/13\/revisions"}],"predecessor-version":[{"id":271,"href":"https:\/\/blogi.savonia.fi\/bakteerienpolku\/wp-json\/wp\/v2\/pages\/13\/revisions\/271"}],"wp:attachment":[{"href":"https:\/\/blogi.savonia.fi\/bakteerienpolku\/wp-json\/wp\/v2\/media?parent=13"}],"curies":[{"name":"wp","href":"https:\/\/api.w.org\/{rel}","templated":true}]}}