{"id":21,"date":"2020-11-16T15:17:31","date_gmt":"2020-11-16T13:17:31","guid":{"rendered":"https:\/\/blogi.savonia.fi\/bakteerienpolku\/?page_id=21"},"modified":"2021-11-30T19:54:21","modified_gmt":"2021-11-30T17:54:21","slug":"escherichia-coli","status":"publish","type":"page","link":"https:\/\/blogi.savonia.fi\/bakteerienpolku\/bakteerit\/escherichia-coli\/","title":{"rendered":"Escherichia coli"},"content":{"rendered":"\n<p><em>Escherichia coli<\/em> on gramnegatiivinen sauvabakteeri, joka kuuluu ihmisen suoliston normaaliflooraan. <em>E. colin<\/em> patogeenisia lajeja tunnetaan kahdeksan, jotka voidaan jakaa suoliston ulkopuolisia infektioita aiheuttaviin ja suolistoinfektioita aiheuttaviin <em>E. coleihin<\/em>. N\u00e4m\u00e4 jaetaan virulenssitekij\u00f6idens\u00e4 perusteella patogeenisuusryhmiin, joista merkitt\u00e4vimpi\u00e4 ovat virtsatieifektioita aiheuttavat kannat VTI ja UPEC (uropathogenic <em>Escherichia coli<\/em>) sek\u00e4 ripulitauteja aiheuttava ETEC (enterotoxigenic <em>Escherichia Coli<\/em>). E. coli bakteereilla on kyky hankkia muilta bakteereilta liikkuvia geneettisi\u00e4 elementtej\u00e4, esimerkiksi plasmideja, jotka voivat muuttaa suoliston normaaliflooraan kuuluvan <em>E. coli<\/em>-bakteerin moniresistentiksi ja sopeutuvaiseksi taudinaiheuttajaksi. (Hakanen, Kantele ja Salmenlinna 2020.)<\/p>\n\n\n\n<p><em>E. colin<\/em> tunnistaminen steriileist\u00e4 n\u00e4ytteist\u00e4 viljelem\u00e4ll\u00e4 on helppoa, koska sill\u00e4 on kyky hapattaa eli fermentoida laktoosia ja useita sokereita. Fermentointikyvyn vuoksi pes\u00e4kkeet saavat maljalla aikaan v\u00e4rireaktion. Suurin osa ihmisen mikrobiston <em>E. coli <\/em>-bakteereista ei aiheuta infektioita, mutta niill\u00e4 on kyky ulkoisen tekij\u00e4n, kuten virtsakatetrin vaikutuksesta muuttua opportunistiseksi taudinaiheuttajaksi, jolla on kyky aiheuttaa infektio heikentyneen vastustuskyvyn seurauksena tai jos kehon luontaiset suojamekanismit on voitu ohittaa.  Virtsatieinfektiot ovat ripulitautien ohella yleisimpi\u00e4 <em>E. colin<\/em> aiheuttamia tauteja. Yleisimmin <em>E. colista<\/em> johtuva virtsatieinfektio on per\u00e4isin oman suoliston ja v\u00e4lilihan ihon bakteereista. (Hakanen, Kantele ja Salmenlinna 2020.)<\/p>\n\n\n\n<p><em>E. coli <\/em>on luonnostaan herkk\u00e4 gramnegatiivisten bakteerien aiheuttamien infektion hoitoon tarkoitetuille l\u00e4\u00e4kkeille. Kuitenkin sairaalaymp\u00e4rist\u00f6ss\u00e4 <em>E. coli<\/em> kykenee kehitt\u00e4m\u00e4\u00e4n plasmidiper\u00e4isesti moniresistenssin mikrobil\u00e4\u00e4kityst\u00e4 vastaan, mink\u00e4 takia infektiota aiheuttavan kannan herkkyyden m\u00e4\u00e4ritt\u00e4minen on usein tarpeen. (Hakanen, Kantele ja Salmenlinna 2020.) Sairaalan ulkopuolelta saatua <em>E. coli<\/em> -infektiota voidaan hoitaa onnistuneesti k\u00e4ytt\u00e4en esimerkiksi pivmesillinaamia, trimetopriimia tai kefaleksiinia. Infektion kehittyess\u00e4 septiseksi on k\u00e4ytett\u00e4v\u00e4 mahdollisimman tehokasta mikrobil\u00e4\u00e4kett\u00e4, kuten 2. tai 3. polven kefalosporiinia. (Hakanen, Kantele ja Salmenlinna 2020.) <\/p>\n\n\n\n<p><em>E. colin<\/em> vastustuskykyiset ESBL-kannat (extended spectrum beta-lactamase) ovat yleistyneet Suomessa ja Euroopassa huomattavasti viime vuosina. ESBL-kannat vaikeuttavat hoitoa, koska ne ovat usein resistenttej\u00e4 my\u00f6s fluorokinoloneille, tobramysiinille ja sulfatrimetopriimille eik\u00e4 infektion hoitoon voida k\u00e4ytt\u00e4\u00e4 kefalosporiineja tai penisilliinien ja beetalaktamaasi-inhibiittorien yhdistelmi\u00e4. Yleisesti ESBL-kantojen aiheuttamaa kystiitti\u00e4 voidaan hoitaa nitrofurantoiinilla, mutta karbapeneemit ovat tehokkaimpia antibiootteja vaikeiden tautimuotojen hoidossa. (Hakanen, Kantele ja Salmenlinna 2020.)<\/p>\n\n\n\n<hr class=\"wp-block-separator is-style-wide\" \/>\n\n\n\n<p>HAKANEN, A; KANTELE; A ja SALMENLINNA, S. 2020. Escherichia Coli. Julkaisussa: HEIKKINEN, T; J\u00c4RVINEN, A; MERI, S; VAPALAHTI, O ja VUOPIO, J. (toim.) Mikrobiologia, immunologia ja infektiosairaudet: kirja 1, Mikrobiologia. Helsinki: Duodecim. Saatavilla: <a href=\"https:\/\/www.oppiportti.fi\/op\/mbg00140\/do\">https:\/\/www.oppiportti.fi\/op\/mbg00140\/do<\/a><\/p>\n","protected":false},"excerpt":{"rendered":"<p>Escherichia coli on gramnegatiivinen sauvabakteeri, joka kuuluu ihmisen suoliston normaaliflooraan. E. colin patogeenisia lajeja tunnetaan kahdeksan, jotka voidaan jakaa suoliston ulkopuolisia infektioita aiheuttaviin ja suolistoinfektioita aiheuttaviin E. coleihin. N\u00e4m\u00e4 jaetaan virulenssitekij\u00f6idens\u00e4 perusteella patogeenisuusryhmiin, joista merkitt\u00e4vimpi\u00e4 ovat virtsatieifektioita aiheuttavat kannat VTI ja UPEC (uropathogenic Escherichia coli) sek\u00e4 ripulitauteja aiheuttava ETEC (enterotoxigenic Escherichia Coli). E. coli bakteereilla\u2026 <span class=\"read-more\"><a href=\"https:\/\/blogi.savonia.fi\/bakteerienpolku\/bakteerit\/escherichia-coli\/\">Read More &raquo;<\/a><\/span><\/p>\n","protected":false},"author":2968,"featured_media":0,"parent":13,"menu_order":0,"comment_status":"closed","ping_status":"closed","template":"","meta":{"footnotes":""},"class_list":["post-21","page","type-page","status-publish","hentry"],"_links":{"self":[{"href":"https:\/\/blogi.savonia.fi\/bakteerienpolku\/wp-json\/wp\/v2\/pages\/21","targetHints":{"allow":["GET"]}}],"collection":[{"href":"https:\/\/blogi.savonia.fi\/bakteerienpolku\/wp-json\/wp\/v2\/pages"}],"about":[{"href":"https:\/\/blogi.savonia.fi\/bakteerienpolku\/wp-json\/wp\/v2\/types\/page"}],"author":[{"embeddable":true,"href":"https:\/\/blogi.savonia.fi\/bakteerienpolku\/wp-json\/wp\/v2\/users\/2968"}],"replies":[{"embeddable":true,"href":"https:\/\/blogi.savonia.fi\/bakteerienpolku\/wp-json\/wp\/v2\/comments?post=21"}],"version-history":[{"count":9,"href":"https:\/\/blogi.savonia.fi\/bakteerienpolku\/wp-json\/wp\/v2\/pages\/21\/revisions"}],"predecessor-version":[{"id":273,"href":"https:\/\/blogi.savonia.fi\/bakteerienpolku\/wp-json\/wp\/v2\/pages\/21\/revisions\/273"}],"up":[{"embeddable":true,"href":"https:\/\/blogi.savonia.fi\/bakteerienpolku\/wp-json\/wp\/v2\/pages\/13"}],"wp:attachment":[{"href":"https:\/\/blogi.savonia.fi\/bakteerienpolku\/wp-json\/wp\/v2\/media?parent=21"}],"curies":[{"name":"wp","href":"https:\/\/api.w.org\/{rel}","templated":true}]}}