{"id":26,"date":"2020-11-16T15:27:35","date_gmt":"2020-11-16T13:27:35","guid":{"rendered":"https:\/\/blogi.savonia.fi\/bakteerienpolku\/?page_id=26"},"modified":"2021-05-20T13:10:53","modified_gmt":"2021-05-20T10:10:53","slug":"klebsiella","status":"publish","type":"page","link":"https:\/\/blogi.savonia.fi\/bakteerienpolku\/bakteerit\/klebsiella\/","title":{"rendered":"Klebsiella"},"content":{"rendered":"\n<p>Klebsiellat ovat gramnegatiivisia sauvabakteereita, jotka voivat aiheuttaa ihmiselle erityyppisi\u00e4 infektioita kuten virtsatieinfektioita, keuhkokuumetta, verenmyrkytyksi\u00e4, aivokalvontulehduksia ja tulehduksia haavoissa sek\u00e4 leikkaushaavoissa. Klebsiella-bakteereille on kehittynyt hyv\u00e4 vastustuskyky mikrobil\u00e4\u00e4kkeit\u00e4 vastaan, mik\u00e4 vaikeuttaa infektion hoitamista. Bakteerin luontainen elinymp\u00e4rist\u00f6 on suolistossa, jossa Klebsiella ei aiheuta infektioita. (Centers for Disease Control and Prevention 2010.)<\/p>\n\n\n\n<p>Klebsiellat kykenev\u00e4t muodostamaan polysakkaridikapselin, joka saa pes\u00e4kkeet kasvamaan elatusmaljalle limaisina. Klebsiellabakteerin polysakkaridikapselin perusteella ne voidaan luokitella K-antigeenityyppeihin, jotka vaikuttavat siihen, miten virulentti bakteerilaji on. K1- ja K2-kapselityypit n\u00e4hd\u00e4\u00e4n usein kaikista virulenteimpina, eik\u00e4 kapselityypin ole huomattu situoutuvan tiettyyn taudinkuvaan. (Aittoniemi, Arvola ja Anttila 2020.)<\/p>\n\n\n\n<p>Klebsiellainfektio ei yleisesti esiinny terveill\u00e4 ihmisill\u00e4. Sairaalassa Klebsiellainfektio on tavallisesti potilailla, joilla on joku muu sairaus, jota hoidetaan antimikrobil\u00e4\u00e4kityksell\u00e4 tai jonka vuoksi he joutuvat k\u00e4ytt\u00e4m\u00e4\u00e4n katetria tai hengityskonetta. (Centers for Disease Control and Prevention 2010.)<\/p>\n\n\n\n<p>Tavallisimpia <em>Klebsiella pneumoniaesta<\/em> aiheutuvia infektioita ovat virtsatieinfektiot ja lohkokeuhkokuume, jolle altistavia tekij\u00f6it\u00e4 ovat muun muassa. diabetes, alkoholismi ja krooniset keuhkosairaudet. Keukokuumeesta aiheutuva kuolleisuus riippuu oireiden voimakkuudesta. (Aittoniemi, Arvola ja Anttila 2020.)<\/p>\n\n\n\n<p>Klebsiellasuvun bakteereilla on kyky tuottaa beetalaktamaasia, mink\u00e4 takia Klebsiellat ovat luonnostaan resistenttej\u00e4 ampisilliinille. Plasmidin koodittamaa betalaktamaasia tuottavat ESBL-kannat ovat olleet viel\u00e4 harvinaisia. Tavallisesti Klebsiellat ovat herkki\u00e4 muun muassa karbapeneemeille, aminoglykosideille, toisen ja kolmannen polven kefalosporiineille sek\u00e4 klavulaanihapon ja amoksisilliinin yhdistelm\u00e4lle. (Aittoniemi, Arvola ja Anttila 2020.) Karbapenemaasi-entsyymi\u00e4 tuottavat klebsiella-kannat ovat resistenttej\u00e4 karbapeneemeille, joka toimii usein viimeisen\u00e4 hoitovaihtoehtona hoidettaessa multiresistentti\u00e4 gramnegatiivista infektiota. (Centers for Disease Control and Prevention 2010.) Klebsiellakannan tunnistaminen voi olla vaikeaa tavallisin mikrobiologian laboratorion menetelmin, ja tunnistaminen vaatii molekyylibiologian menetelmi\u00e4. (Aittoniemi, Arvola ja Anttila 2020.)<\/p>\n\n\n\n<hr class=\"wp-block-separator is-style-wide\" \/>\n\n\n\n<p>CENTERS FOR DISEASE CONTROL AND PREVENTION. 2010. Klebsiella pneumoniae in Healthcare Settings. Saatavilla: <a href=\"https:\/\/www.cdc.gov\/hai\/organisms\/klebsiella\/klebsiella.html\">https:\/\/www.cdc.gov\/hai\/organisms\/klebsiella\/klebsiella.html<\/a><\/p>\n\n\n\n<p>AITTONIEMI, J; ARVOLA, P ja ANTTILA, V-J 2020. Muut enterobakteerit. Julkaisussa: HEIKKINEN, T; J\u00c4RVINEN, A; MERI, S; VAPALAHTI, O ja VUOPIO, J. (toim.) Mikrobiologia, immunologia ja infektiosairaudet: Kirja 1, Mikrobiologia Helsinki: Duodecim. Saatavilla: <a href=\"https:\/\/www.oppiportti.fi\/op\/mbg00152\/do\">https:\/\/www.oppiportti.fi\/op\/mbg00152\/do<\/a><\/p>\n","protected":false},"excerpt":{"rendered":"<p>Klebsiellat ovat gramnegatiivisia sauvabakteereita, jotka voivat aiheuttaa ihmiselle erityyppisi\u00e4 infektioita kuten virtsatieinfektioita, keuhkokuumetta, verenmyrkytyksi\u00e4, aivokalvontulehduksia ja tulehduksia haavoissa sek\u00e4 leikkaushaavoissa. Klebsiella-bakteereille on kehittynyt hyv\u00e4 vastustuskyky mikrobil\u00e4\u00e4kkeit\u00e4 vastaan, mik\u00e4 vaikeuttaa infektion hoitamista. Bakteerin luontainen elinymp\u00e4rist\u00f6 on suolistossa, jossa Klebsiella ei aiheuta infektioita. (Centers for Disease Control and Prevention 2010.) Klebsiellat kykenev\u00e4t muodostamaan polysakkaridikapselin, joka saa pes\u00e4kkeet\u2026 <span class=\"read-more\"><a href=\"https:\/\/blogi.savonia.fi\/bakteerienpolku\/bakteerit\/klebsiella\/\">Read More &raquo;<\/a><\/span><\/p>\n","protected":false},"author":2968,"featured_media":0,"parent":13,"menu_order":2,"comment_status":"closed","ping_status":"closed","template":"","meta":{"footnotes":""},"class_list":["post-26","page","type-page","status-publish","hentry"],"_links":{"self":[{"href":"https:\/\/blogi.savonia.fi\/bakteerienpolku\/wp-json\/wp\/v2\/pages\/26","targetHints":{"allow":["GET"]}}],"collection":[{"href":"https:\/\/blogi.savonia.fi\/bakteerienpolku\/wp-json\/wp\/v2\/pages"}],"about":[{"href":"https:\/\/blogi.savonia.fi\/bakteerienpolku\/wp-json\/wp\/v2\/types\/page"}],"author":[{"embeddable":true,"href":"https:\/\/blogi.savonia.fi\/bakteerienpolku\/wp-json\/wp\/v2\/users\/2968"}],"replies":[{"embeddable":true,"href":"https:\/\/blogi.savonia.fi\/bakteerienpolku\/wp-json\/wp\/v2\/comments?post=26"}],"version-history":[{"count":6,"href":"https:\/\/blogi.savonia.fi\/bakteerienpolku\/wp-json\/wp\/v2\/pages\/26\/revisions"}],"predecessor-version":[{"id":157,"href":"https:\/\/blogi.savonia.fi\/bakteerienpolku\/wp-json\/wp\/v2\/pages\/26\/revisions\/157"}],"up":[{"embeddable":true,"href":"https:\/\/blogi.savonia.fi\/bakteerienpolku\/wp-json\/wp\/v2\/pages\/13"}],"wp:attachment":[{"href":"https:\/\/blogi.savonia.fi\/bakteerienpolku\/wp-json\/wp\/v2\/media?parent=26"}],"curies":[{"name":"wp","href":"https:\/\/api.w.org\/{rel}","templated":true}]}}