{"id":10,"date":"2025-03-28T05:22:49","date_gmt":"2025-03-28T03:22:49","guid":{"rendered":"https:\/\/blogi.savonia.fi\/bioanolytiikko\/?page_id=10"},"modified":"2025-05-20T14:06:47","modified_gmt":"2025-05-20T11:06:47","slug":"hoitotaito","status":"publish","type":"page","link":"https:\/\/blogi.savonia.fi\/bioanolytiikko\/hoitotaito\/","title":{"rendered":"Hoitotaito"},"content":{"rendered":"\n<p>Opintojakson suoritettuaan opiskelija osaa:<br>&#8211; selitt\u00e4\u00e4 perusterveydenhuollon toimintaperiaatteet ja laboratorio-organisaation ja ymm\u00e4rt\u00e4\u00e4 terveyskeskuksen sek\u00e4 laboratorion toiminnan osana terveyspalvelujen tarjontaa ja terveyden edist\u00e4mist\u00e4<br>&#8211; suunnitella ja toteuttaa laboratoriotutkimusprosessin preanalyyttisen vaiheen sek\u00e4 osaa soveltaa harjoittelutilanteissa teoreettista osaamista<br>&#8211; tunnistaa asiakkaiden erityispiirteet ja kykenee ammatilliseen vuorovaikutukseen asiakkaiden, ty\u00f6tovereiden ja muiden ammattiryhmien kanssa<br>&#8211; toteuttaa laadunhallinnan periaatteita kliinisen fysiologian ja vierianalytiikan tutkimuksissa<br>&#8211; soveltaa potilas- ja ty\u00f6turvallisuusperiaatteita ty\u00f6skentelyss\u00e4\u00e4n<br>&#8211; tunnistaa hoitoty\u00f6n arvoja, periaatteita ja potilasturvallisuuteen liittyvi\u00e4 tekij\u00f6it\u00e4<br>&#8211; soveltaa aseptiikan periaatteita<br>&#8211; tunnistaa potilaan p\u00e4ivitt\u00e4isiin toimintoihin liittyvi\u00e4 hoidollisia tarpeita<\/p>\n","protected":false},"excerpt":{"rendered":"<p>Opintojakson suoritettuaan opiskelija osaa:&#8211; selitt\u00e4\u00e4 perusterveydenhuollon toimintaperiaatteet ja laboratorio-organisaation ja ymm\u00e4rt\u00e4\u00e4 terveyskeskuksen sek\u00e4 laboratorion toiminnan osana terveyspalvelujen tarjontaa ja terveyden edist\u00e4mist\u00e4&#8211; suunnitella ja toteuttaa laboratoriotutkimusprosessin preanalyyttisen vaiheen sek\u00e4 osaa soveltaa harjoittelutilanteissa teoreettista osaamista&#8211; tunnistaa asiakkaiden erityispiirteet ja kykenee ammatilliseen vuorovaikutukseen asiakkaiden, ty\u00f6tovereiden ja muiden ammattiryhmien kanssa&#8211; toteuttaa laadunhallinnan periaatteita kliinisen &#8230; <a class=\"continue-reading-link\" href=\"https:\/\/blogi.savonia.fi\/bioanolytiikko\/hoitotaito\/\"> Continue reading<\/a><\/p>\n","protected":false},"author":12630,"featured_media":0,"parent":0,"menu_order":1,"comment_status":"open","ping_status":"closed","template":"","meta":{"footnotes":""},"class_list":["post-10","page","type-page","status-publish","hentry"],"_links":{"self":[{"href":"https:\/\/blogi.savonia.fi\/bioanolytiikko\/wp-json\/wp\/v2\/pages\/10","targetHints":{"allow":["GET"]}}],"collection":[{"href":"https:\/\/blogi.savonia.fi\/bioanolytiikko\/wp-json\/wp\/v2\/pages"}],"about":[{"href":"https:\/\/blogi.savonia.fi\/bioanolytiikko\/wp-json\/wp\/v2\/types\/page"}],"author":[{"embeddable":true,"href":"https:\/\/blogi.savonia.fi\/bioanolytiikko\/wp-json\/wp\/v2\/users\/12630"}],"replies":[{"embeddable":true,"href":"https:\/\/blogi.savonia.fi\/bioanolytiikko\/wp-json\/wp\/v2\/comments?post=10"}],"version-history":[{"count":4,"href":"https:\/\/blogi.savonia.fi\/bioanolytiikko\/wp-json\/wp\/v2\/pages\/10\/revisions"}],"predecessor-version":[{"id":25,"href":"https:\/\/blogi.savonia.fi\/bioanolytiikko\/wp-json\/wp\/v2\/pages\/10\/revisions\/25"}],"wp:attachment":[{"href":"https:\/\/blogi.savonia.fi\/bioanolytiikko\/wp-json\/wp\/v2\/media?parent=10"}],"curies":[{"name":"wp","href":"https:\/\/api.w.org\/{rel}","templated":true}]}}