{"id":2,"date":"2025-03-28T03:51:35","date_gmt":"2025-03-28T01:51:35","guid":{"rendered":"https:\/\/blogi.savonia.fi\/bioanolytiikko\/?page_id=2"},"modified":"2025-05-22T01:56:39","modified_gmt":"2025-05-21T22:56:39","slug":"esimerkkisivu","status":"publish","type":"page","link":"https:\/\/blogi.savonia.fi\/bioanolytiikko\/esimerkkisivu\/","title":{"rendered":"Palaute harjoittelusta"},"content":{"rendered":"\n<p>Palaute harjoittelusta:<\/p>\n\n\n\n<p>EKG:ss\u00e4 asiakkaan kohtaaminen hyv\u00e4\u00e4. Harjoiteltu elektrodipaikkoja ja EKG:n tulkintaa esim, flimmeri, lis\u00e4ly\u00f6nnit jne. Wafa ottaa hyvin palautetta vastaan ja pyrkii toimimaan ohjeiden mukaisesti. Perus EKG:n otto onnistuu hyvin. Kyselee ja osoittaa kiinnostusta. Ammatillinen ty\u00f6ote varmasti tulee viel\u00e4 kehittym\u00e4\u00e4n, kun saa lis\u00e4\u00e4 harjoitusta. Hyv\u00e4 Wafa!<\/p>\n\n\n\n<p>Huolellinen ja tarkkaavainen.<\/p>\n\n\n\n<p>Jo kolmantena harkkap\u00e4iv\u00e4n\u00e4 osasit todella hyvin valita oikeat putket ja osasit oikean putkij\u00e4rjestyksen. N\u00e4ytteenotto sujui todella hyvin ja sinua on mukava ohjata.<\/p>\n\n\n\n<p>P\u00e4ivystyksess\u00e4 toimit reippaasti ja omatoimisesti. Potilaan tunnistus kunnossa, eristyspukeutuminen peukun arvoinen suoritus.<\/p>\n\n\n\n<p>Lajittelussa veit n\u00e4ytteit\u00e4 eri ty\u00f6pisteille analysoitavaksi. Erottelit n\u00e4ytteit\u00e4 ja tutustuit esik\u00e4sittelij\u00e4\u00e4n. Kysyit hyvi\u00e4 kysymyksi\u00e4 ja olet kiinnostunut eri ty\u00f6vaiheista. oli hieman kiireinen p\u00e4iv\u00e4, mutta pysyit hyvin mukana.<\/p>\n\n\n\n<p>Mukavia opiskelup\u00e4ivi\u00e4!<\/p>\n\n\n\n<p>Elsi Mattila, Bioanalyytikko, ISLAB Mikkeli<\/p>\n","protected":false},"excerpt":{"rendered":"<p>Palaute harjoittelusta: EKG:ss\u00e4 asiakkaan kohtaaminen hyv\u00e4\u00e4. Harjoiteltu elektrodipaikkoja ja EKG:n tulkintaa esim, flimmeri, lis\u00e4ly\u00f6nnit jne. Wafa ottaa hyvin palautetta vastaan ja pyrkii toimimaan ohjeiden mukaisesti. Perus EKG:n otto onnistuu hyvin. Kyselee ja osoittaa kiinnostusta. Ammatillinen ty\u00f6ote varmasti tulee viel\u00e4 kehittym\u00e4\u00e4n, kun saa lis\u00e4\u00e4 harjoitusta. Hyv\u00e4 Wafa! Huolellinen ja tarkkaavainen. Jo &#8230; <a class=\"continue-reading-link\" href=\"https:\/\/blogi.savonia.fi\/bioanolytiikko\/esimerkkisivu\/\"> Continue reading<\/a><\/p>\n","protected":false},"author":12630,"featured_media":0,"parent":0,"menu_order":3,"comment_status":"open","ping_status":"closed","template":"","meta":{"footnotes":""},"class_list":["post-2","page","type-page","status-publish","hentry"],"_links":{"self":[{"href":"https:\/\/blogi.savonia.fi\/bioanolytiikko\/wp-json\/wp\/v2\/pages\/2","targetHints":{"allow":["GET"]}}],"collection":[{"href":"https:\/\/blogi.savonia.fi\/bioanolytiikko\/wp-json\/wp\/v2\/pages"}],"about":[{"href":"https:\/\/blogi.savonia.fi\/bioanolytiikko\/wp-json\/wp\/v2\/types\/page"}],"author":[{"embeddable":true,"href":"https:\/\/blogi.savonia.fi\/bioanolytiikko\/wp-json\/wp\/v2\/users\/12630"}],"replies":[{"embeddable":true,"href":"https:\/\/blogi.savonia.fi\/bioanolytiikko\/wp-json\/wp\/v2\/comments?post=2"}],"version-history":[{"count":4,"href":"https:\/\/blogi.savonia.fi\/bioanolytiikko\/wp-json\/wp\/v2\/pages\/2\/revisions"}],"predecessor-version":[{"id":53,"href":"https:\/\/blogi.savonia.fi\/bioanolytiikko\/wp-json\/wp\/v2\/pages\/2\/revisions\/53"}],"wp:attachment":[{"href":"https:\/\/blogi.savonia.fi\/bioanolytiikko\/wp-json\/wp\/v2\/media?parent=2"}],"curies":[{"name":"wp","href":"https:\/\/api.w.org\/{rel}","templated":true}]}}