{"id":49,"date":"2025-05-20T14:01:39","date_gmt":"2025-05-20T11:01:39","guid":{"rendered":"https:\/\/blogi.savonia.fi\/bioanolytiikko\/?page_id=49"},"modified":"2025-05-22T01:56:30","modified_gmt":"2025-05-21T22:56:30","slug":"itse-arviointti","status":"publish","type":"page","link":"https:\/\/blogi.savonia.fi\/bioanolytiikko\/esimerkkisivu\/itse-arviointti\/","title":{"rendered":"Itse arviointti"},"content":{"rendered":"\n<p><\/p>\n\n\n\n<p>Preanalytiikan harjoittelu<\/p>\n\n\n\n<p>Harjoittelun kesto: 3&nbsp;viikkoa&nbsp;Ensimm\u00e4inen viikko olin n\u00e4ytteenotto ja toka oli EKG ja kolmas oli P\u00e4ivystys, osastonkiert\u00e4j\u00e4 ja laittelu.<\/p>\n\n\n\n<p>Harjoittelupaikka: Mikkelikeskusairaala<\/p>\n\n\n\n<p><strong>N\u00e4ytteenottotoiminta<\/strong><strong>&nbsp;ja EKG<\/strong><strong><\/strong><\/p>\n\n\n\n<p>Osallistuin verin\u00e4ytteiden ottoon sek\u00e4&nbsp;sain seurata miteen&nbsp;n\u00e4ytte otetaan kantap\u00e4\u00e4st\u00e4 vauvoille.<\/p>\n\n\n\n<p>Otin verin\u00e4ytteit\u00e4 eri asiakasryhmilt\u00e4&nbsp;vuodepotilailta, vanhuksilta, lapsilta sek\u00e4 kiireellisilt\u00e4 p\u00e4ivystyspotilailta.<\/p>\n\n\n\n<p>Opin k\u00e4ytt\u00e4m\u00e4\u00e4n eri n\u00e4ytteenottov\u00e4lineit\u00e4 esim.vakuumi, siipineula,&nbsp;&nbsp;avoneula.&nbsp;&nbsp;tilanteen ja potilaan mukaan.<\/p>\n\n\n\n<p>Harjoittelin oikean putkij\u00e4rjestyksen ja putkikohtaisten k\u00e4sittelyohjeiden noudattamista.<\/p>\n\n\n\n<p>Harjoittelin oikeaoppista potilaan tunnistamista ja ohjeistamista ennen n\u00e4ytteenottoa.<\/p>\n\n\n\n<p>Osallistuin EKG:n ottamiseen ja opettelin laitteiston k\u00e4yt\u00f6n sek\u00e4 elektrodien oikean sijoittelun raajoihin ja rintakeh\u00e4lle anatomisten pisteiden mukaan.<\/p>\n\n\n\n<p>Selittin asiakaalla toimenpidest\u00e4 ja varmistin potilaan hyv\u00e4n asennon ja rauhallisuuden ennen mittausta.<\/p>\n\n\n\n<p>Tarkistin tuloksen selkeyden ja toimitin sen oikeaan paikkaan.<\/p>\n\n\n\n<p>Osallistuin muiden n\u00e4ytteiden (esim. virtsa, uloste&nbsp;ja nielu) vastaanottamiseen ja esik\u00e4sittelyyn.<\/p>\n\n\n\n<p><strong>&nbsp;Osastokiert\u00e4minen<\/strong><strong><\/strong><\/p>\n\n\n\n<p>Osallistuin osastokierroille yhdess\u00e4 toisen n\u00e4ytteenottajan kanssa.<\/p>\n\n\n\n<p>Otin n\u00e4ytteit\u00e4 potilaista eri vuodeosastoilla, mukaan lukien teho-osasto ja synnytys osasto jne.. .&nbsp;<\/p>\n\n\n\n<p>Harjoittelin n\u00e4ytteenottoa eri&nbsp;olosuhteissa (esim. potilaat liikkumattomia, monitoreita).<\/p>\n\n\n\n<p>Huolehdin n\u00e4ytteiden merkitsemisest\u00e4, kirjaamisesta ja kuljettamisesta takaisin laboratorioon.<\/p>\n\n\n\n<p>Noudatin osastokohtaisia hygieniaohjeita ja k\u00e4yt\u00e4nt\u00f6j\u00e4<\/p>\n\n\n\n<p><strong>&nbsp;P\u00e4ivystyslaboratoriossa ty\u00f6skentely<\/strong><strong><\/strong><\/p>\n\n\n\n<p>Seurasin ja osallistuin n\u00e4ytteenottoon kiireellisiss\u00e4 tilanteissa p\u00e4ivystyspotilailta.<\/p>\n\n\n\n<p>Opin ett\u00e4 pit\u00e4\u00e4 olla&nbsp;nopeaa reagoinissa&nbsp;ja toimimista tilanteissa, joissa potilas voi olla huonossa kunnossa.<\/p>\n\n\n\n<p>Opin, miten p\u00e4ivystysn\u00e4ytteet priorisoidaan ja k\u00e4sitell\u00e4\u00e4n kiireellisesti n\u00e4ytteet.<\/p>\n\n\n\n<p>N\u00e4iottin erin\u00e4yteitt\u00e4 esim. Verikaasuanalysaattorit, CRP ja veriviljely.<\/p>\n\n\n\n<p><strong>N\u00e4ytteiden esik\u00e4sittely ja l\u00e4hetys<\/strong><strong><\/strong><\/p>\n\n\n\n<p>Lajittelin ja kirjasin n\u00e4ytteet laboratorion tietoj\u00e4rjestelmiin<\/p>\n\n\n\n<p>Sentrifugoin verin\u00e4ytteit\u00e4 ohjeiden mukaisesti ja erotin plasmaa tarvittaessa.<\/p>\n\n\n\n<p><strong>Hygienia ja potilasturvallisuus<\/strong><strong><\/strong><\/p>\n\n\n\n<p>Harjoittelin aseptista ty\u00f6skentely\u00e4 n\u00e4ytteenotossa ja k\u00e4sittelyss\u00e4.<\/p>\n\n\n\n<p>Pidin huolta k\u00e4sihygieniasta sek\u00e4 v\u00e4lineiden ja ty\u00f6pisteiden puhtaudesta.<\/p>\n\n\n\n<p>K\u00e4ytin suojavarusteita ohjeiden mukaan (k\u00e4sineet, maski tarvittaessa).<\/p>\n\n\n\n<p>Opin tunnistamaan riski- ja ongelmatilanteita sek\u00e4 toimimaan turvallisesti.<\/p>\n\n\n\n<p><strong>Ty\u00f6skentely osana tiimi\u00e4<\/strong><strong><\/strong><\/p>\n\n\n\n<p>Tein yhteisty\u00f6t\u00e4 bioanalyytikoiden, hoitajien ja muun terveydenhuollon henkil\u00f6st\u00f6n kanssa.<\/p>\n\n\n\n<p>Seurasin ohjaajien ty\u00f6skentely\u00e4 ja pyysin palautetta omasta toiminnasta.<\/p>\n\n\n\n<p>Kehitin asiakaspalvelutaitoja potilaiden kanssa kommunikoidessa.<\/p>\n\n\n\n<p><strong>Dokumentointi ja tietoj\u00e4rjestelm\u00e4t<\/strong><strong><\/strong><\/p>\n\n\n\n<p>K\u00e4ytin laboratoriotietoj\u00e4rjestelmi\u00e4 n\u00e4ytteiden rekister\u00f6intiin ja analyysien tilaamiseen.<\/p>\n\n\n\n<p>Noudatin potilastietojen salassapitoa ja tietoturvaa.<\/p>\n\n\n\n<p>Harjoittelin tulosten tarkistamista ennen l\u00e4hett\u00e4mist\u00e4 eteenp\u00e4in.<\/p>\n\n\n\n<p>Preanalytiikan harjoittelu oli eritt\u00e4in opettavainen ja monipuolinen kokemus. Harjoittelun aikana sain laajasti kokemusta eri preanalytiikan teht\u00e4vist\u00e4 ja p\u00e4\u00e4sin soveltamaan koulussa opittuja taitoja k\u00e4yt\u00e4nn\u00f6ss\u00e4. Harjoittelun aikana itseluottamukseni, tekninen osaamiseni ja vuorovaikutustaitoni kehittyiv\u00e4t huomattavasti<\/p>\n\n\n\n<p>Harjoittelun aikana opin toimimaan itsen\u00e4isemmin ja varmemmin n\u00e4ytteenotossa.<\/p>\n\n\n\n<p>Sain lis\u00e4\u00e4 varmuutta ty\u00f6skentelyyn potilaiden kanssa.<\/p>\n\n\n\n<p>kehityin EKG:n ottamisessa ja osastoty\u00f6skentelyss\u00e4.<\/p>\n\n\n\n<p>Ymm\u00e4rsin preanalytiikan merkityksen koko laboratorioprosessin onnistumisessa.<\/p>\n\n\n\n<p>Kaiken kaikkiaan harjoittelu vahvisti tunnetta siit\u00e4, ett\u00e4 bioanalyytikon ty\u00f6 sopii minulle. Pidin erityisesti siit\u00e4, ett\u00e4 ty\u00f6ss\u00e4 yhdistyv\u00e4t tekninen tarkkuus, asiakaspalvelu ja on monimpuolista. Olen motivoitunut jatkamaan opintoja ja kehittym\u00e4\u00e4n ammatissani.<\/p>\n\n\n\n<p><\/p>\n","protected":false},"excerpt":{"rendered":"<p>Preanalytiikan harjoittelu Harjoittelun kesto: 3&nbsp;viikkoa&nbsp;Ensimm\u00e4inen viikko olin n\u00e4ytteenotto ja toka oli EKG ja kolmas oli P\u00e4ivystys, osastonkiert\u00e4j\u00e4 ja laittelu. Harjoittelupaikka: Mikkelikeskusairaala N\u00e4ytteenottotoiminta&nbsp;ja EKG Osallistuin verin\u00e4ytteiden ottoon sek\u00e4&nbsp;sain seurata miteen&nbsp;n\u00e4ytte otetaan kantap\u00e4\u00e4st\u00e4 vauvoille. Otin verin\u00e4ytteit\u00e4 eri asiakasryhmilt\u00e4&nbsp;vuodepotilailta, vanhuksilta, lapsilta sek\u00e4 kiireellisilt\u00e4 p\u00e4ivystyspotilailta. Opin k\u00e4ytt\u00e4m\u00e4\u00e4n eri n\u00e4ytteenottov\u00e4lineit\u00e4 esim.vakuumi, siipineula,&nbsp;&nbsp;avoneula.&nbsp;&nbsp;tilanteen ja potilaan mukaan. &#8230; <a class=\"continue-reading-link\" href=\"https:\/\/blogi.savonia.fi\/bioanolytiikko\/esimerkkisivu\/itse-arviointti\/\"> Continue reading<\/a><\/p>\n","protected":false},"author":12630,"featured_media":0,"parent":2,"menu_order":4,"comment_status":"open","ping_status":"closed","template":"","meta":{"footnotes":""},"class_list":["post-49","page","type-page","status-publish","hentry"],"_links":{"self":[{"href":"https:\/\/blogi.savonia.fi\/bioanolytiikko\/wp-json\/wp\/v2\/pages\/49","targetHints":{"allow":["GET"]}}],"collection":[{"href":"https:\/\/blogi.savonia.fi\/bioanolytiikko\/wp-json\/wp\/v2\/pages"}],"about":[{"href":"https:\/\/blogi.savonia.fi\/bioanolytiikko\/wp-json\/wp\/v2\/types\/page"}],"author":[{"embeddable":true,"href":"https:\/\/blogi.savonia.fi\/bioanolytiikko\/wp-json\/wp\/v2\/users\/12630"}],"replies":[{"embeddable":true,"href":"https:\/\/blogi.savonia.fi\/bioanolytiikko\/wp-json\/wp\/v2\/comments?post=49"}],"version-history":[{"count":2,"href":"https:\/\/blogi.savonia.fi\/bioanolytiikko\/wp-json\/wp\/v2\/pages\/49\/revisions"}],"predecessor-version":[{"id":51,"href":"https:\/\/blogi.savonia.fi\/bioanolytiikko\/wp-json\/wp\/v2\/pages\/49\/revisions\/51"}],"up":[{"embeddable":true,"href":"https:\/\/blogi.savonia.fi\/bioanolytiikko\/wp-json\/wp\/v2\/pages\/2"}],"wp:attachment":[{"href":"https:\/\/blogi.savonia.fi\/bioanolytiikko\/wp-json\/wp\/v2\/media?parent=49"}],"curies":[{"name":"wp","href":"https:\/\/api.w.org\/{rel}","templated":true}]}}