{"id":113,"date":"2024-09-29T20:35:54","date_gmt":"2024-09-29T17:35:54","guid":{"rendered":"https:\/\/blogi.savonia.fi\/emiliavesterinen\/?page_id=113"},"modified":"2024-10-01T16:50:00","modified_gmt":"2024-10-01T13:50:00","slug":"lahtotaso-ja-tavoitteet","status":"publish","type":"page","link":"https:\/\/blogi.savonia.fi\/emiliavesterinen\/harjoittelut\/4-harjoittelu-lasten-nuorten-ja-perheiden-hoitotyo\/lahtotaso-ja-tavoitteet\/","title":{"rendered":"L\u00c4HT\u00d6TASO JA TAVOITTEET"},"content":{"rendered":"\n<p>Opintojakson suoritettuaan opiskelija osaa:<\/p>\n\n\n\n<p>-soveltaa lasten oikeuksia, lasten ja nuorten hoitoty\u00f6h\u00f6n liittyvi\u00e4 eettisi\u00e4 ohjeita ja lains\u00e4\u00e4d\u00e4nt\u00f6\u00e4 sek\u00e4<br>-ty\u00f6skennell\u00e4 ottaen huomioon lapsil\u00e4ht\u00f6isyyden ja kulttuurisuuden hoitoty\u00f6ss\u00e4<br>-soveltaa n\u00e4ytt\u00f6\u00f6n perustuvaa tietoa lasten ja nuorten kasvusta ja kehityksest\u00e4, niihin vaikuttavista tekij\u00f6ist\u00e4, perhehoitoty\u00f6st\u00e4 ja lasten sairauksista<br>-analysoida lasten ja nuorten terveysongelmia ja -uhkia sek\u00e4 suunnitella lapsen ja nuoren hoitoa hoitoty\u00f6n prosessin mukaisesti<br>-toteuttaa lasten ja nuorten hoitoty\u00f6t\u00e4 ja ohjata lasta\/nuorta ja perhett\u00e4<br>-lasten l\u00e4\u00e4ke- ja nestehoidossa tarvittavat laskutoimitukset sek\u00e4 osaa ohjattuna annostella ja toteuttaa lasten l\u00e4\u00e4ke- ja nestehoitoa turvallisesti<br>-toteuttaa voimavaral\u00e4ht\u00f6ist\u00e4 perheen hoitoty\u00f6t\u00e4<br>-arvioida ja kehitt\u00e4\u00e4 lasten ja nuorten hoitoty\u00f6n osaamistaan opintojakson arviointikriteereiden mukaisesti<br>-ty\u00f6skennell\u00e4 tiimiss\u00e4 ja ottaa vastuuta omasta tekemisest\u00e4\u00e4n<br>-reflektoida omaa oppimistaan ja osaamistaan.<\/p>\n\n\n\n<p><strong>KUKA OLEN JA MILLAINEN OLEN OPISKELIJANA:<\/strong><\/p>\n\n\n\n<p>Olen 25-vuotias nainen Pohjois-Savosta, Rautalammilta. Muutin \u201dpaluumuuttajana\u201d Kuopioon syksyll\u00e4 2023, jolloin jatkoin opintoja Savonialla sairaanhoitajaksi (aiemmin opiskelin DIAK:illa n. vuoden sairaanhoitaja tutkintoa).<\/p>\n\n\n\n<p>Aiemmalta koulutukseltani olen l\u00e4hihoitaja ja ty\u00f6skennellyt lyhyeen ik\u00e4\u00e4n menness\u00e4 monessa ty\u00f6paikassa. Minulta l\u00f6ytyy ty\u00f6historiaa l\u00e4hihoitajana vajaan 10 vuoden ajalta vanhusten palveluasumisen ykksik\u00f6st\u00e4, p\u00e4iv\u00e4kodista, koulumaailmasta henkil\u00f6kohtaisena avustajana\/ohjaajana alakoulun pienryhm\u00e4ss\u00e4, lasten- ja nuorten psykiatrisesta oppilaskodista sek\u00e4 nyt olen ty\u00f6skennellyt vajaan vuoden KYS:ssill\u00e4 traumatologian osastolla.<\/p>\n\n\n\n<p><strong>MITEN OPIN JA MILLAINEN ON OPPIMISTYYLINI:<\/strong><\/p>\n\n\n\n<p>Parhaiten mielest\u00e4ni opin itse tekem\u00e4ll\u00e4, kuvin ja puhumalla, jolloin muistiini j\u00e4\u00e4 parhaiten.<\/p>\n\n\n\n<p><strong>AIKAISEMMAT HARJOITTELUJAKSOT JA KESKEISET OHJAAJIEN ANTAMAT KEHITT\u00c4MISHAASTEET:<\/strong><\/p>\n\n\n\n<p>Hoitotaidon harjoittelun olen hyv\u00e4ksi lukenut\/ahotoinut. Sis\u00e4tautien harjoittelun olin siunsotella, Joensuun kesksussairaalan p\u00e4ivystysosastolla. Periopertatiivisen harjoittelun opinnollistin omassa ty\u00f6paikassani KYS:ssill\u00e4 tukielinkirurgialla, traumatologian osastolla sek\u00e4 viimeisimp\u00e4n\u00e4 mielenterveys ja p\u00e4ihdehoitoty\u00f6n harjoittelun alavassa lasten akuuttiosastolla.<\/p>\n\n\n\n<p><strong>L\u00c4HT\u00d6TASOT:<\/strong><\/p>\n\n\n\n<p><strong>OPPIMISENTAIDOT<\/strong><\/p>\n\n\n\n<p><strong>L\u00e4ht\u00f6taso:<\/strong> Osaan arvioida ja kehitt\u00e4\u00e4 lasten ja nuorten hoitoty\u00f6n osaamistaan ja antaa vertaisarviointia opintojakson arviointikriteereiden mukaisesti.<\/p>\n\n\n\n<p><\/p>\n\n\n\n<p><strong>EETTINEN OSAAMINEN<\/strong><\/p>\n\n\n\n<p><strong>L\u00e4ht\u00f6taso<\/strong>: Osaan soveltaa lasten oikeuksia, lasten ja nuorten hoitoty\u00f6h\u00f6n liittyvi\u00e4 eettisi\u00e4 ohjeita ja lains\u00e4\u00e4d\u00e4nt\u00f6\u00e4. Tunnistan eettisi\u00e4 ristiriitatilanteita ja osaa tuoda niit\u00e4 esille rakentavalla tavalla<\/p>\n\n\n\n<p><strong>Osaamisvaje:<\/strong> Koen tarvitsevani harjoitusta\/kertausta lains\u00e4\u00e4d\u00e4nt\u00f6\u00f6n liittyviss\u00e4 asioissa. <\/p>\n\n\n\n<p><strong>Keinot tavotteisiin p\u00e4\u00e4semiseksi:<\/strong> Perehdyn harjoitteluni aikana lains\u00e4\u00e4d\u00e4\u00e4nt\u00f6\u00f6n.<\/p>\n\n\n\n<p><\/p>\n\n\n\n<p><strong>OHJAUS- JA OPETUSOSAAMINEN:<\/strong><\/p>\n\n\n\n<p><strong>L\u00e4ht\u00f6taso:<\/strong> Teoriassa olemme k\u00e4yneet l\u00e4pi erilaisia potilaskontakteja sek\u00e4 koen ett\u00e4 potilasohjaukseen l\u00e4ht\u00f6tasoni on hyv\u00e4 ja osaan ohjata potilasta kunhan olen perehtynyt potilaan hoitoon ja annettaviin hoito-ohjeisiin ensin. Koen ett\u00e4 aiemmasta ty\u00f6st\u00e4ni lasten- ja nuorten psykiatrisella oppilaskodilla on hy\u00f6ty\u00e4 ohjaustilanteissa.<\/p>\n\n\n\n<p><strong>Osaamisvaje<\/strong>: Koen tarvitsevani harjoitusta erilaisissa ohjaustilanteissa, koska et voi koskaan toimia &#8221;liian hyvin&#8221; potilas tilanteissa.<\/p>\n\n\n\n<p><strong>Keinot tavoitteisiin p\u00e4\u00e4semiseksi:<\/strong> Yhdess\u00e4 ohjaajan kanssa sek\u00e4 itsen\u00e4isesti ohjaan asiakasta.<\/p>\n\n\n\n<p><\/p>\n\n\n\n<p><strong>TY\u00d6YHTEIS\u00d6OSAAMINEN:<\/strong><\/p>\n\n\n\n<p><strong>L\u00e4ht\u00f6taso: <\/strong>Osaan noudattaa harjoittelupaikkani s\u00e4\u00e4nt\u00f6j\u00e4 ja ohjeita ja perehdyn n\u00e4ihin ensimm\u00e4isin\u00e4 p\u00e4ivin\u00e4, osaan noudattaa omalta osaltani ty\u00f6vuorolistan t\u00e4ytt\u00f6\u00e4 ja blogia. Tunnistan harjoittelussa opiskelijan roolin sek\u00e4 vastuun omasta oppimisestani. Koen ett\u00e4 minulla on hyv\u00e4t vuorovaikutustaidot sek\u00e4 taitoja vertaisty\u00f6skentelyyn ja tiimi- ja verkostoty\u00f6h\u00f6n.<\/p>\n\n\n\n<p><strong>Osaamisvaje: <\/strong>Koen kaipaavani harjoitusta kuinka toimia poikkeusoloissa.<\/p>\n\n\n\n<p><strong>Keinot tavotteisiin p\u00e4\u00e4semiseksi: <\/strong>Perehdyn harjoitteluyksik\u00f6n poikkeusolojen toimintaohjeisiin.<\/p>\n\n\n\n<p><\/p>\n\n\n\n<p><strong>ASIAKASL\u00c4HT\u00d6ISYYS:<\/strong><\/p>\n\n\n\n<p><strong>L\u00e4ht\u00f6taso:<\/strong> Toimin lapsen, nuoren ja perheen yksil\u00f6llisyytt\u00e4 ja kulttuuritaustaa kunnioittaen. <\/p>\n\n\n\n<p><strong>Osaamisvaje:<\/strong> Muistuttelua mit\u00e4 kaikkea voi huomioida ottaessaan potilaan huomioon yksil\u00f6llisesti ja kulttuuritaustaa kunnioittaen.<\/p>\n\n\n\n<p><strong>Keinot tavotteisiin p\u00e4\u00e4semiseksi: <\/strong>Erilaisten potilas casejen l\u00e4pik\u00e4yminen.<\/p>\n\n\n\n<p><\/p>\n\n\n\n<p><strong>N\u00c4YTT\u00d6\u00d6NPERUSTUVA TOIMINTA JA P\u00c4\u00c4T\u00d6KSENTEKO:<\/strong><\/p>\n\n\n\n<p><strong>L\u00e4ht\u00f6taso:<\/strong> Aiemmissa harjoitteluissa olen p\u00e4\u00e4ssyt jonkin verran harjaannuttamaan omaa p\u00e4\u00e4t\u00f6ksen tekoa sek\u00e4 l\u00e4hihoitaja taustaltani koen ett\u00e4 perushoidollisesti p\u00e4\u00e4t\u00f6ksentekoni olisi hyv\u00e4\u00e4. Osaan soveltaa n\u00e4ytt\u00f6\u00f6n perustuvaa tietoa lapsen kasvusta ja kehityksest\u00e4, niihin vaikuttavista tekij\u00f6ist\u00e4, perhehoitoty\u00f6st\u00e4 ja lasten sairauksista kun laadin hoitoty\u00f6n suunnitelmaa.<\/p>\n\n\n\n<p><strong>Osaamisvaje:<\/strong> Koen ett\u00e4 l\u00e4ht\u00f6tasoni p\u00e4\u00e4t\u00f6ksen tekoon vaatii harjaantumista erilaisten lapsen sairauksien  n\u00e4k\u00f6kulmasta.<\/p>\n\n\n\n<p><strong>Keinot tavoitteisiin p\u00e4\u00e4semiseksi:<\/strong> Ohjausta enemm\u00e4n p\u00e4\u00e4t\u00f6ksentekoon lasten sairauksien hoidon mieless\u00e4.<\/p>\n\n\n\n<p><\/p>\n\n\n\n<p><strong>KLIININEN HOITOTY\u00d6:<\/strong><\/p>\n\n\n\n<p><strong>L\u00e4ht\u00f6taso:<\/strong> Tunnistan lapsen\/nuoren perustarpeita ja osaan suunnitella ja toteuttaa perushoitoa. Osaan tarkkailla ja arvioida lapsen\/nuoren vitaalielintoimintoja<\/p>\n\n\n\n<p><strong>Osaamisvaje:<\/strong> Koen tarvitsevani harjoitusta harjoittelu yksik\u00f6n hoitoty\u00f6ntoimintoihin liittyen jotta pystyn osin itsen\u00e4isesti niit\u00e4 toteuttamaan.<\/p>\n\n\n\n<p><strong>Keinot tavotteisiin p\u00e4\u00e4semiseksi: <\/strong>Ohjausta harjoitteluyksik\u00f6n hoitoty\u00f6n toimintoihin.<\/p>\n","protected":false},"excerpt":{"rendered":"<p>Opintojakson suoritettuaan opiskelija osaa: -soveltaa lasten oikeuksia, lasten ja nuorten hoitoty\u00f6h\u00f6n liittyvi\u00e4 eettisi\u00e4 ohjeita ja lains\u00e4\u00e4d\u00e4nt\u00f6\u00e4 sek\u00e4-ty\u00f6skennell\u00e4 ottaen huomioon lapsil\u00e4ht\u00f6isyyden ja kulttuurisuuden hoitoty\u00f6ss\u00e4-soveltaa n\u00e4ytt\u00f6\u00f6n perustuvaa tietoa lasten ja nuorten kasvusta ja kehityksest\u00e4, niihin vaikuttavista tekij\u00f6ist\u00e4, perhehoitoty\u00f6st\u00e4 ja lasten sairauksista-analysoida lasten&#8230; <a class=\"more-link\" href=\"https:\/\/blogi.savonia.fi\/emiliavesterinen\/harjoittelut\/4-harjoittelu-lasten-nuorten-ja-perheiden-hoitotyo\/lahtotaso-ja-tavoitteet\/\">Continue Reading &rarr;<\/a><\/p>\n","protected":false},"author":10559,"featured_media":0,"parent":111,"menu_order":1,"comment_status":"open","ping_status":"closed","template":"","meta":{"footnotes":""},"class_list":["post-113","page","type-page","status-publish","hentry"],"_links":{"self":[{"href":"https:\/\/blogi.savonia.fi\/emiliavesterinen\/wp-json\/wp\/v2\/pages\/113","targetHints":{"allow":["GET"]}}],"collection":[{"href":"https:\/\/blogi.savonia.fi\/emiliavesterinen\/wp-json\/wp\/v2\/pages"}],"about":[{"href":"https:\/\/blogi.savonia.fi\/emiliavesterinen\/wp-json\/wp\/v2\/types\/page"}],"author":[{"embeddable":true,"href":"https:\/\/blogi.savonia.fi\/emiliavesterinen\/wp-json\/wp\/v2\/users\/10559"}],"replies":[{"embeddable":true,"href":"https:\/\/blogi.savonia.fi\/emiliavesterinen\/wp-json\/wp\/v2\/comments?post=113"}],"version-history":[{"count":3,"href":"https:\/\/blogi.savonia.fi\/emiliavesterinen\/wp-json\/wp\/v2\/pages\/113\/revisions"}],"predecessor-version":[{"id":126,"href":"https:\/\/blogi.savonia.fi\/emiliavesterinen\/wp-json\/wp\/v2\/pages\/113\/revisions\/126"}],"up":[{"embeddable":true,"href":"https:\/\/blogi.savonia.fi\/emiliavesterinen\/wp-json\/wp\/v2\/pages\/111"}],"wp:attachment":[{"href":"https:\/\/blogi.savonia.fi\/emiliavesterinen\/wp-json\/wp\/v2\/media?parent=113"}],"curies":[{"name":"wp","href":"https:\/\/api.w.org\/{rel}","templated":true}]}}