{"id":116,"date":"2024-09-29T20:37:53","date_gmt":"2024-09-29T17:37:53","guid":{"rendered":"https:\/\/blogi.savonia.fi\/emiliavesterinen\/?page_id=116"},"modified":"2024-11-10T12:54:04","modified_gmt":"2024-11-10T10:54:04","slug":"oppimisen-reflektointi","status":"publish","type":"page","link":"https:\/\/blogi.savonia.fi\/emiliavesterinen\/harjoittelut\/4-harjoittelu-lasten-nuorten-ja-perheiden-hoitotyo\/oppimisen-reflektointi\/","title":{"rendered":"OPPIMISEN REFLEKTOINTI"},"content":{"rendered":"\n<p><strong>ENSIMM\u00c4INEN VIIKKO:<\/strong><\/p>\n\n\n\n<p>Ensimm\u00e4inen viikko l\u00e4hti melko vauhdikkaasti liikkeelle, paljon uuden ymp\u00e4rist\u00f6n tutkiskelua. Maanantaina meille kaikille opiskelijoille pidettiin yhteinen &#8221;perhedytysinfo&#8221; jossa saimme kattavan kuvan osaston toiminnasta. Tiistaina p\u00e4\u00e4sin heti ty\u00f6ntouhuun yhdess\u00e4 ohjaajan kanssa. Ensimm\u00e4isen viikon aikana tutustuin konkreettisesti tiloihin, potilastapauksiin, ty\u00f6yhteis\u00f6\u00f6n sek\u00e4 osastontoimintapapoihin. Mieleen ensimm\u00e4iselt\u00e4 viikolta erityisesti j\u00e4iv\u00e4t farmaseutin mukana vietetty p\u00e4iv\u00e4 jossa sain keskitty\u00e4 l\u00e4\u00e4kelaskuihin ja n\u00e4iden kautta konkreettisesti steriiliss\u00e4 kaapissa erilaisten antiibioottien laimennoksiin, johon tarvitsinkin harjoitusta! Toisena mieleen j\u00e4i kun p\u00e4\u00e4sin avustamaan pediatria likvorn\u00e4ytteen otossa, k\u00e4vimme tuon p\u00e4iv\u00e4n ohjaajan kanssa l\u00e4pi likvorn\u00e4ytteen ottoa ennen varsinaista H-hetke\u00e4 ja h\u00e4n ohjeisti minua my\u00f6s salissa H-hetkell\u00e4. Nyt konkreettisesti tied\u00e4n mik\u00e4 sairaanhoitajan rooli tuollaisessa tilanteessa on ja mit\u00e4 kaikkea likvorn\u00e4ytteen ottamiseen tarvitaan. <\/p>\n\n\n\n<p>Kuvailisin ensimm\u00e4ist\u00e4 viikkoa eritt\u00e4in monipuoliseksi ja opettavaiseksi!<\/p>\n\n\n\n<p>Tavoitteet toiselle viikolle on lis\u00e4\u00e4 l\u00e4\u00e4kehoidon harjoittelua sek\u00e4 erilaisten lastensairauksien opettelua k\u00e4yt\u00e4nn\u00f6n ty\u00f6ss\u00e4 (oireet, hoito, vanhemman huomiointi, tutkimukset, l\u00e4\u00e4kitys).<\/p>\n\n\n\n<p><strong>TOINEN VIIKKO:<\/strong><\/p>\n\n\n\n<p>Toisella viikolla olen jatkanut ymp\u00e4rist\u00f6n tutkimista rauhassa. Ensimm\u00e4isell\u00e4 viikolla asettamani tavoitteet toiselle viikolle ovat t\u00e4yttyneet. Osastolla ollut hieman hiljaisempaa niin olen rauhassa opiskellut terveysporttia hyv\u00e4ksi k\u00e4ytt\u00e4en lastensairauksia ja tehnyt niist\u00e4 itsen\u00e4isesti muistiinpanoja. Olen my\u00f6s valvotusti toteuttanut lis\u00e4\u00e4 l\u00e4\u00e4kehoitoa yhdess\u00e4 ohjaajan kanssa. Olenvalinnut oman potilaan ja toteuttanut h\u00e4nen hoitoaan itsen\u00e4isesti, toki aina kaikista havannoistani ohjaajalle raportoiden. Koen ett\u00e4 t\u00e4ll\u00e4 toisella viikolla olen p\u00e4\u00e4ssyt ja saanut varmuutta toimia enemm\u00e4n itsen\u00e4isesti.<\/p>\n\n\n\n<p><strong>NELJ\u00c4S VIIKKO:<\/strong><\/p>\n\n\n\n<p>Nelj\u00e4nnell\u00e4 viikolla meill\u00e4 oli toinen moduuliviikko, jossa koen ett\u00e4 saimme ty\u00f6parini kanssa toteuttaa hyvin monenlaisia ty\u00f6teht\u00e4vi\u00e4. Saimme itsen\u00e4isesti hoitaa potilaita kokonaisvaltaisesti pois lukien l\u00e4\u00e4kehoito. Saimme positiivista palautetta lapsentasolle heitt\u00e4ytymisest\u00e4 esim. hoitotilanteissa kun potilasta j\u00e4nnitti sek\u00e4 siit\u00e4 kuinka kohtasimme perheet. Osallistuin perjantaina nallesairaalaan joka j\u00e4rjestettiin yhteisty\u00f6ss\u00e4 inkil\u00e4nm\u00e4en p\u00e4iv\u00e4kodin kanssa. P\u00e4iv\u00e4ss\u00e4 mukana olivat sairaanhoitaja opiskelijat, r\u00f6ntgenhoitaja opiskelijat, bioanalyytikko opiskelijat, l\u00e4\u00e4k\u00e4ri opiskelijat, suuhygienisti sek\u00e4 hammasl\u00e4\u00e4k\u00e4ri opiskelijat sek\u00e4 fysioterapeutti opiskelijat. P\u00e4iv\u00e4n tarkoituksena oli leikin kautta v\u00e4hent\u00e4\u00e4 lapsipotilaiden sairaalapelkoa. Lapsipotilaat toivat nallesairaalaan heille kaikista t\u00e4rkeimm\u00e4t ja rakkaimmat unilelut, joita tutkittiin aivan kuin mit\u00e4 tahansa muitakin potilaita. Meill\u00e4 sairaanhoitaja opiskelijoilla oli 2 erilaista pistett\u00e4, toisessa mittasimme leluilta painoa, pituutta, p\u00e4\u00e4nymp\u00e4ryst\u00e4 sek\u00e4 haastattelimme hoidon tarpeen syyt\u00e4. Toisessa pisteess\u00e4 teimme leluille toimenpiteen tarvitsemalla tavalla kuten esim. kipsaus, rokotus jne.. P\u00e4iv\u00e4 oli hyvin antoisa. Lapsista aidon ilon n\u00e4keminen sek\u00e4 j\u00e4nnityksen purkautuminen tilanteissa olivat mahtava huomata. Luulen ett\u00e4 t\u00e4ll\u00e4isell\u00e4 p\u00e4iv\u00e4ll\u00e4 on suurimerkitys lapselle sairaalassa ollessa ja n\u00e4it\u00e4 tempauksia t\u00e4ytyisi olla enemm\u00e4n jotta saavutettaisiin mahdollisimman monen lapsipotilaan pelkojen lievent\u00e4mist\u00e4.<\/p>\n\n\n\n<p><a href=\"https:\/\/www.terveyskyla.fi\/lastentalo\/perheille-ja-kasvattajille\/miten-valmistaa-lasta-ja-nuorta-sairaalahoitoon\/leikin-merkitys\">Leikin merkitys lapselle sairastaessa ja sairaalassa ollessa<\/a><\/p>\n\n\n\n<p>Viimeiseen viikkoon l\u00e4hden innolla vaikka v\u00e4symys 9 vkon harkkaputken j\u00e4lkeen alkaa ollakkin jo melkoinen, niin luulen ett\u00e4 viimeisell\u00e4 viikolla on minulle viel\u00e4 paljon annettavaa.<\/p>\n\n\n\n<p><\/p>\n","protected":false},"excerpt":{"rendered":"<p>ENSIMM\u00c4INEN VIIKKO: Ensimm\u00e4inen viikko l\u00e4hti melko vauhdikkaasti liikkeelle, paljon uuden ymp\u00e4rist\u00f6n tutkiskelua. Maanantaina meille kaikille opiskelijoille pidettiin yhteinen &#8221;perhedytysinfo&#8221; jossa saimme kattavan kuvan osaston toiminnasta. Tiistaina p\u00e4\u00e4sin heti ty\u00f6ntouhuun yhdess\u00e4 ohjaajan kanssa. Ensimm\u00e4isen viikon aikana tutustuin konkreettisesti tiloihin, potilastapauksiin, ty\u00f6yhteis\u00f6\u00f6n&#8230; <a class=\"more-link\" href=\"https:\/\/blogi.savonia.fi\/emiliavesterinen\/harjoittelut\/4-harjoittelu-lasten-nuorten-ja-perheiden-hoitotyo\/oppimisen-reflektointi\/\">Continue Reading &rarr;<\/a><\/p>\n","protected":false},"author":10559,"featured_media":0,"parent":111,"menu_order":2,"comment_status":"open","ping_status":"closed","template":"","meta":{"footnotes":""},"class_list":["post-116","page","type-page","status-publish","hentry"],"_links":{"self":[{"href":"https:\/\/blogi.savonia.fi\/emiliavesterinen\/wp-json\/wp\/v2\/pages\/116","targetHints":{"allow":["GET"]}}],"collection":[{"href":"https:\/\/blogi.savonia.fi\/emiliavesterinen\/wp-json\/wp\/v2\/pages"}],"about":[{"href":"https:\/\/blogi.savonia.fi\/emiliavesterinen\/wp-json\/wp\/v2\/types\/page"}],"author":[{"embeddable":true,"href":"https:\/\/blogi.savonia.fi\/emiliavesterinen\/wp-json\/wp\/v2\/users\/10559"}],"replies":[{"embeddable":true,"href":"https:\/\/blogi.savonia.fi\/emiliavesterinen\/wp-json\/wp\/v2\/comments?post=116"}],"version-history":[{"count":5,"href":"https:\/\/blogi.savonia.fi\/emiliavesterinen\/wp-json\/wp\/v2\/pages\/116\/revisions"}],"predecessor-version":[{"id":142,"href":"https:\/\/blogi.savonia.fi\/emiliavesterinen\/wp-json\/wp\/v2\/pages\/116\/revisions\/142"}],"up":[{"embeddable":true,"href":"https:\/\/blogi.savonia.fi\/emiliavesterinen\/wp-json\/wp\/v2\/pages\/111"}],"wp:attachment":[{"href":"https:\/\/blogi.savonia.fi\/emiliavesterinen\/wp-json\/wp\/v2\/media?parent=116"}],"curies":[{"name":"wp","href":"https:\/\/api.w.org\/{rel}","templated":true}]}}