{"id":120,"date":"2024-09-29T20:39:04","date_gmt":"2024-09-29T17:39:04","guid":{"rendered":"https:\/\/blogi.savonia.fi\/emiliavesterinen\/?page_id=120"},"modified":"2024-11-12T14:03:09","modified_gmt":"2024-11-12T12:03:09","slug":"loppuarviointi","status":"publish","type":"page","link":"https:\/\/blogi.savonia.fi\/emiliavesterinen\/harjoittelut\/4-harjoittelu-lasten-nuorten-ja-perheiden-hoitotyo\/loppuarviointi\/","title":{"rendered":"LOPPUARVIOINTI"},"content":{"rendered":"\n<p><strong>OPPIMISENTAIDOT<\/strong><\/p>\n\n\n\n<p>Olen arvioinut ja kehitt\u00e4nyt lasten ja nuorten hoitoty\u00f6n osaamistani harjoitteluni aikana. Opin parhaiten ensin itse vierest\u00e4 katsomalla ja sen j\u00e4lkeen rauhallisesti itse tekem\u00e4ll\u00e4 ja kertaamalla useaan otteeseen jo tehty\u00e4. Moduuli oli minulle uudenlainen oppimiskokemus, mutta mielest\u00e4ni opin moduuli viikkojen aikana parhaiten kun sai itse tehd\u00e4 mahdollisimman paljon.<\/p>\n\n\n\n<p><strong>EETTINEN OSAAMINEN<\/strong><\/p>\n\n\n\n<p>Osaan soveltaa lasten oikeuksia, lasten ja nuorten hoitoty\u00f6h\u00f6n liittyvi\u00e4 eettisi\u00e4 ohjeita ja lains\u00e4\u00e4d\u00e4nt\u00f6\u00e4. Tied\u00e4n lasten hoitoty\u00f6n periaatteet joita ovat: yksil\u00f6llisyys, perhekeiskeisyys, turvallisuus, jatkuvuus, kokonaisvaltaisuus sek\u00e4 kasvun ja kehityksen sek\u00e4 omatoimisuuden tukeminen. N\u00e4m\u00e4 periaatteet ohjasivat kaikkia ty\u00f6ntekij\u00f6it\u00e4 ty\u00f6ss\u00e4\u00e4n lastenosastolla. Minulle se korostui siin\u00e4 kuinka perheet otettiin huomioon ja ty\u00f6skentely oli niin perhekeskeist\u00e4, Oli ihana huomata tuo. Koen ett\u00e4 oma ty\u00f6skentelyni oli hyvin perhekeskeist\u00e4 ja huomioon ottavaa, otin potilaat kuin my\u00f6s perheen huomioon yksil\u00f6llisesti. Tiedostan ett\u00e4 jokainen lapsi on kohdattava yksil\u00f6llisesti, heid\u00e4n kehityksens\u00e4 ja kasvunsa on otettava huomioon hoidossa, jotta hoidolle saadaan mahdollisimman laadukas tulos. Konkreettiseksi muuttui my\u00f6s kuinka t\u00e4rke\u00e4\u00e4 lapselle on vanhemman l\u00e4sn\u00e4 olo ja osallistaminen esim. tutkimuksiin, poistaa lapsen pelkoa. On t\u00e4rke\u00e4\u00e4 my\u00f6s selitt\u00e4\u00e4 kokoajan mit\u00e4 tehd\u00e4\u00e4n jotta lapsi tiet\u00e4\u00e4 mit\u00e4 tulee tapahtumaan. L\u00e4sn\u00e4 olo on niin t\u00e4rke\u00e4 pienelle lapselle mutta my\u00f6s vanhemmalle, t\u00e4m\u00e4 lis\u00e4\u00e4 turvallisuuden tunnetta niin vanhemmissa kuin lapsissa. Tunnistan eettisi\u00e4 ristiriitatilanteita ja osaa tuoda niit\u00e4 esille rakentavalla tavalla. K\u00e4vimme yhdess\u00e4 ohjaajani kanssa lastenoikeuksiin ja lains\u00e4\u00e4d\u00e4nt\u00f6\u00f6n liittyvi\u00e4 asioita l\u00e4pi.<\/p>\n\n\n\n<p><strong>OHJAUS- JA OPETUSOSAAMINEN:<\/strong><\/p>\n\n\n\n<p>Olin mukana monissa erilaisissa potilaskontakti tilanteissa sek\u00e4 koen ett\u00e4 potilasohjaukseni l\u00e4ht\u00f6tasoni on jo hyv\u00e4 ja osaan ohjata potilasta kunhan olen perehtynyt potilaan hoitoon ja annettaviin hoito-ohjeisiin ensin. Ohjaan potilasta ja h\u00e4nen perhett\u00e4\u00e4n my\u00f6s itsen\u00e4isesti.<\/p>\n\n\n\n<p><strong>TY\u00d6YHTEIS\u00d6OSAAMINEN:<\/strong><\/p>\n\n\n\n<p>Noudatin harjoittelupaikkani s\u00e4\u00e4nt\u00f6j\u00e4 ja ohjeita ja perehdyn n\u00e4ihin ensimm\u00e4isin\u00e4 p\u00e4ivin\u00e4, osasin noudattaa omalta osaltani ty\u00f6vuorolistan t\u00e4ytt\u00f6\u00e4 ja blogia, suunnitelman mukaisesti. Tunnistin harjoittelussa opiskelijan roolin sek\u00e4 vastuun omasta oppimisestani. Koen ett\u00e4 minulla on hyv\u00e4t vuorovaikutustaidot sek\u00e4 taitoja vertaisty\u00f6skentelyyn ja tiimi- ja verkostoty\u00f6h\u00f6n.<\/p>\n\n\n\n<p><strong>ASIAKASL\u00c4HT\u00d6ISYYS:<\/strong><\/p>\n\n\n\n<p>Toimin lapsen, nuoren ja perheen yksil\u00f6llisyytt\u00e4 ja kulttuuritaustaa kunnioittaen. Kohtaan jokaisen potilaan potilaana h\u00e4nen taustoistaan huolimatta. Lasten hoitoty\u00f6nperiaatteiden mukaisesti tiedostan millaista fyysist\u00e4 ja psyykkist\u00e4 turvaa tuo perhekeskeisyys ja asiakasl\u00e4ht\u00f6inen toiminta niin lapselle kuin aikuiselle. Koen ett\u00e4 ty\u00f6skentelyni oli perhekeskeist\u00e4 ja asiakasl\u00e4ht\u00f6ist\u00e4.<\/p>\n\n\n\n<p><strong>N\u00c4YTT\u00d6\u00d6NPERUSTUVA TOIMINTA JA P\u00c4\u00c4T\u00d6KSENTEKO:<\/strong><\/p>\n\n\n\n<p>Osaan soveltaa n\u00e4ytt\u00f6\u00f6n perustuvaa tietoa lapsen kasvusta ja kehityksest\u00e4, niihin vaikuttavista tekij\u00f6ist\u00e4, perhehoitoty\u00f6st\u00e4 ja lasten sairauksista kun laadin hoitoty\u00f6n suunnitelmaa. Ohjaaja neuvoi minulle hotus- sivuston, josta l\u00f6ytyy erilaisia hoitoty\u00f6n suosituksia. Luin hoitoty\u00f6n suosituksia ohjaajan kanssa ja pohdimme sis\u00e4lt\u00f6\u00e4. Luin my\u00f6s k\u00e4yp\u00e4hoitosuosituksia harjoittelun aikana. Terveysportista etsin tietoa lasten sairauksista ja oireista jos en ollut aivan varma, sek\u00e4 kirjasin n\u00e4it\u00e4 itselleni yl\u00f6s muistiin. <\/p>\n\n\n\n<p><strong>KLIININEN HOITOTY\u00d6:<\/strong><\/p>\n\n\n\n<p>Tunnistan lapsen\/nuoren perustarpeita ja osaan suunnitella ja toteuttaa perushoitoa. Osaan tarkkailla ja arvioida lapsen\/nuoren PEWS arvoja ja reagoida n\u00e4ihin tarvittaessa, mutta tiedostan my\u00f6s sen ett\u00e4 lapsen kokonaisvaltaisesta tilasta ei aina PEWS-arvot kerro, en siis luota sokeasti vain arvoihin. Osaan suunnitella ty\u00f6j\u00e4rjestyst\u00e4 ty\u00f6vuorolle ja toteuttaa l\u00e4\u00e4k\u00e4rin antamia m\u00e4\u00e4r\u00e4yksi\u00e4\/toimia niiden mukaisesti esim. laboratorio kokeiden tilaaminen, nesterajoituksen huomioiminen, oirekuvan huomiointi, l\u00e4\u00e4kehoito. Osaan antaa potilaan seuraavalle vastuuhoitajalle kattavan raportin potilaan tilanteesta ja se on minulle luontevaa. Sain harjoitella paljon erilaista po. sek\u00e4 iv. l\u00e4\u00e4kehoitoa yhdess\u00e4 ohjaajan kanssa. Sain my\u00f6s valvotusti ottaa n\u00e4ytteit\u00e4 ja antaa l\u00e4\u00e4kett\u00e4 CVK laskimoportin kautta. P\u00e4\u00e4sin yhdeksi p\u00e4iv\u00e4ksi farmaseutin mukaan jossa sain keskitty\u00e4 steriiliss\u00e4 kaapissa antibiootin laimennoksiin ja laskuihin, t\u00e4m\u00e4 oli oppimisen kannalta erinomainen mahdollisuus. K\u00e4vimme l\u00e4pi osastolla elvytystilannetta, mist\u00e4 l\u00f6ytyy elvytys k\u00e4rry ja millainen lapsen hoitoelvytys on, olemme my\u00f6s harjoitelleet t\u00e4t\u00e4 koulussa ennen harjoitteluun tuloa. K\u00e4vimme suullisesti ohjaajan kanssa l\u00e4pi poikkeusolo tilannetta ja kuinka toimia esim. tulipalon syttyess\u00e4.<\/p>\n","protected":false},"excerpt":{"rendered":"<p>OPPIMISENTAIDOT Olen arvioinut ja kehitt\u00e4nyt lasten ja nuorten hoitoty\u00f6n osaamistani harjoitteluni aikana. Opin parhaiten ensin itse vierest\u00e4 katsomalla ja sen j\u00e4lkeen rauhallisesti itse tekem\u00e4ll\u00e4 ja kertaamalla useaan otteeseen jo tehty\u00e4. Moduuli oli minulle uudenlainen oppimiskokemus, mutta mielest\u00e4ni opin moduuli viikkojen&#8230; <a class=\"more-link\" href=\"https:\/\/blogi.savonia.fi\/emiliavesterinen\/harjoittelut\/4-harjoittelu-lasten-nuorten-ja-perheiden-hoitotyo\/loppuarviointi\/\">Continue Reading &rarr;<\/a><\/p>\n","protected":false},"author":10559,"featured_media":0,"parent":111,"menu_order":4,"comment_status":"open","ping_status":"closed","template":"","meta":{"footnotes":""},"class_list":["post-120","page","type-page","status-publish","hentry"],"_links":{"self":[{"href":"https:\/\/blogi.savonia.fi\/emiliavesterinen\/wp-json\/wp\/v2\/pages\/120","targetHints":{"allow":["GET"]}}],"collection":[{"href":"https:\/\/blogi.savonia.fi\/emiliavesterinen\/wp-json\/wp\/v2\/pages"}],"about":[{"href":"https:\/\/blogi.savonia.fi\/emiliavesterinen\/wp-json\/wp\/v2\/types\/page"}],"author":[{"embeddable":true,"href":"https:\/\/blogi.savonia.fi\/emiliavesterinen\/wp-json\/wp\/v2\/users\/10559"}],"replies":[{"embeddable":true,"href":"https:\/\/blogi.savonia.fi\/emiliavesterinen\/wp-json\/wp\/v2\/comments?post=120"}],"version-history":[{"count":8,"href":"https:\/\/blogi.savonia.fi\/emiliavesterinen\/wp-json\/wp\/v2\/pages\/120\/revisions"}],"predecessor-version":[{"id":155,"href":"https:\/\/blogi.savonia.fi\/emiliavesterinen\/wp-json\/wp\/v2\/pages\/120\/revisions\/155"}],"up":[{"embeddable":true,"href":"https:\/\/blogi.savonia.fi\/emiliavesterinen\/wp-json\/wp\/v2\/pages\/111"}],"wp:attachment":[{"href":"https:\/\/blogi.savonia.fi\/emiliavesterinen\/wp-json\/wp\/v2\/media?parent=120"}],"curies":[{"name":"wp","href":"https:\/\/api.w.org\/{rel}","templated":true}]}}