{"id":186,"date":"2024-12-11T10:52:30","date_gmt":"2024-12-11T08:52:30","guid":{"rendered":"https:\/\/blogi.savonia.fi\/emiliavesterinen\/?page_id=186"},"modified":"2024-12-11T10:52:46","modified_gmt":"2024-12-11T08:52:46","slug":"6-harjoittelu-hoitotyon-osaamisen-taydentaminen","status":"publish","type":"page","link":"https:\/\/blogi.savonia.fi\/emiliavesterinen\/harjoittelut\/6-harjoittelu-hoitotyon-osaamisen-taydentaminen\/","title":{"rendered":"6. Harjoittelu: Hoitoty\u00f6n osaamisen t\u00e4ydent\u00e4minen"},"content":{"rendered":"","protected":false},"excerpt":{"rendered":"","protected":false},"author":10559,"featured_media":0,"parent":6,"menu_order":6,"comment_status":"open","ping_status":"closed","template":"","meta":{"footnotes":""},"class_list":["post-186","page","type-page","status-publish","hentry"],"_links":{"self":[{"href":"https:\/\/blogi.savonia.fi\/emiliavesterinen\/wp-json\/wp\/v2\/pages\/186","targetHints":{"allow":["GET"]}}],"collection":[{"href":"https:\/\/blogi.savonia.fi\/emiliavesterinen\/wp-json\/wp\/v2\/pages"}],"about":[{"href":"https:\/\/blogi.savonia.fi\/emiliavesterinen\/wp-json\/wp\/v2\/types\/page"}],"author":[{"embeddable":true,"href":"https:\/\/blogi.savonia.fi\/emiliavesterinen\/wp-json\/wp\/v2\/users\/10559"}],"replies":[{"embeddable":true,"href":"https:\/\/blogi.savonia.fi\/emiliavesterinen\/wp-json\/wp\/v2\/comments?post=186"}],"version-history":[{"count":1,"href":"https:\/\/blogi.savonia.fi\/emiliavesterinen\/wp-json\/wp\/v2\/pages\/186\/revisions"}],"predecessor-version":[{"id":187,"href":"https:\/\/blogi.savonia.fi\/emiliavesterinen\/wp-json\/wp\/v2\/pages\/186\/revisions\/187"}],"up":[{"embeddable":true,"href":"https:\/\/blogi.savonia.fi\/emiliavesterinen\/wp-json\/wp\/v2\/pages\/6"}],"wp:attachment":[{"href":"https:\/\/blogi.savonia.fi\/emiliavesterinen\/wp-json\/wp\/v2\/media?parent=186"}],"curies":[{"name":"wp","href":"https:\/\/api.w.org\/{rel}","templated":true}]}}