{"id":28,"date":"2025-05-06T00:27:02","date_gmt":"2025-05-05T21:27:02","guid":{"rendered":"https:\/\/blogi.savonia.fi\/evgenyzhikharev\/?page_id=28"},"modified":"2025-09-02T09:28:35","modified_gmt":"2025-09-02T06:28:35","slug":"lahtotaso-ja-tavoitteet","status":"publish","type":"page","link":"https:\/\/blogi.savonia.fi\/evgenyzhikharev\/?page_id=28","title":{"rendered":"L\u00e4ht\u00f6taso ja tavoitteet"},"content":{"rendered":"\n<h2 class=\"wp-block-heading\"><strong>L\u00e4ht\u00f6taso<\/strong><\/h2>\n\n\n\n<p>Olen ensimm\u00e4ist\u00e4 kertaa harjoittelussa hoitoty\u00f6n opiskelijana. Minulla ei ole aiempaa kokemusta k\u00e4yt\u00e4nn\u00f6n hoitoty\u00f6st\u00e4, mutta olen motivoitunut oppimaan ja kehitt\u00e4m\u00e4\u00e4n itse\u00e4ni. Tunnen perushoidon perusteet teoriassa, mutta tarvitsen k\u00e4yt\u00e4nn\u00f6n harjoitusta esimerkiksi potilaan avustamisessa, vitaalielintoimintojen mittaamisessa ja aseptisessa ty\u00f6skentelyss\u00e4. Opin parhaiten tekem\u00e4ll\u00e4 ja toistojen kautta, ja tarvitsen ohjausta sek\u00e4 palautetta.<br>toimia hoitoty\u00f6n arvojen ja periaatteiden sek\u00e4 s\u00e4\u00e4d\u00f6sten mukaisesti.<br><\/p>\n\n\n\n<h2 class=\"wp-block-heading\"><strong>Tavoittee<\/strong>t<\/h2>\n\n\n\n<p>Harjoittelun tavoitteeni on oppia ja harjaantua perushoidossa, aseptisessa ty\u00f6skentelyss\u00e4 ja potilaan kohtaamisessa. Haluan kehitty\u00e4 k\u00e4yt\u00e4nn\u00f6n taidoissa, kuten hygieniassa, vuodepotilaan avustamisessa ja hoitov\u00e4lineiden k\u00e4yt\u00f6ss\u00e4. Tavoittelen ammatillista kasvua ja ymm\u00e4rryst\u00e4 hoitoty\u00f6n arvoista ja vastuista. Pyrin ty\u00f6skentelem\u00e4\u00e4n turvallisesti, potilasta kunnioittaen ja yhteisty\u00f6ss\u00e4 ohjaajan ja muun tiimin kanssa.<br>toimia ymm\u00e4rt\u00e4en vastuunsa rajat<\/p>\n\n\n\n<ul class=\"wp-block-list\">\n<li>dokumentoida hoitoty\u00f6t\u00e4<\/li>\n\n\n\n<li>toimia ammatillisessa vuorovaikutuksessa kunnioittaen asiakkaan\/potilaan yksil\u00f6llisyytt\u00e4 ja erilaisuutta<\/li>\n\n\n\n<li>tunnistaa asiakkaan\/potilaan perusravitsemuksen, p\u00e4ivitt\u00e4isen toimintakyvyn ja hoidon tarpeita<\/li>\n\n\n\n<li>ohjata asiakkaita\/potilaita p\u00e4ivitt\u00e4isen toimintakyvyn yll\u00e4pit\u00e4misess\u00e4 sek\u00e4 perusravitsemukseen liittyviss\u00e4 kysymyksiss\u00e4 ja toteuttaa kuntouttavaa hoitoty\u00f6t\u00e4<\/li>\n\n\n\n<li>toimia aseptisesti infektioiden torjunnan periaatteita noudattaen<\/li>\n\n\n\n<li>k\u00e4ytt\u00e4\u00e4 keskeisi\u00e4 hoitoty\u00f6n menetelmi\u00e4 ja v\u00e4lineit\u00e4<\/li>\n\n\n\n<li>tunnistaa dialogisen vuorovaikutuksen periaatteet<\/li>\n<\/ul>\n\n\n\n<div class=\"wp-block-comments\"><h2 id=\"comments\" class=\"wp-block-comments-title\">Yksi vastaus artikkeliin &#8220;L\u00e4ht\u00f6taso ja tavoitteet&#8221;<\/h2>\n\n<ol class=\"wp-block-comment-template\"><li id=\"comment-2\" class=\"comment even thread-even depth-1\">\n\n<div class=\"wp-block-columns is-layout-flex wp-container-core-columns-is-layout-9d6595d7 wp-block-columns-is-layout-flex\">\n<div class=\"wp-block-column is-layout-flow wp-block-column-is-layout-flow\" style=\"flex-basis:40px\"><div class=\"wp-block-avatar\"><img alt='Jenni Niinim\u00e4ki ohjaava opettaja avatar' src='https:\/\/secure.gravatar.com\/avatar\/a4a63b3f29a9f4562a9afe85ce4a35edcbbc66f5a45dd7654e2f37300843e0e8?s=40&#038;d=mm&#038;r=g' srcset='https:\/\/secure.gravatar.com\/avatar\/a4a63b3f29a9f4562a9afe85ce4a35edcbbc66f5a45dd7654e2f37300843e0e8?s=80&#038;d=mm&#038;r=g 2x' class='avatar avatar-40 photo wp-block-avatar__image' height='40' width='40'  style=\"border-radius:20px;\"\/><\/div><\/div>\n\n\n\n<div class=\"wp-block-column is-layout-flow wp-block-column-is-layout-flow\"><div class=\"wp-block-comment-author-name has-small-font-size\">Jenni Niinim\u00e4ki ohjaava opettaja<\/div>\n\n\n<div class=\"wp-block-group is-layout-flex wp-block-group-is-layout-flex\" style=\"margin-top:0px;margin-bottom:0px\"><div class=\"wp-block-comment-date has-small-font-size\"><time datetime=\"2025-09-03T12:10:04+03:00\"><a href=\"https:\/\/blogi.savonia.fi\/evgenyzhikharev\/?page_id=28&#038;cpage=1#comment-2\">3.9.2025<\/a><\/time><\/div>\n\n<\/div>\n\n\n<div class=\"wp-block-comment-content\"><p>Hei Evgeny,<\/p>\n<p>Alun haasteiden j\u00e4lkeen saimme avattua blogin, k\u00e4vimmekin yhdess\u00e4 jo l\u00e4pi mit\u00e4 blogista tulisi l\u00f6yty\u00e4. Arviointilomakkeen pohjalla olevat otsikot (oppimisen taidot, eettinen osaaminen, kliiniset taidot ym.) ja siihen liittyen kuvata omaa osaamista ja tavoitteita harjoittelulle. Kun harjoittelu alkaa jo parin p\u00e4iv\u00e4n p\u00e4\u00e4st\u00e4 niin sovimme, ett\u00e4 menemme t\u00e4ll\u00e4 l\u00e4ht\u00f6tasokuvauksella. <\/p>\n<p>Muista rohkeasti kysy\u00e4, jos et ymm\u00e4rt\u00e4nyt jotain asiaa, suomenkielesi on hyv\u00e4\u00e4 ja selke\u00e4\u00e4. Ohjaajan on kuitenkin hyv\u00e4 varmistaa, ett\u00e4 ymm\u00e4rsit esimerkiksi teht\u00e4v\u00e4nannon. K\u00e4dentaitoja p\u00e4\u00e4set harjoittelemaan, voit alkuun seurailla miten yksik\u00f6ss\u00e4 toimitaan ja sen j\u00e4lkeen ryhty\u00e4 itsekin toimimaan. Kaikki on sinulle uutta, niin tulet oppimaan paljon hoitoty\u00f6st\u00e4.<\/p>\n<p>Harjoittelun puoliv\u00e4liss\u00e4 noin viikolla 39 on v\u00e4liarviointi ja siin\u00e4 arvioit oman osaamisen edistymist\u00e4si sek\u00e4 mietit yhdess\u00e4 ohjaajan kanssa, millaisia tavoitteita loppuharjoitteluun on tarpeen asettaa. V\u00e4liarviointi tulee tehd\u00e4 arviointilomakkeen pohjan mukaan kuvaukset mit\u00e4 olet oppinut ja miss\u00e4 haluat viel\u00e4 kehitty\u00e4.<br \/>\nPid\u00e4mme v\u00e4liarvioinnin zoomissa, laitan erikseen aikavaihtoehtoja v\u00e4liarviointiin liittyen. Mukana olisi hyv\u00e4 olla ohjaajan my\u00f6s, mik\u00e4li ohjaaja ei p\u00e4\u00e4se, blogista tulee l\u00f6yty\u00e4 ohjaajan kommentit harjoittelun ensimm\u00e4isist\u00e4 viikoista ja kommentti onko harjoittelu edennyt hyv\u00e4ksytysti siihen saakka.<\/p>\n<p>Antoisaa tulevaa harjoittelua!<\/p>\n<p>Yst. Jenni Niinim\u00e4ki, ohjaava opettaja<br \/>\n<a href=\"mailto:jenni.niinimaki@savonia.fi\">jenni.niinimaki@savonia.fi<\/a><br \/>\n044 7855737<\/p>\n<\/div>\n\n<div class=\"wp-block-comment-reply-link has-small-font-size\"><a rel=\"nofollow\" class=\"comment-reply-link\" href=\"https:\/\/blogi.savonia.fi\/evgenyzhikharev\/?page_id=28&#038;cpage=1&#038;replytocom=2#respond\" data-commentid=\"2\" data-postid=\"28\" data-belowelement=\"comment-2\" data-respondelement=\"respond\" data-replyto=\"Vastaa kommenttiin Jenni Niinim\u00e4ki ohjaava opettaja\" aria-label=\"Vastaa kommenttiin Jenni Niinim\u00e4ki ohjaava opettaja\">Vastaa<\/a><\/div><\/div>\n<\/div>\n\n<\/li><\/ol>\n\n\n\n\t<div id=\"respond\" class=\"comment-respond wp-block-post-comments-form\">\n\t\t<h3 id=\"reply-title\" class=\"comment-reply-title\">Vastaa <small><a rel=\"nofollow\" id=\"cancel-comment-reply-link\" href=\"\/evgenyzhikharev\/index.php?rest_route=%2Fwp%2Fv2%2Fpages%2F28#respond\" style=\"display:none;\">Peruuta vastaus<\/a><\/small><\/h3><form action=\"https:\/\/blogi.savonia.fi\/evgenyzhikharev\/wp-comments-post.php\" method=\"post\" id=\"commentform\" class=\"comment-form\"><p class=\"comment-notes\"><span id=\"email-notes\">S\u00e4hk\u00f6postiosoitettasi ei julkaista.<\/span> <span class=\"required-field-message\">Pakolliset kent\u00e4t on merkitty <span class=\"required\">*<\/span><\/span><\/p><p class=\"comment-form-comment\"><label for=\"comment\">Kommentti <span class=\"required\">*<\/span><\/label> <textarea id=\"comment\" name=\"comment\" cols=\"45\" rows=\"8\" maxlength=\"65525\" required><\/textarea><\/p><p class=\"comment-form-author\"><label for=\"author\">Nimi<\/label> <input id=\"author\" name=\"author\" type=\"text\" value=\"\" size=\"30\" maxlength=\"245\" autocomplete=\"name\" \/><\/p>\n<p class=\"comment-form-email\"><label for=\"email\">S\u00e4hk\u00f6postiosoite<\/label> <input id=\"email\" name=\"email\" type=\"email\" value=\"\" size=\"30\" maxlength=\"100\" aria-describedby=\"email-notes\" autocomplete=\"email\" \/><\/p>\n<p class=\"comment-form-url\"><label for=\"url\">Verkkosivusto<\/label> <input id=\"url\" name=\"url\" type=\"url\" value=\"\" size=\"30\" maxlength=\"200\" autocomplete=\"url\" \/><\/p>\n<p class=\"comment-form-cookies-consent\"><input id=\"wp-comment-cookies-consent\" name=\"wp-comment-cookies-consent\" type=\"checkbox\" value=\"yes\" \/> <label for=\"wp-comment-cookies-consent\">Tallenna nimeni, s\u00e4hk\u00f6postiosoitteeni ja sivustoni t\u00e4h\u00e4n selaimeen seuraavaa kommentointikertaa varten.<\/label><\/p>\n<p class=\"form-submit\"><p class=\"be-mu-captcha-comment-image-p\"><label>Security Image:<\/label> <img decoding=\"async\" class=\"be-mu-captcha-image\" src=\"https:\/\/blogi.savonia.fi\/evgenyzhikharev\/wp-content\/uploads\/sites\/14636\/be_mu_captcha\/42vspenlhgy5hjcuc9od4ptz9ao4t327z253fqaf.png\" \/> <input name=\"be-mu-captcha-request\" type=\"hidden\" value=\"42vspenlhgy5hjcuc9od4ptz9ao4t327z253fqaf\" \/><\/p><p class=\"be-mu-captcha-comment-answer-p\"><label for=\"be-mu-captcha-answer\">Security Text:<\/label> <input id=\"be-mu-captcha-answer\" autocomplete=\"off\" name=\"be-mu-captcha-answer\" size=\"9\" type=\"text\" \/><\/p><input name=\"submit\" type=\"submit\" id=\"submit\" class=\"submit\" value=\"L\u00e4het\u00e4 kommentti\" \/> <input type='hidden' name='comment_post_ID' value='28' id='comment_post_ID' \/>\n<input type='hidden' name='comment_parent' id='comment_parent' value='0' \/>\n<\/p><\/form>\t<\/div><!-- #respond -->\n\t<\/div>\n","protected":false},"excerpt":{"rendered":"<p>L\u00e4ht\u00f6taso Olen ensimm\u00e4ist\u00e4 kertaa harjoittelussa hoitoty\u00f6n opiskelijana. Minulla ei ole aiempaa kokemusta k\u00e4yt\u00e4nn\u00f6n hoitoty\u00f6st\u00e4, mutta olen motivoitunut oppimaan ja kehitt\u00e4m\u00e4\u00e4n itse\u00e4ni. Tunnen perushoidon perusteet teoriassa, mutta tarvitsen k\u00e4yt\u00e4nn\u00f6n harjoitusta esimerkiksi potilaan avustamisessa, vitaalielintoimintojen mittaamisessa ja aseptisessa ty\u00f6skentelyss\u00e4. Opin parhaiten tekem\u00e4ll\u00e4 ja toistojen kautta, ja tarvitsen ohjausta sek\u00e4 palautetta.toimia hoitoty\u00f6n arvojen ja periaatteiden sek\u00e4 s\u00e4\u00e4d\u00f6sten mukaisesti. &hellip; <a href=\"https:\/\/blogi.savonia.fi\/evgenyzhikharev\/?page_id=28\" class=\"more-link\">Jatka lukemista <span class=\"screen-reader-text\">L\u00e4ht\u00f6taso ja tavoitteet<\/span> <span class=\"meta-nav\">&rarr;<\/span><\/a><\/p>\n","protected":false},"author":12504,"featured_media":0,"parent":26,"menu_order":1,"comment_status":"open","ping_status":"closed","template":"","meta":{"footnotes":""},"class_list":["post-28","page","type-page","status-publish","hentry"],"_links":{"self":[{"href":"https:\/\/blogi.savonia.fi\/evgenyzhikharev\/index.php?rest_route=\/wp\/v2\/pages\/28","targetHints":{"allow":["GET"]}}],"collection":[{"href":"https:\/\/blogi.savonia.fi\/evgenyzhikharev\/index.php?rest_route=\/wp\/v2\/pages"}],"about":[{"href":"https:\/\/blogi.savonia.fi\/evgenyzhikharev\/index.php?rest_route=\/wp\/v2\/types\/page"}],"author":[{"embeddable":true,"href":"https:\/\/blogi.savonia.fi\/evgenyzhikharev\/index.php?rest_route=\/wp\/v2\/users\/12504"}],"replies":[{"embeddable":true,"href":"https:\/\/blogi.savonia.fi\/evgenyzhikharev\/index.php?rest_route=%2Fwp%2Fv2%2Fcomments&post=28"}],"version-history":[{"count":6,"href":"https:\/\/blogi.savonia.fi\/evgenyzhikharev\/index.php?rest_route=\/wp\/v2\/pages\/28\/revisions"}],"predecessor-version":[{"id":50,"href":"https:\/\/blogi.savonia.fi\/evgenyzhikharev\/index.php?rest_route=\/wp\/v2\/pages\/28\/revisions\/50"}],"up":[{"embeddable":true,"href":"https:\/\/blogi.savonia.fi\/evgenyzhikharev\/index.php?rest_route=\/wp\/v2\/pages\/26"}],"wp:attachment":[{"href":"https:\/\/blogi.savonia.fi\/evgenyzhikharev\/index.php?rest_route=%2Fwp%2Fv2%2Fmedia&parent=28"}],"curies":[{"name":"wp","href":"https:\/\/api.w.org\/{rel}","templated":true}]}}