{"id":34,"date":"2025-05-06T00:31:11","date_gmt":"2025-05-05T21:31:11","guid":{"rendered":"https:\/\/blogi.savonia.fi\/evgenyzhikharev\/?page_id=34"},"modified":"2025-10-02T13:00:12","modified_gmt":"2025-10-02T10:00:12","slug":"loppuarviointi","status":"publish","type":"page","link":"https:\/\/blogi.savonia.fi\/evgenyzhikharev\/?page_id=34","title":{"rendered":"Loppuarviointi"},"content":{"rendered":"\n<h3 class=\"wp-block-heading\"><strong>Oppimisen taidot<\/strong><\/h3>\n\n\n\n<p>Harjoitteluni aikana olen suunnitellut ty\u00f6p\u00e4ivi\u00e4ni ja asettanut tavoitteita, joita kohti olen ty\u00f6skennellyt. Olen aktiivisesti kysynyt ohjaajilta neuvoja, jos en ole ollut varma jostain tilanteesta. Tunnistan omat vahvuuteni, kuten rauhallisuuden ja halun auttaa, sek\u00e4 kehitt\u00e4miskohteeni, esimerkiksi kirjallisen raportoinnin sujuvuuden. Olen saanut paljon palautetta ohjaajiltani ja osannut my\u00f6s pyyt\u00e4\u00e4 sit\u00e4. Palaute on rohkaissut minua toimimaan itsevarmemmin arjen tilanteissa. Opin parhaiten tekem\u00e4ll\u00e4 ja osallistumalla aktiivisesti hoitotilanteisiin, ja koenkin, ett\u00e4 oppimiseni on edennyt harjoittelun aikana suunnitellusti.<\/p>\n\n\n\n<h3 class=\"wp-block-heading\"><strong>Eettinen osaaminen ja ammatillisuus<\/strong><\/h3>\n\n\n\n<p>Olen toiminut hoitoty\u00f6n arvojen ja periaatteiden mukaisesti ja kohdannut asukkaat yksil\u00f6llisesti ja kunnioittavasti. Ymm\u00e4rr\u00e4n, ett\u00e4 kehitysvammaisten kanssa ty\u00f6skentelyss\u00e4 korostuu rauhallinen vuorovaikutus, k\u00e4rsiv\u00e4llisyys ja turvallisuuden tunne. Olen pit\u00e4nyt huolta salassapitos\u00e4\u00e4nn\u00f6ist\u00e4 ja huomioinut, ett\u00e4 asukkaan yksityisyys ja itsem\u00e4\u00e4r\u00e4\u00e4misoikeus s\u00e4ilyv\u00e4t. Olen pyrkinyt olemaan ammatillinen kaikissa tilanteissa ja huomannut, ett\u00e4 oma positiivinen asenteeni vaikuttaa my\u00f6s asukkaisiin.<\/p>\n\n\n\n<h3 class=\"wp-block-heading\"><strong>Kliininen osaaminen<\/strong><\/h3>\n\n\n\n<p>Harjoittelun aikana olen harjoitellut perushoitoa, kuten pesuja, vaipanvaihtoja, ihonhoitoa ja pukeutumisen avustamista. Olen osallistunut ruokailutilanteisiin ja kiinnitt\u00e4nyt huomiota asukkaan ruokailukykyyn, sek\u00e4 tarvittaessa kirjannut asioita potilastietoj\u00e4rjestelm\u00e4\u00e4n. Olen harjoitellut my\u00f6s l\u00e4\u00e4kehoitoa ohjaajani valvonnassa ja oppinut l\u00e4\u00e4kkeiden jaottelun ja antamisen k\u00e4yt\u00e4nt\u00f6j\u00e4. Lis\u00e4ksi olen oppinut havainnoimaan asukkaan vointia, esimerkiksi ihon kuntoa, mielialaa ja vireystasoa. Osaan toimia aseptisesti ja noudattaa hygieniak\u00e4yt\u00e4nt\u00f6j\u00e4.<\/p>\n\n\n\n<h3 class=\"wp-block-heading\"><strong>Ohjaus- ja opetusosaaminen<\/strong><\/h3>\n\n\n\n<p>Olen saanut harjoitella ohjaamista erilaisissa arjen tilanteissa, esimerkiksi ruokailun ja viriketoiminnan yhteydess\u00e4. Olen ohjannut asukkaita kannustavasti heid\u00e4n toimintakyky\u00e4\u00e4n tukien ja rohkaissut heit\u00e4 osallistumaan. Olen huomannut, ett\u00e4 pienetkin kannustuksen sanat ja selke\u00e4 ohjeistus auttavat asukasta onnistumaan. My\u00f6s nonverbaalinen viestint\u00e4 on ollut t\u00e4rke\u00e4\u00e4, sill\u00e4 kaikki asukkaat eiv\u00e4t ilmaise itse\u00e4\u00e4n sanallisesti.<\/p>\n\n\n\n<h3 class=\"wp-block-heading\"><strong>Sosiaali- ja terveyspalvelujen laatu ja turvallisuus<\/strong><\/h3>\n\n\n\n<p>Harjoittelun aikana olen oppinut huomioimaan potilas- ja asiakasturvallisuuden esimerkiksi l\u00e4\u00e4kehoidossa, asukkaiden siirtotilanteissa sek\u00e4 hygieniassa. Olen huomannut, ett\u00e4 turvallisuuteen vaikuttavat my\u00f6s ty\u00f6yhteis\u00f6n hyv\u00e4 viestint\u00e4 ja se, ett\u00e4 kaikki noudattavat samoja ohjeita. Olen harjoitellut kirjaamista Pegasos-j\u00e4rjestelm\u00e4\u00e4n ja ymm\u00e4rr\u00e4n sen merkityksen hoidon jatkuvuuden kannalta. Ty\u00f6skentelyss\u00e4ni olen huomioinut ergonomian, mutta tiedostan, ett\u00e4 sen kehitt\u00e4misess\u00e4 on viel\u00e4 harjoiteltavaa.<\/p>\n\n\n\n<h3 class=\"wp-block-heading\"><strong>Ty\u00f6yhteis\u00f6osaaminen<\/strong><\/h3>\n\n\n\n<p>Olen noudattanut yksik\u00f6n s\u00e4\u00e4nt\u00f6j\u00e4 ja toimintaohjeita. Olen kokenut olevani osa ty\u00f6yhteis\u00f6\u00e4 ja saanut tehd\u00e4 yhteisty\u00f6t\u00e4 hoitajien, ohjaajien ja muiden ty\u00f6ntekij\u00f6iden kanssa. Olen huomannut moniammatillisen yhteisty\u00f6n t\u00e4rkeyden esimerkiksi silloin, kun fysioterapeutti ohjasi asukkaan liikkeit\u00e4 tai kun l\u00e4\u00e4k\u00e4rin ohjeita toteutettiin yhdess\u00e4 hoitajien kanssa. Opiskelijan roolini on ollut selke\u00e4, ja olen saanut riitt\u00e4v\u00e4sti ohjausta sek\u00e4 tilaa harjoitella. Koen, ett\u00e4 olen sopeutunut ty\u00f6yhteis\u00f6\u00f6n hyvin ja pystynyt ty\u00f6skentelem\u00e4\u00e4n tiimiss\u00e4 rakentavasti.<\/p>\n\n\n\n<div class=\"wp-block-comments\"><h2 id=\"comments\" class=\"wp-block-comments-title\">2 vastausta artikkeliin &#8220;Loppuarviointi&#8221;<\/h2>\n\n<ol class=\"wp-block-comment-template\"><li id=\"comment-5\" class=\"comment even thread-even depth-1\">\n\n<div class=\"wp-block-columns is-layout-flex wp-container-core-columns-is-layout-9d6595d7 wp-block-columns-is-layout-flex\">\n<div class=\"wp-block-column is-layout-flow wp-block-column-is-layout-flow\" style=\"flex-basis:40px\"><div class=\"wp-block-avatar\"><img alt='Henna avatar' src='https:\/\/secure.gravatar.com\/avatar\/3e6524b712e6fa20164292705b001c7b8c06dea1a8ebe6272f452e047c7fbf48?s=40&#038;d=mm&#038;r=g' srcset='https:\/\/secure.gravatar.com\/avatar\/3e6524b712e6fa20164292705b001c7b8c06dea1a8ebe6272f452e047c7fbf48?s=80&#038;d=mm&#038;r=g 2x' class='avatar avatar-40 photo wp-block-avatar__image' height='40' width='40'  style=\"border-radius:20px;\"\/><\/div><\/div>\n\n\n\n<div class=\"wp-block-column is-layout-flow wp-block-column-is-layout-flow\"><div class=\"wp-block-comment-author-name has-small-font-size\">Henna<\/div>\n\n\n<div class=\"wp-block-group is-layout-flex wp-block-group-is-layout-flex\" style=\"margin-top:0px;margin-bottom:0px\"><div class=\"wp-block-comment-date has-small-font-size\"><time datetime=\"2025-10-04T11:35:29+03:00\"><a href=\"https:\/\/blogi.savonia.fi\/evgenyzhikharev\/?page_id=34&#038;cpage=1#comment-5\">4.10.2025<\/a><\/time><\/div>\n\n<\/div>\n\n\n<div class=\"wp-block-comment-content\"><p>Harjoittelu on hyv\u00e4ksytty. Opiskelija ollut koko harjoittelun ajan itse aktiivinen, motivoitunut ja kiinnostunut oppimaan. Opiskelija tullut osaksi ty\u00f6yhteis\u00f6\u00e4, oppinut erilaisia ty\u00f6skentely ja toimintatapoja kuitenkin miettinyt omaa tapaansa tehd\u00e4 asiota. Osallistunut harjoittelun aikana perushoitoon, l\u00e4\u00e4kehoitoon, p\u00e4iv\u00e4toimintaan, palvelusuunnitelman tekoon, retkip\u00e4iv\u00e4\u00e4n ja fyioterapiaan sek\u00e4 p\u00e4\u00e4see viel\u00e4 kokeilemaan y\u00f6vuoroa. Opiskelijalla  kova motivaatio kehitt\u00e4\u00e4 itse\u00e4\u00e4n ja ammattitaitoaan. Opiskelijalla rauhallinen ty\u00f6ote ja taito kohdata ihmisi\u00e4 sek\u00e4 on kaikissa tilanteissa asukkaiden kanssa l\u00e4sn\u00e4.<\/p>\n<\/div>\n\n<div class=\"wp-block-comment-reply-link has-small-font-size\"><a rel=\"nofollow\" class=\"comment-reply-link\" href=\"https:\/\/blogi.savonia.fi\/evgenyzhikharev\/?page_id=34&#038;cpage=1&#038;replytocom=5#respond\" data-commentid=\"5\" data-postid=\"34\" data-belowelement=\"comment-5\" data-respondelement=\"respond\" data-replyto=\"Vastaa kommenttiin Henna\" aria-label=\"Vastaa kommenttiin Henna\">Vastaa<\/a><\/div><\/div>\n<\/div>\n\n<\/li><li id=\"comment-6\" class=\"comment odd alt thread-odd thread-alt depth-1\">\n\n<div class=\"wp-block-columns is-layout-flex wp-container-core-columns-is-layout-9d6595d7 wp-block-columns-is-layout-flex\">\n<div class=\"wp-block-column is-layout-flow wp-block-column-is-layout-flow\" style=\"flex-basis:40px\"><div class=\"wp-block-avatar\"><img alt='Jenni Niinim\u00e4ki avatar' src='https:\/\/secure.gravatar.com\/avatar\/a4a63b3f29a9f4562a9afe85ce4a35edcbbc66f5a45dd7654e2f37300843e0e8?s=40&#038;d=mm&#038;r=g' srcset='https:\/\/secure.gravatar.com\/avatar\/a4a63b3f29a9f4562a9afe85ce4a35edcbbc66f5a45dd7654e2f37300843e0e8?s=80&#038;d=mm&#038;r=g 2x' class='avatar avatar-40 photo wp-block-avatar__image' height='40' width='40'  style=\"border-radius:20px;\"\/><\/div><\/div>\n\n\n\n<div class=\"wp-block-column is-layout-flow wp-block-column-is-layout-flow\"><div class=\"wp-block-comment-author-name has-small-font-size\">Jenni Niinim\u00e4ki<\/div>\n\n\n<div class=\"wp-block-group is-layout-flex wp-block-group-is-layout-flex\" style=\"margin-top:0px;margin-bottom:0px\"><div class=\"wp-block-comment-date has-small-font-size\"><time datetime=\"2025-10-27T18:39:39+02:00\"><a href=\"https:\/\/blogi.savonia.fi\/evgenyzhikharev\/?page_id=34&#038;cpage=1#comment-6\">27.10.2025<\/a><\/time><\/div>\n\n<\/div>\n\n\n<div class=\"wp-block-comment-content\"><p>Hei,<\/p>\n<p>Olet osoittanut harjoittelun aikana vahvaa motivaatiota ja aktiivista otetta oppimiseen. Itsearviointisi on hyvin reflektoiva ja osoittaa kyky\u00e4 tunnistaa omia vahvuuksia ja kehitt\u00e4miskohteita. Olet toiminut eettisesti ja ammatillisesti, kohdannut asukkaat kunnioittavasti ja ollut aidosti l\u00e4sn\u00e4 hoitotilanteissa.<\/p>\n<p>Kliinisen osaamisen osalta olet saanut monipuolisesti kokemusta perushoidosta, l\u00e4\u00e4kehoidosta ja potilasturvallisuudesta. On hienoa, ett\u00e4 olet oppinut paljon l\u00e4\u00e4kehoidosta ja aseptisista toimintatavoista. Ohjaus- ja vuorovaikutustaitosi ovat kehittyneet, ja olet osannut tukea asukkaiden toimintakyky\u00e4 yksil\u00f6llisesti. Ohjaajalta olet saanut hyv\u00e4n palautteen.<\/p>\n<p>Olet sopeutunut hyvin ty\u00f6yhteis\u00f6\u00f6n, osallistunut aktiivisesti sen toimintaan ja saanut kiitosta rauhallisesta ja ihmisl\u00e4heisest\u00e4 ty\u00f6otteestasi. Harjoittelusi on ollut onnistunut ja tukee vahvasti ammatillista kasvuasi \u2013 jatka samaan malliin tulevissa harjoitteluissa!<\/p>\n<p>Harjoittelusi on hyv\u00e4ksytty!<\/p>\n<p>Yst.Jenni<\/p>\n<\/div>\n\n<div class=\"wp-block-comment-reply-link has-small-font-size\"><a rel=\"nofollow\" class=\"comment-reply-link\" href=\"https:\/\/blogi.savonia.fi\/evgenyzhikharev\/?page_id=34&#038;cpage=1&#038;replytocom=6#respond\" data-commentid=\"6\" data-postid=\"34\" data-belowelement=\"comment-6\" data-respondelement=\"respond\" data-replyto=\"Vastaa kommenttiin Jenni Niinim\u00e4ki\" aria-label=\"Vastaa kommenttiin Jenni Niinim\u00e4ki\">Vastaa<\/a><\/div><\/div>\n<\/div>\n\n<\/li><\/ol>\n\n\n\n\t<div id=\"respond\" class=\"comment-respond wp-block-post-comments-form\">\n\t\t<h3 id=\"reply-title\" class=\"comment-reply-title\">Vastaa <small><a rel=\"nofollow\" id=\"cancel-comment-reply-link\" href=\"\/evgenyzhikharev\/index.php?rest_route=%2Fwp%2Fv2%2Fpages%2F34#respond\" style=\"display:none;\">Peruuta vastaus<\/a><\/small><\/h3><form action=\"https:\/\/blogi.savonia.fi\/evgenyzhikharev\/wp-comments-post.php\" method=\"post\" id=\"commentform\" class=\"comment-form\"><p class=\"comment-notes\"><span id=\"email-notes\">S\u00e4hk\u00f6postiosoitettasi ei julkaista.<\/span> <span class=\"required-field-message\">Pakolliset kent\u00e4t on merkitty <span class=\"required\">*<\/span><\/span><\/p><p class=\"comment-form-comment\"><label for=\"comment\">Kommentti <span class=\"required\">*<\/span><\/label> <textarea id=\"comment\" name=\"comment\" cols=\"45\" rows=\"8\" maxlength=\"65525\" required><\/textarea><\/p><p class=\"comment-form-author\"><label for=\"author\">Nimi<\/label> <input id=\"author\" name=\"author\" type=\"text\" value=\"\" size=\"30\" maxlength=\"245\" autocomplete=\"name\" \/><\/p>\n<p class=\"comment-form-email\"><label for=\"email\">S\u00e4hk\u00f6postiosoite<\/label> <input id=\"email\" name=\"email\" type=\"email\" value=\"\" size=\"30\" maxlength=\"100\" aria-describedby=\"email-notes\" autocomplete=\"email\" \/><\/p>\n<p class=\"comment-form-url\"><label for=\"url\">Verkkosivusto<\/label> <input id=\"url\" name=\"url\" type=\"url\" value=\"\" size=\"30\" maxlength=\"200\" autocomplete=\"url\" \/><\/p>\n<p class=\"comment-form-cookies-consent\"><input id=\"wp-comment-cookies-consent\" name=\"wp-comment-cookies-consent\" type=\"checkbox\" value=\"yes\" \/> <label for=\"wp-comment-cookies-consent\">Tallenna nimeni, s\u00e4hk\u00f6postiosoitteeni ja sivustoni t\u00e4h\u00e4n selaimeen seuraavaa kommentointikertaa varten.<\/label><\/p>\n<p class=\"form-submit\"><p class=\"be-mu-captcha-comment-image-p\"><label>Security Image:<\/label> <img decoding=\"async\" class=\"be-mu-captcha-image\" src=\"https:\/\/blogi.savonia.fi\/evgenyzhikharev\/wp-content\/uploads\/sites\/14636\/be_mu_captcha\/2k8cs241259idezdiyn27qu8k01ecd4kpm7x3b34.png\" \/> <input name=\"be-mu-captcha-request\" type=\"hidden\" value=\"2k8cs241259idezdiyn27qu8k01ecd4kpm7x3b34\" \/><\/p><p class=\"be-mu-captcha-comment-answer-p\"><label for=\"be-mu-captcha-answer\">Security Text:<\/label> <input id=\"be-mu-captcha-answer\" autocomplete=\"off\" name=\"be-mu-captcha-answer\" size=\"9\" type=\"text\" \/><\/p><input name=\"submit\" type=\"submit\" id=\"submit\" class=\"submit\" value=\"L\u00e4het\u00e4 kommentti\" \/> <input type='hidden' name='comment_post_ID' value='34' id='comment_post_ID' \/>\n<input type='hidden' name='comment_parent' id='comment_parent' value='0' \/>\n<\/p><\/form>\t<\/div><!-- #respond -->\n\t<\/div>\n","protected":false},"excerpt":{"rendered":"<p>Oppimisen taidot Harjoitteluni aikana olen suunnitellut ty\u00f6p\u00e4ivi\u00e4ni ja asettanut tavoitteita, joita kohti olen ty\u00f6skennellyt. Olen aktiivisesti kysynyt ohjaajilta neuvoja, jos en ole ollut varma jostain tilanteesta. Tunnistan omat vahvuuteni, kuten rauhallisuuden ja halun auttaa, sek\u00e4 kehitt\u00e4miskohteeni, esimerkiksi kirjallisen raportoinnin sujuvuuden. Olen saanut paljon palautetta ohjaajiltani ja osannut my\u00f6s pyyt\u00e4\u00e4 sit\u00e4. Palaute on rohkaissut minua toimimaan &hellip; <a href=\"https:\/\/blogi.savonia.fi\/evgenyzhikharev\/?page_id=34\" class=\"more-link\">Jatka lukemista <span class=\"screen-reader-text\">Loppuarviointi<\/span> <span class=\"meta-nav\">&rarr;<\/span><\/a><\/p>\n","protected":false},"author":12504,"featured_media":0,"parent":26,"menu_order":3,"comment_status":"open","ping_status":"closed","template":"","meta":{"footnotes":""},"class_list":["post-34","page","type-page","status-publish","hentry"],"_links":{"self":[{"href":"https:\/\/blogi.savonia.fi\/evgenyzhikharev\/index.php?rest_route=\/wp\/v2\/pages\/34","targetHints":{"allow":["GET"]}}],"collection":[{"href":"https:\/\/blogi.savonia.fi\/evgenyzhikharev\/index.php?rest_route=\/wp\/v2\/pages"}],"about":[{"href":"https:\/\/blogi.savonia.fi\/evgenyzhikharev\/index.php?rest_route=\/wp\/v2\/types\/page"}],"author":[{"embeddable":true,"href":"https:\/\/blogi.savonia.fi\/evgenyzhikharev\/index.php?rest_route=\/wp\/v2\/users\/12504"}],"replies":[{"embeddable":true,"href":"https:\/\/blogi.savonia.fi\/evgenyzhikharev\/index.php?rest_route=%2Fwp%2Fv2%2Fcomments&post=34"}],"version-history":[{"count":3,"href":"https:\/\/blogi.savonia.fi\/evgenyzhikharev\/index.php?rest_route=\/wp\/v2\/pages\/34\/revisions"}],"predecessor-version":[{"id":68,"href":"https:\/\/blogi.savonia.fi\/evgenyzhikharev\/index.php?rest_route=\/wp\/v2\/pages\/34\/revisions\/68"}],"up":[{"embeddable":true,"href":"https:\/\/blogi.savonia.fi\/evgenyzhikharev\/index.php?rest_route=\/wp\/v2\/pages\/26"}],"wp:attachment":[{"href":"https:\/\/blogi.savonia.fi\/evgenyzhikharev\/index.php?rest_route=%2Fwp%2Fv2%2Fmedia&parent=34"}],"curies":[{"name":"wp","href":"https:\/\/api.w.org\/{rel}","templated":true}]}}