{"id":92,"date":"2026-02-23T19:02:04","date_gmt":"2026-02-23T17:02:04","guid":{"rendered":"https:\/\/blogi.savonia.fi\/evgenyzhikharev\/?page_id=92"},"modified":"2026-02-24T19:09:01","modified_gmt":"2026-02-24T17:09:01","slug":"lahtotaso-ja-tavoitteet","status":"publish","type":"page","link":"https:\/\/blogi.savonia.fi\/evgenyzhikharev\/?page_id=92","title":{"rendered":"L\u00e4ht\u00f6taso ja tavoitteet"},"content":{"rendered":"\n<h2 class=\"wp-block-heading\">L\u00e4ht\u00f6taso<\/h2>\n\n\n\n<p>Olen sairaanhoitajaopiskelija, t\u00e4m\u00e4 on toinen harjoitteluni ja ensimm\u00e4inen sairaalaymp\u00e4rist\u00f6ss\u00e4. Odotan innokkaasti harjoittelun alkua.  Haluan oppia k\u00e4yt\u00e4nn\u00f6n taitoja, vahvistaa kliinist\u00e4 varmuutta ja kehitt\u00e4\u00e4 kyky\u00e4ni arvioida potilaan vointia. Toivon saavani ohjausta, toistoja ja rakentavaa palautetta, jotta kasvan itsen\u00e4iseksi ja luotettavaksi hoitoty\u00f6n ammattilaiseksi.<\/p>\n\n\n\n<p><\/p>\n\n\n\n<h2 class=\"wp-block-heading\">Tavoitteet<\/h2>\n\n\n\n<p><strong>OPPIMISEN TAIDOT:<\/strong><\/p>\n\n\n\n<p><strong>L\u00e4ht\u00f6taso:<\/strong><br>Minulla ei ole hoitoalan tutkintoa. T\u00e4m\u00e4 on toinen harjoitteluni ja ensimm\u00e4inen harjoitteluni sairaalassa. Aloitin sairaanhoitajaopinnot vuonna 2025 ja harjoitteluni tavoitteena on vahvistaa osaamistani sairaanhoitajan keskeisiss\u00e4 teht\u00e4viss\u00e4 ja saada varmuutta hoitoty\u00f6n k\u00e4yt\u00e4nt\u00f6ihin. Opin parhaiten tekem\u00e4ll\u00e4, havainnoimalla kokeneita ammattilaisia ja kysym\u00e4ll\u00e4 selvent\u00e4vi\u00e4 kysymyksi\u00e4. Osaan perustason perushoidon ja vitaalien mittaamisen harjoittelukokemusten kautta, mutta tarvitsen lis\u00e4\u00e4 toistoja ja k\u00e4yt\u00e4nn\u00f6n harjoitusta sairaalaymp\u00e4rist\u00f6ss\u00e4. Suunnittelu, priorisointi ja kirjallinen reflektointi ovat minulle kehitt\u00e4miskohteita.<\/p>\n\n\n\n<p><strong>Keinot tavoitteisiin p\u00e4\u00e4semiseksi:<\/strong><br>Erityisesti minun t\u00e4ytyy kiinnitt\u00e4\u00e4 huomiota ty\u00f6skentelyn ennakointiin. Teen ennen ty\u00f6vuoroa lyhyen suunnitelman p\u00e4iv\u00e4n teht\u00e4vist\u00e4. Pyyd\u00e4n ohjaajalta mahdollisuutta toistaa keskeisi\u00e4 toimenpiteit\u00e4 (vitaalit, l\u00e4\u00e4kejaot, dokumentointi) sairaalaymp\u00e4rist\u00f6ss\u00e4 ja kirjaan oppimiskokemuksiani harjoittelublogiin. Pyyd\u00e4n s\u00e4\u00e4nn\u00f6llist\u00e4 suullista ja kirjallista palautetta ohjaajalta.<\/p>\n\n\n\n<p><strong>EETTINEN OSAAMINEN JA AMMATILLISUUS:<\/strong><\/p>\n\n\n\n<p><strong>L\u00e4ht\u00f6taso:<\/strong><br>Tunnen hoitoty\u00f6n perusarvot kuten potilaan yksil\u00f6llisyyden kunnioittamisen, itsem\u00e4\u00e4r\u00e4\u00e4misoikeuden, inhimillisyyden ja potilasturvallisuuden merkityksen. Ensimm\u00e4isiss\u00e4 harjoitteluissa olen pyrkinyt noudattamaan n\u00e4it\u00e4 periaatteita k\u00e4yt\u00e4nn\u00f6ss\u00e4. Pyrin luomaan luottamuksellisen ja kunnioittavan hoitosuhteen, suojaamaan potilaan yksityisyytt\u00e4 ja ottamaan potilaan toiveet huomioon. L\u00e4hestyminen uusien potilaiden ja omaisten kanssa on minulle rauhallista ja yst\u00e4v\u00e4llist\u00e4, mutta koen tarvitsevani lis\u00e4\u00e4 kokemusta haastavien keskustelujen k\u00e4sittelyst\u00e4. Persoonalliset vahvuuteni ovat empatia, uteliaisuus ja halu oppia. Kehitt\u00e4miskohteena on vaikeiden keskustelujen aloittaminen.<\/p>\n\n\n\n<p><strong>Keinot tavoitteisiin p\u00e4\u00e4semiseksi:<\/strong><br>Tavoitteenani on kehitty\u00e4 vastuulliseksi  sairaanhoitajaksi, joka osaa toimia potilasturvallisesti ja ammatillisesti moniammatillisessa tiimiss\u00e4. Haluan saada ohjaajalta sek\u00e4 v\u00e4lit\u00f6nt\u00e4 suullista palautetta ett\u00e4 kirjallista yhteenvetoa t\u00e4rkeimmist\u00e4 kehityskohdista. Suhtaudun uusiin tilanteisiin oppimismahdollisuutena ja pyyd\u00e4n ohjausta tarvittaessa.  Alkuvaiheessa toimin mieluiten ohjauksen alla, siirtyen v\u00e4hitellen itsen\u00e4isemp\u00e4\u00e4n toimintaan ohjaajan arvion mukaan.<\/p>\n\n\n\n<p><strong>KLIININEN HOITOTY\u00d6:<\/strong><\/p>\n\n\n\n<p><strong>L\u00e4ht\u00f6taso:<\/strong><br>Osaan toteuttaa perustason perushoitoa ja olen harjoitellut vitaalielintoimintojen mittausta ja peruskirjaamista. Koska t\u00e4m\u00e4 on ensimm\u00e4inen sairaalaharjoitteluni, tarvitset erityisesti k\u00e4yt\u00e4nn\u00f6n toistoja sairaalassa tavallisista toimenpiteist\u00e4 ja dokumentoinnista. Ymm\u00e4rr\u00e4n, ett\u00e4 poikkeavat vitaaliarvot edellytt\u00e4v\u00e4t tarkentavaa seurantaa ja ilmoitusta ohjaajalle tai vastuuhenkil\u00f6lle. Sis\u00e4tautipotilaan hoidon osalta hallitsen teoriapohjan ja haluan syvent\u00e4\u00e4 k\u00e4yt\u00e4nn\u00f6n taitoja, kuten l\u00e4\u00e4kehoidon toteutusta, nestehoidon seurantaa ja monitoroitavia toimenpiteit\u00e4 sairaalaymp\u00e4rist\u00f6ss\u00e4.<\/p>\n\n\n\n<p><strong>Keinot tavoitteisiin p\u00e4\u00e4semiseksi:<\/strong><br>Haluan harjoitella ja toistaa vitaalien mittauksia, l\u00e4\u00e4kehoidon valmistelua ja antamista ohjauksessa sek\u00e4 osallistua i.v.-hoidon ja kanyloinnin havainnointiin ja mahdollisesti toteutuksiin ohjaajan valvonnassa. Toivon p\u00e4ivitt\u00e4isi\u00e4 mahdollisuuksia mittausten ja kirjaamisen toistoihin, sek\u00e4 mahdollisuutta keskustella kliinisist\u00e4 havainnoista ohjaajan kanssa heti mittausten j\u00e4lkeen. Huolehdin ergonomiasta suunnittelemalla ty\u00f6vaiheet etuk\u00e4teen.<\/p>\n\n\n\n<p><strong>TERVEYDEN JA TOIMINTAKYVYN EDIST\u00c4MINEN:<\/strong><\/p>\n\n\n\n<p><strong>L\u00e4ht\u00f6taso:<\/strong><br>Minulla on perustason kokemus potilasohjauksesta aikaisemmista harjoitteluista ja ymm\u00e4rr\u00e4n elintapojen (alkoholi, tupakka, ravitsemus, liikunta) merkityksen potilaiden hoidon ja toimintakyvyn kannalta. T\u00e4m\u00e4 on ensimm\u00e4inen sairaalaharjoitteluni, joten tarvitsen lis\u00e4\u00e4 k\u00e4yt\u00e4nn\u00f6n kokemusta puheeksiotosta kiireisess\u00e4 sairaalaymp\u00e4rist\u00f6ss\u00e4 ja vahvistusta siihen, miten toimintakyvyn yll\u00e4pit\u00e4mist\u00e4 ja kuntouttavaa hoitoty\u00f6t\u00e4 kohdennetaan sis\u00e4tautipotilaille. Koen, ett\u00e4 itseluottamukseni ohjaustilanteissa ja kyky vied\u00e4 keskustelu potilaalle motivoivaan suuntaan kehittyv\u00e4t harjoittelun my\u00f6t\u00e4.<\/p>\n\n\n\n<p><strong>Keinot tavoitteisiin p\u00e4\u00e4semiseksi:<\/strong><br>Erityisesti minun t\u00e4ytyy harjoitella motivoivaa keskustelua. Hy\u00f6dynn\u00e4n voimavaral\u00e4ht\u00f6isi\u00e4 kysymyksi\u00e4 (avoin kysely, kuuntelu, tavoitteiden asettaminen yhdess\u00e4 potilaan kanssa), tutustun ty\u00f6yksik\u00f6n ohjausmateriaaleihin ja Terveysportin  l\u00e4hteisiin potilasohjauksen tueksi, ja kirjaan kokemukset harjoittelublogiin reflektiona. Pyyd\u00e4n ohjaajalta palautetta sek\u00e4 suullisesti ett\u00e4 kirjallisesti jokaisesta ohjaustilanteesta ja seuraan, miten potilaan toimintakyky\u00e4 ja omahoitoa tuetaan jatkossa (seuranta, kuntoutussuunnitelmat, apuv\u00e4lineet). Jos potilas reagoi voimakkaasti, toimin rauhallisesti, kuuntelen ja sovin yhdess\u00e4 ohjaajan kanssa jatkotoimista.<\/p>\n\n\n\n<p><strong>OPETUS- JA OHJAUSOSAAMINEN<\/strong><\/p>\n\n\n\n<p><strong>L\u00e4ht\u00f6taso:<\/strong><br>Minulla on kokemusta perustason potilasohjauksesta aikaisemmista harjoitteluista. Osaan antaa perusohjeita p\u00e4ivitt\u00e4isest\u00e4 hoidosta, l\u00e4\u00e4kityksen noudattamisesta ja kotihoidon arjen k\u00e4yt\u00e4nn\u00f6ist\u00e4. Koen ohjaustilanteet opettavina, mutta toisinaan haastavina itsevarmuuden ja sanavalintojen suhteen, erityisesti sairaalaymp\u00e4rist\u00f6n aikapaineessa. Ymm\u00e4rr\u00e4n ohjauksen perusperiaatteet kuten avoimen kyselyn, aktiivisen kuuntelun ja yksil\u00f6llisyyden huomioimisen sek\u00e4 sen, ett\u00e4 elintapamuutokset vaativat toistoa ja seurantaa.<\/p>\n\n\n\n<p><strong>Keinot tavoitteisiin p\u00e4\u00e4semiseksi:<\/strong><br>Valmistaudun ohjaustilanteisiin tutustumalla potilaan taustaan ja miettim\u00e4ll\u00e4 lyhyen rungon tapaamista varten: tavoite, keskeiset ohjeet, sovittavat toimenpiteet, seurantatapa ja mahdolliset apuv\u00e4lineet. Ohjaustilanteessa esittelen itseni ja sovin ajasta, kartoituksen j\u00e4lkeen tarjoan konkreettisia ja helposti toteutettavia ehdotuksia. Harjoittelen ohjausta seuraamalla kokeneiden ammattilaisten toimintaa, osallistumalla simulaatioihin ja pyyt\u00e4m\u00e4ll\u00e4 suullista palautetta vet\u00e4m\u00e4st\u00e4 ohjauksesta. Kirjaan toteutetut ohjaukset harjoittelublogiin.<\/p>\n\n\n\n<p><\/p>\n\n\n\n<p><\/p>\n\n\n\n<div class=\"wp-block-comments\"><h2 id=\"comments\" class=\"wp-block-comments-title\">2 vastausta artikkeliin &#8220;L\u00e4ht\u00f6taso ja tavoitteet&#8221;<\/h2>\n\n<ol class=\"wp-block-comment-template\"><li id=\"comment-7\" class=\"comment byuser comment-author-kshieai even thread-even depth-1\">\n\n<div class=\"wp-block-columns is-layout-flex wp-container-core-columns-is-layout-9d6595d7 wp-block-columns-is-layout-flex\">\n<div class=\"wp-block-column is-layout-flow wp-block-column-is-layout-flow\" style=\"flex-basis:40px\"><div class=\"wp-block-avatar\"><img alt='Aija Hietanen avatar' src='https:\/\/secure.gravatar.com\/avatar\/48cd6a03f40e7b7f61bf3ca353cfdaabd9576bacaaae751f94d6773cde15251f?s=40&#038;d=mm&#038;r=g' srcset='https:\/\/secure.gravatar.com\/avatar\/48cd6a03f40e7b7f61bf3ca353cfdaabd9576bacaaae751f94d6773cde15251f?s=80&#038;d=mm&#038;r=g 2x' class='avatar avatar-40 photo wp-block-avatar__image' height='40' width='40'  style=\"border-radius:20px;\"\/><\/div><\/div>\n\n\n\n<div class=\"wp-block-column is-layout-flow wp-block-column-is-layout-flow\"><div class=\"wp-block-comment-author-name has-small-font-size\">Aija Hietanen<\/div>\n\n\n<div class=\"wp-block-group is-layout-flex wp-block-group-is-layout-flex\" style=\"margin-top:0px;margin-bottom:0px\"><div class=\"wp-block-comment-date has-small-font-size\"><time datetime=\"2026-02-23T21:46:21+02:00\"><a href=\"https:\/\/blogi.savonia.fi\/evgenyzhikharev\/?page_id=92&#038;cpage=1#comment-7\">23.2.2026<\/a><\/time><\/div>\n\n<\/div>\n\n\n<div class=\"wp-block-comment-content\"><p>Hei,<br \/>\nhyvin olet osannut asettaa tavoitteitasi opetussuunitelman mukaan. Mutta ohjeena l\u00e4ht\u00f6taso ja tavoitekuvauksessa on j\u00e4sennell\u00e4 teksti  oppimisen taidot, eettisen osaamisen, kliinisen osaamisen ja opetus- ja ohjausosaamisen mukaan. L\u00f6yd\u00e4t ohjeet Moodlesta, sis\u00e4tautien harjoittelun kohdalla olevasta k\u00e4sikirjasta. Voit k\u00e4ytt\u00e4\u00e4 my\u00f6s t\u00e4m\u00e4n harjoittelujakson arviointilomaketta apunasi. Tosin nuo tavoitteet ovat jo pitk\u00e4lti arviointilomakkeen mukaisia.<br \/>\nJaottele teksti niin, ett\u00e4 otsikoit:<br \/>\nOppimisen taidot<br \/>\nl\u00e4ht\u00f6taso<br \/>\nkeinot<br \/>\nEettinen osaaminen<br \/>\nl\u00e4ht\u00f6taso<br \/>\nkeinot<br \/>\njne.<br \/>\nL\u00e4ht\u00f6tasosta kertovassa kappaleessa pohdit, mit\u00e4 jo osaat ja mit\u00e4 viel\u00e4 sinun pit\u00e4\u00e4 t\u00e4ll\u00e4 harjoittelujaksolla oppia opetussuunnitelman tavoitteisiin n\u00e4hden.<br \/>\nKeinot tavoitteen saavuttamiseksi kappaleessa kerrot, millaisilla keinoilla aiot t\u00e4ll\u00e4 harjoittelujaksolla p\u00e4\u00e4st\u00e4 tavoitteisiin. <\/p>\n<p>Kaikilla opiskelijoilla tulee olla blogitekstit laadittu samalla tavalla ohjeita noudattaen.<\/p>\n<p>T\u00e4ydenn\u00e4 l\u00e4ht\u00f6tasoasi ja tavoitteitasi 25.2. menness\u00e4. <\/p>\n<p>T: Aija Hietanen<\/p>\n<\/div>\n\n<div class=\"wp-block-comment-reply-link has-small-font-size\"><a rel=\"nofollow\" class=\"comment-reply-link\" href=\"https:\/\/blogi.savonia.fi\/evgenyzhikharev\/?page_id=92&#038;cpage=1&#038;replytocom=7#respond\" data-commentid=\"7\" data-postid=\"92\" data-belowelement=\"comment-7\" data-respondelement=\"respond\" data-replyto=\"Vastaa kommenttiin Aija Hietanen\" aria-label=\"Vastaa kommenttiin Aija Hietanen\">Vastaa<\/a><\/div><\/div>\n<\/div>\n\n<\/li><li id=\"comment-8\" class=\"comment odd alt thread-odd thread-alt depth-1\">\n\n<div class=\"wp-block-columns is-layout-flex wp-container-core-columns-is-layout-9d6595d7 wp-block-columns-is-layout-flex\">\n<div class=\"wp-block-column is-layout-flow wp-block-column-is-layout-flow\" style=\"flex-basis:40px\"><div class=\"wp-block-avatar\"><img alt=' avatar' src='https:\/\/secure.gravatar.com\/avatar\/?s=40&#038;d=mm&#038;r=g' srcset='https:\/\/secure.gravatar.com\/avatar\/?s=80&#038;d=mm&#038;r=g 2x' class='avatar avatar-40 photo avatar-default wp-block-avatar__image' height='40' width='40'  style=\"border-radius:20px;\"\/><\/div><\/div>\n\n\n\n<div class=\"wp-block-column is-layout-flow wp-block-column-is-layout-flow\"><div class=\"wp-block-comment-author-name has-small-font-size\">Nimet\u00f6n<\/div>\n\n\n<div class=\"wp-block-group is-layout-flex wp-block-group-is-layout-flex\" style=\"margin-top:0px;margin-bottom:0px\"><div class=\"wp-block-comment-date has-small-font-size\"><time datetime=\"2026-02-24T22:45:46+02:00\"><a href=\"https:\/\/blogi.savonia.fi\/evgenyzhikharev\/?page_id=92&#038;cpage=1#comment-8\">24.2.2026<\/a><\/time><\/div>\n\n<\/div>\n\n\n<div class=\"wp-block-comment-content\"><p>Hei Elia!<br \/>\nHienoa ty\u00f6t\u00e4! Hyv\u00e4\u00e4 pohdintaa, jossa n\u00e4kyy omakohtaisuus ja oman osaamisen tunnistaminen. Olet my\u00f6s osannut nimet\u00e4 tarkoituksenmukaisia keinoja.<br \/>\nL\u00e4ht\u00f6taso ja tavoitteet hyv\u00e4ksytty!<\/p>\n<p>Aija<\/p>\n<\/div>\n\n<div class=\"wp-block-comment-reply-link has-small-font-size\"><a rel=\"nofollow\" class=\"comment-reply-link\" href=\"https:\/\/blogi.savonia.fi\/evgenyzhikharev\/?page_id=92&#038;cpage=1&#038;replytocom=8#respond\" data-commentid=\"8\" data-postid=\"92\" data-belowelement=\"comment-8\" data-respondelement=\"respond\" data-replyto=\"Vastaa kommenttiin Nimet\u00f6n\" aria-label=\"Vastaa kommenttiin Nimet\u00f6n\">Vastaa<\/a><\/div><\/div>\n<\/div>\n\n<\/li><\/ol>\n\n\n\n\t<div id=\"respond\" class=\"comment-respond wp-block-post-comments-form\">\n\t\t<h3 id=\"reply-title\" class=\"comment-reply-title\">Vastaa <small><a rel=\"nofollow\" id=\"cancel-comment-reply-link\" href=\"\/evgenyzhikharev\/index.php?rest_route=%2Fwp%2Fv2%2Fpages%2F92#respond\" style=\"display:none;\">Peruuta vastaus<\/a><\/small><\/h3><form action=\"https:\/\/blogi.savonia.fi\/evgenyzhikharev\/wp-comments-post.php\" method=\"post\" id=\"commentform\" class=\"comment-form\"><p class=\"comment-notes\"><span id=\"email-notes\">S\u00e4hk\u00f6postiosoitettasi ei julkaista.<\/span> <span class=\"required-field-message\">Pakolliset kent\u00e4t on merkitty <span class=\"required\">*<\/span><\/span><\/p><p class=\"comment-form-comment\"><label for=\"comment\">Kommentti <span class=\"required\">*<\/span><\/label> <textarea id=\"comment\" name=\"comment\" cols=\"45\" rows=\"8\" maxlength=\"65525\" required><\/textarea><\/p><p class=\"comment-form-author\"><label for=\"author\">Nimi<\/label> <input id=\"author\" name=\"author\" type=\"text\" value=\"\" size=\"30\" maxlength=\"245\" autocomplete=\"name\" \/><\/p>\n<p class=\"comment-form-email\"><label for=\"email\">S\u00e4hk\u00f6postiosoite<\/label> <input id=\"email\" name=\"email\" type=\"email\" value=\"\" size=\"30\" maxlength=\"100\" aria-describedby=\"email-notes\" autocomplete=\"email\" \/><\/p>\n<p class=\"comment-form-url\"><label for=\"url\">Verkkosivusto<\/label> <input id=\"url\" name=\"url\" type=\"url\" value=\"\" size=\"30\" maxlength=\"200\" autocomplete=\"url\" \/><\/p>\n<p class=\"comment-form-cookies-consent\"><input id=\"wp-comment-cookies-consent\" name=\"wp-comment-cookies-consent\" type=\"checkbox\" value=\"yes\" \/> <label for=\"wp-comment-cookies-consent\">Tallenna nimeni, s\u00e4hk\u00f6postiosoitteeni ja sivustoni t\u00e4h\u00e4n selaimeen seuraavaa kommentointikertaa varten.<\/label><\/p>\n<p class=\"form-submit\"><p class=\"be-mu-captcha-comment-image-p\"><label>Security Image:<\/label> <img decoding=\"async\" class=\"be-mu-captcha-image\" src=\"https:\/\/blogi.savonia.fi\/evgenyzhikharev\/wp-content\/uploads\/sites\/14636\/be_mu_captcha\/wde34zumt0aovxj7u3moy3mz4nmtt12oia2qcg9x.png\" \/> <input name=\"be-mu-captcha-request\" type=\"hidden\" value=\"wde34zumt0aovxj7u3moy3mz4nmtt12oia2qcg9x\" \/><\/p><p class=\"be-mu-captcha-comment-answer-p\"><label for=\"be-mu-captcha-answer\">Security Text:<\/label> <input id=\"be-mu-captcha-answer\" autocomplete=\"off\" name=\"be-mu-captcha-answer\" size=\"9\" type=\"text\" \/><\/p><input name=\"submit\" type=\"submit\" id=\"submit\" class=\"submit\" value=\"L\u00e4het\u00e4 kommentti\" \/> <input type='hidden' name='comment_post_ID' value='92' id='comment_post_ID' \/>\n<input type='hidden' name='comment_parent' id='comment_parent' value='0' \/>\n<\/p><\/form>\t<\/div><!-- #respond -->\n\t<\/div>\n","protected":false},"excerpt":{"rendered":"<p>L\u00e4ht\u00f6taso Olen sairaanhoitajaopiskelija, t\u00e4m\u00e4 on toinen harjoitteluni ja ensimm\u00e4inen sairaalaymp\u00e4rist\u00f6ss\u00e4. Odotan innokkaasti harjoittelun alkua. Haluan oppia k\u00e4yt\u00e4nn\u00f6n taitoja, vahvistaa kliinist\u00e4 varmuutta ja kehitt\u00e4\u00e4 kyky\u00e4ni arvioida potilaan vointia. Toivon saavani ohjausta, toistoja ja rakentavaa palautetta, jotta kasvan itsen\u00e4iseksi ja luotettavaksi hoitoty\u00f6n ammattilaiseksi. Tavoitteet OPPIMISEN TAIDOT: L\u00e4ht\u00f6taso:Minulla ei ole hoitoalan tutkintoa. T\u00e4m\u00e4 on toinen harjoitteluni ja ensimm\u00e4inen &hellip; <a href=\"https:\/\/blogi.savonia.fi\/evgenyzhikharev\/?page_id=92\" class=\"more-link\">Jatka lukemista <span class=\"screen-reader-text\">L\u00e4ht\u00f6taso ja tavoitteet<\/span> <span class=\"meta-nav\">&rarr;<\/span><\/a><\/p>\n","protected":false},"author":12504,"featured_media":0,"parent":70,"menu_order":0,"comment_status":"open","ping_status":"closed","template":"","meta":{"footnotes":""},"class_list":["post-92","page","type-page","status-publish","hentry"],"_links":{"self":[{"href":"https:\/\/blogi.savonia.fi\/evgenyzhikharev\/index.php?rest_route=\/wp\/v2\/pages\/92","targetHints":{"allow":["GET"]}}],"collection":[{"href":"https:\/\/blogi.savonia.fi\/evgenyzhikharev\/index.php?rest_route=\/wp\/v2\/pages"}],"about":[{"href":"https:\/\/blogi.savonia.fi\/evgenyzhikharev\/index.php?rest_route=\/wp\/v2\/types\/page"}],"author":[{"embeddable":true,"href":"https:\/\/blogi.savonia.fi\/evgenyzhikharev\/index.php?rest_route=\/wp\/v2\/users\/12504"}],"replies":[{"embeddable":true,"href":"https:\/\/blogi.savonia.fi\/evgenyzhikharev\/index.php?rest_route=%2Fwp%2Fv2%2Fcomments&post=92"}],"version-history":[{"count":6,"href":"https:\/\/blogi.savonia.fi\/evgenyzhikharev\/index.php?rest_route=\/wp\/v2\/pages\/92\/revisions"}],"predecessor-version":[{"id":111,"href":"https:\/\/blogi.savonia.fi\/evgenyzhikharev\/index.php?rest_route=\/wp\/v2\/pages\/92\/revisions\/111"}],"up":[{"embeddable":true,"href":"https:\/\/blogi.savonia.fi\/evgenyzhikharev\/index.php?rest_route=\/wp\/v2\/pages\/70"}],"wp:attachment":[{"href":"https:\/\/blogi.savonia.fi\/evgenyzhikharev\/index.php?rest_route=%2Fwp%2Fv2%2Fmedia&parent=92"}],"curies":[{"name":"wp","href":"https:\/\/api.w.org\/{rel}","templated":true}]}}