{"id":99,"date":"2026-02-23T19:04:00","date_gmt":"2026-02-23T17:04:00","guid":{"rendered":"https:\/\/blogi.savonia.fi\/evgenyzhikharev\/?page_id=99"},"modified":"2026-04-19T22:50:38","modified_gmt":"2026-04-19T19:50:38","slug":"loppuarviointi","status":"publish","type":"page","link":"https:\/\/blogi.savonia.fi\/evgenyzhikharev\/?page_id=99","title":{"rendered":"Loppuarviointi"},"content":{"rendered":"\n<p>Harjoittelun alussa l\u00e4ht\u00f6tasoni oli perustasolla, ja t\u00e4m\u00e4 oli ensimm\u00e4inen harjoitteluni sairaalaymp\u00e4rist\u00f6ss\u00e4, mink\u00e4 vuoksi keskityin aluksi kokonaisuuden hahmottamiseen ja kokeneiden hoitajien ty\u00f6skentelyn havainnointiin. Harjoittelun edetess\u00e4 siirryin v\u00e4hitellen aktiivisempaan rooliin ja kehitin oppimisen taitojani hy\u00f6dynt\u00e4m\u00e4ll\u00e4 toistoa, pyyt\u00e4m\u00e4ll\u00e4 ohjausta sek\u00e4 reflektoimalla kokemuksiani s\u00e4\u00e4nn\u00f6llisesti, mink\u00e4 ansiosta ty\u00f6skentelyni muuttui suunnitelmallisemmaksi. <\/p>\n\n\n\n<p>Kliinisen hoitoty\u00f6n osaamiseni on vahvistunut merkitt\u00e4v\u00e4sti erityisesti vitaalielintoimintojen mittauksessa, NEWS-pisteytyksess\u00e4, kirjaamisessa ja potilaan kokonaisvaltaisessa voinnin arvioinnissa sek\u00e4 nestehoidon ja l\u00e4\u00e4kehoidon toteutuksessa ohjatusti. Lis\u00e4ksi olen harjoitellut EKG:n ottamista ja telemetrian seurantaa sek\u00e4 kanylointia, ja ymm\u00e4rt\u00e4nyt paremmin syd\u00e4npotilaan hoidon erityispiirteit\u00e4, vaikka tarvitsen viel\u00e4 lis\u00e4\u00e4 varmuutta EKG:n syv\u00e4llisess\u00e4 tulkinnassa ja teknisiss\u00e4 toimenpiteiss\u00e4.<\/p>\n\n\n\n<p>Terveyden ja toimintakyvyn edist\u00e4misess\u00e4 olen osallistunut potilaiden ohjaukseen ja oppinut huomioimaan heid\u00e4n fyysisen vointinsa, jaksamisensa, ravitsemuksensa ja nestetasapainonsa sek\u00e4 harjoitellut motivoivaa keskustelua, vaikka sen syvent\u00e4minen vaatii viel\u00e4 harjoittelua. Opetus- ja ohjausosaamiseni on kehittynyt siten, ett\u00e4 uskallan osallistua ohjaustilanteisiin aktiivisemmin ja esitt\u00e4\u00e4 asioita selke\u00e4mmin, mutta tarvitsen viel\u00e4 lis\u00e4\u00e4 varmuutta itsen\u00e4iseen ohjaukseen.<\/p>\n\n\n\n<p>Harjoittelun aikana tapahtui my\u00f6s tilanne, jossa annoin l\u00e4\u00e4kett\u00e4 ilman ohjaajan l\u00e4sn\u00e4oloa, mik\u00e4 ei ollut potilasturvallisuuden kannalta asianmukaista. T\u00e4m\u00e4 kokemus oli minulle t\u00e4rke\u00e4 oppimisen paikka, sill\u00e4 ymm\u00e4rsin konkreettisesti ohjeiden noudattamisen, tarkistamisen ja vastuun merkityksen l\u00e4\u00e4kehoidossa. Jatkossa kiinnit\u00e4n erityist\u00e4 huomiota potilasturvallisuuteen, varmistan toimintani ohjeiden mukaisuuden ja pyyd\u00e4n tarvittaessa varmistuksen ennen toimenpiteit\u00e4.<\/p>\n\n\n\n<p>Kokonaisuutena harjoittelu on vahvistanut ammatillista identiteetti\u00e4ni, lis\u00e4nnyt itseluottamustani, vaikka tunnistan edelleen selkeit\u00e4 kehityskohteita, joita aion jatkossa kehitt\u00e4\u00e4 aktiivisesti.<\/p>\n\n\n\n<p><\/p>\n\n\n\n<p><\/p>\n\n\n\n<p><\/p>\n\n\n\n<div class=\"wp-block-comments\"><h2 id=\"comments\" class=\"wp-block-comments-title\">Yksi vastaus artikkeliin &#8220;Loppuarviointi&#8221;<\/h2>\n\n<ol class=\"wp-block-comment-template\"><li id=\"comment-12\" class=\"comment even thread-even depth-1\">\n\n<div class=\"wp-block-columns is-layout-flex wp-container-core-columns-is-layout-9d6595d7 wp-block-columns-is-layout-flex\">\n<div class=\"wp-block-column is-layout-flow wp-block-column-is-layout-flow\" style=\"flex-basis:40px\"><div class=\"wp-block-avatar\"><img alt='Emma avatar' src='https:\/\/secure.gravatar.com\/avatar\/b51f98240ec1be94c31d4929c0d0f912612bbeaf0a43cd7296f90b4944a7f18a?s=40&#038;d=mm&#038;r=g' srcset='https:\/\/secure.gravatar.com\/avatar\/b51f98240ec1be94c31d4929c0d0f912612bbeaf0a43cd7296f90b4944a7f18a?s=80&#038;d=mm&#038;r=g 2x' class='avatar avatar-40 photo wp-block-avatar__image' height='40' width='40'  style=\"border-radius:20px;\"\/><\/div><\/div>\n\n\n\n<div class=\"wp-block-column is-layout-flow wp-block-column-is-layout-flow\"><div class=\"wp-block-comment-author-name has-small-font-size\">Emma<\/div>\n\n\n<div class=\"wp-block-group is-layout-flex wp-block-group-is-layout-flex\" style=\"margin-top:0px;margin-bottom:0px\"><div class=\"wp-block-comment-date has-small-font-size\"><time datetime=\"2026-04-20T00:39:36+03:00\"><a href=\"https:\/\/blogi.savonia.fi\/evgenyzhikharev\/?page_id=99&#038;cpage=1#comment-12\">20.4.2026<\/a><\/time><\/div>\n\n<\/div>\n\n\n<div class=\"wp-block-comment-content\"><p>Loppuarviointi <\/p>\n<p>Oppimisen taidot:<br \/>\nOlet sosiaalinen ja haluat rohkeasti itse tehd\u00e4 ja kokeilla asioita. Olet kehittynyt paljon harjoittelun aikana. Olet saanut lis\u00e4\u00e4 rohkeutta ja itsevarmuutta moduuliharjoittelun aikana. Osaat ajatella monipuolisesti, kun sinua \u201dhaastaa\u201d ajattelemaan itsen\u00e4isesti. Olet rohkeasti kysynyt asioita mit\u00e4 et tied\u00e4 tai miss\u00e4 olet ep\u00e4varma. Olet kysynyt sek\u00e4 antanut palautetta ja otit saadun palautteen hyvin vastaan ja toimit sen mukaisesti. Reflektoit omaa toimintaa ja suunnitelmallisuus lis\u00e4\u00e4ntyi ty\u00f6skentelyss\u00e4. Moduuliviikoilla toimit omatoimisesti p\u00e4iv\u00e4n perusasioissa esim. Ruokailut, mittaukset ja muu potilaan perushoito. Ohjauduit eri oppimistilanteisiin (esim. kanyylin ja katetrin laitto)<\/p>\n<p>Eettinen osaaminen:<br \/>\nHuomioit toiminnassasi hoitoty\u00f6t\u00e4 ohjaavat lait ja asetukset. Olet tutustunut osaston yhteisty\u00f6tahoihin mm. syd\u00e4ntutkimusosastolle. Potilaan kohtaaminen on luontevaa, ammattitaitoista, kuuntelet potilasta ja olet aidosti l\u00e4sn\u00e4. Ty\u00f6skentelet omalla persoonallasi. Potilaat ovat antaneet sinusta hyv\u00e4\u00e4 palautetta. Olit hyvin osana ty\u00f6yhteis\u00f6\u00e4. <\/p>\n<p>Kliininen osaaminen:<br \/>\nOlet jakanut tablettil\u00e4\u00e4kkeit\u00e4 potilaskohtaisiin annoksiin, antanut l\u00e4\u00e4kkeit\u00e4 eri antotavoilla: p.o, s.c, i.v , inhalaatioin. Olet oppinut tunnistamaan keskeisempi\u00e4 syd\u00e4npotilaiden l\u00e4\u00e4kkeit\u00e4. Olet my\u00f6s osannut kertoa potilaalle h\u00e4nen l\u00e4\u00e4kkeist\u00e4\u00e4n mit\u00e4 ne ovat ja mihin ne vaikuttavat. Ymm\u00e4rr\u00e4t my\u00f6s, mit\u00e4 haittavaikutuksia ja riskej\u00e4 osaan l\u00e4\u00e4kkeist\u00e4 liittyy ja mit\u00e4 on hyv\u00e4 huomioida ennen l\u00e4\u00e4kkeen antoa (esimerkiksi verenpaine, pulssi). Olet harjaantunut kanyylin k\u00e4sittelyss\u00e4. Aseptiikka sinulla on hyvin hallussa. Sinulle on tullut tutuksi, kuinka seurata potilaan vointia erilaisin keinoin, kuten NEWS-pisteet. Osaat my\u00f6s reagoida poikkeaviin arvoihin ja raportoida niist\u00e4. Olet p\u00e4\u00e4ssyt osallistumaan haavanhoitoon. Ymm\u00e4rr\u00e4t nestelistan ja painon seurannan t\u00e4rkeyden syd\u00e4npotilaiden hoidossa. Telemetriaseuranta on tullut sinulle tutuksi, ja osaat tulkita sielt\u00e4 esim. sinusrytmin ja eteisv\u00e4rin\u00e4n. Potilastietoj\u00e4rjestelm\u00e4\u00e4 osaat k\u00e4ytt\u00e4\u00e4 ja kirjaat hyvin, kirjaaminen on potilasl\u00e4ht\u00f6ist\u00e4. Hahmotat tarpeet ja tavoitteet, sek\u00e4 olet oppinut arvioimaan hoitoa. Olet osallistunut l\u00e4\u00e4k\u00e4rinkierroille ja tuonut siell\u00e4 esiin huomioitavia asioita ja tehnyt kiertom\u00e4\u00e4r\u00e4yksi\u00e4. Raporttia olet my\u00f6s p\u00e4\u00e4ssyt antamaan ja osaat kertoa oleellisia asioita. Raportointia tulee varmasti viel\u00e4 paljon tulevaisuudessa vastaan ja siihen saa varmuutta toistoja tekem\u00e4ll\u00e4. Ulkoa ei tarvitse asioita muistaa.<\/p>\n<p>Terveyden ja toimintakyvyn edist\u00e4minen sek\u00e4 opetus- ja ohjausosaaminen:<br \/>\nOlet toiminut ty\u00f6skennelless\u00e4si kuntouttavan ty\u00f6otteen mukaisesti. Olet huomioinut mahdollisen apuv\u00e4lineen tarpeen liikkumisen tukena. Olet ollut kotiuttamassa potilasta ja ohjannut esimerkiksi jatkokontrollien, verenpaineiden ja sykkeen seurannan suhteen ja k\u00e4ynyt l\u00e4pi kotil\u00e4\u00e4kekorttia. Olet ollut oma-aloitteisesti selvitt\u00e4m\u00e4ss\u00e4, tarvitseeko potilas esimerkiksi sepelvaltimotauti ohjausta ja vienyt oppaita potilaalle. Tietotaitosi ohjaamisessa on lis\u00e4\u00e4ntynyt. Ohjaaminen on sujunut luontevasti. Ohjaamista ja vaikeidenkin asioiden puheeksi ottamista tulet viel\u00e4 tekem\u00e4\u00e4n paljon tulevaisuudessa ja t\u00e4ss\u00e4 my\u00f6s harjaantuu koko ajan. T\u00e4ysin valmis ei varmasti ole koskaan, joka p\u00e4iv\u00e4 kehittyy ja oppii jotakin uutta.<\/p>\n<p>Harjoittelun aikana k\u00e4vi tilanne, ett\u00e4 annoit iv-l\u00e4\u00e4kkeen yksin ilman ohjaajan l\u00e4sn\u00e4oloa tai \u201dlupaa\u201d. Jatkossa kannattaa erityisesti kiinnitt\u00e4\u00e4 huomiota mit\u00e4 opiskelijan rooliin kuuluu, eli mit\u00e4 saa tehd\u00e4, ettei potilasturvallisuus vaarannu. K\u00e4vimme tilanteesta hyv\u00e4n keskustelun j\u00e4lkeenp\u00e4in ja hyvin osasit sanoittaa mahdolliset vaaratilanteet mit\u00e4 olisi voinut k\u00e4yd\u00e4. Seuraavia harjoitteluita voi my\u00f6s helpottaa konkreettiset pienet tavoitteet ja viel\u00e4 enemm\u00e4n \u00e4\u00e4neen puhuminen mit\u00e4 aiot p\u00e4iv\u00e4n aikana tehd\u00e4, t\u00e4m\u00e4 selkeytt\u00e4\u00e4 omaa toimintaa ja ohjaaja tiet\u00e4\u00e4 paremmin, ett\u00e4 hahmotat ja ymm\u00e4rr\u00e4t p\u00e4iv\u00e4nkulkua.<\/p>\n<p>Kiitos yhteisist\u00e4 viikoista! Oli ilo ohjata sinua. Mukavaa kev\u00e4\u00e4n jatkoa ja tsemppi\u00e4 tuleviin opintoihin!  Harjoittelusi on hyv\u00e4ksytty!<\/p>\n<p>Emma Tuomela<br \/>\nSairaanhoitaja<br \/>\nKys, syd\u00e4nosasto<\/p>\n<\/div>\n\n<div class=\"wp-block-comment-reply-link has-small-font-size\"><a rel=\"nofollow\" class=\"comment-reply-link\" href=\"https:\/\/blogi.savonia.fi\/evgenyzhikharev\/?page_id=99&#038;cpage=1&#038;replytocom=12#respond\" data-commentid=\"12\" data-postid=\"99\" data-belowelement=\"comment-12\" data-respondelement=\"respond\" data-replyto=\"Vastaa kommenttiin Emma\" aria-label=\"Vastaa kommenttiin Emma\">Vastaa<\/a><\/div><\/div>\n<\/div>\n\n<\/li><\/ol>\n\n\n\n\t<div id=\"respond\" class=\"comment-respond wp-block-post-comments-form\">\n\t\t<h3 id=\"reply-title\" class=\"comment-reply-title\">Vastaa <small><a rel=\"nofollow\" id=\"cancel-comment-reply-link\" href=\"\/evgenyzhikharev\/index.php?rest_route=%2Fwp%2Fv2%2Fpages%2F99#respond\" style=\"display:none;\">Peruuta vastaus<\/a><\/small><\/h3><form action=\"https:\/\/blogi.savonia.fi\/evgenyzhikharev\/wp-comments-post.php\" method=\"post\" id=\"commentform\" class=\"comment-form\"><p class=\"comment-notes\"><span id=\"email-notes\">S\u00e4hk\u00f6postiosoitettasi ei julkaista.<\/span> <span class=\"required-field-message\">Pakolliset kent\u00e4t on merkitty <span class=\"required\">*<\/span><\/span><\/p><p class=\"comment-form-comment\"><label for=\"comment\">Kommentti <span class=\"required\">*<\/span><\/label> <textarea id=\"comment\" name=\"comment\" cols=\"45\" rows=\"8\" maxlength=\"65525\" required><\/textarea><\/p><p class=\"comment-form-author\"><label for=\"author\">Nimi<\/label> <input id=\"author\" name=\"author\" type=\"text\" value=\"\" size=\"30\" maxlength=\"245\" autocomplete=\"name\" \/><\/p>\n<p class=\"comment-form-email\"><label for=\"email\">S\u00e4hk\u00f6postiosoite<\/label> <input id=\"email\" name=\"email\" type=\"email\" value=\"\" size=\"30\" maxlength=\"100\" aria-describedby=\"email-notes\" autocomplete=\"email\" \/><\/p>\n<p class=\"comment-form-url\"><label for=\"url\">Verkkosivusto<\/label> <input id=\"url\" name=\"url\" type=\"url\" value=\"\" size=\"30\" maxlength=\"200\" autocomplete=\"url\" \/><\/p>\n<p class=\"comment-form-cookies-consent\"><input id=\"wp-comment-cookies-consent\" name=\"wp-comment-cookies-consent\" type=\"checkbox\" value=\"yes\" \/> <label for=\"wp-comment-cookies-consent\">Tallenna nimeni, s\u00e4hk\u00f6postiosoitteeni ja sivustoni t\u00e4h\u00e4n selaimeen seuraavaa kommentointikertaa varten.<\/label><\/p>\n<p class=\"form-submit\"><p class=\"be-mu-captcha-comment-image-p\"><label>Security Image:<\/label> <img decoding=\"async\" class=\"be-mu-captcha-image\" src=\"https:\/\/blogi.savonia.fi\/evgenyzhikharev\/wp-content\/uploads\/sites\/14636\/be_mu_captcha\/9mausn531kmgqs6wxsb69nfwsxjnmml6pbpkezql.png\" \/> <input name=\"be-mu-captcha-request\" type=\"hidden\" value=\"9mausn531kmgqs6wxsb69nfwsxjnmml6pbpkezql\" \/><\/p><p class=\"be-mu-captcha-comment-answer-p\"><label for=\"be-mu-captcha-answer\">Security Text:<\/label> <input id=\"be-mu-captcha-answer\" autocomplete=\"off\" name=\"be-mu-captcha-answer\" size=\"9\" type=\"text\" \/><\/p><input name=\"submit\" type=\"submit\" id=\"submit\" class=\"submit\" value=\"L\u00e4het\u00e4 kommentti\" \/> <input type='hidden' name='comment_post_ID' value='99' id='comment_post_ID' \/>\n<input type='hidden' name='comment_parent' id='comment_parent' value='0' \/>\n<\/p><\/form>\t<\/div><!-- #respond -->\n\t<\/div>\n","protected":false},"excerpt":{"rendered":"<p>Harjoittelun alussa l\u00e4ht\u00f6tasoni oli perustasolla, ja t\u00e4m\u00e4 oli ensimm\u00e4inen harjoitteluni sairaalaymp\u00e4rist\u00f6ss\u00e4, mink\u00e4 vuoksi keskityin aluksi kokonaisuuden hahmottamiseen ja kokeneiden hoitajien ty\u00f6skentelyn havainnointiin. Harjoittelun edetess\u00e4 siirryin v\u00e4hitellen aktiivisempaan rooliin ja kehitin oppimisen taitojani hy\u00f6dynt\u00e4m\u00e4ll\u00e4 toistoa, pyyt\u00e4m\u00e4ll\u00e4 ohjausta sek\u00e4 reflektoimalla kokemuksiani s\u00e4\u00e4nn\u00f6llisesti, mink\u00e4 ansiosta ty\u00f6skentelyni muuttui suunnitelmallisemmaksi. Kliinisen hoitoty\u00f6n osaamiseni on vahvistunut merkitt\u00e4v\u00e4sti erityisesti vitaalielintoimintojen mittauksessa, NEWS-pisteytyksess\u00e4, &hellip; <a href=\"https:\/\/blogi.savonia.fi\/evgenyzhikharev\/?page_id=99\" class=\"more-link\">Jatka lukemista <span class=\"screen-reader-text\">Loppuarviointi<\/span> <span class=\"meta-nav\">&rarr;<\/span><\/a><\/p>\n","protected":false},"author":12504,"featured_media":0,"parent":70,"menu_order":0,"comment_status":"open","ping_status":"closed","template":"","meta":{"footnotes":""},"class_list":["post-99","page","type-page","status-publish","hentry"],"_links":{"self":[{"href":"https:\/\/blogi.savonia.fi\/evgenyzhikharev\/index.php?rest_route=\/wp\/v2\/pages\/99","targetHints":{"allow":["GET"]}}],"collection":[{"href":"https:\/\/blogi.savonia.fi\/evgenyzhikharev\/index.php?rest_route=\/wp\/v2\/pages"}],"about":[{"href":"https:\/\/blogi.savonia.fi\/evgenyzhikharev\/index.php?rest_route=\/wp\/v2\/types\/page"}],"author":[{"embeddable":true,"href":"https:\/\/blogi.savonia.fi\/evgenyzhikharev\/index.php?rest_route=\/wp\/v2\/users\/12504"}],"replies":[{"embeddable":true,"href":"https:\/\/blogi.savonia.fi\/evgenyzhikharev\/index.php?rest_route=%2Fwp%2Fv2%2Fcomments&post=99"}],"version-history":[{"count":5,"href":"https:\/\/blogi.savonia.fi\/evgenyzhikharev\/index.php?rest_route=\/wp\/v2\/pages\/99\/revisions"}],"predecessor-version":[{"id":124,"href":"https:\/\/blogi.savonia.fi\/evgenyzhikharev\/index.php?rest_route=\/wp\/v2\/pages\/99\/revisions\/124"}],"up":[{"embeddable":true,"href":"https:\/\/blogi.savonia.fi\/evgenyzhikharev\/index.php?rest_route=\/wp\/v2\/pages\/70"}],"wp:attachment":[{"href":"https:\/\/blogi.savonia.fi\/evgenyzhikharev\/index.php?rest_route=%2Fwp%2Fv2%2Fmedia&parent=99"}],"curies":[{"name":"wp","href":"https:\/\/api.w.org\/{rel}","templated":true}]}}