{"id":2,"date":"2024-11-11T18:53:11","date_gmt":"2024-11-11T16:53:11","guid":{"rendered":"https:\/\/blogi.savonia.fi\/fitnesspets\/?page_id=2"},"modified":"2024-12-02T12:41:38","modified_gmt":"2024-12-02T10:41:38","slug":"esittely","status":"publish","type":"page","link":"https:\/\/blogi.savonia.fi\/fitnesspets\/","title":{"rendered":"Tiedote"},"content":{"rendered":"\n<p class=\"has-text-align-center\"><strong>Lemmikit mukaan liikkumaan<\/strong><\/p>\n\n\n\n<p class=\"has-text-align-center\">Fitnesspets avaa uuden aktiviteettikeskuksen Kuopioon, jossa voit harrastaa yhdess\u00e4 lemmikkisi kanssa. Voit tulla t\u00e4nne kanisi, koirasi tai kissasi kanssa.&nbsp;<\/p>\n\n\n\n<p class=\"has-text-align-center\">Avaamme 1.1.2025 klo 10. Sijaitsemme Bellanrannassa osoitteessa Bellanranta 1, 70100 Kuopio.<\/p>\n\n\n\n<p class=\"has-text-align-center\">Tule ihmeess\u00e4 lemmikkisi kanssa!<\/p>\n\n\n\n<p class=\"has-text-align-center\">Liikuntaa ja hyvinvointia sek\u00e4 sinulle ett\u00e4 lemmikillesi. Meill\u00e4 on tarjolla muun muassa agility-rata, urheilusali erilaisilla v\u00e4lineill\u00e4 ja vaihtoehtona palauttava lemmikkijooga. Varaa aikasi ryhm\u00e4tunneille puhelimitse tai vuokraa tila omaan k\u00e4ytt\u00f6\u00f6si.&nbsp;<\/p>\n\n\n\n<p class=\"has-text-align-center\">Lis\u00e4tietoa voit saada ottamalla yhteytt\u00e4 puhelimitse tai pian nettisivujemme kautta.\u00a0<\/p>\n\n\n\n<p class=\"has-text-align-center\">Yhteystiedot: <\/p>\n\n\n\n<p class=\"has-text-align-center\">Julia Sutinen +3581234567&nbsp;<\/p>\n\n\n\n<p class=\"has-text-align-center\">Satu Uusitalo +3589675757<\/p>\n\n\n\n<p class=\"has-text-align-center\">Tervetuloa tutustumaan!<\/p>\n\n\n<div class=\"wp-block-image\">\n<figure class=\"aligncenter size-full\"><img loading=\"lazy\" decoding=\"async\" width=\"522\" height=\"434\" src=\"https:\/\/blogi.savonia.fi\/fitnesspets\/wp-content\/uploads\/sites\/14140\/2024\/11\/Fitnesspets-kuva-1.png\" alt=\"\" class=\"wp-image-40\" srcset=\"https:\/\/blogi.savonia.fi\/fitnesspets\/wp-content\/uploads\/sites\/14140\/2024\/11\/Fitnesspets-kuva-1.png 522w, https:\/\/blogi.savonia.fi\/fitnesspets\/wp-content\/uploads\/sites\/14140\/2024\/11\/Fitnesspets-kuva-1-300x249.png 300w\" sizes=\"auto, (max-width: 522px) 100vw, 522px\" \/><\/figure>\n<\/div>\n\n\n<p>l<\/p>\n\n\n\n<p><\/p>\n","protected":false},"excerpt":{"rendered":"<p>Lemmikit mukaan liikkumaan Fitnesspets avaa uuden aktiviteettikeskuksen Kuopioon, jossa voit harrastaa yhdess\u00e4 lemmikkisi kanssa. Voit tulla t\u00e4nne kanisi, koirasi tai kissasi kanssa.&nbsp; Avaamme 1.1.2025 klo 10. Sijaitsemme Bellanrannassa osoitteessa Bellanranta 1, 70100 Kuopio. Tule ihmeess\u00e4 lemmikkisi kanssa! Liikuntaa ja hyvinvointia sek\u00e4 sinulle ett\u00e4 lemmikillesi. Meill\u00e4 on tarjolla muun muassa agility-rata, urheilusali erilaisilla v\u00e4lineill\u00e4 ja vaihtoehtona&#8230;<\/p>\n","protected":false},"author":11739,"featured_media":0,"parent":0,"menu_order":0,"comment_status":"closed","ping_status":"open","template":"","meta":{"footnotes":""},"class_list":["post-2","page","type-page","status-publish","hentry"],"_links":{"self":[{"href":"https:\/\/blogi.savonia.fi\/fitnesspets\/wp-json\/wp\/v2\/pages\/2","targetHints":{"allow":["GET"]}}],"collection":[{"href":"https:\/\/blogi.savonia.fi\/fitnesspets\/wp-json\/wp\/v2\/pages"}],"about":[{"href":"https:\/\/blogi.savonia.fi\/fitnesspets\/wp-json\/wp\/v2\/types\/page"}],"author":[{"embeddable":true,"href":"https:\/\/blogi.savonia.fi\/fitnesspets\/wp-json\/wp\/v2\/users\/11739"}],"replies":[{"embeddable":true,"href":"https:\/\/blogi.savonia.fi\/fitnesspets\/wp-json\/wp\/v2\/comments?post=2"}],"version-history":[{"count":14,"href":"https:\/\/blogi.savonia.fi\/fitnesspets\/wp-json\/wp\/v2\/pages\/2\/revisions"}],"predecessor-version":[{"id":120,"href":"https:\/\/blogi.savonia.fi\/fitnesspets\/wp-json\/wp\/v2\/pages\/2\/revisions\/120"}],"wp:attachment":[{"href":"https:\/\/blogi.savonia.fi\/fitnesspets\/wp-json\/wp\/v2\/media?parent=2"}],"curies":[{"name":"wp","href":"https:\/\/api.w.org\/{rel}","templated":true}]}}