{"id":72,"date":"2024-11-23T16:16:24","date_gmt":"2024-11-23T14:16:24","guid":{"rendered":"https:\/\/blogi.savonia.fi\/fitnesspets\/?page_id=72"},"modified":"2024-12-02T12:59:57","modified_gmt":"2024-12-02T10:59:57","slug":"etusivu","status":"publish","type":"page","link":"https:\/\/blogi.savonia.fi\/fitnesspets\/etusivu\/","title":{"rendered":"Etusivu"},"content":{"rendered":"\n<figure class=\"wp-block-gallery has-nested-images columns-default is-cropped wp-block-gallery-1 is-layout-flex wp-block-gallery-is-layout-flex\"><\/figure>\n\n\n\n<p>Tavoitteemme on olla Suomen suurin aktiviteettikeskus el\u00e4imille sek\u00e4 ihmisille. Jopa Suomen ainoa t\u00e4m\u00e4ntyyppisen palvelun tarjoaja.<\/p>\n\n\n\n<p>Olemme rakentaneet Bellanrantaan suuren kolmikerroksisen tilan laajalle ulkoilualueelle. Meilt\u00e4 l\u00f6ytyy kolme ulkokentt\u00e4\u00e4 ja kaksi sis\u00e4kentt\u00e4\u00e4, joissa voi harjoitella j\u00e4ljest\u00e4mist\u00e4, agilitya tai pelastusteht\u00e4vi\u00e4. Ulkoilureittimme ovat monipuoliset ja kulkevat pitkin Kallaveden rantaa.<\/p>\n\n\n\n<p>Arvoihimme kuuluu yhteis\u00f6llisyys, liikunta, tunnesiteen syvent\u00e4minen ja monipuolisen hyvinvoinnin kehitt\u00e4minen. N\u00e4m\u00e4 arvot ovat t\u00e4rkeit\u00e4 niin ihmisille kuin el\u00e4imillekin.<\/p>\n\n\n\n<p>T\u00e4ll\u00e4 hetkell\u00e4 palvelumme tarjoavat aktiviteettej\u00e4 koirille, kissoille ja kaneille. Teemme yhteisty\u00f6t\u00e4 Pohjois-Savon alueellisen pelastuslaitoksen kanssa ja tarjoamme tilat pelastuskoirien varhaiseen koulutukseen sek\u00e4 oikeanlaisen lihaskunnon yll\u00e4pit\u00e4miseen pelastusteht\u00e4viss\u00e4.<\/p>\n\n\n\n<p><\/p>\n\n\n\n<p><\/p>\n","protected":false},"excerpt":{"rendered":"<p>Tavoitteemme on olla Suomen suurin aktiviteettikeskus el\u00e4imille sek\u00e4 ihmisille. Jopa Suomen ainoa t\u00e4m\u00e4ntyyppisen palvelun tarjoaja. Olemme rakentaneet Bellanrantaan suuren kolmikerroksisen tilan laajalle ulkoilualueelle. Meilt\u00e4 l\u00f6ytyy kolme ulkokentt\u00e4\u00e4 ja kaksi sis\u00e4kentt\u00e4\u00e4, joissa voi harjoitella j\u00e4ljest\u00e4mist\u00e4, agilitya tai pelastusteht\u00e4vi\u00e4. Ulkoilureittimme ovat monipuoliset ja kulkevat pitkin Kallaveden rantaa. Arvoihimme kuuluu yhteis\u00f6llisyys, liikunta, tunnesiteen syvent\u00e4minen ja monipuolisen hyvinvoinnin kehitt\u00e4minen&#8230;.<\/p>\n","protected":false},"author":11739,"featured_media":0,"parent":0,"menu_order":0,"comment_status":"closed","ping_status":"closed","template":"","meta":{"footnotes":""},"class_list":["post-72","page","type-page","status-publish","hentry"],"_links":{"self":[{"href":"https:\/\/blogi.savonia.fi\/fitnesspets\/wp-json\/wp\/v2\/pages\/72","targetHints":{"allow":["GET"]}}],"collection":[{"href":"https:\/\/blogi.savonia.fi\/fitnesspets\/wp-json\/wp\/v2\/pages"}],"about":[{"href":"https:\/\/blogi.savonia.fi\/fitnesspets\/wp-json\/wp\/v2\/types\/page"}],"author":[{"embeddable":true,"href":"https:\/\/blogi.savonia.fi\/fitnesspets\/wp-json\/wp\/v2\/users\/11739"}],"replies":[{"embeddable":true,"href":"https:\/\/blogi.savonia.fi\/fitnesspets\/wp-json\/wp\/v2\/comments?post=72"}],"version-history":[{"count":4,"href":"https:\/\/blogi.savonia.fi\/fitnesspets\/wp-json\/wp\/v2\/pages\/72\/revisions"}],"predecessor-version":[{"id":122,"href":"https:\/\/blogi.savonia.fi\/fitnesspets\/wp-json\/wp\/v2\/pages\/72\/revisions\/122"}],"wp:attachment":[{"href":"https:\/\/blogi.savonia.fi\/fitnesspets\/wp-json\/wp\/v2\/media?parent=72"}],"curies":[{"name":"wp","href":"https:\/\/api.w.org\/{rel}","templated":true}]}}