{"id":103,"date":"2024-11-25T14:03:37","date_gmt":"2024-11-25T12:03:37","guid":{"rendered":"https:\/\/blogi.savonia.fi\/forestacateringoy\/?page_id=103"},"modified":"2024-11-25T14:05:12","modified_gmt":"2024-11-25T12:05:12","slug":"catering-juhlapalvelu","status":"publish","type":"page","link":"https:\/\/blogi.savonia.fi\/forestacateringoy\/catering-juhlapalvelu\/","title":{"rendered":"Catering &#8211; Juhlapalvelu"},"content":{"rendered":"\n<div class=\"wp-block-group alignfull has-accent-2-background-color has-background has-global-padding is-layout-constrained wp-container-core-group-is-layout-669513ed wp-block-group-is-layout-constrained\" style=\"margin-top:0;margin-bottom:0;padding-top:var(--wp--preset--spacing--50);padding-right:var(--wp--preset--spacing--50);padding-bottom:var(--wp--preset--spacing--50);padding-left:var(--wp--preset--spacing--50)\">\n<div class=\"wp-block-columns alignwide is-layout-flex wp-container-core-columns-is-layout-28f84493 wp-block-columns-is-layout-flex\">\n<div class=\"wp-block-column is-layout-flow wp-block-column-is-layout-flow\" style=\"flex-basis:40%\">\n<p class=\"wp-container-content-0733e5d0\">Kokonaisuus<\/p>\n<\/div>\n\n\n\n<div class=\"wp-block-column is-layout-flow wp-block-column-is-layout-flow\" style=\"flex-basis:60%\">\n<p class=\"has-system-serif-font-family has-x-large-font-size\" style=\"line-height:1.2\">Palvelumme tilatessa saat sek\u00e4 kattavan ruoka- ja juomatarjoilun, mutta my\u00f6s p\u00f6yt\u00e4koristelut, tarvittavan henkil\u00f6kunnan ja ylellisen sek\u00e4 tunnelmallisen kokemuksen!<\/p>\n<\/div>\n<\/div>\n\n\n\n<div style=\"height:var(--wp--preset--spacing--40)\" aria-hidden=\"true\" class=\"wp-block-spacer\"><\/div>\n\n\n\n<figure class=\"wp-block-image alignwide size-large is-style-rounded is-style-rounded--1\" style=\"margin-top:0;margin-right:0;margin-bottom:0;margin-left:0\"><img loading=\"lazy\" decoding=\"async\" width=\"854\" height=\"854\" src=\"https:\/\/blogi.savonia.fi\/forestacateringoy\/wp-content\/uploads\/sites\/14115\/2024\/11\/platting-4282016_1280-edited.jpg\" alt=\"\" class=\"wp-image-107\" srcset=\"https:\/\/blogi.savonia.fi\/forestacateringoy\/wp-content\/uploads\/sites\/14115\/2024\/11\/platting-4282016_1280-edited.jpg 854w, https:\/\/blogi.savonia.fi\/forestacateringoy\/wp-content\/uploads\/sites\/14115\/2024\/11\/platting-4282016_1280-edited-300x300.jpg 300w, https:\/\/blogi.savonia.fi\/forestacateringoy\/wp-content\/uploads\/sites\/14115\/2024\/11\/platting-4282016_1280-edited-150x150.jpg 150w, https:\/\/blogi.savonia.fi\/forestacateringoy\/wp-content\/uploads\/sites\/14115\/2024\/11\/platting-4282016_1280-edited-768x768.jpg 768w\" sizes=\"auto, (max-width: 854px) 100vw, 854px\" \/><\/figure>\n<\/div>\n\n\n\n<div class=\"wp-block-group alignfull has-base-background-color has-background has-global-padding is-layout-constrained wp-container-core-group-is-layout-d89aad35 wp-block-group-is-layout-constrained\" style=\"margin-top:0;margin-bottom:0;padding-top:var(--wp--preset--spacing--50);padding-right:var(--wp--preset--spacing--50);padding-bottom:var(--wp--preset--spacing--50);padding-left:var(--wp--preset--spacing--50)\">\n<div class=\"wp-block-columns alignwide is-layout-flex wp-container-core-columns-is-layout-549b0c86 wp-block-columns-is-layout-flex\">\n<div class=\"wp-block-column has-global-padding is-content-justification-left is-layout-constrained wp-container-core-column-is-layout-4f15e8fe wp-block-column-is-layout-constrained\" style=\"flex-basis:40%\">\n<p>Sinun n\u00e4k\u00f6inen palvelu<\/p>\n<\/div>\n\n\n\n<div class=\"wp-block-column is-layout-flow wp-container-core-column-is-layout-119bc444 wp-block-column-is-layout-flow\" style=\"flex-basis:60%\">\n<p class=\"has-system-serif-font-family has-x-large-font-size\" style=\"line-height:1.2\">Menu &#8211; valikoimastamme saat valita haluamasi pohjan, johon voimme tehd\u00e4 muokkauksia toivomuksiesi mukaan.<\/p>\n\n\n\n<div class=\"wp-block-columns is-layout-flex wp-container-core-columns-is-layout-87beb0d0 wp-block-columns-is-layout-flex\">\n<div class=\"wp-block-column is-layout-flow wp-block-column-is-layout-flow\">\n<p class=\"wp-container-content-9cfa9a5a\"><\/p>\n<\/div>\n\n\n\n<div class=\"wp-block-column is-layout-flow wp-block-column-is-layout-flow\">\n<p><\/p>\n<\/div>\n<\/div>\n<\/div>\n<\/div>\n<\/div>\n\n\n\n<div class=\"wp-block-cover alignfull has-parallax\" style=\"padding-top:var(--wp--preset--spacing--50);padding-right:var(--wp--preset--spacing--50);padding-bottom:var(--wp--preset--spacing--50);padding-left:var(--wp--preset--spacing--50);min-height:100vh;aspect-ratio:unset;\"><span aria-hidden=\"true\" class=\"wp-block-cover__background has-base-background-color has-background-dim-0 has-background-dim\"><\/span><div class=\"wp-block-cover__image-background wp-image-106 has-parallax\" style=\"background-position:50% 50%;background-image:url(https:\/\/blogi.savonia.fi\/forestacateringoy\/wp-content\/uploads\/sites\/14115\/2024\/11\/coffee-shop-393954_1280.jpg)\"><\/div><div class=\"wp-block-cover__inner-container has-global-padding is-layout-constrained wp-container-core-cover-is-layout-e4fd886c wp-block-cover-is-layout-constrained\">\n<div style=\"height:500px\" aria-hidden=\"true\" class=\"wp-block-spacer\"><\/div>\n<\/div><\/div>\n\n\n\n<div class=\"wp-block-group alignfull has-base-2-background-color has-background has-global-padding is-layout-constrained wp-container-core-group-is-layout-7cd14b77 wp-block-group-is-layout-constrained\" style=\"margin-top:0;margin-bottom:0;padding-top:var(--wp--preset--spacing--60);padding-right:var(--wp--preset--spacing--60);padding-bottom:var(--wp--preset--spacing--60);padding-left:var(--wp--preset--spacing--60)\">\n<div class=\"wp-block-group alignwide is-layout-flow wp-block-group-is-layout-flow\">\n<div style=\"height:var(--wp--preset--spacing--50)\" aria-hidden=\"true\" class=\"wp-block-spacer\"><\/div>\n\n\n\n<p class=\"has-text-align-center has-system-serif-font-family has-x-large-font-size\" style=\"font-style:normal;font-weight:400;line-height:1.2\">Emme ole vain pitopalvelu, vaan my\u00f6s tunnelman luoja! Kykenemme luomaan joko rennon ja menev\u00e4n kokonaisuuden, tai ylellisen ja tunnelmallisen palvelukokonaisuuden! <\/p>\n\n\n\n<div style=\"height:var(--wp--preset--spacing--50)\" aria-hidden=\"true\" class=\"wp-block-spacer\"><\/div>\n<\/div>\n<\/div>\n\n\n\n<div class=\"wp-block-group alignfull has-base-2-color has-contrast-background-color has-text-color has-background has-link-color wp-elements-81f1d7211aff727556e61eeae27c545b has-global-padding is-layout-constrained wp-container-core-group-is-layout-facafb6f wp-block-group-is-layout-constrained\" style=\"margin-top:0;margin-bottom:0;padding-top:var(--wp--preset--spacing--50);padding-right:var(--wp--preset--spacing--50);padding-bottom:var(--wp--preset--spacing--50);padding-left:var(--wp--preset--spacing--50)\">\n<div class=\"wp-block-columns alignwide is-layout-flex wp-container-core-columns-is-layout-d1c656ed wp-block-columns-is-layout-flex\">\n<div class=\"wp-block-column is-vertically-aligned-stretch is-layout-flow wp-block-column-is-layout-flow\" style=\"padding-right:0;flex-basis:60%\">\n<div class=\"wp-block-group is-vertical is-content-justification-stretch is-layout-flex wp-container-core-group-is-layout-ae24f51d wp-block-group-is-layout-flex\" style=\"min-height:100%\">\n<figure class=\"wp-block-image size-large is-style-rounded is-style-rounded--2\"><img loading=\"lazy\" decoding=\"async\" width=\"1024\" height=\"682\" src=\"https:\/\/blogi.savonia.fi\/forestacateringoy\/wp-content\/uploads\/sites\/14115\/2024\/11\/food-1685942_1280-1024x682.jpg\" alt=\"\" class=\"wp-image-41\" style=\"aspect-ratio:9\/16;object-fit:cover\" srcset=\"https:\/\/blogi.savonia.fi\/forestacateringoy\/wp-content\/uploads\/sites\/14115\/2024\/11\/food-1685942_1280-1024x682.jpg 1024w, https:\/\/blogi.savonia.fi\/forestacateringoy\/wp-content\/uploads\/sites\/14115\/2024\/11\/food-1685942_1280-300x200.jpg 300w, https:\/\/blogi.savonia.fi\/forestacateringoy\/wp-content\/uploads\/sites\/14115\/2024\/11\/food-1685942_1280-768x512.jpg 768w, https:\/\/blogi.savonia.fi\/forestacateringoy\/wp-content\/uploads\/sites\/14115\/2024\/11\/food-1685942_1280.jpg 1280w\" sizes=\"auto, (max-width: 1024px) 100vw, 1024px\" \/><\/figure>\n\n\n\n<p class=\"has-medium-font-size\"><\/p>\n<\/div>\n<\/div>\n\n\n\n<div class=\"wp-block-column is-layout-flow wp-block-column-is-layout-flow\" style=\"flex-basis:40%\">\n<div class=\"wp-block-group has-global-padding is-layout-constrained wp-block-group-is-layout-constrained\">\n<p class=\"has-large-font-size\" style=\"font-style:normal;font-weight:500;line-height:1.2\"><\/p>\n\n\n\n<div style=\"height:var(--wp--preset--spacing--40)\" aria-hidden=\"true\" class=\"wp-block-spacer\"><\/div>\n\n\n\n<div class=\"wp-block-group is-layout-flow wp-block-group-is-layout-flow\">\n<p class=\"has-medium-font-size\"><\/p>\n\n\n\n<figure class=\"wp-block-image size-large is-style-rounded is-style-rounded--3\"><img loading=\"lazy\" decoding=\"async\" width=\"1024\" height=\"683\" src=\"https:\/\/blogi.savonia.fi\/forestacateringoy\/wp-content\/uploads\/sites\/14115\/2024\/11\/food-5282718_1280-1024x683.jpg\" alt=\"\" class=\"wp-image-109\" style=\"aspect-ratio:9\/16;object-fit:cover\" srcset=\"https:\/\/blogi.savonia.fi\/forestacateringoy\/wp-content\/uploads\/sites\/14115\/2024\/11\/food-5282718_1280-1024x683.jpg 1024w, https:\/\/blogi.savonia.fi\/forestacateringoy\/wp-content\/uploads\/sites\/14115\/2024\/11\/food-5282718_1280-300x200.jpg 300w, https:\/\/blogi.savonia.fi\/forestacateringoy\/wp-content\/uploads\/sites\/14115\/2024\/11\/food-5282718_1280-768x512.jpg 768w, https:\/\/blogi.savonia.fi\/forestacateringoy\/wp-content\/uploads\/sites\/14115\/2024\/11\/food-5282718_1280.jpg 1280w\" sizes=\"auto, (max-width: 1024px) 100vw, 1024px\" \/><\/figure>\n<\/div>\n<\/div>\n<\/div>\n<\/div>\n<\/div>\n","protected":false},"excerpt":{"rendered":"<p>Kokonaisuus Palvelumme tilatessa saat sek\u00e4 kattavan ruoka- ja juomatarjoilun, mutta my\u00f6s p\u00f6yt\u00e4koristelut, tarvittavan henkil\u00f6kunnan ja ylellisen sek\u00e4 tunnelmallisen kokemuksen! Sinun n\u00e4k\u00f6inen palvelu Menu &#8211; valikoimastamme saat valita haluamasi pohjan, johon voimme tehd\u00e4 muokkauksia toivomuksiesi mukaan. Emme ole vain pitopalvelu, vaan my\u00f6s tunnelman luoja! Kykenemme luomaan joko rennon ja menev\u00e4n kokonaisuuden, tai ylellisen ja tunnelmallisen palvelukokonaisuuden!<\/p>\n","protected":false},"author":12232,"featured_media":0,"parent":0,"menu_order":0,"comment_status":"closed","ping_status":"closed","template":"","meta":{"footnotes":""},"class_list":["post-103","page","type-page","status-publish","hentry"],"_links":{"self":[{"href":"https:\/\/blogi.savonia.fi\/forestacateringoy\/wp-json\/wp\/v2\/pages\/103","targetHints":{"allow":["GET"]}}],"collection":[{"href":"https:\/\/blogi.savonia.fi\/forestacateringoy\/wp-json\/wp\/v2\/pages"}],"about":[{"href":"https:\/\/blogi.savonia.fi\/forestacateringoy\/wp-json\/wp\/v2\/types\/page"}],"author":[{"embeddable":true,"href":"https:\/\/blogi.savonia.fi\/forestacateringoy\/wp-json\/wp\/v2\/users\/12232"}],"replies":[{"embeddable":true,"href":"https:\/\/blogi.savonia.fi\/forestacateringoy\/wp-json\/wp\/v2\/comments?post=103"}],"version-history":[{"count":2,"href":"https:\/\/blogi.savonia.fi\/forestacateringoy\/wp-json\/wp\/v2\/pages\/103\/revisions"}],"predecessor-version":[{"id":112,"href":"https:\/\/blogi.savonia.fi\/forestacateringoy\/wp-json\/wp\/v2\/pages\/103\/revisions\/112"}],"wp:attachment":[{"href":"https:\/\/blogi.savonia.fi\/forestacateringoy\/wp-json\/wp\/v2\/media?parent=103"}],"curies":[{"name":"wp","href":"https:\/\/api.w.org\/{rel}","templated":true}]}}