{"id":128,"date":"2024-11-26T10:59:35","date_gmt":"2024-11-26T08:59:35","guid":{"rendered":"https:\/\/blogi.savonia.fi\/forestacateringoy\/?page_id=128"},"modified":"2024-11-26T10:59:35","modified_gmt":"2024-11-26T08:59:35","slug":"hinnasto","status":"publish","type":"page","link":"https:\/\/blogi.savonia.fi\/forestacateringoy\/hinnasto\/","title":{"rendered":"Hinnasto"},"content":{"rendered":"\n<div class=\"wp-block-group alignfull has-accent-3-background-color has-background is-vertical is-content-justification-center is-layout-flex wp-container-core-group-is-layout-623b1cb9 wp-block-group-is-layout-flex\" style=\"min-height:100vh;margin-top:0;margin-bottom:0;padding-top:var(--wp--preset--spacing--60);padding-right:var(--wp--preset--spacing--50);padding-bottom:var(--wp--preset--spacing--60);padding-left:var(--wp--preset--spacing--50)\">\n<div class=\"wp-block-group has-global-padding is-layout-constrained wp-block-group-is-layout-constrained\">\n<figure class=\"wp-block-image aligncenter size-full is-resized\"><img loading=\"lazy\" decoding=\"async\" width=\"2560\" height=\"1707\" src=\"https:\/\/blogi.savonia.fi\/forestacateringoy\/wp-content\/uploads\/sites\/14115\/2024\/11\/pexels-valeriya-1123260-scaled.jpg\" alt=\"\" class=\"wp-image-25\" style=\"aspect-ratio:0.9183673469387755;object-fit:cover;width:299px;height:auto\" srcset=\"https:\/\/blogi.savonia.fi\/forestacateringoy\/wp-content\/uploads\/sites\/14115\/2024\/11\/pexels-valeriya-1123260-scaled.jpg 2560w, https:\/\/blogi.savonia.fi\/forestacateringoy\/wp-content\/uploads\/sites\/14115\/2024\/11\/pexels-valeriya-1123260-300x200.jpg 300w, https:\/\/blogi.savonia.fi\/forestacateringoy\/wp-content\/uploads\/sites\/14115\/2024\/11\/pexels-valeriya-1123260-1024x683.jpg 1024w, https:\/\/blogi.savonia.fi\/forestacateringoy\/wp-content\/uploads\/sites\/14115\/2024\/11\/pexels-valeriya-1123260-768x512.jpg 768w, https:\/\/blogi.savonia.fi\/forestacateringoy\/wp-content\/uploads\/sites\/14115\/2024\/11\/pexels-valeriya-1123260-1536x1024.jpg 1536w, https:\/\/blogi.savonia.fi\/forestacateringoy\/wp-content\/uploads\/sites\/14115\/2024\/11\/pexels-valeriya-1123260-2048x1365.jpg 2048w\" sizes=\"auto, (max-width: 2560px) 100vw, 2560px\" \/><\/figure>\n\n\n\n<div style=\"height:var(--wp--preset--spacing--10)\" aria-hidden=\"true\" class=\"wp-block-spacer\"><\/div>\n\n\n\n<h2 class=\"wp-block-heading has-text-align-center has-contrast-color has-text-color has-link-color has-x-large-font-size wp-elements-9cb2c38d181642303031de605c03fa8c\" style=\"margin-right:0;margin-left:0;padding-right:0;padding-left:0\">Hinnastot<\/h2>\n\n\n\n<p>Menujen hinnat l\u00f6yd\u00e4t Menut v\u00e4lilehdelt\u00e4, sen lis\u00e4ksi meilt\u00e4 on varattavissa astiavuokraus ja koristelu!<\/p>\n\n\n\n<p>Astiavuokraus: 4 \u20ac \/ per henkil\u00f6 (rikkoutuneesta astiasta 2 \u20ac maksu)<\/p>\n\n\n\n<p>Koristelu: Riippuen tilaisuuden koosta: 100 \u20ac &#8211; 400 \u20ac<\/p>\n\n\n\n<p>Siivous ja tarjoilu palvelut: Riippuen tilaisuuden koosta: 100 \u20ac &#8211; 500 \u20ac<\/p>\n<\/div>\n<\/div>\n\n\n\n<p><\/p>\n","protected":false},"excerpt":{"rendered":"<p>Hinnastot Menujen hinnat l\u00f6yd\u00e4t Menut v\u00e4lilehdelt\u00e4, sen lis\u00e4ksi meilt\u00e4 on varattavissa astiavuokraus ja koristelu! Astiavuokraus: 4 \u20ac \/ per henkil\u00f6 (rikkoutuneesta astiasta 2 \u20ac maksu) Koristelu: Riippuen tilaisuuden koosta: 100 \u20ac &#8211; 400 \u20ac Siivous ja tarjoilu palvelut: Riippuen tilaisuuden koosta: 100 \u20ac &#8211; 500 \u20ac<\/p>\n","protected":false},"author":12232,"featured_media":0,"parent":0,"menu_order":0,"comment_status":"closed","ping_status":"closed","template":"","meta":{"footnotes":""},"class_list":["post-128","page","type-page","status-publish","hentry"],"_links":{"self":[{"href":"https:\/\/blogi.savonia.fi\/forestacateringoy\/wp-json\/wp\/v2\/pages\/128","targetHints":{"allow":["GET"]}}],"collection":[{"href":"https:\/\/blogi.savonia.fi\/forestacateringoy\/wp-json\/wp\/v2\/pages"}],"about":[{"href":"https:\/\/blogi.savonia.fi\/forestacateringoy\/wp-json\/wp\/v2\/types\/page"}],"author":[{"embeddable":true,"href":"https:\/\/blogi.savonia.fi\/forestacateringoy\/wp-json\/wp\/v2\/users\/12232"}],"replies":[{"embeddable":true,"href":"https:\/\/blogi.savonia.fi\/forestacateringoy\/wp-json\/wp\/v2\/comments?post=128"}],"version-history":[{"count":1,"href":"https:\/\/blogi.savonia.fi\/forestacateringoy\/wp-json\/wp\/v2\/pages\/128\/revisions"}],"predecessor-version":[{"id":130,"href":"https:\/\/blogi.savonia.fi\/forestacateringoy\/wp-json\/wp\/v2\/pages\/128\/revisions\/130"}],"wp:attachment":[{"href":"https:\/\/blogi.savonia.fi\/forestacateringoy\/wp-json\/wp\/v2\/media?parent=128"}],"curies":[{"name":"wp","href":"https:\/\/api.w.org\/{rel}","templated":true}]}}