{"id":13,"date":"2024-11-08T13:54:32","date_gmt":"2024-11-08T11:54:32","guid":{"rendered":"https:\/\/blogi.savonia.fi\/forestacateringoy\/?page_id=13"},"modified":"2024-11-26T13:59:41","modified_gmt":"2024-11-26T11:59:41","slug":"ajanvaraus","status":"publish","type":"page","link":"https:\/\/blogi.savonia.fi\/forestacateringoy\/ajanvaraus\/","title":{"rendered":"Yhteystiedot"},"content":{"rendered":"\n<figure class=\"wp-block-gallery has-nested-images columns-default is-cropped wp-block-gallery-1 is-layout-flex wp-block-gallery-is-layout-flex\">\n<figure class=\"wp-block-image size-full\"><img loading=\"lazy\" decoding=\"async\" width=\"943\" height=\"707\" data-id=\"151\" src=\"https:\/\/blogi.savonia.fi\/forestacateringoy\/wp-content\/uploads\/sites\/14115\/2024\/11\/logo-edited-1.jpeg\" alt=\"\" class=\"wp-image-151\" srcset=\"https:\/\/blogi.savonia.fi\/forestacateringoy\/wp-content\/uploads\/sites\/14115\/2024\/11\/logo-edited-1.jpeg 943w, https:\/\/blogi.savonia.fi\/forestacateringoy\/wp-content\/uploads\/sites\/14115\/2024\/11\/logo-edited-1-300x225.jpeg 300w, https:\/\/blogi.savonia.fi\/forestacateringoy\/wp-content\/uploads\/sites\/14115\/2024\/11\/logo-edited-1-768x576.jpeg 768w\" sizes=\"auto, (max-width: 943px) 100vw, 943px\" \/><\/figure>\n<\/figure>\n\n\n\n<p>Haluamme luoda sinulle mahdollisimman ainutlaatuisen kokemuksen! Voit varata meille keskustelu ajan, joko puhelinitse tai meid\u00e4n toimistolle, jolloin p\u00e4\u00e4semme keskustelemaan ideanne toteutuksesta. <\/p>\n\n\n\n<div class=\"wp-block-group has-global-padding is-layout-constrained wp-block-group-is-layout-constrained\">\n<p><strong>Puhelinnumero: <\/strong><\/p>\n\n\n\n<p>045 9495 0029<\/p>\n\n\n\n<p><\/p>\n\n\n\n<p><strong>S\u00e4hk\u00f6posti:<\/strong> <\/p>\n\n\n\n<p>forestacatering@gmail.com<\/p>\n\n\n\n<p><\/p>\n\n\n\n<p><strong>Osoite:<\/strong> <\/p>\n\n\n\n<p>Microkatu 1, Kuopio, 70201<\/p>\n\n\n\n<p><\/p>\n\n\n\n<p><strong>Y-tunnus:<\/strong> <\/p>\n\n\n\n<p>0038831-6<\/p>\n<\/div>\n\n\n\n<p><\/p>\n","protected":false},"excerpt":{"rendered":"<p>Haluamme luoda sinulle mahdollisimman ainutlaatuisen kokemuksen! Voit varata meille keskustelu ajan, joko puhelinitse tai meid\u00e4n toimistolle, jolloin p\u00e4\u00e4semme keskustelemaan ideanne toteutuksesta. Puhelinnumero: 045 9495 0029 S\u00e4hk\u00f6posti: forestacatering@gmail.com Osoite: Microkatu 1, Kuopio, 70201 Y-tunnus: 0038831-6<\/p>\n","protected":false},"author":12232,"featured_media":0,"parent":0,"menu_order":0,"comment_status":"closed","ping_status":"closed","template":"","meta":{"footnotes":""},"class_list":["post-13","page","type-page","status-publish","hentry"],"_links":{"self":[{"href":"https:\/\/blogi.savonia.fi\/forestacateringoy\/wp-json\/wp\/v2\/pages\/13","targetHints":{"allow":["GET"]}}],"collection":[{"href":"https:\/\/blogi.savonia.fi\/forestacateringoy\/wp-json\/wp\/v2\/pages"}],"about":[{"href":"https:\/\/blogi.savonia.fi\/forestacateringoy\/wp-json\/wp\/v2\/types\/page"}],"author":[{"embeddable":true,"href":"https:\/\/blogi.savonia.fi\/forestacateringoy\/wp-json\/wp\/v2\/users\/12232"}],"replies":[{"embeddable":true,"href":"https:\/\/blogi.savonia.fi\/forestacateringoy\/wp-json\/wp\/v2\/comments?post=13"}],"version-history":[{"count":4,"href":"https:\/\/blogi.savonia.fi\/forestacateringoy\/wp-json\/wp\/v2\/pages\/13\/revisions"}],"predecessor-version":[{"id":153,"href":"https:\/\/blogi.savonia.fi\/forestacateringoy\/wp-json\/wp\/v2\/pages\/13\/revisions\/153"}],"wp:attachment":[{"href":"https:\/\/blogi.savonia.fi\/forestacateringoy\/wp-json\/wp\/v2\/media?parent=13"}],"curies":[{"name":"wp","href":"https:\/\/api.w.org\/{rel}","templated":true}]}}