{"id":171,"date":"2024-11-26T20:56:29","date_gmt":"2024-11-26T18:56:29","guid":{"rendered":"https:\/\/blogi.savonia.fi\/forestacateringoy\/?page_id=171"},"modified":"2024-11-26T20:56:29","modified_gmt":"2024-11-26T18:56:29","slug":"menu","status":"publish","type":"page","link":"https:\/\/blogi.savonia.fi\/forestacateringoy\/menu\/","title":{"rendered":"Menu"},"content":{"rendered":"\n<div class=\"wp-block-group alignfull has-global-padding is-layout-constrained wp-container-core-group-is-layout-669513ed wp-block-group-is-layout-constrained\" style=\"margin-top:0;margin-bottom:0;padding-top:var(--wp--preset--spacing--50);padding-right:var(--wp--preset--spacing--50);padding-bottom:var(--wp--preset--spacing--50);padding-left:var(--wp--preset--spacing--50)\">\n<div class=\"wp-block-group alignwide has-base-2-background-color has-background has-global-padding is-layout-constrained wp-container-core-group-is-layout-a151063b wp-block-group-is-layout-constrained\" style=\"border-radius:16px;padding-top:var(--wp--preset--spacing--50);padding-right:var(--wp--preset--spacing--40);padding-bottom:var(--wp--preset--spacing--50);padding-left:var(--wp--preset--spacing--40)\">\n<div class=\"wp-block-group alignwide is-vertical is-content-justification-stretch is-layout-flex wp-container-core-group-is-layout-353c4f5a wp-block-group-is-layout-flex\">\n<h2 class=\"wp-block-heading has-text-align-center\">MENUT<\/h2>\n\n\n\n<p class=\"has-text-align-center\" style=\"margin-top:var(--wp--preset--spacing--10);font-size:clamp(0.875rem, 0.875rem + ((1vw - 0.2rem) * 0.417), 1.125rem);\">Kaikista menuista saatavilla my\u00f6s kasvisvaihtoehto, sek\u00e4 gluteeniton vaihtoehto. Ilmoita ajoissa muista mahdollisista allergioista!<\/p>\n\n\n\n<p><\/p>\n\n\n\n<p class=\"has-text-align-center\"><\/p>\n<\/div>\n\n\n\n<div style=\"height:0px\" aria-hidden=\"true\" class=\"wp-block-spacer\"><\/div>\n\n\n\n<div class=\"wp-block-columns alignwide is-layout-flex wp-container-core-columns-is-layout-06670bbc wp-block-columns-is-layout-flex\">\n<div class=\"wp-block-column is-layout-flow wp-block-column-is-layout-flow\" style=\"border-top-color:var(--wp--preset--color--contrast-3);border-top-width:1px;padding-top:var(--wp--preset--spacing--30);padding-right:var(--wp--preset--spacing--30);padding-bottom:var(--wp--preset--spacing--10);padding-left:var(--wp--preset--spacing--30)\">\n<h4 class=\"wp-block-heading has-text-align-center has-medium-font-size\" style=\"padding-top:1px\"><\/h4>\n\n\n\n<h6 class=\"wp-block-heading has-text-align-center has-x-large-font-size\">Menu 1<\/h6>\n\n\n\n<div style=\"height:var(--wp--preset--spacing--10)\" aria-hidden=\"true\" class=\"wp-block-spacer\"><\/div>\n\n\n\n<div class=\"wp-block-group is-vertical is-content-justification-stretch is-layout-flex wp-container-core-group-is-layout-353c4f5a wp-block-group-is-layout-flex\">\n<p class=\"has-text-align-center\">Alkuruoka:<\/p>\n\n\n\n<p class=\"has-text-align-center\">Antipasti: Ohuen ohueksi viipaloitua poroa, juustoja, leikkeleit\u00e4 ja mustikkahilloa&nbsp;<\/p>\n\n\n\n<hr class=\"wp-block-separator has-text-color has-contrast-3-color has-alpha-channel-opacity has-contrast-3-background-color has-background is-style-wide\" \/>\n\n\n\n<p class=\"has-text-align-center has-contrast-2-color has-text-color has-link-color wp-elements-e5982d7cb8868f924e80e1249e1b84ae\">P\u00e4\u00e4ruoka:<\/p>\n\n\n\n<p class=\"has-text-align-center\">Paistettu kuha ja sitruunarisotto, lis\u00e4ksi marinoituja herkkusieni\u00e4&nbsp;<\/p>\n\n\n\n<hr class=\"wp-block-separator has-text-color has-contrast-3-color has-alpha-channel-opacity has-contrast-3-background-color has-background is-style-wide\" \/>\n\n\n\n<p class=\"has-text-align-center has-contrast-2-color has-text-color has-link-color wp-elements-50d8c57f2e98c1fb0b30b1afd97c9331\"><strong>J\u00e4lkiruoka:<\/strong><\/p>\n\n\n\n<p class=\"has-text-align-center\">Mustikka-puolukka pannacotta&nbsp;<\/p>\n<\/div>\n\n\n\n<p class=\"has-text-align-center\"><strong>60 \u20ac \/ hl\u00f6<\/strong><\/p>\n\n\n\n<div style=\"height:16px\" aria-hidden=\"true\" class=\"wp-block-spacer\"><\/div>\n<\/div>\n\n\n\n<div class=\"wp-block-column is-layout-flow wp-block-column-is-layout-flow\" style=\"border-top-color:var(--wp--preset--color--contrast);border-top-width:2px;padding-top:var(--wp--preset--spacing--30);padding-right:var(--wp--preset--spacing--30);padding-bottom:var(--wp--preset--spacing--10);padding-left:var(--wp--preset--spacing--30)\">\n<h6 class=\"wp-block-heading has-text-align-center\"><\/h6>\n\n\n\n<h6 class=\"wp-block-heading has-text-align-center has-x-large-font-size\">Menu 2<\/h6>\n\n\n\n<div style=\"height:var(--wp--preset--spacing--10)\" aria-hidden=\"true\" class=\"wp-block-spacer\"><\/div>\n\n\n\n<div class=\"wp-block-group is-vertical is-content-justification-stretch is-layout-flex wp-container-core-group-is-layout-353c4f5a wp-block-group-is-layout-flex\">\n<p class=\"has-text-align-center\">Alkuruoka:<\/p>\n\n\n\n<p class=\"has-text-align-center\">L\u00e4mmin mozzarella salaatti&nbsp;<\/p>\n\n\n\n<hr class=\"wp-block-separator has-text-color has-contrast-3-color has-alpha-channel-opacity has-contrast-3-background-color has-background is-style-wide\" \/>\n\n\n\n<p class=\"has-text-align-center\">P\u00e4\u00e4ruoka:<\/p>\n\n\n\n<p class=\"has-text-align-center\">Poronfilee ja polenta: Paistettu poronfilee tarjoiltuna timjamilla maustetun polentan ja puolukkakastikkeen kera&nbsp;<\/p>\n\n\n\n<hr class=\"wp-block-separator has-text-color has-contrast-3-color has-alpha-channel-opacity has-contrast-3-background-color has-background is-style-wide\" \/>\n\n\n\n<p class=\"has-text-align-center\">J\u00e4lkiruoka<\/p>\n\n\n\n<p class=\"has-text-align-center\">Mustikkatiramisu: Klassinen tiramisu, johon mustikat tuovat oman vivahteensa.&nbsp;<\/p>\n\n\n\n<p class=\"has-text-align-center\"><strong>55 \u20ac \/ hl\u00f6&nbsp;<\/strong><\/p>\n<\/div>\n\n\n\n<div style=\"height:var(--wp--preset--spacing--10)\" aria-hidden=\"true\" class=\"wp-block-spacer\"><\/div>\n<\/div>\n\n\n\n<div class=\"wp-block-column is-layout-flow wp-block-column-is-layout-flow\" style=\"border-top-color:var(--wp--preset--color--contrast-3);border-top-width:1px;padding-top:var(--wp--preset--spacing--30);padding-right:var(--wp--preset--spacing--30);padding-bottom:var(--wp--preset--spacing--10);padding-left:var(--wp--preset--spacing--30)\">\n<h4 class=\"wp-block-heading has-text-align-center has-medium-font-size\" style=\"padding-top:1px\"><\/h4>\n\n\n\n<h6 class=\"wp-block-heading has-text-align-center has-x-large-font-size\">Menu 3<\/h6>\n\n\n\n<p class=\"has-text-align-center\">Alkuruoka:<\/p>\n\n\n\n<div class=\"wp-block-group is-vertical is-content-justification-stretch is-layout-flex wp-container-core-group-is-layout-353c4f5a wp-block-group-is-layout-flex\">\n<p class=\"has-text-align-center\">Lehtikaalipesto ja tuoretta Suomessa leivottua leip\u00e4\u00e4&nbsp;<\/p>\n\n\n\n<hr class=\"wp-block-separator has-text-color has-contrast-3-color has-alpha-channel-opacity has-contrast-3-background-color has-background is-style-wide\" \/>\n\n\n\n<p class=\"has-text-align-center\">P\u00e4\u00e4ruoka:<\/p>\n\n\n\n<p class=\"has-text-align-center\">Riistalintu ja tryffeliperunat: Paistettua riistalintua, tryffelill\u00e4 maustettua, perunpyreet\u00e4 ja mustaherukkakastiketa&nbsp;<\/p>\n\n\n\n<hr class=\"wp-block-separator has-text-color has-contrast-3-color has-alpha-channel-opacity has-contrast-3-background-color has-background is-style-wide\" \/>\n\n\n\n<p class=\"has-text-align-center\">J\u00e4lkiruoka:<\/p>\n\n\n\n<p class=\"has-text-align-center\">Lakkagelato ja marenkia: Itsetehty\u00e4 lakkaj\u00e4\u00e4tel\u00f6\u00e4, jonka lis\u00e4n\u00e4 suomalaisella twistill\u00e4 valmistettu katajanmarjamarenki&nbsp;<\/p>\n\n\n\n<p class=\"has-text-align-center\"><strong>50 \u20ac \/hl\u00f6<\/strong><\/p>\n<\/div>\n\n\n\n<div style=\"height:var(--wp--preset--spacing--10)\" aria-hidden=\"true\" class=\"wp-block-spacer\"><\/div>\n<\/div>\n<\/div>\n<\/div>\n<\/div>\n\n\n\n<div class=\"wp-block-group alignfull has-global-padding is-layout-constrained wp-container-core-group-is-layout-669513ed wp-block-group-is-layout-constrained\" style=\"margin-top:0;margin-bottom:0;padding-top:var(--wp--preset--spacing--50);padding-right:var(--wp--preset--spacing--50);padding-bottom:var(--wp--preset--spacing--50);padding-left:var(--wp--preset--spacing--50)\"><\/div>\n","protected":false},"excerpt":{"rendered":"<p>MENUT Kaikista menuista saatavilla my\u00f6s kasvisvaihtoehto, sek\u00e4 gluteeniton vaihtoehto. Ilmoita ajoissa muista mahdollisista allergioista! Menu 1 Alkuruoka: Antipasti: Ohuen ohueksi viipaloitua poroa, juustoja, leikkeleit\u00e4 ja mustikkahilloa&nbsp; P\u00e4\u00e4ruoka: Paistettu kuha ja sitruunarisotto, lis\u00e4ksi marinoituja herkkusieni\u00e4&nbsp; J\u00e4lkiruoka: Mustikka-puolukka pannacotta&nbsp; 60 \u20ac \/ hl\u00f6 Menu 2 Alkuruoka: L\u00e4mmin mozzarella salaatti&nbsp; P\u00e4\u00e4ruoka: Poronfilee ja polenta: Paistettu poronfilee tarjoiltuna timjamilla [&hellip;]<\/p>\n","protected":false},"author":12232,"featured_media":0,"parent":0,"menu_order":0,"comment_status":"closed","ping_status":"closed","template":"","meta":{"footnotes":""},"class_list":["post-171","page","type-page","status-publish","hentry"],"_links":{"self":[{"href":"https:\/\/blogi.savonia.fi\/forestacateringoy\/wp-json\/wp\/v2\/pages\/171","targetHints":{"allow":["GET"]}}],"collection":[{"href":"https:\/\/blogi.savonia.fi\/forestacateringoy\/wp-json\/wp\/v2\/pages"}],"about":[{"href":"https:\/\/blogi.savonia.fi\/forestacateringoy\/wp-json\/wp\/v2\/types\/page"}],"author":[{"embeddable":true,"href":"https:\/\/blogi.savonia.fi\/forestacateringoy\/wp-json\/wp\/v2\/users\/12232"}],"replies":[{"embeddable":true,"href":"https:\/\/blogi.savonia.fi\/forestacateringoy\/wp-json\/wp\/v2\/comments?post=171"}],"version-history":[{"count":2,"href":"https:\/\/blogi.savonia.fi\/forestacateringoy\/wp-json\/wp\/v2\/pages\/171\/revisions"}],"predecessor-version":[{"id":175,"href":"https:\/\/blogi.savonia.fi\/forestacateringoy\/wp-json\/wp\/v2\/pages\/171\/revisions\/175"}],"wp:attachment":[{"href":"https:\/\/blogi.savonia.fi\/forestacateringoy\/wp-json\/wp\/v2\/media?parent=171"}],"curies":[{"name":"wp","href":"https:\/\/api.w.org\/{rel}","templated":true}]}}