{"id":195,"date":"2024-11-27T12:50:39","date_gmt":"2024-11-27T10:50:39","guid":{"rendered":"https:\/\/blogi.savonia.fi\/forestacateringoy\/?page_id=195"},"modified":"2024-11-27T12:57:04","modified_gmt":"2024-11-27T10:57:04","slug":"wine-tasting","status":"publish","type":"page","link":"https:\/\/blogi.savonia.fi\/forestacateringoy\/wine-tasting\/","title":{"rendered":"Wine tasting"},"content":{"rendered":"\n<div class=\"wp-block-group alignfull has-global-padding is-layout-constrained wp-container-core-group-is-layout-d89aad35 wp-block-group-is-layout-constrained\" style=\"margin-top:0;margin-bottom:0;padding-top:var(--wp--preset--spacing--50);padding-right:var(--wp--preset--spacing--50);padding-bottom:var(--wp--preset--spacing--50);padding-left:var(--wp--preset--spacing--50)\">\n<div class=\"wp-block-group alignwide has-global-padding is-layout-constrained wp-container-core-group-is-layout-19e250f3 wp-block-group-is-layout-constrained\">\n<div class=\"wp-block-group is-vertical is-content-justification-center is-layout-flex wp-container-core-group-is-layout-6329a8f3 wp-block-group-is-layout-flex\">\n<h2 class=\"wp-block-heading has-text-align-center is-style-asterisk\">Viini\u00e4 maailman suurimmalta viinintuottajalta<\/h2>\n\n\n\n<p class=\"has-text-align-center\">Italialaiset viinit ovat maailmankuuluja monipuolisuudestaan ja laadustaan.<\/p>\n<\/div>\n\n\n\n<div style=\"height:var(--wp--preset--spacing--40)\" aria-hidden=\"true\" class=\"wp-block-spacer\"><\/div>\n\n\n\n<div class=\"wp-block-columns alignwide is-layout-flex wp-container-core-columns-is-layout-d1c656ed wp-block-columns-is-layout-flex\">\n<div class=\"wp-block-column is-vertically-aligned-center is-layout-flow wp-block-column-is-layout-flow\" style=\"flex-basis:40%\">\n<h3 class=\"wp-block-heading is-style-asterisk\">Foresta Wine tasting<\/h3>\n\n\n\n<ul style=\"line-height:1.75\" class=\"wp-block-list is-style-checkmark-list\">\n<li>Viinej\u00e4 kokeneemmallekin viini-harrastajalle<\/li>\n\n\n\n<li>Monipuolinen valikoima<\/li>\n\n\n\n<li>Laadukkaat viinit<\/li>\n<\/ul>\n<\/div>\n\n\n\n<div class=\"wp-block-column is-layout-flow wp-block-column-is-layout-flow\" style=\"flex-basis:50%\">\n<figure class=\"wp-block-image size-large is-style-rounded is-style-rounded--1\"><img loading=\"lazy\" decoding=\"async\" width=\"963\" height=\"722\" src=\"https:\/\/blogi.savonia.fi\/forestacateringoy\/wp-content\/uploads\/sites\/14115\/2024\/11\/drive-3561464_1280-edited.jpg\" alt=\"\" class=\"wp-image-198\" srcset=\"https:\/\/blogi.savonia.fi\/forestacateringoy\/wp-content\/uploads\/sites\/14115\/2024\/11\/drive-3561464_1280-edited.jpg 963w, https:\/\/blogi.savonia.fi\/forestacateringoy\/wp-content\/uploads\/sites\/14115\/2024\/11\/drive-3561464_1280-edited-300x225.jpg 300w, https:\/\/blogi.savonia.fi\/forestacateringoy\/wp-content\/uploads\/sites\/14115\/2024\/11\/drive-3561464_1280-edited-768x576.jpg 768w\" sizes=\"auto, (max-width: 963px) 100vw, 963px\" \/><\/figure>\n<\/div>\n<\/div>\n\n\n\n<div style=\"height:var(--wp--preset--spacing--40)\" aria-hidden=\"true\" class=\"wp-block-spacer\"><\/div>\n\n\n\n<div class=\"wp-block-columns alignwide is-layout-flex wp-container-core-columns-is-layout-d1c656ed wp-block-columns-is-layout-flex\">\n<div class=\"wp-block-column is-layout-flow wp-block-column-is-layout-flow\" style=\"flex-basis:50%\">\n<figure class=\"wp-block-image size-large is-style-rounded is-style-rounded--2\"><img loading=\"lazy\" decoding=\"async\" width=\"853\" height=\"639\" src=\"https:\/\/blogi.savonia.fi\/forestacateringoy\/wp-content\/uploads\/sites\/14115\/2024\/11\/vines-4520513_1280-edited.jpg\" alt=\"\" class=\"wp-image-200\" srcset=\"https:\/\/blogi.savonia.fi\/forestacateringoy\/wp-content\/uploads\/sites\/14115\/2024\/11\/vines-4520513_1280-edited.jpg 853w, https:\/\/blogi.savonia.fi\/forestacateringoy\/wp-content\/uploads\/sites\/14115\/2024\/11\/vines-4520513_1280-edited-300x225.jpg 300w, https:\/\/blogi.savonia.fi\/forestacateringoy\/wp-content\/uploads\/sites\/14115\/2024\/11\/vines-4520513_1280-edited-768x575.jpg 768w\" sizes=\"auto, (max-width: 853px) 100vw, 853px\" \/><\/figure>\n<\/div>\n\n\n\n<div class=\"wp-block-column is-vertically-aligned-center is-layout-flow wp-block-column-is-layout-flow\" style=\"flex-basis:40%\">\n<h3 class=\"wp-block-heading is-style-asterisk\">Varaus<\/h3>\n\n\n\n<p>Valikoimme kanssasi teille sopivimmat viinit, sek\u00e4 halutessasi viininmaisteluun saat my\u00f6s meilt\u00e4 tarjoilut. Tyypillisesti esimerkiksi tapas tyylisi\u00e4 lautasia sek\u00e4 annoksia. Ota meihin yhteytt\u00e4 varataksesi ajan!<\/p>\n<\/div>\n<\/div>\n<\/div>\n<\/div>\n\n\n\n<div class=\"wp-block-group alignfull has-global-padding is-layout-constrained wp-container-core-group-is-layout-669513ed wp-block-group-is-layout-constrained\" style=\"margin-top:0;margin-bottom:0;padding-top:var(--wp--preset--spacing--50);padding-right:var(--wp--preset--spacing--50);padding-bottom:var(--wp--preset--spacing--50);padding-left:var(--wp--preset--spacing--50)\">\n<div class=\"wp-block-group alignwide has-base-2-background-color has-background has-global-padding is-layout-constrained wp-container-core-group-is-layout-a151063b wp-block-group-is-layout-constrained\" style=\"border-radius:16px;padding-top:var(--wp--preset--spacing--50);padding-right:var(--wp--preset--spacing--40);padding-bottom:var(--wp--preset--spacing--50);padding-left:var(--wp--preset--spacing--40)\">\n<div class=\"wp-block-group alignwide is-vertical is-content-justification-stretch is-layout-flex wp-container-core-group-is-layout-353c4f5a wp-block-group-is-layout-flex\">\n<h2 class=\"wp-block-heading has-text-align-center\">Viinivalikoimamme helmet<\/h2>\n\n\n\n<p class=\"has-text-align-center\" style=\"margin-top:var(--wp--preset--spacing--10);font-size:clamp(0.875rem, 0.875rem + ((1vw - 0.2rem) * 0.417), 1.125rem);\">We offer flexible options, which you can adapt to the different needs of each project.<\/p>\n<\/div>\n\n\n\n<div style=\"height:var(--wp--preset--spacing--30)\" aria-hidden=\"true\" class=\"wp-block-spacer\"><\/div>\n\n\n\n<div class=\"wp-block-columns alignwide is-layout-flex wp-container-core-columns-is-layout-06670bbc wp-block-columns-is-layout-flex\">\n<div class=\"wp-block-column is-layout-flow wp-block-column-is-layout-flow\" style=\"border-top-color:var(--wp--preset--color--contrast-3);border-top-width:1px;padding-top:var(--wp--preset--spacing--30);padding-right:var(--wp--preset--spacing--30);padding-bottom:var(--wp--preset--spacing--10);padding-left:var(--wp--preset--spacing--30)\">\n<p class=\"has-text-align-center\"><strong>PUNAVIINIT<\/strong><\/p>\n\n\n\n<div class=\"wp-block-group is-vertical is-content-justification-stretch is-layout-flex wp-container-core-group-is-layout-353c4f5a wp-block-group-is-layout-flex\">\n<p class=\"has-text-align-center\">Antiche Terre Ripasso Mezzo Monte <\/p>\n\n\n\n<hr class=\"wp-block-separator has-text-color has-contrast-3-color has-alpha-channel-opacity has-contrast-3-background-color has-background is-style-wide\" \/>\n\n\n\n<p class=\"has-text-align-center has-contrast-2-color has-text-color has-link-color wp-elements-c5e22108bbb3f29824c61a17db68fe51\">Monte Del Fr\u00e1 Amarone della Valpolicella Classico 2018<\/p>\n\n\n\n<hr class=\"wp-block-separator has-text-color has-contrast-3-color has-alpha-channel-opacity has-contrast-3-background-color has-background is-style-wide\" \/>\n\n\n\n<p class=\"has-text-align-center has-contrast-2-color has-text-color has-link-color wp-elements-8c329a252ddf5073d4ad9233d4a7c13a\">Ornellaia 2020<\/p>\n<\/div>\n\n\n\n<div style=\"height:var(--wp--preset--spacing--10)\" aria-hidden=\"true\" class=\"wp-block-spacer\"><\/div>\n\n\n\n<div class=\"wp-block-buttons is-content-justification-center is-layout-flex wp-container-core-buttons-is-layout-a89b3969 wp-block-buttons-is-layout-flex\"><\/div>\n<\/div>\n\n\n\n<div class=\"wp-block-column is-layout-flow wp-block-column-is-layout-flow\" style=\"border-top-color:var(--wp--preset--color--contrast);border-top-width:2px;padding-top:var(--wp--preset--spacing--30);padding-right:var(--wp--preset--spacing--30);padding-bottom:var(--wp--preset--spacing--10);padding-left:var(--wp--preset--spacing--30)\">\n<p class=\"has-text-align-center\"><strong>VALKOVIINIT<\/strong><\/p>\n\n\n\n<p class=\"has-text-align-center\">Gini La Frosc\u00e0 Soave Classico 2020<\/p>\n\n\n\n<div class=\"wp-block-group is-vertical is-content-justification-stretch is-layout-flex wp-container-core-group-is-layout-353c4f5a wp-block-group-is-layout-flex\">\n<hr class=\"wp-block-separator has-text-color has-contrast-3-color has-alpha-channel-opacity has-contrast-3-background-color has-background is-style-wide\" \/>\n\n\n\n<p class=\"has-text-align-center\">Gini Maciete Fum\u00e9 Sauvignon 2016<\/p>\n\n\n\n<hr class=\"wp-block-separator has-text-color has-contrast-3-color has-alpha-channel-opacity has-contrast-3-background-color has-background is-style-wide\" \/>\n\n\n\n<p class=\"has-text-align-center\">Tenute del Cabreo La Pietra 2019<\/p>\n<\/div>\n\n\n\n<div style=\"height:var(--wp--preset--spacing--10)\" aria-hidden=\"true\" class=\"wp-block-spacer\"><\/div>\n\n\n\n<div class=\"wp-block-buttons is-content-justification-center is-layout-flex wp-container-core-buttons-is-layout-a89b3969 wp-block-buttons-is-layout-flex\"><\/div>\n<\/div>\n\n\n\n<div class=\"wp-block-column is-layout-flow wp-block-column-is-layout-flow\" style=\"border-top-color:var(--wp--preset--color--contrast-3);border-top-width:1px;padding-top:var(--wp--preset--spacing--30);padding-right:var(--wp--preset--spacing--30);padding-bottom:var(--wp--preset--spacing--10);padding-left:var(--wp--preset--spacing--30)\">\n<p class=\"has-text-align-center\"><strong>KUOHUVIINIT<\/strong><\/p>\n\n\n\n<p class=\"has-text-align-center\">Contratto For England Blanc de Noir Pas Dos\u00e9 2018<\/p>\n\n\n\n<div class=\"wp-block-group is-vertical is-content-justification-stretch is-layout-flex wp-container-core-group-is-layout-353c4f5a wp-block-group-is-layout-flex\">\n<hr class=\"wp-block-separator has-text-color has-contrast-3-color has-alpha-channel-opacity has-contrast-3-background-color has-background is-style-wide\" \/>\n\n\n\n<p class=\"has-text-align-center\">Bottega Gold Brut 2023<\/p>\n\n\n\n<hr class=\"wp-block-separator has-text-color has-contrast-3-color has-alpha-channel-opacity has-contrast-3-background-color has-background is-style-wide\" \/>\n\n\n\n<p class=\"has-text-align-center\">Apeca BDN18 Brut 2018<\/p>\n<\/div>\n\n\n\n<div style=\"height:var(--wp--preset--spacing--10)\" aria-hidden=\"true\" class=\"wp-block-spacer\"><\/div>\n\n\n\n<div class=\"wp-block-buttons is-content-justification-center is-layout-flex wp-container-core-buttons-is-layout-a89b3969 wp-block-buttons-is-layout-flex\"><\/div>\n<\/div>\n<\/div>\n<\/div>\n<\/div>\n\n\n\n<figure class=\"wp-block-gallery has-nested-images columns-default is-cropped wp-block-gallery-3 is-layout-flex wp-block-gallery-is-layout-flex\">\n<figure class=\"wp-block-image size-large\"><img loading=\"lazy\" decoding=\"async\" width=\"818\" height=\"1024\" data-id=\"144\" src=\"https:\/\/blogi.savonia.fi\/forestacateringoy\/wp-content\/uploads\/sites\/14115\/2024\/11\/red-wine-8744058_1280-818x1024.png\" alt=\"\" class=\"wp-image-144\" srcset=\"https:\/\/blogi.savonia.fi\/forestacateringoy\/wp-content\/uploads\/sites\/14115\/2024\/11\/red-wine-8744058_1280-818x1024.png 818w, https:\/\/blogi.savonia.fi\/forestacateringoy\/wp-content\/uploads\/sites\/14115\/2024\/11\/red-wine-8744058_1280-240x300.png 240w, https:\/\/blogi.savonia.fi\/forestacateringoy\/wp-content\/uploads\/sites\/14115\/2024\/11\/red-wine-8744058_1280-768x961.png 768w, https:\/\/blogi.savonia.fi\/forestacateringoy\/wp-content\/uploads\/sites\/14115\/2024\/11\/red-wine-8744058_1280.png 1023w\" sizes=\"auto, (max-width: 818px) 100vw, 818px\" \/><\/figure>\n\n\n\n<figure class=\"wp-block-image size-large\"><img loading=\"lazy\" decoding=\"async\" width=\"678\" height=\"1024\" data-id=\"139\" src=\"https:\/\/blogi.savonia.fi\/forestacateringoy\/wp-content\/uploads\/sites\/14115\/2024\/11\/wine-850337_1280-678x1024.jpg\" alt=\"\" class=\"wp-image-139\" srcset=\"https:\/\/blogi.savonia.fi\/forestacateringoy\/wp-content\/uploads\/sites\/14115\/2024\/11\/wine-850337_1280-678x1024.jpg 678w, https:\/\/blogi.savonia.fi\/forestacateringoy\/wp-content\/uploads\/sites\/14115\/2024\/11\/wine-850337_1280-199x300.jpg 199w, https:\/\/blogi.savonia.fi\/forestacateringoy\/wp-content\/uploads\/sites\/14115\/2024\/11\/wine-850337_1280-768x1159.jpg 768w, https:\/\/blogi.savonia.fi\/forestacateringoy\/wp-content\/uploads\/sites\/14115\/2024\/11\/wine-850337_1280.jpg 848w\" sizes=\"auto, (max-width: 678px) 100vw, 678px\" \/><\/figure>\n\n\n\n<figure class=\"wp-block-image size-large\"><img loading=\"lazy\" decoding=\"async\" width=\"1024\" height=\"682\" data-id=\"105\" src=\"https:\/\/blogi.savonia.fi\/forestacateringoy\/wp-content\/uploads\/sites\/14115\/2024\/11\/street-6099209_1280-1024x682.jpg\" alt=\"\" class=\"wp-image-105\" srcset=\"https:\/\/blogi.savonia.fi\/forestacateringoy\/wp-content\/uploads\/sites\/14115\/2024\/11\/street-6099209_1280-1024x682.jpg 1024w, https:\/\/blogi.savonia.fi\/forestacateringoy\/wp-content\/uploads\/sites\/14115\/2024\/11\/street-6099209_1280-300x200.jpg 300w, https:\/\/blogi.savonia.fi\/forestacateringoy\/wp-content\/uploads\/sites\/14115\/2024\/11\/street-6099209_1280-768x512.jpg 768w, https:\/\/blogi.savonia.fi\/forestacateringoy\/wp-content\/uploads\/sites\/14115\/2024\/11\/street-6099209_1280.jpg 1280w\" sizes=\"auto, (max-width: 1024px) 100vw, 1024px\" \/><\/figure>\n\n\n\n<figure class=\"wp-block-image size-large\"><img loading=\"lazy\" decoding=\"async\" width=\"640\" height=\"427\" data-id=\"14\" src=\"https:\/\/blogi.savonia.fi\/forestacateringoy\/wp-content\/uploads\/sites\/14115\/2024\/11\/came-2933943_640.jpg\" alt=\"\" class=\"wp-image-14\" srcset=\"https:\/\/blogi.savonia.fi\/forestacateringoy\/wp-content\/uploads\/sites\/14115\/2024\/11\/came-2933943_640.jpg 640w, https:\/\/blogi.savonia.fi\/forestacateringoy\/wp-content\/uploads\/sites\/14115\/2024\/11\/came-2933943_640-300x200.jpg 300w\" sizes=\"auto, (max-width: 640px) 100vw, 640px\" \/><\/figure>\n\n\n\n<figure class=\"wp-block-image size-large\"><img loading=\"lazy\" decoding=\"async\" width=\"1024\" height=\"510\" data-id=\"27\" src=\"https:\/\/blogi.savonia.fi\/forestacateringoy\/wp-content\/uploads\/sites\/14115\/2024\/11\/pexels-aline-aronsky-1022559-1989164-e1731150561528-1024x510.jpg\" alt=\"\" class=\"wp-image-27\" srcset=\"https:\/\/blogi.savonia.fi\/forestacateringoy\/wp-content\/uploads\/sites\/14115\/2024\/11\/pexels-aline-aronsky-1022559-1989164-e1731150561528-1024x510.jpg 1024w, https:\/\/blogi.savonia.fi\/forestacateringoy\/wp-content\/uploads\/sites\/14115\/2024\/11\/pexels-aline-aronsky-1022559-1989164-e1731150561528-300x149.jpg 300w, https:\/\/blogi.savonia.fi\/forestacateringoy\/wp-content\/uploads\/sites\/14115\/2024\/11\/pexels-aline-aronsky-1022559-1989164-e1731150561528-768x382.jpg 768w, https:\/\/blogi.savonia.fi\/forestacateringoy\/wp-content\/uploads\/sites\/14115\/2024\/11\/pexels-aline-aronsky-1022559-1989164-e1731150561528-1536x765.jpg 1536w, https:\/\/blogi.savonia.fi\/forestacateringoy\/wp-content\/uploads\/sites\/14115\/2024\/11\/pexels-aline-aronsky-1022559-1989164-e1731150561528.jpg 1709w\" sizes=\"auto, (max-width: 1024px) 100vw, 1024px\" \/><\/figure>\n<\/figure>\n\n\n\n<p><\/p>\n\n\n\n<p><\/p>\n","protected":false},"excerpt":{"rendered":"<p>Viini\u00e4 maailman suurimmalta viinintuottajalta Italialaiset viinit ovat maailmankuuluja monipuolisuudestaan ja laadustaan. Foresta Wine tasting Varaus Valikoimme kanssasi teille sopivimmat viinit, sek\u00e4 halutessasi viininmaisteluun saat my\u00f6s meilt\u00e4 tarjoilut. Tyypillisesti esimerkiksi tapas tyylisi\u00e4 lautasia sek\u00e4 annoksia. Ota meihin yhteytt\u00e4 varataksesi ajan! Viinivalikoimamme helmet We offer flexible options, which you can adapt to the different needs of each [&hellip;]<\/p>\n","protected":false},"author":12232,"featured_media":0,"parent":0,"menu_order":0,"comment_status":"closed","ping_status":"closed","template":"","meta":{"footnotes":""},"class_list":["post-195","page","type-page","status-publish","hentry"],"_links":{"self":[{"href":"https:\/\/blogi.savonia.fi\/forestacateringoy\/wp-json\/wp\/v2\/pages\/195","targetHints":{"allow":["GET"]}}],"collection":[{"href":"https:\/\/blogi.savonia.fi\/forestacateringoy\/wp-json\/wp\/v2\/pages"}],"about":[{"href":"https:\/\/blogi.savonia.fi\/forestacateringoy\/wp-json\/wp\/v2\/types\/page"}],"author":[{"embeddable":true,"href":"https:\/\/blogi.savonia.fi\/forestacateringoy\/wp-json\/wp\/v2\/users\/12232"}],"replies":[{"embeddable":true,"href":"https:\/\/blogi.savonia.fi\/forestacateringoy\/wp-json\/wp\/v2\/comments?post=195"}],"version-history":[{"count":4,"href":"https:\/\/blogi.savonia.fi\/forestacateringoy\/wp-json\/wp\/v2\/pages\/195\/revisions"}],"predecessor-version":[{"id":205,"href":"https:\/\/blogi.savonia.fi\/forestacateringoy\/wp-json\/wp\/v2\/pages\/195\/revisions\/205"}],"wp:attachment":[{"href":"https:\/\/blogi.savonia.fi\/forestacateringoy\/wp-json\/wp\/v2\/media?parent=195"}],"curies":[{"name":"wp","href":"https:\/\/api.w.org\/{rel}","templated":true}]}}