{"id":2,"date":"2024-11-08T12:38:51","date_gmt":"2024-11-08T10:38:51","guid":{"rendered":"https:\/\/blogi.savonia.fi\/forestacateringoy\/?page_id=2"},"modified":"2024-11-11T10:37:45","modified_gmt":"2024-11-11T08:37:45","slug":"esimerkkisivu","status":"publish","type":"page","link":"https:\/\/blogi.savonia.fi\/forestacateringoy\/esimerkkisivu\/","title":{"rendered":"Galleria"},"content":{"rendered":"\n<p>T\u00e4ss\u00e4 esimakua siit\u00e4 mit\u00e4 voit meilt\u00e4 odottaa!<\/p>\n\n\n\n<figure class=\"wp-block-gallery has-nested-images columns-default is-cropped wp-block-gallery-1 is-layout-flex wp-block-gallery-is-layout-flex\">\n<figure class=\"wp-block-image size-large\"><img loading=\"lazy\" decoding=\"async\" width=\"1024\" height=\"682\" data-id=\"61\" src=\"https:\/\/blogi.savonia.fi\/forestacateringoy\/wp-content\/uploads\/sites\/14115\/2024\/11\/tart-2409958_1280-1024x682.jpg\" alt=\"\" class=\"wp-image-61\" srcset=\"https:\/\/blogi.savonia.fi\/forestacateringoy\/wp-content\/uploads\/sites\/14115\/2024\/11\/tart-2409958_1280-1024x682.jpg 1024w, https:\/\/blogi.savonia.fi\/forestacateringoy\/wp-content\/uploads\/sites\/14115\/2024\/11\/tart-2409958_1280-300x200.jpg 300w, https:\/\/blogi.savonia.fi\/forestacateringoy\/wp-content\/uploads\/sites\/14115\/2024\/11\/tart-2409958_1280-768x512.jpg 768w, https:\/\/blogi.savonia.fi\/forestacateringoy\/wp-content\/uploads\/sites\/14115\/2024\/11\/tart-2409958_1280.jpg 1280w\" sizes=\"auto, (max-width: 1024px) 100vw, 1024px\" \/><\/figure>\n\n\n\n<figure class=\"wp-block-image size-large\"><img loading=\"lazy\" decoding=\"async\" width=\"576\" height=\"1024\" data-id=\"62\" src=\"https:\/\/blogi.savonia.fi\/forestacateringoy\/wp-content\/uploads\/sites\/14115\/2024\/11\/spaghetti-and-meatballs-8694542_1280-576x1024.jpg\" alt=\"\" class=\"wp-image-62\" srcset=\"https:\/\/blogi.savonia.fi\/forestacateringoy\/wp-content\/uploads\/sites\/14115\/2024\/11\/spaghetti-and-meatballs-8694542_1280-576x1024.jpg 576w, https:\/\/blogi.savonia.fi\/forestacateringoy\/wp-content\/uploads\/sites\/14115\/2024\/11\/spaghetti-and-meatballs-8694542_1280-169x300.jpg 169w, https:\/\/blogi.savonia.fi\/forestacateringoy\/wp-content\/uploads\/sites\/14115\/2024\/11\/spaghetti-and-meatballs-8694542_1280.jpg 720w\" sizes=\"auto, (max-width: 576px) 100vw, 576px\" \/><\/figure>\n\n\n\n<figure class=\"wp-block-image size-large\"><img loading=\"lazy\" decoding=\"async\" width=\"1024\" height=\"644\" data-id=\"63\" src=\"https:\/\/blogi.savonia.fi\/forestacateringoy\/wp-content\/uploads\/sites\/14115\/2024\/11\/pancakes-2291908_1280-1024x644.jpg\" alt=\"\" class=\"wp-image-63\" srcset=\"https:\/\/blogi.savonia.fi\/forestacateringoy\/wp-content\/uploads\/sites\/14115\/2024\/11\/pancakes-2291908_1280-1024x644.jpg 1024w, https:\/\/blogi.savonia.fi\/forestacateringoy\/wp-content\/uploads\/sites\/14115\/2024\/11\/pancakes-2291908_1280-300x189.jpg 300w, https:\/\/blogi.savonia.fi\/forestacateringoy\/wp-content\/uploads\/sites\/14115\/2024\/11\/pancakes-2291908_1280-768x483.jpg 768w, https:\/\/blogi.savonia.fi\/forestacateringoy\/wp-content\/uploads\/sites\/14115\/2024\/11\/pancakes-2291908_1280.jpg 1280w\" sizes=\"auto, (max-width: 1024px) 100vw, 1024px\" \/><\/figure>\n\n\n\n<figure class=\"wp-block-image size-large\"><img loading=\"lazy\" decoding=\"async\" width=\"1024\" height=\"682\" data-id=\"36\" src=\"https:\/\/blogi.savonia.fi\/forestacateringoy\/wp-content\/uploads\/sites\/14115\/2024\/11\/italian-pasta-7432298_1280-1024x682.jpg\" alt=\"\" class=\"wp-image-36\" srcset=\"https:\/\/blogi.savonia.fi\/forestacateringoy\/wp-content\/uploads\/sites\/14115\/2024\/11\/italian-pasta-7432298_1280-1024x682.jpg 1024w, https:\/\/blogi.savonia.fi\/forestacateringoy\/wp-content\/uploads\/sites\/14115\/2024\/11\/italian-pasta-7432298_1280-300x200.jpg 300w, https:\/\/blogi.savonia.fi\/forestacateringoy\/wp-content\/uploads\/sites\/14115\/2024\/11\/italian-pasta-7432298_1280-768x512.jpg 768w, https:\/\/blogi.savonia.fi\/forestacateringoy\/wp-content\/uploads\/sites\/14115\/2024\/11\/italian-pasta-7432298_1280.jpg 1280w\" sizes=\"auto, (max-width: 1024px) 100vw, 1024px\" \/><\/figure>\n\n\n\n<figure class=\"wp-block-image size-large\"><img loading=\"lazy\" decoding=\"async\" width=\"1024\" height=\"768\" data-id=\"64\" src=\"https:\/\/blogi.savonia.fi\/forestacateringoy\/wp-content\/uploads\/sites\/14115\/2024\/11\/salmon-518032_1280-1024x768.jpg\" alt=\"\" class=\"wp-image-64\" srcset=\"https:\/\/blogi.savonia.fi\/forestacateringoy\/wp-content\/uploads\/sites\/14115\/2024\/11\/salmon-518032_1280-1024x768.jpg 1024w, https:\/\/blogi.savonia.fi\/forestacateringoy\/wp-content\/uploads\/sites\/14115\/2024\/11\/salmon-518032_1280-300x225.jpg 300w, https:\/\/blogi.savonia.fi\/forestacateringoy\/wp-content\/uploads\/sites\/14115\/2024\/11\/salmon-518032_1280-768x576.jpg 768w, https:\/\/blogi.savonia.fi\/forestacateringoy\/wp-content\/uploads\/sites\/14115\/2024\/11\/salmon-518032_1280.jpg 1280w\" sizes=\"auto, (max-width: 1024px) 100vw, 1024px\" \/><\/figure>\n\n\n\n<figure class=\"wp-block-image size-large\"><img loading=\"lazy\" decoding=\"async\" width=\"768\" height=\"1024\" data-id=\"65\" src=\"https:\/\/blogi.savonia.fi\/forestacateringoy\/wp-content\/uploads\/sites\/14115\/2024\/11\/steak-2152698_1280-768x1024.jpg\" alt=\"\" class=\"wp-image-65\" srcset=\"https:\/\/blogi.savonia.fi\/forestacateringoy\/wp-content\/uploads\/sites\/14115\/2024\/11\/steak-2152698_1280-768x1024.jpg 768w, https:\/\/blogi.savonia.fi\/forestacateringoy\/wp-content\/uploads\/sites\/14115\/2024\/11\/steak-2152698_1280-225x300.jpg 225w, https:\/\/blogi.savonia.fi\/forestacateringoy\/wp-content\/uploads\/sites\/14115\/2024\/11\/steak-2152698_1280.jpg 960w\" sizes=\"auto, (max-width: 768px) 100vw, 768px\" \/><\/figure>\n\n\n\n<figure class=\"wp-block-image size-large\"><img loading=\"lazy\" decoding=\"async\" width=\"1024\" height=\"750\" data-id=\"66\" src=\"https:\/\/blogi.savonia.fi\/forestacateringoy\/wp-content\/uploads\/sites\/14115\/2024\/11\/chicken-2509164_1280-1024x750.jpg\" alt=\"\" class=\"wp-image-66\" srcset=\"https:\/\/blogi.savonia.fi\/forestacateringoy\/wp-content\/uploads\/sites\/14115\/2024\/11\/chicken-2509164_1280-1024x750.jpg 1024w, https:\/\/blogi.savonia.fi\/forestacateringoy\/wp-content\/uploads\/sites\/14115\/2024\/11\/chicken-2509164_1280-300x220.jpg 300w, https:\/\/blogi.savonia.fi\/forestacateringoy\/wp-content\/uploads\/sites\/14115\/2024\/11\/chicken-2509164_1280-768x562.jpg 768w, https:\/\/blogi.savonia.fi\/forestacateringoy\/wp-content\/uploads\/sites\/14115\/2024\/11\/chicken-2509164_1280.jpg 1280w\" sizes=\"auto, (max-width: 1024px) 100vw, 1024px\" \/><\/figure>\n\n\n\n<figure class=\"wp-block-image size-large\"><img loading=\"lazy\" decoding=\"async\" width=\"1024\" height=\"576\" data-id=\"67\" src=\"https:\/\/blogi.savonia.fi\/forestacateringoy\/wp-content\/uploads\/sites\/14115\/2024\/11\/steak-1445124_1280-1024x576.jpg\" alt=\"\" class=\"wp-image-67\" srcset=\"https:\/\/blogi.savonia.fi\/forestacateringoy\/wp-content\/uploads\/sites\/14115\/2024\/11\/steak-1445124_1280-1024x576.jpg 1024w, https:\/\/blogi.savonia.fi\/forestacateringoy\/wp-content\/uploads\/sites\/14115\/2024\/11\/steak-1445124_1280-300x169.jpg 300w, https:\/\/blogi.savonia.fi\/forestacateringoy\/wp-content\/uploads\/sites\/14115\/2024\/11\/steak-1445124_1280-768x432.jpg 768w, https:\/\/blogi.savonia.fi\/forestacateringoy\/wp-content\/uploads\/sites\/14115\/2024\/11\/steak-1445124_1280.jpg 1280w\" sizes=\"auto, (max-width: 1024px) 100vw, 1024px\" \/><\/figure>\n\n\n\n<figure class=\"wp-block-image size-large\"><img loading=\"lazy\" decoding=\"async\" width=\"1024\" height=\"682\" data-id=\"68\" src=\"https:\/\/blogi.savonia.fi\/forestacateringoy\/wp-content\/uploads\/sites\/14115\/2024\/11\/salmon-1485014_1280-1-1024x682.jpg\" alt=\"\" class=\"wp-image-68\" srcset=\"https:\/\/blogi.savonia.fi\/forestacateringoy\/wp-content\/uploads\/sites\/14115\/2024\/11\/salmon-1485014_1280-1-1024x682.jpg 1024w, https:\/\/blogi.savonia.fi\/forestacateringoy\/wp-content\/uploads\/sites\/14115\/2024\/11\/salmon-1485014_1280-1-300x200.jpg 300w, https:\/\/blogi.savonia.fi\/forestacateringoy\/wp-content\/uploads\/sites\/14115\/2024\/11\/salmon-1485014_1280-1-768x512.jpg 768w, https:\/\/blogi.savonia.fi\/forestacateringoy\/wp-content\/uploads\/sites\/14115\/2024\/11\/salmon-1485014_1280-1.jpg 1280w\" sizes=\"auto, (max-width: 1024px) 100vw, 1024px\" \/><\/figure>\n\n\n\n<figure class=\"wp-block-image size-large\"><img loading=\"lazy\" decoding=\"async\" width=\"1014\" height=\"1024\" data-id=\"60\" src=\"https:\/\/blogi.savonia.fi\/forestacateringoy\/wp-content\/uploads\/sites\/14115\/2024\/11\/pizza-5995982_1280-1014x1024.jpg\" alt=\"\" class=\"wp-image-60\" srcset=\"https:\/\/blogi.savonia.fi\/forestacateringoy\/wp-content\/uploads\/sites\/14115\/2024\/11\/pizza-5995982_1280-1014x1024.jpg 1014w, https:\/\/blogi.savonia.fi\/forestacateringoy\/wp-content\/uploads\/sites\/14115\/2024\/11\/pizza-5995982_1280-297x300.jpg 297w, https:\/\/blogi.savonia.fi\/forestacateringoy\/wp-content\/uploads\/sites\/14115\/2024\/11\/pizza-5995982_1280-150x150.jpg 150w, https:\/\/blogi.savonia.fi\/forestacateringoy\/wp-content\/uploads\/sites\/14115\/2024\/11\/pizza-5995982_1280-768x775.jpg 768w, https:\/\/blogi.savonia.fi\/forestacateringoy\/wp-content\/uploads\/sites\/14115\/2024\/11\/pizza-5995982_1280.jpg 1268w\" sizes=\"auto, (max-width: 1014px) 100vw, 1014px\" \/><\/figure>\n\n\n\n<figure class=\"wp-block-image size-large\"><img loading=\"lazy\" decoding=\"async\" width=\"1024\" height=\"682\" data-id=\"57\" src=\"https:\/\/blogi.savonia.fi\/forestacateringoy\/wp-content\/uploads\/sites\/14115\/2024\/11\/mossel-dish-7724006_1280-1024x682.jpg\" alt=\"\" class=\"wp-image-57\" srcset=\"https:\/\/blogi.savonia.fi\/forestacateringoy\/wp-content\/uploads\/sites\/14115\/2024\/11\/mossel-dish-7724006_1280-1024x682.jpg 1024w, https:\/\/blogi.savonia.fi\/forestacateringoy\/wp-content\/uploads\/sites\/14115\/2024\/11\/mossel-dish-7724006_1280-300x200.jpg 300w, https:\/\/blogi.savonia.fi\/forestacateringoy\/wp-content\/uploads\/sites\/14115\/2024\/11\/mossel-dish-7724006_1280-768x512.jpg 768w, https:\/\/blogi.savonia.fi\/forestacateringoy\/wp-content\/uploads\/sites\/14115\/2024\/11\/mossel-dish-7724006_1280.jpg 1280w\" sizes=\"auto, (max-width: 1024px) 100vw, 1024px\" \/><\/figure>\n\n\n\n<figure class=\"wp-block-image size-large\"><img loading=\"lazy\" decoding=\"async\" width=\"1024\" height=\"682\" data-id=\"58\" src=\"https:\/\/blogi.savonia.fi\/forestacateringoy\/wp-content\/uploads\/sites\/14115\/2024\/11\/pasta-5835842_1280-1024x682.jpg\" alt=\"\" class=\"wp-image-58\" srcset=\"https:\/\/blogi.savonia.fi\/forestacateringoy\/wp-content\/uploads\/sites\/14115\/2024\/11\/pasta-5835842_1280-1024x682.jpg 1024w, https:\/\/blogi.savonia.fi\/forestacateringoy\/wp-content\/uploads\/sites\/14115\/2024\/11\/pasta-5835842_1280-300x200.jpg 300w, https:\/\/blogi.savonia.fi\/forestacateringoy\/wp-content\/uploads\/sites\/14115\/2024\/11\/pasta-5835842_1280-768x512.jpg 768w, https:\/\/blogi.savonia.fi\/forestacateringoy\/wp-content\/uploads\/sites\/14115\/2024\/11\/pasta-5835842_1280.jpg 1280w\" sizes=\"auto, (max-width: 1024px) 100vw, 1024px\" \/><\/figure>\n\n\n\n<figure class=\"wp-block-image size-large\"><img loading=\"lazy\" decoding=\"async\" width=\"1024\" height=\"640\" data-id=\"59\" src=\"https:\/\/blogi.savonia.fi\/forestacateringoy\/wp-content\/uploads\/sites\/14115\/2024\/11\/fusilloni-2236159_1280-1024x640.jpg\" alt=\"\" class=\"wp-image-59\" srcset=\"https:\/\/blogi.savonia.fi\/forestacateringoy\/wp-content\/uploads\/sites\/14115\/2024\/11\/fusilloni-2236159_1280-1024x640.jpg 1024w, https:\/\/blogi.savonia.fi\/forestacateringoy\/wp-content\/uploads\/sites\/14115\/2024\/11\/fusilloni-2236159_1280-300x188.jpg 300w, https:\/\/blogi.savonia.fi\/forestacateringoy\/wp-content\/uploads\/sites\/14115\/2024\/11\/fusilloni-2236159_1280-768x480.jpg 768w, https:\/\/blogi.savonia.fi\/forestacateringoy\/wp-content\/uploads\/sites\/14115\/2024\/11\/fusilloni-2236159_1280.jpg 1280w\" sizes=\"auto, (max-width: 1024px) 100vw, 1024px\" \/><\/figure>\n\n\n\n<figure class=\"wp-block-image size-large\"><img loading=\"lazy\" decoding=\"async\" width=\"1024\" height=\"363\" data-id=\"17\" src=\"https:\/\/blogi.savonia.fi\/forestacateringoy\/wp-content\/uploads\/sites\/14115\/2024\/11\/spaghetti-6639970_1280-e1731149809842-1024x363.jpg\" alt=\"\" class=\"wp-image-17\" srcset=\"https:\/\/blogi.savonia.fi\/forestacateringoy\/wp-content\/uploads\/sites\/14115\/2024\/11\/spaghetti-6639970_1280-e1731149809842-1024x363.jpg 1024w, https:\/\/blogi.savonia.fi\/forestacateringoy\/wp-content\/uploads\/sites\/14115\/2024\/11\/spaghetti-6639970_1280-e1731149809842-300x106.jpg 300w, https:\/\/blogi.savonia.fi\/forestacateringoy\/wp-content\/uploads\/sites\/14115\/2024\/11\/spaghetti-6639970_1280-e1731149809842-768x272.jpg 768w, https:\/\/blogi.savonia.fi\/forestacateringoy\/wp-content\/uploads\/sites\/14115\/2024\/11\/spaghetti-6639970_1280-e1731149809842.jpg 1280w\" sizes=\"auto, (max-width: 1024px) 100vw, 1024px\" \/><\/figure>\n\n\n\n<figure class=\"wp-block-image size-large\"><img loading=\"lazy\" decoding=\"async\" width=\"1024\" height=\"682\" data-id=\"69\" src=\"https:\/\/blogi.savonia.fi\/forestacateringoy\/wp-content\/uploads\/sites\/14115\/2024\/11\/fillet-4090727_1280-1024x682.jpg\" alt=\"\" class=\"wp-image-69\" srcset=\"https:\/\/blogi.savonia.fi\/forestacateringoy\/wp-content\/uploads\/sites\/14115\/2024\/11\/fillet-4090727_1280-1024x682.jpg 1024w, https:\/\/blogi.savonia.fi\/forestacateringoy\/wp-content\/uploads\/sites\/14115\/2024\/11\/fillet-4090727_1280-300x200.jpg 300w, https:\/\/blogi.savonia.fi\/forestacateringoy\/wp-content\/uploads\/sites\/14115\/2024\/11\/fillet-4090727_1280-768x512.jpg 768w, https:\/\/blogi.savonia.fi\/forestacateringoy\/wp-content\/uploads\/sites\/14115\/2024\/11\/fillet-4090727_1280.jpg 1280w\" sizes=\"auto, (max-width: 1024px) 100vw, 1024px\" \/><\/figure>\n\n\n\n<figure class=\"wp-block-image size-large\"><img loading=\"lazy\" decoding=\"async\" width=\"1024\" height=\"768\" data-id=\"56\" src=\"https:\/\/blogi.savonia.fi\/forestacateringoy\/wp-content\/uploads\/sites\/14115\/2024\/11\/salmon-518032_12801-1024x768.jpg\" alt=\"\" class=\"wp-image-56\" srcset=\"https:\/\/blogi.savonia.fi\/forestacateringoy\/wp-content\/uploads\/sites\/14115\/2024\/11\/salmon-518032_12801-1024x768.jpg 1024w, https:\/\/blogi.savonia.fi\/forestacateringoy\/wp-content\/uploads\/sites\/14115\/2024\/11\/salmon-518032_12801-300x225.jpg 300w, https:\/\/blogi.savonia.fi\/forestacateringoy\/wp-content\/uploads\/sites\/14115\/2024\/11\/salmon-518032_12801-768x576.jpg 768w, https:\/\/blogi.savonia.fi\/forestacateringoy\/wp-content\/uploads\/sites\/14115\/2024\/11\/salmon-518032_12801.jpg 1280w\" sizes=\"auto, (max-width: 1024px) 100vw, 1024px\" \/><\/figure>\n\n\n\n<figure class=\"wp-block-image size-large\"><img loading=\"lazy\" decoding=\"async\" width=\"1024\" height=\"682\" data-id=\"55\" src=\"https:\/\/blogi.savonia.fi\/forestacateringoy\/wp-content\/uploads\/sites\/14115\/2024\/11\/salmon-1485014_1280-1024x682.jpg\" alt=\"\" class=\"wp-image-55\" srcset=\"https:\/\/blogi.savonia.fi\/forestacateringoy\/wp-content\/uploads\/sites\/14115\/2024\/11\/salmon-1485014_1280-1024x682.jpg 1024w, https:\/\/blogi.savonia.fi\/forestacateringoy\/wp-content\/uploads\/sites\/14115\/2024\/11\/salmon-1485014_1280-300x200.jpg 300w, https:\/\/blogi.savonia.fi\/forestacateringoy\/wp-content\/uploads\/sites\/14115\/2024\/11\/salmon-1485014_1280-768x512.jpg 768w, https:\/\/blogi.savonia.fi\/forestacateringoy\/wp-content\/uploads\/sites\/14115\/2024\/11\/salmon-1485014_1280.jpg 1280w\" sizes=\"auto, (max-width: 1024px) 100vw, 1024px\" \/><\/figure>\n<\/figure>\n","protected":false},"excerpt":{"rendered":"<p>T\u00e4ss\u00e4 esimakua siit\u00e4 mit\u00e4 voit meilt\u00e4 odottaa!<\/p>\n","protected":false},"author":12232,"featured_media":0,"parent":0,"menu_order":0,"comment_status":"closed","ping_status":"open","template":"","meta":{"footnotes":""},"class_list":["post-2","page","type-page","status-publish","hentry"],"_links":{"self":[{"href":"https:\/\/blogi.savonia.fi\/forestacateringoy\/wp-json\/wp\/v2\/pages\/2","targetHints":{"allow":["GET"]}}],"collection":[{"href":"https:\/\/blogi.savonia.fi\/forestacateringoy\/wp-json\/wp\/v2\/pages"}],"about":[{"href":"https:\/\/blogi.savonia.fi\/forestacateringoy\/wp-json\/wp\/v2\/types\/page"}],"author":[{"embeddable":true,"href":"https:\/\/blogi.savonia.fi\/forestacateringoy\/wp-json\/wp\/v2\/users\/12232"}],"replies":[{"embeddable":true,"href":"https:\/\/blogi.savonia.fi\/forestacateringoy\/wp-json\/wp\/v2\/comments?post=2"}],"version-history":[{"count":5,"href":"https:\/\/blogi.savonia.fi\/forestacateringoy\/wp-json\/wp\/v2\/pages\/2\/revisions"}],"predecessor-version":[{"id":97,"href":"https:\/\/blogi.savonia.fi\/forestacateringoy\/wp-json\/wp\/v2\/pages\/2\/revisions\/97"}],"wp:attachment":[{"href":"https:\/\/blogi.savonia.fi\/forestacateringoy\/wp-json\/wp\/v2\/media?parent=2"}],"curies":[{"name":"wp","href":"https:\/\/api.w.org\/{rel}","templated":true}]}}