{"id":2,"date":"2019-02-28T08:36:48","date_gmt":"2019-02-28T06:36:48","guid":{"rendered":"https:\/\/blogi.savonia.fi\/hyvinvoinninlahteilla\/?page_id=2"},"modified":"2024-02-08T13:55:17","modified_gmt":"2024-02-08T11:55:17","slug":"esimerkkisivu","status":"publish","type":"page","link":"https:\/\/blogi.savonia.fi\/hyvinvoinninlahteilla\/esimerkkisivu\/","title":{"rendered":"Tietoa blogista"},"content":{"rendered":"<p>Tervetuloa seuraamaan Savonia-ammattikorkeakoulun henkil\u00f6kunnan ja opiskelijoiden tuoreita ajatuksia hyvinvoinnin ja terveyden edist\u00e4misest\u00e4. Blogissa julkaistaan tekstej\u00e4 esimerkiksi opinn\u00e4ytet\u00f6ist\u00e4 ja opintopoluista sek\u00e4 uravalinnoista s\u00e4\u00e4nn\u00f6llisin v\u00e4liajoin.\u00a0Blogi on my\u00f6s henkil\u00f6kunnan kanava alan uutuuksien esittelyyn.<\/p>\n<p>Blogin toimituskunta:<\/p>\n<p>Elina Pekonen, lehtori<br \/>\nSavonia-ammattikorkeakoulu<\/p>\n<p>Pirjo Turunen, lehtori<br \/>\nSavonia-ammattikorkeakoulu<\/p>\n<p>L\u00e4het\u00e4 juttuideasi elina.pekonen(at)savonia.fi tai pirjo.turunen(at)savonia.fi<\/p>\n","protected":false},"excerpt":{"rendered":"<p>Tervetuloa seuraamaan Savonia-ammattikorkeakoulun henkil\u00f6kunnan ja opiskelijoiden tuoreita ajatuksia hyvinvoinnin ja terveyden edist\u00e4misest\u00e4. Blogissa julkaistaan tekstej\u00e4 esimerkiksi opinn\u00e4ytet\u00f6ist\u00e4 ja opintopoluista sek\u00e4 uravalinnoista s\u00e4\u00e4nn\u00f6llisin v\u00e4liajoin.\u00a0Blogi on my\u00f6s henkil\u00f6kunnan kanava alan uutuuksien esittelyyn. Blogin toimituskunta: Elina Pekonen, lehtori Savonia-ammattikorkeakoulu Pirjo Turunen, lehtori Savonia-ammattikorkeakoulu<\/p>\n","protected":false},"author":4243,"featured_media":0,"parent":0,"menu_order":0,"comment_status":"closed","ping_status":"open","template":"","meta":{"footnotes":""},"class_list":["post-2","page","type-page","status-publish","hentry"],"_links":{"self":[{"href":"https:\/\/blogi.savonia.fi\/hyvinvoinninlahteilla\/wp-json\/wp\/v2\/pages\/2","targetHints":{"allow":["GET"]}}],"collection":[{"href":"https:\/\/blogi.savonia.fi\/hyvinvoinninlahteilla\/wp-json\/wp\/v2\/pages"}],"about":[{"href":"https:\/\/blogi.savonia.fi\/hyvinvoinninlahteilla\/wp-json\/wp\/v2\/types\/page"}],"author":[{"embeddable":true,"href":"https:\/\/blogi.savonia.fi\/hyvinvoinninlahteilla\/wp-json\/wp\/v2\/users\/4243"}],"replies":[{"embeddable":true,"href":"https:\/\/blogi.savonia.fi\/hyvinvoinninlahteilla\/wp-json\/wp\/v2\/comments?post=2"}],"version-history":[{"count":3,"href":"https:\/\/blogi.savonia.fi\/hyvinvoinninlahteilla\/wp-json\/wp\/v2\/pages\/2\/revisions"}],"predecessor-version":[{"id":826,"href":"https:\/\/blogi.savonia.fi\/hyvinvoinninlahteilla\/wp-json\/wp\/v2\/pages\/2\/revisions\/826"}],"wp:attachment":[{"href":"https:\/\/blogi.savonia.fi\/hyvinvoinninlahteilla\/wp-json\/wp\/v2\/media?parent=2"}],"curies":[{"name":"wp","href":"https:\/\/api.w.org\/{rel}","templated":true}]}}