{"id":1172,"date":"2023-09-13T08:49:47","date_gmt":"2023-09-13T05:49:47","guid":{"rendered":"https:\/\/blogi.savonia.fi\/ingacheburkova\/?page_id=1172"},"modified":"2024-12-09T15:00:40","modified_gmt":"2024-12-09T13:00:40","slug":"learning-goals","status":"publish","type":"page","link":"https:\/\/blogi.savonia.fi\/ingacheburkova\/gerontologinen\/learning-goals\/","title":{"rendered":"Learning Goals"},"content":{"rendered":"<h2 style=\"text-align: center\">Gerontology<\/h2>\n<div class=\"page\" title=\"Page 1\">\n<div class=\"section\">\n<div class=\"layoutArea\">\n<div class=\"column\">\n<p>Harjoitteluyksikk\u00f6:<strong>Juankosken sairaalan osasto <span class=\"ng-binding\">(JVO)<\/span><\/strong><br \/>\nTerveystie 9,\u00a073500 Juankoski Kuopio \u00a0<a class=\"ng-binding\" href=\"http:\/\/www.pshyvinvointialue.fi\/\" target=\"_blank\" rel=\"noopener\">http:\/\/www.pshyvinvointialue.fi<\/a><\/p>\n<\/div>\n<\/div>\n<\/div>\n<\/div>\n<p><span lang=\"FI\">Harjoittelun kokonaistuntim\u00e4\u00e4r\u00e4<\/span>: 7 op. <span lang=\"FI\">eli 5 kalenteriviikko = 185 tuntia.\u00a0<\/span><\/p>\n<div><span lang=\"FI\">\u00a0Lis\u00e4ksi opintojaksoon kuuluu koululla toteutettavia simulaatioita sek\u00e4 seminaareja<\/span><\/div>\n<p style=\"text-align: left\">Tutoropettaja: Lehtori Tanja Miettinen <a href=\"mailto:tanja.miettinen@savonia.fi\" target=\"_blank\" rel=\"noopener noreferrer\">tanja.miettinen@savonia.fi<\/a> ja\u00a0Lehtori\u00a0 Ernest Aluoch e-mail: <a class=\"x_OWAAutoLink\" href=\"mailto:ernest.aluoch@savonia.fi\" target=\"_blank\" rel=\"noopener noreferrer\">ernest.aluoch@savonia.fi<\/a><\/p>\n<p><b>Yhteyshenkil\u00f6t:<\/b> Kalle Hyv\u00f6nen (<a href=\"mailto:kalle.hyvonen@pshyvinvointialue.fi\">kalle.hyvonen@pshyvinvointialue.fi<\/a>), Elliriina Lillvis (<a href=\"mailto:elliriina.lillvis@pshyvinvointialue.fi\">elliriina.lillvis@pshyvinvointialue.fi<\/a>) ja Minna R\u00e4s\u00e4nen (<a href=\"minna.rasanen@pshyvinvointialue.fi\">minna.rasanen@pshyvinvointialue.fi<\/a>)<\/p>\n<h4 style=\"text-align: center\">Minusta. Millainen oppimistyylini on<\/h4>\n<p style=\"text-align: left\">Nimeni on Inga. Olen jo kolmas vuoden opiskelija sairaanhoitajaksi Savonia AMK:ssa.<\/p>\n<p>On suoritettu: 123\/210 opintopistett\u00e4. Aikaisemmat harjoittelujaksot:<\/p>\n<table class=\" aligncenter\" cellspacing=\"0\" cellpadding=\"0\">\n<tbody>\n<tr>\n<td valign=\"top\"><b>Teht\u00e4vien kuvaus<\/b><\/td>\n<td valign=\"top\"><b>Harjoitteluorganisaatti<\/b><\/td>\n<\/tr>\n<tr>\n<td valign=\"top\"><b>Mielenterveys- ja P\u00e4ihdehoitoty\u00f6<\/b><\/p>\n<p><b>harjoittelu<\/b><\/td>\n<td valign=\"top\">Niuvanniemen sairaala, osasto 13, Kuopio<\/p>\n<p><i>ohjauskielet &#8211; suomi ja englanti<\/i><\/td>\n<\/tr>\n<tr>\n<td valign=\"top\"><b>Lasten, nuorten ja perheiden hoitoty\u00f6<\/b><\/td>\n<td valign=\"top\">Von Wrightin p\u00e4iv\u00e4kotiyksikk\u00f6,Kuopio<\/p>\n<p><i>ohjauskieli &#8211; suomi<\/i><\/td>\n<\/tr>\n<tr>\n<td valign=\"top\"><b>Leikkauksen ja anestesian j\u00e4lkeen hoitoty\u00f6<\/b><\/td>\n<td valign=\"top\">Her\u00e4\u00e4m\u00f6 4335 ja Induktio, KYS Kuopio<\/p>\n<p>ohjauskieli &#8211; suomi<\/td>\n<\/tr>\n<tr>\n<td valign=\"top\"><b>Sis\u00e4tautipotilaiden hoitoty\u00f6, <\/b><\/p>\n<p><b>Kuntoutushoito<\/b><\/p>\n<p>ja<\/p>\n<p><b>Perushoitoty\u00f6<\/b><\/td>\n<td valign=\"top\">Akuutti ja Dialyysi osastot, Viitasaari Sairaala &#8211; NOVA:n osasto<\/p>\n<p>Keski-Suomen sairaanhoitopiirin<\/p>\n<p><i>ohjauskielet &#8211; suomi ja englanti<\/i><\/td>\n<\/tr>\n<\/tbody>\n<\/table>\n<p style=\"text-align: left\">Harjoittelussa min\u00e4 k\u00e4yt\u00e4n edellinen teoria ja\u00a0koulun materiaalia, sek\u00e4 aikaisempi hoitoty\u00f6n ty\u00f6kokemus ja sen j\u00e4lkeen implement t\u00e4t\u00e4 ty\u00f6el\u00e4m\u00e4ss\u00e4. Olen itseni aktiivinen ja kyselen selvit\u00e4 kysymyksi\u00e4. Olen varma ett\u00e4 parempi jos ensin katson ja kuuntelen (I am a visual and listening learner), tarkkailla ja sitten teen t\u00e4t\u00e4 itseni.\u00a0Minulla on kriittinen ajattelu ja looginen mieli ja hyv\u00e4 muisti. Osaan focusing syv\u00e4sti t\u00e4rkeisiin asioihin.<\/p>\n<p style=\"text-align: center\">LEARNING SKILLS \/ OPPIMISEN TAIDOT<\/p>\n<p>I am following step-by-step.\u00a0Alussa ensimm\u00e4inen viikolla min\u00e4 tutustua tiimin kanssa ja uudessa paikassa totun asioihin. Ensi viikolla yrit\u00e4n tehd\u00e4 sen jtk. itse, mutta minun tarvitset ohjausta ja jatkuvaa palautetta edisty\u00e4ksesi, viikolla 3 arvioin nykyisen ty\u00f6t\u00e4, kykyj\u00e4 ja taitoja, ja jatka sitten polkuani jne.<\/p>\n<p>Tavallisesti min\u00e4 luen ja muistan koulun materiaali, tarkkaileva ja kysyv\u00e4. Lis\u00e4ksi kysymyksi\u00e4 itseni ja etsin omia vastauksia itseni.\u00a0It is very important and necessary to apply evidence-based gerontological nursing, care skills and abilities practice.<\/p>\n<p>Min\u00e4 ahkerasti following s\u00e4\u00e4nt\u00f6j\u00e4, ty\u00f6ohjeita, ty\u00f6vuorolista, ty\u00f6aika.<\/p>\n<p>Aina yrit\u00e4n ohjatan omaa prosessiaani ja ottaa vastuun itset\u00e4ni (<em>self-control and self-discipline<\/em>).<\/p>\n<p>Min\u00e4 otan reilua kritiikin vastaan ja ammattilainen arviointi.<\/p>\n<div>\n<p style=\"text-align: center\">EETTINEN OSAAMINEN\u00a0\u00a0JA\u00a0\u00a0AMMATILLISUUS<\/p>\n<p>Olen luonnollinen ja kohtelias potilaalle. Min\u00e4 tied\u00e4n Suomen Peruslaki (<i>se oli k\u00e4yt\u00f6ss\u00e4 Niuvanniemen sairaalassa).<span class=\"Apple-converted-space\">\u00a0<\/span><\/i><\/p>\n<p>Min\u00e4 aina muista ja respect\u00a0potilaiden turvallisuuden tunnetta (a<i>siakasturvallisuus, esim. HaiPro-j\u00e4rjestelm\u00e4<\/i>) ja osam\u00e4\u00e4r\u00e4.<\/p>\n<p style=\"text-align: center\">TY\u00d6YHTEIS\u00d6OSAAMINEN<\/p>\n<p>Mielest\u00e4ni on eritt\u00e4in t\u00e4rke\u00e4\u00e4 toimia ammattimaisesti ja tehd\u00e4 yhteisty\u00f6t\u00e4 henkil\u00f6kunnan kanssa,\u00a0multikultural tiimissa.<\/p>\n<p>Haluan todella, ett\u00e4 tutor-hoitajani kertoisi minulle kuinka toimia paremmin t\u00e4h\u00e4n suuntaan, haluan joku jakaa kokemuksensa kanssani. Ja min\u00e4 uskon, ett\u00e4 t\u00e4ll\u00e4 tavalla pystyn parantamaan kulttuurista osaamistani.<\/p>\n<p style=\"text-align: center\">KLIININEN OSAAMINEN<\/p>\n<p>Savonia AMK:ssa olen saanut hyv\u00e4 teoria (tietoa) k\u00e4ytt\u00e4\u00e4 turvallisesti ik\u00e4\u00e4nenhoitoty\u00f6 ja\u00a0turvallisesti l\u00e4\u00e4kehoitoa. Olen todella kiinnostunut ja haluan harjoitella n\u00e4it\u00e4 kaikkia in real work-life sairaalaymp\u00e4rist\u00f6iss\u00e4, kuten<\/p>\n<ul>\n<li>k\u00e4ytt\u00f6 Muisti- ja Mental State\u00a0testi, esimerkiksa:\u00a0RAI,\u00a0MMSE, MNA, FRAT-form, 4-AT;<\/li>\n<li>L\u00e4\u00e4ketietokantojen, Terveysportti, L\u00e4\u00e4ke75+;<\/li>\n<li><span lang=\"FI\">hoitoty\u00f6n tutkimuss\u00e4\u00e4ti\u00f6n (HOTUS) suositukset;<\/span><\/li>\n<\/ul>\n<p>T\u00e4ss\u00e4 harjoittelussa min\u00e4 eritt\u00e4in kiinnostunut parempi tied\u00e4 ja\u00a0identifioida\u00a0<span lang=\"FI\">ik\u00e4nen sairauksia ja valitsee asiakkaan voimavaroja tukevat hoitoty\u00f6t; suunnittelen p\u00e4iv\u00e4ruoka, esim: Fineli,\u00a0<\/span>Guidelines for nutritional care <a href=\"https:\/\/www.julkari.fi\/bitstream\/handle\/10024\/146815\/URN_ISBN_978-952-408-048-4.pdf?sequence=1&amp;isAllowed=y\">URN_ISBN_978-952-408-048-4.pdf <\/a><\/p>\n<\/div>\n<div><span lang=\"FI\"><span lang=\"FI\">Tottakai aseptinen toiminta, Ergonomia, Laiteturvallisuus<\/span><\/span><span lang=\"FI\">\u00a0ovat aina eritt\u00e4in t\u00e4rke\u00e4\u00e4!<\/span><\/div>\n<div>\n<div>\n<p class=\"paragraph\"><span class=\"normaltextrun\"><span lang=\"FI\">Haluan parempi tied\u00e4 ja osaa dokumentoida ja raportoida;suunnitella, toteuttaa ja arvioida Pt-hoitoa ja palveluita.<\/span><\/span><\/p>\n<p>Se olisi ihana jos k\u00e4it\u00f6 e<span lang=\"FI\">rilaiset modern digitaaliset ja teknologiset ratkaisut.<\/span><\/p>\n<p>&nbsp;<\/p>\n<p style=\"text-align: center\"><i>Odotan innolla \u00a0miten ne n\u00e4kyv\u00e4t\u00a0harjoittelussa! \ud83d\udc9c<\/i><\/p>\n<\/div>\n<p>&nbsp;<\/p>\n<\/div>\n","protected":false},"excerpt":{"rendered":"<p>Gerontology Harjoitteluyksikk\u00f6:Juankosken sairaalan osasto (JVO) Terveystie 9,\u00a073500 Juankoski Kuopio \u00a0http:\/\/www.pshyvinvointialue.fi Harjoittelun kokonaistuntim\u00e4\u00e4r\u00e4: 7 op. eli 5 kalenteriviikko = 185 tuntia.\u00a0 \u00a0Lis\u00e4ksi opintojaksoon kuuluu koululla toteutettavia simulaatioita sek\u00e4 seminaareja Tutoropettaja: Lehtori Tanja Miettinen tanja.miettinen@savonia.fi ja\u00a0Lehtori\u00a0 Ernest Aluoch e-mail: ernest.aluoch@savonia.fi Yhteyshenkil\u00f6t: Kalle Hyv\u00f6nen (kalle.hyvonen@pshyvinvointialue.fi), Elliriina Lillvis (elliriina.lillvis@pshyvinvointialue.fi) ja Minna R\u00e4s\u00e4nen (minna.rasanen@pshyvinvointialue.fi) Minusta. Millainen oppimistyylini on Nimeni on Inga. Olen jo kolmas vuoden opiskelija sairaanhoitajaksi Savonia AMK:ssa. On suoritettu: 123\/210 opintopistett\u00e4. Aikaisemmat harjoittelujaksot: Teht\u00e4vien kuvaus Harjoitteluorganisaatti Mielenterveys- ja P\u00e4ihdehoitoty\u00f6 harjoittelu Niuvanniemen sairaala, osasto 13, Kuopio ohjauskielet &#8211; suomi ja englanti Lasten, nuorten ja perheiden hoitoty\u00f6 Von Wrightin p\u00e4iv\u00e4kotiyksikk\u00f6,Kuopio ohjauskieli &#8211; suomi Leikkauksen ja anestesian j\u00e4lkeen hoitoty\u00f6 Her\u00e4\u00e4m\u00f6 4335 ja Induktio, KYS Kuopio ohjauskieli &#8211; suomi Sis\u00e4tautipotilaiden hoitoty\u00f6, Kuntoutushoito ja Perushoitoty\u00f6 Akuutti ja Dialyysi osastot, Viitasaari Sairaala &#8211; NOVA:n osasto Keski-Suomen sairaanhoitopiirin ohjauskielet &#8211; suomi ja englanti Harjoittelussa min\u00e4 k\u00e4yt\u00e4n edellinen teoria ja\u00a0koulun materiaalia, sek\u00e4 aikaisempi hoitoty\u00f6n ty\u00f6kokemus ja [&hellip;]<\/p>\n","protected":false},"author":8444,"featured_media":0,"parent":1169,"menu_order":1,"comment_status":"closed","ping_status":"closed","template":"","meta":{"footnotes":""},"class_list":["post-1172","page","type-page","status-publish","hentry","clearfix"],"_links":{"self":[{"href":"https:\/\/blogi.savonia.fi\/ingacheburkova\/wp-json\/wp\/v2\/pages\/1172","targetHints":{"allow":["GET"]}}],"collection":[{"href":"https:\/\/blogi.savonia.fi\/ingacheburkova\/wp-json\/wp\/v2\/pages"}],"about":[{"href":"https:\/\/blogi.savonia.fi\/ingacheburkova\/wp-json\/wp\/v2\/types\/page"}],"author":[{"embeddable":true,"href":"https:\/\/blogi.savonia.fi\/ingacheburkova\/wp-json\/wp\/v2\/users\/8444"}],"replies":[{"embeddable":true,"href":"https:\/\/blogi.savonia.fi\/ingacheburkova\/wp-json\/wp\/v2\/comments?post=1172"}],"version-history":[{"count":48,"href":"https:\/\/blogi.savonia.fi\/ingacheburkova\/wp-json\/wp\/v2\/pages\/1172\/revisions"}],"predecessor-version":[{"id":1463,"href":"https:\/\/blogi.savonia.fi\/ingacheburkova\/wp-json\/wp\/v2\/pages\/1172\/revisions\/1463"}],"up":[{"embeddable":true,"href":"https:\/\/blogi.savonia.fi\/ingacheburkova\/wp-json\/wp\/v2\/pages\/1169"}],"wp:attachment":[{"href":"https:\/\/blogi.savonia.fi\/ingacheburkova\/wp-json\/wp\/v2\/media?parent=1172"}],"curies":[{"name":"wp","href":"https:\/\/api.w.org\/{rel}","templated":true}]}}