{"id":1181,"date":"2023-09-13T08:54:32","date_gmt":"2023-09-13T05:54:32","guid":{"rendered":"https:\/\/blogi.savonia.fi\/ingacheburkova\/?page_id=1181"},"modified":"2024-12-09T15:00:49","modified_gmt":"2024-12-09T13:00:49","slug":"valiarviointi","status":"publish","type":"page","link":"https:\/\/blogi.savonia.fi\/ingacheburkova\/gerontologinen\/valiarviointi\/","title":{"rendered":"V\u00e4liarviointi"},"content":{"rendered":"<h3 style=\"text-align: center\"><span style=\"color: #000000\"><b>V\u00c4LIARVOINTI<\/b><\/span><\/h3>\n<p><span style=\"color: #000000\">Mo <strong>25.09.2023.<\/strong>\u00a0Harjoitteluyksikk\u00f6: <strong>Juankosken Terveyskeskus, Kuopio<\/strong><\/span><\/p>\n<p><span style=\"color: #000000\">Minun ohjaavani opettaja: Lehtori Savonia AMK \u00a0&#8211; Ernest Alouch<\/span><\/p>\n<p><span style=\"color: #000000\">Minun ohjaavani \u00a0harjoittelun ajan ja v\u00e4liarvointi &#8211; SH Ellirina Liilvis ja SH Kalle Hyv\u00f6inen<\/span><\/p>\n<p>&nbsp;<\/p>\n<p><span style=\"color: #000000\">On ollut v\u00e4liarviointitapaamiseni yhdess\u00e4 tutorihoitajani Ellirinina ja koulumentorini Ernestin kanssa. Joten meill\u00e4 kaikilla oli mahdollisuus jakaa ajatuksemme. Sek\u00e4 antaa ja vastaanottaa palautetta. Meill\u00e4 oli Zoom-keskusteltu aamuvuorossa. T\u00e4m\u00e4 on ollut mielenkiintoinen, k\u00e4ytt\u00f6kelpoinen ja ihan hyv\u00e4 kokemus minulle.<\/span><\/p>\n<p><span style=\"color: #000000\">There is very important to know others person point of view and feedback for me.\u00a0<\/span><\/p>\n<p><span style=\"color: #000000\">Ajatellen, ett\u00e4 \u00a0haastattelu meni tehokas ja\u00a0\u00a0hyvin!!!\u00a0<\/span><\/p>\n<p><span style=\"color: #000000\">Kuvaus minun harjoittelupaikasta:<\/span><br \/>\n<span style=\"color: #000000\">Osastomme keskittyy yksil\u00f6lliseen akuuttihoitoon ja kuntoutukseen. Tavoitteenamme on potilaan hyvinvoinnin, toimintakyvyn ja terveyden edist\u00e4minen.Potilaat tulevat p\u00e4\u00e4s\u00e4\u00e4nt\u00f6isesti jatkohoitoon Kuopion yliopistollisen sairaalan osastoilta ja p\u00e4ivystyksest\u00e4 sek\u00e4 oman terveyskeskuksemme p\u00e4ivystyksest\u00e4. Yleisimpi\u00e4 osastollamme hoidettavia sairausryhmi\u00e4 ovat diabetes, syd\u00e4n- ja verenkiertosairaudet, infektiot, nestetasapainoh\u00e4iri\u00f6t, keuhkosairaudet, dementia ja lis\u00e4ksi potilaita tulee leikkausten j\u00e4lkeen osastolle kuntoutusjaksolle<\/span><\/p>\n<p><span style=\"color: #000000\"><b>EETTINEN OSAAMINEN<\/b><\/span><\/p>\n<p style=\"font-weight: 400\"><span style=\"color: #000000\">Min\u00e4 tein l\u00e4\u00e4kevirhe. Siksi min\u00e4 ja minun ohjaajani me teimme <\/span><span class=\"normaltextrun\" style=\"color: #000000\">Haittatapahtumien raportointi &#8211; \u00a0HaiPro-j\u00e4rjestelm\u00e4.<\/span><span style=\"color: #000000\">\u00a0 Siksi minun tarvitse ainu muista ja ota huomioon potilaan yksityiset tiedot tapahtumien varalta. Siksi on the one hand: tehd\u00e4\u00a0<span class=\"normaltextrun\" style=\"color: #000000\">Haittatapahtumien raportointi &#8211; \u00a0HaiPro-j\u00e4rjestelm\u00e4<\/span>\u00a0ja on the other hand:\u00a0\u00e4l\u00e4k\u00e4 levit\u00e4 asiakkaan heikentynytt\u00e4 historiaa osaston ulkopuolelle\u00a0; ty\u00f6skennellyt samalla tavalla hoitoty\u00f6n standardien ja arvojen mukaisesti.<\/span><\/p>\n<p>Ota huomioon potilaan yksityiset tiedot tapahtumien varalta, \u00e4l\u00e4k\u00e4 levit\u00e4 asiakkaan heikentynytt\u00e4 historiaa osaston ulkopuolelle. Potilaiden turvallisuus on jatkuva tarve, oli se sitten fyysist\u00e4 turvallisuutta tai salaisia \u200b\u200bpotilaiden tietoja. Lis\u00e4ksi haluan sis\u00e4llytt\u00e4\u00e4, ett\u00e4 olen aina kunnioittanut henkil\u00f6n autonomiaa (jokaisella on oikeus tehd\u00e4 omat terveysp\u00e4\u00e4t\u00f6ksens\u00e4), tarkoituksenmukaisuuden loukkaamatta j\u00e4tt\u00e4minen ja kyky sitoutua ja velvollisuus ovat t\u00e4rkeit\u00e4 osa hoitoty\u00f6t\u00e4.<\/p>\n<p>vanhuksella voi olla huono p\u00e4iv\u00e4 tai jtk, kaiken ei tarvitse menn\u00e4 sujuvasti ja muuta, siksi olen huomannut, ett\u00e4 potilaat saattavat joskus k\u00e4ytt\u00e4yty\u00e4 ep\u00e4kohteliaasti ja jopa aggressiivisesti, koska heill\u00e4 on paljon kipuja, laukaisimia, huolia ja muistih\u00e4iri\u00f6it\u00e4 ja s\u00e4hk\u00f6katkoksia. Sopimuksena on, ett\u00e4 he tuntevat py\u00f6rrytyst\u00e4 ja sekaisin, mink\u00e4 vuoksi t\u00e4t\u00e4 h\u00e4mmennyst\u00e4 ei tarvitse seurata.<\/p>\n<p>Yleens\u00e4 min\u00e4 hyv\u00e4 ymm\u00e4rr\u00e4n t\u00e4t\u00e4 ja pysyn rauhallisena.<\/p>\n<div class=\"page\" title=\"Page 4\">\n<div class=\"section\">\n<div class=\"layoutArea\">\n<div class=\"column\">\n<p>During my previous internship I have received a lot of information about the Pt&#8217;s rights and the Finnish legislation governing Healthcare.<\/p>\n<p>behave professionally and comply with ethical guidelines and legislation regarding the practical training (e.g. professional secrecy and confidentiality, data protection, observance of working hours, occupational safety, patient safety)<\/p>\n<\/div>\n<\/div>\n<\/div>\n<\/div>\n<p><span style=\"color: #000000\"><b>HOITOTY\u00d6N P\u00c4\u00c4T\u00d6KSENTEKO-OSAAMINEN<\/b><\/span><\/p>\n<p><span style=\"color: #000000\"><span lang=\"FI\">Aiemmin en pystynyt ohjaamaan potilaita kunnollisesti, koska en puhunut niin hyvin suomea, mutta nyt minulla on sellainen mahdollisuus ja paras tapa minulle on puhua asiakkaan kanssa kahden kesken ja vasta sen j\u00e4lkeen vika soittaa apua tai toista sairaanhoitajaa. <\/span>Tietysti se on potilaasta, olen tavannut sellaisia, joita en periaatteessa ymm\u00e4rt\u00e4nyt heid\u00e4n puheongelmiensa vuoksi, muissa tapauksissa voin seurata keskustelua.<\/span><\/p>\n<ul>\n<li><span style=\"color: #000000\"><span lang=\"FI\">Yksi meid\u00e4n potilas on\u00a0<\/span>lonkan tekonivelleikauksen j\u00e4lkeen. Min\u00e4 yritin tekemaan lyhyt fyysisen testi &#8211; SPPB,<strong>\u00a0<\/strong>ja<strong>\u00a0<\/strong>fysioterapeutin ohjaa ja opas minua.<\/span><\/li>\n<li><span style=\"color: #000000\"><span lang=\"FI\">Ja toinen meid\u00e4n potilas ei sy\u00f6nyt mit\u00e4\u00e4.\u00a0 M<\/span><\/span><span style=\"color: #000000\">e keskustelemme t\u00e4st\u00e4 Elliriinan kanssa ja raportoida l\u00e4\u00e4k\u00e4rille. M<span lang=\"FI\">in\u00e4 yrit\u00e4n suunnittelen lis\u00e4ruokkaa h\u00e4nnelle ja k\u00e4in: <strong>Fineli &#8211; <\/strong><\/span><strong>Guidelines for nutritional care<\/strong> <a style=\"color: #000000\" href=\"https:\/\/www.julkari.fi\/bitstream\/handle\/10024\/146815\/URN_ISBN_978-952-408-048-4.pdf?sequence=1&amp;isAllowed=y\">URN_ISBN_978-952-408-048-4.pdf . <\/a><\/span><span style=\"color: #000000\"><span style=\"color: #000000\">Siksi Potialle <\/span><\/span>m\u00e4\u00e4r\u00e4tty Fresubin\u00ae Protein Energy DRINK\u00a0 <a href=\"https:\/\/www.fresenius-kabi.com\/fi\/tuotteet\/fresubin-protein-energy-drink\"><strong>https:\/\/www.fresenius-kabi.com\/fi\/tuotteet\/fresubin-protein-energy-drink<\/strong><\/a><\/li>\n<\/ul>\n<p><span style=\"color: #000000\"><b>MONIAMMATILLINEN YHTEISTY\u00d6OSAAMINEN<\/b><\/span><\/p>\n<p><span style=\"color: #000000\">Joka vuoroni min\u00e4 yrit\u00e4n p\u00e4\u00e4se olemaan osa moniammatillista ty\u00f6ryhm\u00e4\u00e4. Kaikista viikon tapahtumista vakuuttuin ja tajusin j\u00e4lleen kerran, ett\u00e4 aina pit\u00e4\u00e4 tehd\u00e4 tiimity\u00f6t\u00e4 ja luottaa kollegoihin, jakaa tapaukset heid\u00e4n kanssaan ja aina keskustella kaikesta.<\/span><\/p>\n<p><span style=\"color: #000000\">P\u00e4\u00e4asia t\u00e4ss\u00e4 vaiheessa oli l\u00f6yt\u00e4\u00e4 l\u00e4hestymistapa kollegoihin, jotta edistet\u00e4\u00e4n potilaiden kannalta hyv\u00e4 lopputulosta. Voin sanoa, ett\u00e4 hyvin meni. Otin tietyn yhteyden muihin sairaanhoitajiin, jotta voisin tarjota asiakkaille paremman lopputuloksen.<\/span><\/p>\n<p><span style=\"color: #000000\"><b><i>KLIININEN OSAAMINEN<\/i><\/b><\/span><\/p>\n<div>\n<p><span style=\"color: #000000\"><strong>Evidence Based Practice And Decision Making Competence<\/strong><\/span><\/p>\n<p><span style=\"color: #000000\">Min\u00e4 usein k\u00e4yt\u00e4n ohjaavat Gerontolog<\/span><\/p>\n<ul>\n<li><span style=\"color: #000000\">DUODECIM k\u00e4yp\u00e4 hoito- suosituksia \u00a0<\/span><\/li>\n<li><span style=\"color: #000000\">L\u00e4\u00e4ketietokantojen, Terveysportti, L\u00e4\u00e4ke75+ , LOVe<\/span><\/li>\n<li><span style=\"color: #000000\"><strong>CERAD<\/strong> (cognitive task series (to develop standardized, validated measures for the assessment of Alzheimer\u2019s disease)<\/span><\/li>\n<li><span style=\"color: #000000\">ja <strong>MMSE-testi<\/strong> tein itse (viime viikolla min\u00e4 katsoin ja opiskelin miten sairaanhoitaja teki t\u00e4m\u00e4n<\/span><\/li>\n<li><span style=\"color: #000000\"><strong><span class=\"normaltextrun\"><span lang=\"FI\">KYS &#8211;\u00a0HOTUS <\/span><\/span><\/strong><span class=\"normaltextrun\"><span lang=\"FI\">(hoitoty\u00f6n tutkimuss\u00e4\u00e4ti\u00f6n)<\/span><\/span><span class=\"normaltextrun\"><span lang=\"FI\">\u00a0suositukset\u00a0<\/span><\/span>SOTE lomake &#8211; Suostumus tiedonvaihtoon ja luovutukseen &#8211; Pt oikeus tietoja ja \u00a0luovutetaan<\/span><\/li>\n<li><span style=\"color: #000000\">Terveyskyla.fi<\/span><\/li>\n<li><span style=\"color: #000000\">Lyhyt fyysisen suorituskyvyn testi\u00f6\u00a0 &#8211; <strong>Short Physical Perfomance Battery (SPPB) &#8211; <\/strong>k\u00e4in sen Fysioterapeutin kanssa.<\/span><\/li>\n<\/ul>\n<p><span style=\"color: #000000\">On pari asiaa, joilla minun t\u00e4ytyy parantaa taitojani: <strong>PEGASOS<\/strong>:n dokumentointi, ohjaus, l\u00e4\u00e4kkeen toiminnan ymm\u00e4rt\u00e4minen ja my\u00f6s sivuvaikutukset ja vastaavat.<\/span><\/p>\n<p><span style=\"color: #000000\">L\u00e4\u00e4k\u00e4rihuoneessa p\u00e4\u00e4sin muistelemaan l\u00e4\u00e4kkeit\u00e4, sek\u00e4 ollut paikalla l\u00e4\u00e4k\u00e4rin kierroksella, se eroaa hieman sairaalan tavanomaisista kierroksista, mutta kuitenkin.<\/span><\/p>\n<p><span style=\"color: #000000\"><strong>Conclusions \/ P\u00e4\u00e4telm\u00e4<\/strong><\/span><\/p>\n<\/div>\n<p><span style=\"color: #000000\">Olen jo parempi hallita l\u00e4\u00e4kehoidon perusteet, sis\u00e4tautien hoitoty\u00f6n teoriaopinnot suoritettuna ja kehit\u00e4n osaamistani erityisesti gerontologiassa.<\/span><\/p>\n<p><span style=\"color: #000000\">Min\u00e4 k\u00e4yt\u00e4n joka p\u00e4iv\u00e4ksi \u00a0tutor-sairaanhoitajani toimittamia materiaaleja sek\u00e4 verkkosivustoja, joista l\u00f6yd\u00e4n L\u00e4\u00e4ke-ohje ect.<\/span><\/p>\n<p><span style=\"color: #000000\">Toivon, ett\u00e4 harjoittelun j\u00e4lkeen minulla on parempi ammattilainen skills ty\u00f6skennell\u00e4 potilaideni kanssa, ymm\u00e4rt\u00e4\u00e4 heid\u00e4n tarpeitaan ja suunnitella ammattilainen hoitoa \u00a0seuraavaan.<\/span><\/p>\n<p><span style=\"color: #000000\">Minun ohjaajani auttoi minua oikein paljon!<\/span><\/p>\n<p><span style=\"color: #000000\">Ellirinina ja Kalle antoi minulletodella \u00a0paljon hyv\u00e4t vinkkej\u00e4 ja neuvot. Min\u00e4 k\u00e4ytin viel\u00e4 koulun opetusmateriaali ja valmistin\u00a0kysymyksi\u00e4 etu\u00e4k\u00e4ten.<\/span><\/p>\n<p>&nbsp;<\/p>\n<p style=\"text-align: center\"><span style=\"color: #000000\"><b>Paljon kiitoksia\u00a0ohjaille\u00a0Elliriinalle ja Kallelle, ett\u00e4 teette arvokasta ty\u00f6t\u00e4 opiskelijaohjauksessa ja osaamisen kehittymisen!\ud83d\udc9c<\/b><\/span><\/p>\n<p style=\"text-align: center\"><span style=\"color: #000000\"><b>Syd\u00e4mellinen kiitokset, kun teittte minun harjoittelustani niin<span class=\"Apple-converted-space\">\u00a0<\/span><\/b><b>mielenkiintoinen ja opettavainen!\ud83d\udc9c<\/b><\/span><\/p>\n<p>&nbsp;<\/p>\n","protected":false},"excerpt":{"rendered":"<p>V\u00c4LIARVOINTI Mo 25.09.2023.\u00a0Harjoitteluyksikk\u00f6: Juankosken Terveyskeskus, Kuopio Minun ohjaavani opettaja: Lehtori Savonia AMK \u00a0&#8211; Ernest Alouch Minun ohjaavani \u00a0harjoittelun ajan ja v\u00e4liarvointi &#8211; SH Ellirina Liilvis ja SH Kalle Hyv\u00f6inen &nbsp; On ollut v\u00e4liarviointitapaamiseni yhdess\u00e4 tutorihoitajani Ellirinina ja koulumentorini Ernestin kanssa. Joten meill\u00e4 kaikilla oli mahdollisuus jakaa ajatuksemme. Sek\u00e4 antaa ja vastaanottaa palautetta. Meill\u00e4 oli Zoom-keskusteltu aamuvuorossa. T\u00e4m\u00e4 on ollut mielenkiintoinen, k\u00e4ytt\u00f6kelpoinen ja ihan hyv\u00e4 kokemus minulle. There is very important to know others person point of view and feedback for me.\u00a0 Ajatellen, ett\u00e4 \u00a0haastattelu meni tehokas ja\u00a0\u00a0hyvin!!!\u00a0 Kuvaus minun harjoittelupaikasta: Osastomme keskittyy yksil\u00f6lliseen akuuttihoitoon ja kuntoutukseen. Tavoitteenamme on potilaan hyvinvoinnin, toimintakyvyn ja terveyden edist\u00e4minen.Potilaat tulevat p\u00e4\u00e4s\u00e4\u00e4nt\u00f6isesti jatkohoitoon Kuopion yliopistollisen sairaalan osastoilta ja p\u00e4ivystyksest\u00e4 sek\u00e4 oman terveyskeskuksemme p\u00e4ivystyksest\u00e4. Yleisimpi\u00e4 osastollamme hoidettavia sairausryhmi\u00e4 ovat diabetes, syd\u00e4n- ja verenkiertosairaudet, infektiot, nestetasapainoh\u00e4iri\u00f6t, keuhkosairaudet, dementia ja lis\u00e4ksi potilaita tulee leikkausten j\u00e4lkeen osastolle kuntoutusjaksolle EETTINEN OSAAMINEN Min\u00e4 tein l\u00e4\u00e4kevirhe. Siksi min\u00e4 [&hellip;]<\/p>\n","protected":false},"author":8444,"featured_media":0,"parent":1169,"menu_order":3,"comment_status":"closed","ping_status":"closed","template":"","meta":{"footnotes":""},"class_list":["post-1181","page","type-page","status-publish","hentry","clearfix"],"_links":{"self":[{"href":"https:\/\/blogi.savonia.fi\/ingacheburkova\/wp-json\/wp\/v2\/pages\/1181","targetHints":{"allow":["GET"]}}],"collection":[{"href":"https:\/\/blogi.savonia.fi\/ingacheburkova\/wp-json\/wp\/v2\/pages"}],"about":[{"href":"https:\/\/blogi.savonia.fi\/ingacheburkova\/wp-json\/wp\/v2\/types\/page"}],"author":[{"embeddable":true,"href":"https:\/\/blogi.savonia.fi\/ingacheburkova\/wp-json\/wp\/v2\/users\/8444"}],"replies":[{"embeddable":true,"href":"https:\/\/blogi.savonia.fi\/ingacheburkova\/wp-json\/wp\/v2\/comments?post=1181"}],"version-history":[{"count":45,"href":"https:\/\/blogi.savonia.fi\/ingacheburkova\/wp-json\/wp\/v2\/pages\/1181\/revisions"}],"predecessor-version":[{"id":1388,"href":"https:\/\/blogi.savonia.fi\/ingacheburkova\/wp-json\/wp\/v2\/pages\/1181\/revisions\/1388"}],"up":[{"embeddable":true,"href":"https:\/\/blogi.savonia.fi\/ingacheburkova\/wp-json\/wp\/v2\/pages\/1169"}],"wp:attachment":[{"href":"https:\/\/blogi.savonia.fi\/ingacheburkova\/wp-json\/wp\/v2\/media?parent=1181"}],"curies":[{"name":"wp","href":"https:\/\/api.w.org\/{rel}","templated":true}]}}