{"id":1575,"date":"2024-04-06T11:59:18","date_gmt":"2024-04-06T08:59:18","guid":{"rendered":"https:\/\/blogi.savonia.fi\/ingacheburkova\/?page_id=1575"},"modified":"2024-11-18T09:28:13","modified_gmt":"2024-11-18T07:28:13","slug":"developing-nursing-competencies-hoitotyon-osaamisen-taydentaminen","status":"publish","type":"page","link":"https:\/\/blogi.savonia.fi\/ingacheburkova\/developing-nursing-competencies\/developing-nursing-competencies-hoitotyon-osaamisen-taydentaminen\/","title":{"rendered":"Opintojakson Tavoitteet &#8211; Hoitoty\u00f6n osaamisen t\u00e4ydent\u00e4minen"},"content":{"rendered":"","protected":true},"excerpt":{"rendered":"","protected":true},"author":8444,"featured_media":0,"parent":1582,"menu_order":1,"comment_status":"open","ping_status":"closed","template":"","meta":{"footnotes":""},"class_list":["post-1575","page","type-page","status-publish","post-password-required","hentry","clearfix"],"_links":{"self":[{"href":"https:\/\/blogi.savonia.fi\/ingacheburkova\/wp-json\/wp\/v2\/pages\/1575","targetHints":{"allow":["GET"]}}],"collection":[{"href":"https:\/\/blogi.savonia.fi\/ingacheburkova\/wp-json\/wp\/v2\/pages"}],"about":[{"href":"https:\/\/blogi.savonia.fi\/ingacheburkova\/wp-json\/wp\/v2\/types\/page"}],"author":[{"embeddable":true,"href":"https:\/\/blogi.savonia.fi\/ingacheburkova\/wp-json\/wp\/v2\/users\/8444"}],"replies":[{"embeddable":true,"href":"https:\/\/blogi.savonia.fi\/ingacheburkova\/wp-json\/wp\/v2\/comments?post=1575"}],"version-history":[{"count":73,"href":"https:\/\/blogi.savonia.fi\/ingacheburkova\/wp-json\/wp\/v2\/pages\/1575\/revisions"}],"predecessor-version":[{"id":1579,"href":"https:\/\/blogi.savonia.fi\/ingacheburkova\/wp-json\/wp\/v2\/pages\/1575\/revisions\/1579"}],"up":[{"embeddable":true,"href":"https:\/\/blogi.savonia.fi\/ingacheburkova\/wp-json\/wp\/v2\/pages\/1582"}],"wp:attachment":[{"href":"https:\/\/blogi.savonia.fi\/ingacheburkova\/wp-json\/wp\/v2\/media?parent=1575"}],"curies":[{"name":"wp","href":"https:\/\/api.w.org\/{rel}","templated":true}]}}