{"id":1920,"date":"2024-09-26T22:25:24","date_gmt":"2024-09-26T19:25:24","guid":{"rendered":"https:\/\/blogi.savonia.fi\/ingacheburkova\/?page_id=1920"},"modified":"2024-12-09T15:10:37","modified_gmt":"2024-12-09T13:10:37","slug":"tehohoito","status":"publish","type":"page","link":"https:\/\/blogi.savonia.fi\/ingacheburkova\/tehohoito\/","title":{"rendered":"Syvent\u00e4v\u00e4 harjoittelu"},"content":{"rendered":"<h2 style=\"text-align: center\"><span style=\"color: #0000ff\"><strong>AKUUTTI- ja TEHOHOITOTY\u00d6<\/strong><\/span><\/h2>\n<p><span style=\"color: #000000\"><strong>Harjoitteluaika: <\/strong>Harjoittelun \u00a0kesto on \u00a0259 tuntia, eli 7 kalenteriviikkoa <\/span><\/p>\n<p><span style=\"color: #000000\">\u00a042-48 vk. Syksyll\u00e4 2024<\/span><\/p>\n<p><span style=\"color: #000000\"><strong>Harjoittelupaikka:<\/strong> Pohjois-Savon hyvinvointialueelle, KYSin teho-osasto<\/span><\/p>\n<p><span style=\"color: #000000\"><strong>Harjoittelukoordinaattori:<\/strong>\u00a0Arja Kemil\u00e4inen &#8211; Lehtori THM Savonia AMK, Terveysala Kuopio \ud83d\udce7<span style=\"color: #0000ff\"> <a style=\"color: #0000ff\" href=\"mailto:arja.kemilainen@%20savonia.fi\">arja.kemilainen@ savonia.fi<\/a><\/span><\/span><\/p>\n<p>&nbsp;<\/p>\n<p style=\"text-align: center\"><span style=\"color: #000000\"><strong>Minusta<\/strong><\/span><\/p>\n<p><span style=\"color: #000000\">Nimeni on Inga. Olen kolmatta vuotta sairaanhoitajaopiskelija Savonia AMK 2021-2025. \u00a0<\/span><span style=\"color: #000000\">\ud83d\udce7 e-mail: <span style=\"color: #0000ff\"><a style=\"color: #0000ff\" href=\"mailto:inga.cheburkova@edu.savonia.fi\">inga.cheburkova@edu.savonia.fi<\/a><\/span> , puh.: <span style=\"color: #0000ff\">+358 40 3625432<\/span><\/span><\/p>\n<p><span style=\"color: #000000\">Minun opinto etenev\u00e4t opintosuunnitelman mukaisesti. Olen jo suorittanut ennen harjoittelun aloitusta l\u00e4\u00e4kehoidon perusteet, sis\u00e4tautien hoitoty\u00f6n, mielenterveys- ja P\u00e4ihdehoitoty\u00f6 harjoittelu, Perioperatiivinen, Ik\u00e4\u00e4ntyneiden hoitoty\u00f6 teoriaopinnot ja Hoitoty\u00f6n osaamisen t\u00e4ydent\u00e4minen.<\/span><\/p>\n<p><span style=\"color: #000000\">Lis\u00e4ksi, olen suorittanut DUODECIM Oppiportin \u00a0kurssit, m<\/span><span style=\"color: #000000\">inun todistukset ovat:<\/span><\/p>\n<div class=\"section\">\n<div class=\"layoutArea\">\n<div class=\"column\">\n<ol>\n<li style=\"text-align: left\"><span style=\"color: #0000ff\"><a style=\"color: #0000ff\" href=\"https:\/\/blogi.savonia.fi\/ingacheburkova\/certificates\/patient-safety-certificate\/\">Patient safety certificate<\/a><\/span><\/li>\n<li style=\"text-align: left\"><span style=\"color: #0000ff\"><a style=\"color: #0000ff\" href=\"https:\/\/blogi.savonia.fi\/ingacheburkova\/certificates\/diplomi-verensiirron-3\/\">Verensiirto Todistus<\/a><\/span><\/li>\n<li style=\"text-align: left\"><span style=\"color: #0000ff\"><a style=\"color: #0000ff\" href=\"https:\/\/blogi.savonia.fi\/ingacheburkova\/certificates\/who-ipc-micro\/\">WHO IPC-MICRO<\/a><\/span><\/li>\n<li style=\"text-align: left\"><span style=\"color: #0000ff\"><a style=\"color: #0000ff\" href=\"https:\/\/blogi.savonia.fi\/ingacheburkova\/certificates\/veren-siirto\/\" rel=\"attachment wp-att-1564\">Verensiirron<\/a><\/span><\/li>\n<li><span style=\"color: #0000ff\"><a style=\"color: #0000ff\" href=\"https:\/\/blogi.savonia.fi\/ingacheburkova\/wp-admin\/post.php?post=1790&amp;action=edit\">Tietosuoja Terveydenhuollossa<\/a><\/span><\/li>\n<li><span style=\"color: #0000ff\"><a style=\"color: #0000ff\" href=\"https:\/\/blogi.savonia.fi\/ingacheburkova\/certificates\/ekg-ja-nopeat-rytmihairiot-todistus\/\">EKG ja nopeat rytmih\u00e4iri\u00f6t Todistus<\/a><\/span><\/li>\n<li><span style=\"color: #0000ff\"><a style=\"color: #0000ff\" href=\"https:\/\/blogi.savonia.fi\/ingacheburkova\/certificates\/elinluovuttajan-todistus\/\">Elinluovuttajan Todistus<\/a><\/span><\/li>\n<li><span style=\"color: #0000ff\"><a style=\"color: #0000ff\" href=\"https:\/\/blogi.savonia.fi\/ingacheburkova\/certificates\/1906-2\/\">Defibrillaattorit Todistus<\/a><\/span><\/li>\n<\/ol>\n<p><span style=\"color: #000000\"><strong>Aikaisemmat harjoittelujaksot <\/strong><span style=\"color: #0000ff\">\u00a0<\/span><\/span><\/p>\n<\/div>\n<table style=\"font-weight: 400;height: 764px\" width=\"736\">\n<tbody>\n<tr>\n<td width=\"271\">\n<p style=\"text-align: center\"><span style=\"color: #0000ff\"><strong>Harjoittelut<\/strong><\/span><\/p>\n<p style=\"text-align: center\"><span style=\"color: #0000ff\"><strong>Teht\u00e4vien kuvaus<\/strong><\/span><\/p>\n<\/td>\n<td width=\"271\">\n<p style=\"text-align: center\"><span style=\"color: #0000ff\"><strong>Harjoitteluorganisaatti<\/strong><\/span><\/p>\n<\/td>\n<\/tr>\n<tr>\n<td width=\"271\"><strong>Hoitoty\u00f6n osaamisen t\u00e4ydent\u00e4minen<\/strong><\/td>\n<td width=\"271\"><strong>Her\u00e4\u00e4m\u00f6 4335<\/strong>,<\/p>\n<p>KYS Kuopio<\/p>\n<p><a href=\"https:\/\/blogi.savonia.fi\/ingacheburkova\/developing-nursing-competencies\/arvointi\/#comment-50\"><span style=\"color: #000000\"><span style=\"color: #0000ff\">f<span style=\"color: #3366ff\">eedback ja comments\u00a0<\/span><\/span><\/span><\/a><\/td>\n<\/tr>\n<tr>\n<td width=\"271\"><strong>Kotihoito ja Gerontologinen hoitoty\u00f6<\/strong><\/td>\n<td width=\"271\"><strong>Juankosken Terveyskeskus <\/strong>(JVO),<\/p>\n<p>Kuopio<\/p>\n<p><span style=\"color: #3366ff\"><a style=\"color: #3366ff\" href=\"https:\/\/blogi.savonia.fi\/ingacheburkova\/gerontologinen\/valiarviointi\/#comment-45\">feedback ja comments\u00a0<\/a><\/span><\/td>\n<\/tr>\n<tr>\n<td width=\"271\"><strong>Mielenterveys- ja P\u00e4ihdehoitoty\u00f6 arjoittelu<\/strong><\/td>\n<td width=\"271\"><strong>Niuvanniemen sairaala <\/strong>(Niuva)<\/p>\n<p>osasto 13, Kuopio<\/p>\n<p><span style=\"color: #3366ff\"><a style=\"color: #3366ff\" href=\"https:\/\/blogi.savonia.fi\/ingacheburkova\/mielenterveys-ja-paihdehoitotyo-harjoittelu\/arviointi\/#comment-43\">feedback ja comments<\/a>\u00a0<\/span><\/td>\n<\/tr>\n<tr>\n<td width=\"271\"><strong>Sis\u00e4tautipotilaiden hoitoty\u00f6,\u00a0<\/strong><\/p>\n<p><strong>Kuntoutushoito ja Perushoitoty\u00f6<\/strong><\/td>\n<td width=\"271\"><strong>Akuutti ja Dialyysi osastot,\u00a0<\/strong><\/p>\n<p><strong>Viitasaari Sairaala<\/strong>\u00a0&#8211; NOVA:n osasto<\/p>\n<p>Keski-Suomen hyvinvointialue<\/p>\n<p><span style=\"color: #3366ff\"><a style=\"color: #3366ff\" href=\"https:\/\/blogi.savonia.fi\/ingacheburkova\/internship-medical-nursing-practice\/summary-self-evaluation-yhteenveto-itsearviointi\/#comment-12\">feedback ja comments\u00a0<\/a><\/span><\/p>\n<p><a href=\"https:\/\/blogi.savonia.fi\/ingacheburkova\/4-nurhhota1-internship-nursing-assessment-and-interventions\/my-learning-reflection\/#comment-5\"><span style=\"color: #3366ff\">feedback ja comments\u00a0<\/span><\/a><\/td>\n<\/tr>\n<tr>\n<td width=\"271\"><strong>Leikkauksen ja anestesian j\u00e4lkeen hoitoty\u00f6<\/strong><\/td>\n<td width=\"271\"><strong>Her\u00e4\u00e4m\u00f6 4335 ja Induktio, <\/strong><\/p>\n<p>KYS Kuopio<\/p>\n<p><span style=\"color: #3366ff\"><a style=\"color: #3366ff\" href=\"https:\/\/blogi.savonia.fi\/ingacheburkova\/perioperative-internship-harjoittelu\/arviointi\/#comment-22\">feedback ja comments\u00a0<\/a><\/span><\/td>\n<\/tr>\n<tr>\n<td width=\"271\"><strong>Lasten, nuorten ja perheiden hoitoty\u00f6<\/strong><\/td>\n<td width=\"271\">Von Wrightin p\u00e4iv\u00e4kotiyksikk\u00f6, Kuopio<\/td>\n<\/tr>\n<\/tbody>\n<\/table>\n<\/div>\n<\/div>\n<div><\/div>\n<div class=\"section\">\n<div class=\"layoutArea\">\n<p style=\"font-weight: 400;text-align: center\"><span style=\"color: #333333\">OPPIMISEN TAIDOT\/ MY LEARNING SKILLS<\/span><\/p>\n<div class=\"column\"><span style=\"color: #333333\">T\u00e4m\u00e4 Syvent\u00e4v\u00e4 harjoitteluni on todella erilainen ja suurimerkityksen, koska se vaatii minusta uuden tason hoitoty\u00f6taitoja, eli ammattimaisempaa.<\/span><\/div>\n<div class=\"column\"><span style=\"color: #333333\"><strong>Millainen oppija min\u00e4 olen ja millainen oppimistyyli minulla on? <\/strong><\/span><\/div>\n<div class=\"column\"><span style=\"color: #333333\">Olen visuaalinen oppija ja utelias. Osaan muista \u00a0uusia nopeasti. Harjoittelun aikana min\u00e4 kysyn ensin toimintaohjeet ja toimin niiden mukaisesti. Minun muistikirja on tietysti aina taskussani, mihin kirjoitan nota bene muistamaan paremmaksi. Olen my\u00f6s noudattanut ty\u00f6yksik\u00f6n yleisi\u00e4 ohjeita ja s\u00e4\u00e4nt\u00f6j\u00e4. <\/span><\/div>\n<div class=\"column\"><span style=\"color: #333333\">olen jo tutustunut Opiskelijan oppaaseen ja yleisen perehdytysmateriaalin ja tehohoidon ymp\u00e4rist\u00f6 kohtaiset osiot <a style=\"color: #333333\" href=\"https:\/\/sway.office.com\/MviNnh77I6u9cbjb\"><span style=\"color: #3366ff\">t\u00e4st\u00e4.<\/span><\/a> \u00a0Haluaisin keskustella n\u00e4ist\u00e4 huolellisesti minun ohjaajani \u00a0kanssa heti harjoitteluni alusta l\u00e4htien.\u00a0<\/span><\/div>\n<div class=\"column\"><span style=\"color: #333333\">Min\u00e4 luen kouluun teoria materiaali, kiinnostus uusia tietoa, kysy kysymyksi\u00e4 ja etsin vastauksia niihin sek\u00e4 itsen\u00e4isesti, ett\u00e4 opettajan kanssa. Sitten menee soveltaminen teorian k\u00e4yt\u00e4nn\u00f6ss\u00e4 kunnes se on juurtunut p\u00e4\u00e4h\u00e4n. \u00a0Olen varma muun muassa, ett\u00e4 avain menestykseen on oikein ty\u00f6-aika balance, eli sopivasta ty\u00f6tahdista ja riitt\u00e4v\u00e4st\u00e4 levosta.<\/span><\/div>\n<div><\/div>\n<\/div>\n<\/div>\n<p style=\"text-align: center\"><span style=\"color: #333333\"><strong>HARJOITTELUN SUUNNITELMAA<\/strong><\/span><\/p>\n<div class=\"section\">\n<p>&nbsp;<\/p>\n<p class=\"layoutArea\" style=\"text-align: center\"><span style=\"color: #333333\">AMMATILLINEN OSAAMINEN\/ KOMPETENSSIT ja TAVOITTEET<\/span><\/p>\n<\/div>\n<div class=\"section\"><span style=\"color: #333333\"><strong>Eettinen osaaminen ja ammatillisuus<\/strong><\/span><\/div>\n<div class=\"section\">\n<div><\/div>\n<div class=\"layoutArea\"><u>Osaaminen:<\/u><\/div>\n<div class=\"layoutArea\">\n<div><span style=\"color: #333333\">Olen luonnollinen ja kohtelias potiaille. Kunnioitan ja aina hoitolains\u00e4\u00e4d\u00e4nn\u00f6n noudattaminen on minulle t\u00e4rke\u00e4 s\u00e4\u00e4nt\u00f6. T\u00e4m\u00e4 tarkoittaa salassapitovelvollisuutta, potilastietoja, l\u00e4\u00e4kkeiden antamista, potilaan asemaa ja oikeuksia koskevaa lakia \u2013 kaikki n\u00e4m\u00e4 tekij\u00e4t ymm\u00e4rret\u00e4\u00e4n, huomioidaan eiv\u00e4tk\u00e4 ne ole minun osaltani levitt\u00e4misen kohteena, koska min\u00e4 hyvin ymm\u00e4rr\u00e4n, ett\u00e4 t\u00e4m\u00e4 on periaatteiden ja s\u00e4\u00e4nt\u00f6jen vastaista.<\/span><br \/>\n<span style=\"color: #333333\">Min\u00e4 aina muista ja respect potilaiden turvallisuuden tunnetta (asiakasturvallisuus, esim. Pegasus \u00a0ja HaiPro-j\u00e4rjestelm\u00e4).<\/span><\/div>\n<div><\/div>\n<div><span style=\"color: #333333\"><u>Tavoitet:<\/u><\/span><\/div>\n<\/div>\n<\/div>\n<div><span style=\"color: #333333\">Harjoittelun ajossa ja sen j\u00e4lkeen ty\u00f6el\u00e4m\u00e4ss\u00e4 min\u00e4 osaan asiakasl\u00e4ht\u00f6inen ty\u00f6skentely ja ohjata potilasta h\u00e4nen l\u00e4\u00e4kehoidossaan ja tehohoidossa; osaan toimia asiakasl\u00e4ht\u00f6isesti huomioiden potilaan voimavarat ja tarpeet hoito- ja ohjaustilanteissa; k\u00e4yt\u00e4nn\u00f6llinen potilaiden oikeuksista ja tehohoidon eettiset ja arvoa potilaan oikeuksista.<\/span><\/div>\n<div><\/div>\n<div><span style=\"color: #333333\"><u>Miten saavuttaa tavoitteet:<\/u><\/span><\/div>\n<div><span style=\"color: #333333\">T\u00e4lt\u00e4 aspektissa on eritt\u00e4in t\u00e4rke\u00e4 minulle s\u00e4\u00e4d\u00f6sten ja ammatin edellytt\u00e4m\u00e4 kielitaito, esim. ISBAR raportoida ja vuoron raportoida jne. <\/span><span style=\"color: #333333\"><u>Olen ulkomaalainen opiskelija, siksi minulle todella t\u00e4rke\u00e4 ISBAR-raportoida omatoimisesti ja usein.<\/u><\/span><\/div>\n<p>&nbsp;<\/p>\n<p><span style=\"color: #333333\"><strong>Ty\u00f6yhteis\u00f6<\/strong> <strong>osaaminen<\/strong><\/span><\/p>\n<div><span style=\"color: #333333\"><u>Osaaminen: \u00a0<\/u><\/span><\/div>\n<div><span style=\"color: #333333\">Teamwork on aina oikein t\u00e4rke\u00e4 hoitoty\u00f6ss\u00e4. Mutta akuutti- ja hoitoty\u00f6ss\u00e4 teamwork on double and critical important. Min\u00e4 osan toimimaan ammatillisessa vuorovaikutuksessa yksil\u00f6\u00e4 ja monimuotoisuutta.T\u00e4st\u00e4 lausunnosta seuraa se, ett\u00e4 min\u00e4 osaan hoitoty\u00f6n arvoiksi ja sairaanhoitajan periaatteiksi ja toimimaan ammatillisessa voin toimia niiden mukaisesti.<\/span><br \/>\n<span style=\"color: #333333\">Minusta on helppoa ja miellytt\u00e4v\u00e4\u00e4 ty\u00f6skennell\u00e4 yst\u00e4v\u00e4llisess\u00e4 moniammatillisessa ilmapiiriss\u00e4\u00a0<\/span><\/div>\n<div><\/div>\n<div><span style=\"color: #333333\"><u>Tavoitet:<\/u><\/span><\/div>\n<div><span style=\"color: #333333\">Harjoittelun ajossa ja sen j\u00e4lkeen ty\u00f6el\u00e4m\u00e4ss\u00e4 min\u00e4 osaan \u00a0toimia moniammatillisessa yhteisty\u00f6ss\u00e4 akuutisti sairastuneen potilaan hoitoty\u00f6ss\u00e4 sek\u00e4 yhteisty\u00f6 harjoitteluyksik\u00f6n erilaisten verkostojen; Tulen osaksi toimii moniammatillisessa ty\u00f6ryhm\u00e4ss\u00e4 ja tuo oman tietotaitonsa ty\u00f6ryhm\u00e4n k\u00e4ytt\u00f6\u00f6n.<\/span><\/div>\n<div><span style=\"color: #333333\">Tiedottaa potilaan vointiin ja hoitoon liittyvist\u00e4 havainnoista ja omasta toiminnastaan ohjaajille\/ tiimille.<\/span><\/div>\n<div><span style=\"color: #333333\">Osaan hy\u00f6dynt\u00e4\u00e4 \u00a0potilaan kokonaisl\u00e4\u00e4kityksen arviointiin moniammatillisissa tiimiss\u00e4 osaamista.<\/span><\/div>\n<div><\/div>\n<div><span style=\"color: #333333\"><u>Miten saavuttaa tavoitteet:<\/u><\/span><\/div>\n<div><span style=\"color: #333333\">Olen eritt\u00e4in kiinnostunut osallistumisesta poikkeusoloissa ja itsen\u00e4isest\u00e4 toiminta; Perehtyy harjoitteluyksik\u00f6n poikkeusolojen toimintaohjeisiin;<\/span><\/div>\n<div><span style=\"color: #333333\">Siksi haluan olla mukana erilaisissa haastavissa tilanteissa ja saada ohjaajani realistista palautetta.<\/span><\/div>\n<div><span style=\"color: #333333\"><u>Ihanteena olisi jos min\u00e4 seuraan potilasta itsen\u00e4isesti koko tehohoidon prosessin ajan: vastaanotosta kotiuttamiseen\/ osastoon saakka.<\/u><\/span><\/div>\n<div><span style=\"color: #333333\"><u>Ty\u00f6skentelen eri mentorien kanssa pystyn tarkkailemaan erilaisia ty\u00f6skentelytyyli\u00e4 ja vaihtamaan ammatillista kokemusta<\/u><\/span><\/div>\n<div><\/div>\n<p>&nbsp;<\/p>\n<p><b><span lang=\"FI\">Kliininen hoitoty\u00f6<\/span><\/b><\/p>\n<div><span style=\"color: #333333\"><u>Osaaminen:<\/u><\/span><\/div>\n<div><span style=\"color: #333333\">Aiemmasta harjoittelustani Her\u00e4\u00e4m\u00f6 osastolla, min\u00e4 opin:hoitoty\u00f6 ja valvojalla &#8211; vitaalielintoiminto \/ Vital Signs: mittaus verenpaine, EKG, RR, MAP SpO2, m.m. ABCDE, NEWS score; Neorologia status jne, kivun arviointi ja hoito, haavaan arviointi ja hoito; Avoimen haavan paikallishoito, komplikaatio ja riskit, aseptisen toiminnan, infuusio- ja pistoshoidot, laita laskuputket, dreenit, katetrit ravitsemuksen ja nestetasapainon seuranta, l\u00e4\u00e4ke- ja neste- hoito, l\u00e4\u00e4ken komplikaatio riskien tunnistaminen ja ennaltaehk\u00e4isy, dokumentointi ja hoidon suunnittelu.<\/span><\/div>\n<div><\/div>\n<div><span style=\"color: #333333\"><u>Tavoitet:<\/u><\/span><\/div>\n<div><span style=\"color: #333333\">Tehohoidon harjoittelussa min\u00e4 \u00a0k\u00e4yt\u00e4n aiemmin osaamistani ja saan uutta konkreettista kokemusta:Potilaan l\u00e4\u00e4kehoito, kliinisen hoitoty\u00f6n tiedot ja taidot;<\/span><\/div>\n<div><span style=\"color: #333333\">Tulen osaksi toimi huomioiden potilaan statuksen; Hallitsen tavanomaiset l\u00e4\u00e4kkeiden antotava, turvallinen l\u00e4\u00e4kehoito;<\/span><\/div>\n<div><span style=\"color: #333333\">Osaaisin arvioida potilaan hoidossa k\u00e4ytett\u00e4vien l\u00e4\u00e4kkeiden vaikuttavuutta sek\u00e4 l\u00e4\u00e4kkeiden haitta-, sivu-ja yhteisvaikutuksia;<\/span><\/div>\n<div><span style=\"color: #333333\">Evidence based l\u00e4\u00e4kkeiden antotava, turvallinen l\u00e4\u00e4kehoito;<\/span><\/div>\n<div><span style=\"color: #333333\">Olen seurannassa monitorisessa havainnoi ja tekee johtop\u00e4\u00e4t\u00f6ksi\u00e4 peruselintoimintojen h\u00e4iri\u00f6ist\u00e4 ja niiden aiheuttamista muutoksista;<\/span><\/div>\n<div><span style=\"color: #333333\">Osaan tunnista akuutteja peruselintoimintojen, toimin tilanteen edellytt\u00e4m\u00e4ll\u00e4;<\/span><\/div>\n<div>\n<div class=\"section\">\n<div class=\"layoutArea\"><span style=\"color: #333333\">Tulen osaksi parempi kokonaisvaltaista Akuutti- ja Tehohoidon osaamistaan eri ymp\u00e4rist\u00f6iss\u00e4, ja sen j\u00e4lkeen reflektoida omaa oppimista ja osaamista.<\/span><\/div>\n<\/div>\n<div><\/div>\n<div><span style=\"color: #333333\"><u>Miten saavuttaa tavoitteet:<\/u><\/span><\/div>\n<div><span style=\"color: #333333\">Olen todella kiinostunnut omatoimisesti hoitoty\u00f6n suunnittelussa, toteutuksessa ja arvioinnissa.<\/span><br \/>\n<span style=\"color: #333333\">Tulen osaksi vastuun omasta oppimisestaan \u200b\u200b\u200b\u200bja toiminnastaan;<\/span><br \/>\n<span style=\"color: #333333\">Haluan tulla ammattilaiseksi sopivassa tilanteessa, voisivat Akuutti- ja Tehohoidossa;<\/span><\/div>\n<div><span style=\"color: #333333\"><u>Ihanteena olisi jos min\u00e4 jos avustin l\u00e4\u00e4k\u00e4rille valtimoiden arteria-kanyloinnissa ja intubaatiossa, EKG -seuranta jne.<\/u><\/span><\/div>\n<\/div>\n<div><\/div>\n<p>&nbsp;<\/p>\n<p><span style=\"color: #333333\"><b>N\u00e4ytt\u00f6\u00f6n perustuva toiminta ja p\u00e4\u00e4t\u00f6ksenteko<\/b><\/span><\/p>\n<div><\/div>\n<div><span style=\"color: #333333\"><u>Osaaminen:<\/u><\/span><\/div>\n<div><span style=\"color: #333333\">Aiemmin harjoittelustani t\u00e4s Her\u00e4\u00e4m\u00f6:ss\u00e4, min\u00e4 opin: Miranda, Ariel, Orbit- ja KYS-ohje ovat todella hyv\u00e4 paikat l\u00f6yt\u00e4\u00e4 kaikki tiedot ja vastaat mit\u00e4 tarvita, esim. kipul\u00e4\u00e4ke, LAB, l\u00e4\u00e4k\u00e4rien puhelinnumerot, paikkojen numerot jne.<\/span><\/div>\n<p><span style=\"color: #333333\"><u>Tavoitet:<\/u><\/span><\/p>\n<p>Osaisin soveltaa tutkittua tietoa potilaan hoidossa ja kuntoutumisessa ja kehitt\u00e4\u00e4 Akuutti- ja Tehopotilaan hoitoty\u00f6t\u00e4 tutkitun tiedon ja suositusten avulla;<\/p>\n<div class=\"section\">\n<div class=\"layoutArea\"><span style=\"color: #333333\">Tulen osaksi \u00a0k\u00e4ytt\u00e4\u00e4 s\u00e4hk\u00f6isi\u00e4 terveydenhuollon palveluja osana potilaan kokonaishoitoa;<\/span><\/div>\n<div class=\"layoutArea\"><span style=\"color: #333333\">Tulen osaksi k\u00e4yt\u00e4 Evidence based practice, Digi- palvelut, esim.: -potilastietoj\u00e4rjestelm\u00e4t \u2013potilaan hoitoon liittyv\u00e4t tukipalvelut, hoitosuositukset ja ohjeet, kirjaaminen ja raportointi.<\/span><\/div>\n<div><\/div>\n<p><span style=\"color: #333333\"><u>Miten saavuttaa tavoitteet:\u00a0<\/u><\/span><\/p>\n<\/div>\n<div class=\"section\">\n<p><span style=\"color: #333333\">Jos min\u00e4 en tied\u00e4 jotain voin aina katsoa KYS-digiohje:sta tai tarkistaa ty\u00f6toverilta mit\u00e4 tarvitsin.K\u00e4yt\u00e4n aina kouluteoreettista materiaalia ja Duodecimin oppiportin info.Tietysti kysyn hoitajaltani tarvittaessa, koska olen varma, ett\u00e4 min\u00e4 tulen harjoitteluksi korkean tason ammattilaisten tiimiss\u00e4.<\/span><\/p>\n<div><\/div>\n<\/div>\n<div class=\"section\"><\/div>\n<div><\/div>\n<p style=\"text-align: center\"><span style=\"color: #ff00ff\"><em>Olen jo hieman huolissani, mutta menen eteenp\u00e4in optimistisesti.<\/em><\/span><\/p>\n<p style=\"text-align: center\"><em><span style=\"color: #ff00ff\">\u00a0Odotan innolla \u00a0miten ne n\u00e4kyv\u00e4t harjoittelussa! \ud83d\udc9c \ud83d\udc8a\ud83e\ude7a<\/span><\/em><\/p>\n<p>&nbsp;<\/p>\n<h3 id=\"yui_3_17_2_1_1727380089019_410\" style=\"text-align: center\"><\/h3>\n<p>&nbsp;<\/p>\n","protected":false},"excerpt":{"rendered":"<p>AKUUTTI- ja TEHOHOITOTY\u00d6 Harjoitteluaika: Harjoittelun \u00a0kesto on \u00a0259 tuntia, eli 7 kalenteriviikkoa \u00a042-48 vk. Syksyll\u00e4 2024 Harjoittelupaikka: Pohjois-Savon hyvinvointialueelle, KYSin teho-osasto Harjoittelukoordinaattori:\u00a0Arja Kemil\u00e4inen &#8211; Lehtori THM Savonia AMK, Terveysala Kuopio \ud83d\udce7 arja.kemilainen@ savonia.fi &nbsp; Minusta Nimeni on Inga. Olen kolmatta vuotta sairaanhoitajaopiskelija Savonia AMK 2021-2025. \u00a0\ud83d\udce7 e-mail: inga.cheburkova@edu.savonia.fi , puh.: +358 40 3625432 Minun opinto etenev\u00e4t opintosuunnitelman mukaisesti. Olen jo suorittanut ennen harjoittelun aloitusta l\u00e4\u00e4kehoidon perusteet, sis\u00e4tautien hoitoty\u00f6n, mielenterveys- ja P\u00e4ihdehoitoty\u00f6 harjoittelu, Perioperatiivinen, Ik\u00e4\u00e4ntyneiden hoitoty\u00f6 teoriaopinnot ja Hoitoty\u00f6n osaamisen t\u00e4ydent\u00e4minen. Lis\u00e4ksi, olen suorittanut DUODECIM Oppiportin \u00a0kurssit, minun todistukset ovat: Patient safety certificate Verensiirto Todistus WHO IPC-MICRO Verensiirron Tietosuoja Terveydenhuollossa EKG ja nopeat rytmih\u00e4iri\u00f6t Todistus Elinluovuttajan Todistus Defibrillaattorit Todistus Aikaisemmat harjoittelujaksot \u00a0 Harjoittelut Teht\u00e4vien kuvaus Harjoitteluorganisaatti Hoitoty\u00f6n osaamisen t\u00e4ydent\u00e4minen Her\u00e4\u00e4m\u00f6 4335, KYS Kuopio feedback ja comments\u00a0 Kotihoito ja Gerontologinen hoitoty\u00f6 Juankosken Terveyskeskus (JVO), Kuopio feedback ja comments\u00a0 Mielenterveys- ja P\u00e4ihdehoitoty\u00f6 arjoittelu Niuvanniemen sairaala (Niuva) osasto 13, [&hellip;]<\/p>\n","protected":false},"author":8444,"featured_media":0,"parent":0,"menu_order":1,"comment_status":"open","ping_status":"closed","template":"","meta":{"footnotes":""},"class_list":["post-1920","page","type-page","status-publish","hentry","clearfix"],"_links":{"self":[{"href":"https:\/\/blogi.savonia.fi\/ingacheburkova\/wp-json\/wp\/v2\/pages\/1920","targetHints":{"allow":["GET"]}}],"collection":[{"href":"https:\/\/blogi.savonia.fi\/ingacheburkova\/wp-json\/wp\/v2\/pages"}],"about":[{"href":"https:\/\/blogi.savonia.fi\/ingacheburkova\/wp-json\/wp\/v2\/types\/page"}],"author":[{"embeddable":true,"href":"https:\/\/blogi.savonia.fi\/ingacheburkova\/wp-json\/wp\/v2\/users\/8444"}],"replies":[{"embeddable":true,"href":"https:\/\/blogi.savonia.fi\/ingacheburkova\/wp-json\/wp\/v2\/comments?post=1920"}],"version-history":[{"count":103,"href":"https:\/\/blogi.savonia.fi\/ingacheburkova\/wp-json\/wp\/v2\/pages\/1920\/revisions"}],"predecessor-version":[{"id":1923,"href":"https:\/\/blogi.savonia.fi\/ingacheburkova\/wp-json\/wp\/v2\/pages\/1920\/revisions\/1923"}],"wp:attachment":[{"href":"https:\/\/blogi.savonia.fi\/ingacheburkova\/wp-json\/wp\/v2\/media?parent=1920"}],"curies":[{"name":"wp","href":"https:\/\/api.w.org\/{rel}","templated":true}]}}