{"id":2214,"date":"2024-11-18T09:26:44","date_gmt":"2024-11-18T07:26:44","guid":{"rendered":"https:\/\/blogi.savonia.fi\/ingacheburkova\/?page_id=2214"},"modified":"2024-11-28T21:43:43","modified_gmt":"2024-11-28T19:43:43","slug":"module-weeks-4th-5th","status":"publish","type":"page","link":"https:\/\/blogi.savonia.fi\/ingacheburkova\/tehohoito\/module-weeks-4th-5th\/","title":{"rendered":"Module Weeks  5th &#8211; 6th"},"content":{"rendered":"<p style=\"text-align: center\"><strong>Moduuli viikot \u00a05 \u00a0ja 6. vko \u00a0 (46 &#8211; 47\/2024)<\/strong><\/p>\n<p>Period:<strong> 11.11. &#8211; 24.11.2024<\/strong><\/p>\n<p>Harjoittelupaikka: <strong>Tehohoidon-osasto, KYS, <\/strong>\u00a0<b>Pohjois-Savon sairaanhoitopiiriin<\/b><\/p>\n<p>&nbsp;<\/p>\n<p>T\u00e4m\u00e4n moduulin viikon aikana ty\u00f6skentelin itsen\u00e4isesti ja enemm\u00e4n itsevarmasti. \u00a0Min\u00e4 ja koulukaverini Jari ty\u00f6skentelimme \u00a0yhdess\u00e4, koko prosessi itsen\u00e4isesti, mentori seurasi ja vastasi kysymyksiimme. \u00a0Ty\u00f6vuorot olivat sek\u00e4 p\u00e4iv\u00e4, ett\u00e4 ilta. Jokaisen ty\u00f6vuoron lopussa keskustelimme yhdess\u00e4 miten meni ja mit\u00e4 uutta.<\/p>\n<p><b>Potilasryhm\u00e4t <\/b>olivat erilainen: neuro- ja \u00a0 syd\u00e4nleikas jalken, verisuonien plastiikkakirurgi<\/p>\n<p><strong>Aikatauluttaminen: <\/strong>Suunnitelmallisuus, tutkimuksiin valmistautuminen \/ ennakointi, potilaan vastaanotto tai osastolle siirto.<\/p>\n<p><strong>Raportointi:<\/strong><\/p>\n<p>Min\u00e4 jo teen sit\u00e4 itsen\u00e4isesti sek\u00e4 sairaanhoitajien, ett\u00e4 l\u00e4\u00e4k\u00e4reiden kanssa Dr. Matti, Dr. Otto, Dr. Christina. Ja eri tilanteissa: sek\u00e4 \u00a0leikkauksen j\u00e4lkeen potilaan vastaanottaminen, ett\u00e4 potilaan siirt\u00e4misess\u00e4 toiselle osastolle ja ty\u00f6vuoron lopussa. ISBAR ja status \u00a0A+BCDEprotokollat: ilmatie ja hengitys, verenkierto, tajunta (GCS,RASS), ymp\u00e4rist\u00f6:<\/p>\n<p><strong>Tuntikontrollit: <\/strong>syd\u00e4n- \u00a0ja neuro status; IC- , pleuro- ja cardio- treenit seurantaa, tuntidiuresi ja liquorm\u00e4\u00e4r\u00e4<\/p>\n<p><strong>P\u00e4\u00e4t\u00f6ksenteko:<\/strong> johtaminen; kommunikointin fysioterapeutin kanssa, l\u00e4\u00e4k\u00e4rin, omatoimisen kanssa, \u00a0tiedonhaku (esim. Y\u00c4, keuhkokuva, ect.)<\/p>\n<p><strong>Kirjaaminen; Tietoj\u00e4rjestelmien k\u00e4ytt\u00f6: <\/strong>Minusta on todella helppoa ja selv\u00e4\u00e4 k\u00e4ytt\u00f6 tietoj\u00e4rjestelmien \u00a0sek\u00e4 Clinsoft, ett\u00e4 Ariel. Min\u00e4 jo usein, \u00a0itsen\u00e4isesti ja nopeasti kirjotan Clinsoft:ssa, Ariel jne. Minusta se on k\u00e4tev\u00e4\u00e4 ja helppoa.<\/p>\n<p><strong>Kommunikointi: <\/strong>T\u00e4m\u00e4n moduulin viikon aikana min\u00e4 usein ja paljon keskustelin potilaan kanssa, l\u00e4\u00e4k\u00e4rin kanssa ja tiimin kanssa; Hoidoin potilaan ja ohjaaminen omaisten kohtaaminen ja ohjaaminen ja \u00a0h\u00e4nen l\u00e4\u00e4kehoidossaan ja tehohoidossa; olin asiakasl\u00e4ht\u00f6isesti huomioiden potilaan voimavarat ja tarpeet hoito (esim. kivunhoito, hygieniani);<\/p>\n<p>Min\u00e4 aina kiinnit\u00e4n huomion k\u00e4yt\u00e4nn\u00f6llinen potilaiden oikeuksista ja tehohoidon eettiset ja arvoa potilaan oikeuksista Ty\u00f6yhteis\u00f6taidot ja kollegiaalisuus Moniammatillisessa tiimiss\u00e4 toimiminen<\/p>\n<p><strong>Kliiniset taidot: \u00a0<\/strong>Neste. ja l\u00e4\u00e4kehoito, kivunhoito, kudoseheys ja haavanhoito (leikaushaava lappua), invasivinen ja noninvasivinen hengetus tuki, Arteri- ja Perifer. canul , ect.<\/p>\n<p><img class=\"alignright\" \/><strong>Mit\u00e4 oli hyv\u00e4:<\/strong><\/p>\n<p>Jokaisen ty\u00f6vuoron lopussa keskustelimme yhdess\u00e4 miten meni ja mit\u00e4 uutta;<\/p>\n<p>Hoidimme samaa potilasta pari vuoroa per\u00e4kk\u00e4in, joten opimme koko prosessin syvemmin -potilaan saapumisesta leikkauksen j\u00e4lkeen osastolle siirtoon saakka.<\/p>\n<p><strong>Mit\u00e4 oli huono:<\/strong><\/p>\n<p>Kun oli skitsofreniaa sairastava potilas. Ohjaajamme oli hajamielisi\u00e4 ja huonolla tuulella. Onneksi l\u00e4\u00e4k\u00e4ri Matti oli eritt\u00e4in kohtelias ja h\u00e4n auttoi meit\u00e4 paljon ja selitti hyvin, mit\u00e4 ja miten tehd\u00e4.<\/p>\n","protected":false},"excerpt":{"rendered":"<p>Moduuli viikot \u00a05 \u00a0ja 6. vko \u00a0 (46 &#8211; 47\/2024) Period: 11.11. &#8211; 24.11.2024 Harjoittelupaikka: Tehohoidon-osasto, KYS, \u00a0Pohjois-Savon sairaanhoitopiiriin &nbsp; T\u00e4m\u00e4n moduulin viikon aikana ty\u00f6skentelin itsen\u00e4isesti ja enemm\u00e4n itsevarmasti. \u00a0Min\u00e4 ja koulukaverini Jari ty\u00f6skentelimme \u00a0yhdess\u00e4, koko prosessi itsen\u00e4isesti, mentori seurasi ja vastasi kysymyksiimme. \u00a0Ty\u00f6vuorot olivat sek\u00e4 p\u00e4iv\u00e4, ett\u00e4 ilta. Jokaisen ty\u00f6vuoron lopussa keskustelimme yhdess\u00e4 miten meni ja mit\u00e4 uutta. Potilasryhm\u00e4t olivat erilainen: neuro- ja \u00a0 syd\u00e4nleikas jalken, verisuonien plastiikkakirurgi Aikatauluttaminen: Suunnitelmallisuus, tutkimuksiin valmistautuminen \/ ennakointi, potilaan vastaanotto tai osastolle siirto. Raportointi: Min\u00e4 jo teen sit\u00e4 itsen\u00e4isesti sek\u00e4 sairaanhoitajien, ett\u00e4 l\u00e4\u00e4k\u00e4reiden kanssa Dr. Matti, Dr. Otto, Dr. Christina. Ja eri tilanteissa: sek\u00e4 \u00a0leikkauksen j\u00e4lkeen potilaan vastaanottaminen, ett\u00e4 potilaan siirt\u00e4misess\u00e4 toiselle osastolle ja ty\u00f6vuoron lopussa. ISBAR ja status \u00a0A+BCDEprotokollat: ilmatie ja hengitys, verenkierto, tajunta (GCS,RASS), ymp\u00e4rist\u00f6: Tuntikontrollit: syd\u00e4n- \u00a0ja neuro status; IC- , pleuro- ja cardio- treenit seurantaa, tuntidiuresi ja liquorm\u00e4\u00e4r\u00e4 P\u00e4\u00e4t\u00f6ksenteko: johtaminen; kommunikointin fysioterapeutin kanssa, l\u00e4\u00e4k\u00e4rin, [&hellip;]<\/p>\n","protected":false},"author":8444,"featured_media":0,"parent":1920,"menu_order":1,"comment_status":"open","ping_status":"closed","template":"","meta":{"footnotes":""},"class_list":["post-2214","page","type-page","status-publish","hentry","clearfix"],"_links":{"self":[{"href":"https:\/\/blogi.savonia.fi\/ingacheburkova\/wp-json\/wp\/v2\/pages\/2214","targetHints":{"allow":["GET"]}}],"collection":[{"href":"https:\/\/blogi.savonia.fi\/ingacheburkova\/wp-json\/wp\/v2\/pages"}],"about":[{"href":"https:\/\/blogi.savonia.fi\/ingacheburkova\/wp-json\/wp\/v2\/types\/page"}],"author":[{"embeddable":true,"href":"https:\/\/blogi.savonia.fi\/ingacheburkova\/wp-json\/wp\/v2\/users\/8444"}],"replies":[{"embeddable":true,"href":"https:\/\/blogi.savonia.fi\/ingacheburkova\/wp-json\/wp\/v2\/comments?post=2214"}],"version-history":[{"count":40,"href":"https:\/\/blogi.savonia.fi\/ingacheburkova\/wp-json\/wp\/v2\/pages\/2214\/revisions"}],"predecessor-version":[{"id":2264,"href":"https:\/\/blogi.savonia.fi\/ingacheburkova\/wp-json\/wp\/v2\/pages\/2214\/revisions\/2264"}],"up":[{"embeddable":true,"href":"https:\/\/blogi.savonia.fi\/ingacheburkova\/wp-json\/wp\/v2\/pages\/1920"}],"wp:attachment":[{"href":"https:\/\/blogi.savonia.fi\/ingacheburkova\/wp-json\/wp\/v2\/media?parent=2214"}],"curies":[{"name":"wp","href":"https:\/\/api.w.org\/{rel}","templated":true}]}}