{"id":2265,"date":"2024-11-28T21:51:04","date_gmt":"2024-11-28T19:51:04","guid":{"rendered":"https:\/\/blogi.savonia.fi\/ingacheburkova\/?page_id=2265"},"modified":"2024-12-09T15:00:25","modified_gmt":"2024-12-09T13:00:25","slug":"2265-2","status":"publish","type":"page","link":"https:\/\/blogi.savonia.fi\/ingacheburkova\/tehohoito\/2265-2\/","title":{"rendered":"7th week reflection"},"content":{"rendered":"<p style=\"text-align: center\"><strong>Viimeinen viikko 7. \u00a0(48\/2024)<\/strong><\/p>\n<p>Period:<strong> 25.11. &#8211; 29.11.2024<\/strong><\/p>\n<p>Harjoittelupaikka: <strong>Tehohoidon-osasto, KYS, <\/strong>\u00a0<b>Pohjois-Savon sairaanhoitopiiriin<\/b><\/p>\n<p>Minun ohjaajat: <strong>Valtteri; Kerttu, Ossi, Juho<\/strong><\/p>\n<p>&nbsp;<\/p>\n<p>T\u00e4ll\u00e4 viikolla, t\u00e4m\u00e4 on harjoittelun viimeinen aika, min\u00e4 ty\u00f6skentelen itsen\u00e4isesti ja vastuullisesti, ohjaaja valvontaa.<\/p>\n<p>Itsearviointi: min\u00e4 tunnen itse, ett\u00e4 koko prosessi on selv\u00e4 minulle, joten min\u00e4 ty\u00f6skennellen enemm\u00e4n itsevarmasti. Ty\u00f6vuorot on sek\u00e4 aamu, ett\u00e4 ilta. Jokaisen ty\u00f6vuoron lopussa keskustelemme ohjaajan yhdess\u00e4 miten vuoro meni ja mit\u00e4 uutta.<\/p>\n<p>&nbsp;<\/p>\n<p><b>Potilasryhm\u00e4t <\/b>olivat erilainen: Neuro &#8211; SAV ja SDH, iso aivo infarkti; \u00a0ja syd\u00e4nleikkaus j\u00e4lkeen, verisuonien kirurgi (Aorta plastiikka).<\/p>\n<p><strong>Tuntikontrollit: <\/strong>syd\u00e4n- \u00a0ja neuro status; neorologinen reflexit tarkistaa ( esi. Babinski-refleksi, Orbitaalinen Petzetaxis-refleksi), ICP-anturi, \u00a0Pleuro- ja Cardio- dreeni seurantaa, tuntidiuresi ja liquorin m\u00e4\u00e4r\u00e4;<\/p>\n<p><strong>P\u00e4\u00e4t\u00f6ksenteko:<\/strong> Hypertermia, joka neurologinen reaktio on,<span lang=\"FI\">\u00a0 hoito l\u00e4\u00e4kehoito ja ulkoinen j\u00e4\u00e4hdytys (arctic sun), <\/span>tiedonhaku (esim. Y\u00c4, keuhkokuva, ect.), verenkoe haku, ect.<\/p>\n<p><strong>Kirjaaminen; Tietoj\u00e4rjestelmien k\u00e4ytt\u00f6: <\/strong>Minusta on todella helppoa ja selv\u00e4\u00e4 k\u00e4ytt\u00f6 tietoj\u00e4rjestelmien \u00a0sek\u00e4 Clinsoft, ett\u00e4 Ariel. Min\u00e4 jo usein, \u00a0itsen\u00e4isesti ja nopeasti kirjotan Clinsoft:ssa, Ariel jne. Minusta se on k\u00e4tev\u00e4\u00e4 ja helppoa.<\/p>\n<p><strong>Raportointi:<\/strong><\/p>\n<p>Min\u00e4 jo teen sit\u00e4 itsen\u00e4isesti sek\u00e4 sairaanhoitajien kanssa, ett\u00e4 l\u00e4\u00e4k\u00e4reiden kanssa Dr. Matti, Dr. Otto, Dr. Christina. Ja eri tilanteissa: sek\u00e4 \u00a0leikkauksen j\u00e4lkeen potilaan vastaanottaminen, ett\u00e4 potilaan siirt\u00e4misess\u00e4 toiselle osastolle ja ty\u00f6vuoron lopussa. ISBAR ja status \u00a0A+BCDEprotokollat: ilmatie ja hengitys, verenkierto, tajunta (GCS,RASS).<\/p>\n<p><strong>Kommunikointi: <\/strong>T\u00e4m\u00e4n moduulin viikon aikana min\u00e4 usein ja paljon keskustelin potilaan kanssa, l\u00e4\u00e4k\u00e4rin kanssa ja tiimin kanssa; Keskustelun fysioterapeutin kanssa, omaisen kanssa. Hoidoin potilaan ja ohjaaminen omaisten kohtaaminen ja ohjaaminen ja \u00a0h\u00e4nen l\u00e4\u00e4kehoidossaan ja tehohoidossa;<\/p>\n<p><strong>Kliiniset taidot: \u00a0<\/strong>Neste. ja l\u00e4\u00e4kehoito, kivunhoito ja haavanhoito (leikaushaava lappua), invasivinen ja noninvasivinen hengetus tuki, Arteri- ja Perifer. canul , ect.<\/p>\n<p>Olen olen aina huomioiden potilaan voimavarat ja tarpeet hoito (esim. asento, kivunhoito); Min\u00e4 aina kiinnit\u00e4n huomion k\u00e4yt\u00e4nn\u00f6llinen potilaiden oikeuksista ja tehohoidon eettiset ja arvoa potilaan oikeuksista.<\/p>\n<p><img class=\"alignright\" \/><\/p>\n","protected":false},"excerpt":{"rendered":"<p>Viimeinen viikko 7. \u00a0(48\/2024) Period: 25.11. &#8211; 29.11.2024 Harjoittelupaikka: Tehohoidon-osasto, KYS, \u00a0Pohjois-Savon sairaanhoitopiiriin Minun ohjaajat: Valtteri; Kerttu, Ossi, Juho &nbsp; T\u00e4ll\u00e4 viikolla, t\u00e4m\u00e4 on harjoittelun viimeinen aika, min\u00e4 ty\u00f6skentelen itsen\u00e4isesti ja vastuullisesti, ohjaaja valvontaa. Itsearviointi: min\u00e4 tunnen itse, ett\u00e4 koko prosessi on selv\u00e4 minulle, joten min\u00e4 ty\u00f6skennellen enemm\u00e4n itsevarmasti. Ty\u00f6vuorot on sek\u00e4 aamu, ett\u00e4 ilta. Jokaisen ty\u00f6vuoron lopussa keskustelemme ohjaajan yhdess\u00e4 miten vuoro meni ja mit\u00e4 uutta. &nbsp; Potilasryhm\u00e4t olivat erilainen: Neuro &#8211; SAV ja SDH, iso aivo infarkti; \u00a0ja syd\u00e4nleikkaus j\u00e4lkeen, verisuonien kirurgi (Aorta plastiikka). Tuntikontrollit: syd\u00e4n- \u00a0ja neuro status; neorologinen reflexit tarkistaa ( esi. Babinski-refleksi, Orbitaalinen Petzetaxis-refleksi), ICP-anturi, \u00a0Pleuro- ja Cardio- dreeni seurantaa, tuntidiuresi ja liquorin m\u00e4\u00e4r\u00e4; P\u00e4\u00e4t\u00f6ksenteko: Hypertermia, joka neurologinen reaktio on,\u00a0 hoito l\u00e4\u00e4kehoito ja ulkoinen j\u00e4\u00e4hdytys (arctic sun), tiedonhaku (esim. Y\u00c4, keuhkokuva, ect.), verenkoe haku, ect. Kirjaaminen; Tietoj\u00e4rjestelmien k\u00e4ytt\u00f6: Minusta on todella helppoa ja selv\u00e4\u00e4 k\u00e4ytt\u00f6 tietoj\u00e4rjestelmien \u00a0sek\u00e4 Clinsoft, ett\u00e4 Ariel. [&hellip;]<\/p>\n","protected":false},"author":8444,"featured_media":0,"parent":1920,"menu_order":1,"comment_status":"open","ping_status":"closed","template":"","meta":{"footnotes":""},"class_list":["post-2265","page","type-page","status-publish","hentry","clearfix"],"_links":{"self":[{"href":"https:\/\/blogi.savonia.fi\/ingacheburkova\/wp-json\/wp\/v2\/pages\/2265","targetHints":{"allow":["GET"]}}],"collection":[{"href":"https:\/\/blogi.savonia.fi\/ingacheburkova\/wp-json\/wp\/v2\/pages"}],"about":[{"href":"https:\/\/blogi.savonia.fi\/ingacheburkova\/wp-json\/wp\/v2\/types\/page"}],"author":[{"embeddable":true,"href":"https:\/\/blogi.savonia.fi\/ingacheburkova\/wp-json\/wp\/v2\/users\/8444"}],"replies":[{"embeddable":true,"href":"https:\/\/blogi.savonia.fi\/ingacheburkova\/wp-json\/wp\/v2\/comments?post=2265"}],"version-history":[{"count":10,"href":"https:\/\/blogi.savonia.fi\/ingacheburkova\/wp-json\/wp\/v2\/pages\/2265\/revisions"}],"predecessor-version":[{"id":2275,"href":"https:\/\/blogi.savonia.fi\/ingacheburkova\/wp-json\/wp\/v2\/pages\/2265\/revisions\/2275"}],"up":[{"embeddable":true,"href":"https:\/\/blogi.savonia.fi\/ingacheburkova\/wp-json\/wp\/v2\/pages\/1920"}],"wp:attachment":[{"href":"https:\/\/blogi.savonia.fi\/ingacheburkova\/wp-json\/wp\/v2\/media?parent=2265"}],"curies":[{"name":"wp","href":"https:\/\/api.w.org\/{rel}","templated":true}]}}