{"id":2276,"date":"2024-11-29T23:07:30","date_gmt":"2024-11-29T21:07:30","guid":{"rendered":"https:\/\/blogi.savonia.fi\/ingacheburkova\/?page_id=2276"},"modified":"2024-11-29T23:44:49","modified_gmt":"2024-11-29T21:44:49","slug":"arvointi","status":"publish","type":"page","link":"https:\/\/blogi.savonia.fi\/ingacheburkova\/tehohoito\/arvointi\/","title":{"rendered":"Arviointi"},"content":{"rendered":"<p style=\"text-align: left\"><span style=\"color: #000000\">Date: <strong>30<\/strong><\/span><strong style=\"color: #000000\">.11.2024<\/strong><\/p>\n<p><span style=\"color: #000000\">Harjoitteluyksikk\u00f6: <strong>Tehohoidon osasto<\/strong>, \u00a0<strong>KYS<\/strong><\/span><\/p>\n<p><span style=\"color: #000000\">Harjoittelun Mentorini: <strong>\u00a0Sh. Juho-Veikko Yrj\u00e4n\u00e4<\/strong><\/span><\/p>\n<p><span style=\"color: #000000\">Harjoittelukoordinaattori: <strong>Arja Kemil\u00e4inen &#8211; Lehtori THM Savonia AMK<\/strong><\/span><\/p>\n<p>&nbsp;<\/p>\n<p style=\"text-align: left\"><span style=\"color: #0000ff\"><em>Minun n\u00e4k\u00f6kulma, olen saanut todella paljon uusia tietoa ja opin paljon. \u00a0<\/em><\/span><\/p>\n<p style=\"text-align: left\"><span style=\"color: #0000ff\"><em>Min\u00e4 tunnen itse, ett\u00e4 koko prosessi on selv\u00e4 minulle, joten min\u00e4 ty\u00f6skennellen enemm\u00e4n itsevarmasti. <\/em><\/span><span style=\"color: #0000ff\"><em>Min\u00e4 nyt osaa ty\u00f6 itsen\u00e4isesti ja vastuullisesti. <\/em><\/span><\/p>\n<p style=\"text-align: left\"><span style=\"color: #0000ff\"><em>Minun ohjaajani Juho ja Valtteri ovat oikein high professional. Yhteisty\u00f6 ohjaajien kanssa on todella loistavasti ja helposti l\u00e4hestytt\u00e4v\u00e4, ymm\u00e4rr\u00e4mme toisiamme todella hyvin. \u00a0<\/em><\/span><\/p>\n<p style=\"text-align: left\"><span style=\"color: #0000ff\"><em>Syd\u00e4men kiitoksia Juholle ja Vantterille, ett\u00e4 he ovat opettaneet minua niin paljon and selitt\u00e4neet minulle principles of Tehohoidon. Juho ja Valtteri antoivat minulle paljon todella hyvi\u00e4 vinkkej\u00e4 ja neuvoja, jotka auttoivat minua paljon! T\u00e4m\u00e4 harjoitteluni on minulle eritt\u00e4in antoisa ja opettavainen.<\/em><\/span><\/p>\n<p>&nbsp;<\/p>\n<p class=\"section\" style=\"text-align: center\"><span style=\"color: #000000\"><strong>AMMATILLINEN OSAAMINEN. KOMPETENSSIT ja TAVOITTEET<\/strong><\/span><\/p>\n<p style=\"font-weight: 400\"><span style=\"color: #000000\"><strong>KLIININEN HOITOTY\u00d6<\/strong><\/span><\/p>\n<p><span style=\"color: #000000\">Potilasryhm\u00e4t olivat erilainen: Sepsis sokki, \u00a0aivokuolema ja elinluovutus, Neuro &#8211; SAV ja SDH, iso aivo infarkti; \u00a0ja syd\u00e4nleikkaus j\u00e4lkeen, verisuonien kirurgi (Aorta plastiikka).<\/span><\/p>\n<p><span style=\"color: #000000\">Tehohoidon harjoittelussa min\u00e4 \u00a0k\u00e4yt\u00e4n aiemmin osaamistani ja saan uutta konkreettista kokemusta l\u00e4\u00e4kehoito, kliinisen hoitoty\u00f6n tiedot ja taidot. <\/span><\/p>\n<p><span style=\"color: #000000\">Olen jo osaaminen ja joka vuorossa min\u00e4 \u00a0teen: <\/span><\/p>\n<ul>\n<li><span style=\"color: #000000\">potilaan statuksen monitoring ja kirjaaminen &#8211; usein Neorologi- ja Cardio- \u00a0status; \u00a0<\/span><\/li>\n<li><span style=\"color: #000000\">Vitaalielin-valvonta <em>(Vital signs monitoring)<\/em>: \u00a0EKG, RR, MAP SpO2, ICP, PEEP, \u00a0jne, <\/span><\/li>\n<li><span style=\"color: #000000\">Olen jo itse osaaminen hoidan ja poistan plevra- ja syd\u00e4men dreenit; \u00a0<\/span><\/li>\n<li><span style=\"color: #000000\">Hoidan ja poistan Central catheter and Arterial cannula &#8211; aina muistan riskist\u00e4 emboilia, verenvuoto ja \u00a0mik\u00e4\u00a0 komplikaatio on.<\/span><\/li>\n<li><span style=\"color: #000000\">Neste. ja l\u00e4\u00e4kehoito, kivunhoito ja haavanhoito (leikaushaava lappua), invasivinen ja noninvasivinen hengetus tuki, Arteri- ja Perifer. canul , ect.<\/span><\/li>\n<\/ul>\n<p><span style=\"color: #000000\"><strong>Tuntikontrollit: <\/strong>syd\u00e4n- \u00a0ja neuro status; neorologinen reflexit tarkistaa ( esi. Babinski-refleksi, Orbitaalinen Petzetaxis-refleksi), ICP-anturi, \u00a0Pleuro- ja Cardio- dreeni seurantaa, tuntidiuresi ja liquorin m\u00e4\u00e4r\u00e4.<\/span><\/p>\n<p><span style=\"color: #000000\"><strong>Raportointi: \u00a0<\/strong>Min\u00e4 jo teen sit\u00e4 itsen\u00e4isesti sek\u00e4 sairaanhoitajien kanssa, ett\u00e4 l\u00e4\u00e4k\u00e4reiden kanssa Dr. Matti, Dr. Otto, Dr. Christina. Ja eri tilanteissa: sek\u00e4 \u00a0leikkauksen j\u00e4lkeen potilaan vastaanottaminen, ett\u00e4 potilaan siirt\u00e4misess\u00e4 toiselle osastolle ja ty\u00f6vuoron lopussa. ISBAR ja status \u00a0A+BCDEprotokollat: ilmatie ja hengitys, verenkierto, tajunta (GCS,RASS).<\/span><\/p>\n<p><span style=\"color: #000000\"><strong>Kirjaaminen; Tietoj\u00e4rjestelmien k\u00e4ytt\u00f6: <\/strong>Minusta on todella helppoa ja selv\u00e4\u00e4 k\u00e4ytt\u00f6 tietoj\u00e4rjestelmien \u00a0sek\u00e4 Clinsoft, ett\u00e4 Ariel. Min\u00e4 jo usein, \u00a0itsen\u00e4isesti ja nopeasti kirjotan Clinsoft:ssa, Ariel jne. Minusta se on k\u00e4tev\u00e4\u00e4 ja helppoa.<\/span><\/p>\n<p><span style=\"color: #000000\">K\u00e4yt\u00e4n turvallisia l\u00e4\u00e4kkeit\u00e4 ja Tehohoidon ohjeet ja tulevan hoidon suunnitelma. Yrit\u00e4n toteuttaa niit\u00e4 suunnitelmia tosiel\u00e4m\u00e4ss\u00e4.<\/span><br \/>\n<span style=\"color: #000000\">Arvioin itsen\u00e4isesti aina l\u00e4\u00e4kehoidon j\u00e4lkeen eri tavoin niiden farmaseuttista tehokkuutta ja merkityst\u00e4, esim.: <em>kipul\u00e4\u00e4ke Oxanest j\u00e4lkeen tarkistan SpO2 ja a-CO2, koske koska se vaimentaa potilaan<\/em> hengityst\u00e4.<\/span><\/p>\n<p><span style=\"color: #000000\">Olen jo itse osaaminen arvioida potilaan hoidossa k\u00e4ytett\u00e4vien l\u00e4\u00e4kkeiden vaikuttavuutta sek\u00e4 l\u00e4\u00e4kkeiden haitta-, sivu-ja yhteisvaikutuksia. <em>Esim.: Kalium &#8211; stoosi, milloin ja miksi sit\u00e4 tarvitaan? Mik\u00e4 l\u00e4\u00e4ken komplikaatio on? Riskien tunnistaminen ja mik\u00e4 ennaltaehk\u00e4isy? <\/em><em>Kaiken kaikkiaan yrit\u00e4n vied\u00e4 teoriaa k\u00e4yt\u00e4nt\u00f6\u00f6n.<\/em><\/span><\/p>\n<p>&nbsp;<\/p>\n<p><span style=\"color: #000000\"><strong>N\u00c4YTT\u00d6\u00d6N PERUSTUVA TOIMINTA JA P\u00c4\u00c4T\u00d6KSENTEKO<\/strong><\/span><\/p>\n<p><span style=\"color: #000000\">Usein \u00a0k\u00e4yn DUODECIM k\u00e4yp\u00e4 hoito- suosituksia, jotka ottanut k\u00e4ytt\u00f6\u00f6n yleisempi\u00e4 tietoa on paljon hoitoty\u00f6 ohjeita.\u00a0Minun ohjaat opettivat minua oikein hyv\u00e4 ja antoivat minulle paljon m\u00e4\u00e4r\u00e4ys opetus.<\/span><\/p>\n<p><span style=\"color: #000000\"><strong>P\u00e4\u00e4t\u00f6ksenteko:<\/strong> Hypertermia, joka neurologinen reaktio on,<span lang=\"FI\">\u00a0 hoito l\u00e4\u00e4kehoito ja ulkoinen j\u00e4\u00e4hdytys (arctic sun), <\/span>tiedonhaku (esim. Y\u00c4, keuhkokuva, ect.), verenkoe haku, ect.<\/span><\/p>\n<p><span style=\"color: #000000\">Min\u00e4 oikein ymm\u00e4rr\u00e4n mit\u00e4 laakerin m\u00e4\u00e4r\u00e4\u00e4 tarkoita ja olen jo tied\u00e4n (ei aina, muta joskus) Mit\u00e4 tarvitse tehd\u00e4? Milloin? ja Miksi?<\/span><\/p>\n<p><span style=\"color: #000000\"><em>Esim.:<\/em> <em>Aivovammapotilaan hoito &#8211;\u00a0 Kallonsis\u00e4isen paineen mittaaminen (ICP &#8211; measurement of Intra Cranial Pressure), jos korkea kallonsis\u00e4inen paine kallonsis\u00e4inen dreeni pit\u00e4\u00e4 avata 10 min.<\/em><\/span><\/p>\n<p><span style=\"color: #000000\"><u>Evidence Based Practice and Decision Making Competence:<\/u><\/span><\/p>\n<p><span style=\"color: #000000\">K\u00e4yn aina mentorini ohjeetta ja vinkit, toimittamia materiaaleja sek\u00e4 verkkosivustoja &#8211; KYS-ohje, joista aina l\u00f6yd\u00e4n kaikki tiedot ja vastaat mit\u00e4 tarvita, esim. kipul\u00e4\u00e4ke, b-salpajat, LAB, ect. <\/span><\/p>\n<p><span style=\"color: #000000\">Lis\u00e4ksi, min\u00e4 usein etsin tietoa Pub Medist\u00e4.\u00a0<\/span><\/p>\n<p>&nbsp;<\/p>\n<p><span style=\"color: #000000\"><strong>TY\u00d6YHTEIS\u00d6 OSAAMINEN<\/strong><\/span><\/p>\n<p><span style=\"color: #000000\">Osastomme erityispiirre on, ett\u00e4 moniammatillinen yhteisty\u00f6 on todella eritt\u00e4in t\u00e4rke\u00e4\u00e4, voisin sanoa vital important. Ty\u00f6skentelemme kollegoiden kanssa k\u00e4si k\u00e4dess\u00e4 yst\u00e4v\u00e4llisess\u00e4 moniammatillisessa ilmapiiriss\u00e4. \u00a0Joka vuoroni min\u00e4 yrit\u00e4n p\u00e4\u00e4se olemaan osa moniammatillista ty\u00f6ryhm\u00e4\u00e4.<\/span><\/p>\n<p><span style=\"color: #000000\">Olin viel\u00e4 enemm\u00e4n vakuuttunut kaikista tapahtumista \u00a0ja tajusin j\u00e4lleen kerran, ett\u00e4 aina pit\u00e4\u00e4 tehd\u00e4 tiimity\u00f6t\u00e4 ja luottaa kollegoihin, jakaa tapaukset heid\u00e4n kanssaan ja aina keskustella kaikesta.<\/span><\/p>\n<p><span style=\"color: #000000\">Osallistun tiimitapaamisiin, rakentaan sairaanhoitaja-asiakassuhteita, ymm\u00e4r\u00e4n ja arvioidan kollegoihin tarpeita.P\u00e4\u00e4asia t\u00e4ss\u00e4 vaiheessa oli l\u00f6yt\u00e4\u00e4 l\u00e4hestymistapa kollegoihin, jotta edistet\u00e4\u00e4n potilaiden kannalta hyv\u00e4 lopputulosta. Voin sanoa, ett\u00e4 harjoittelu \u00a0mene hyvin . Otin tietyn yhteyden muihin sairaanhoitajiin, jotta voisin tarjota asiakkaille paremman lopputuloksen.<\/span><\/p>\n<p>&nbsp;<\/p>\n<p style=\"font-weight: 400\"><span style=\"color: #000000\"><strong>EETTINEN OSAAMINEN JA AMMATILLISUUS<\/strong><\/span><\/p>\n<p class=\"section\"><span style=\"color: #000000\">T\u00e4rke\u00e4 minun s\u00e4\u00e4nt\u00f6 on potilaan asemaa, potilastietoa ja oikeuksia. Kaikki n\u00e4m\u00e4 tekij\u00e4t ymm\u00e4rret\u00e4\u00e4n, huomioidaan eiv\u00e4tk\u00e4 ne ole minun osaltani levitt\u00e4misen kohteena, koska min\u00e4 hyvin ymm\u00e4rr\u00e4n, ett\u00e4 t\u00e4m\u00e4 on periaatteiden ja s\u00e4\u00e4nt\u00f6jen vastaista.<\/span><\/p>\n<p class=\"section\"><span style=\"color: #000000\"><strong>Kommunikointi: <\/strong>T\u00e4m\u00e4 harjatellun aikana min\u00e4 usein ja paljon keskustelin potilaan kanssa, l\u00e4\u00e4k\u00e4rin kanssa ja tiimin kanssa; Keskustelun fysioterapeutin kanssa, omaisen kanssa. Hoidoin potilaan ja ohjaaminen omaisten kohtaaminen ja ohjaaminen ja \u00a0h\u00e4nen l\u00e4\u00e4kehoidossaan ja tehohoidossa;<\/span><\/p>\n<p class=\"section\"><span style=\"color: #000000\">Min\u00e4 osaan harjoittelun ajossa asiakasl\u00e4ht\u00f6inen ty\u00f6skentely ja ohjata potilasta h\u00e4nen l\u00e4\u00e4kehoidossaan ja tehohoidossa; osaan toimia potilasl\u00e4ht\u00f6isesti huomioiden potilaan voimavarat ja tarpeet hoito- ja ohjaustilanteissa; k\u00e4yt\u00e4nn\u00f6llinen potilaiden oikeuksista ja tehohoidon eettiset ja arvoa potilaan oikeuksista. Min\u00e4 aina muista ja respect potilaiden turvallisuus ja olen kohtelias potilaille. Totta kai, aina muistan hoidon luottamuksellisesti.<\/span><\/p>\n<p>&nbsp;<\/p>\n","protected":false},"excerpt":{"rendered":"<p>Date: 30.11.2024 Harjoitteluyksikk\u00f6: Tehohoidon osasto, \u00a0KYS Harjoittelun Mentorini: \u00a0Sh. Juho-Veikko Yrj\u00e4n\u00e4 Harjoittelukoordinaattori: Arja Kemil\u00e4inen &#8211; Lehtori THM Savonia AMK &nbsp; Minun n\u00e4k\u00f6kulma, olen saanut todella paljon uusia tietoa ja opin paljon. \u00a0 Min\u00e4 tunnen itse, ett\u00e4 koko prosessi on selv\u00e4 minulle, joten min\u00e4 ty\u00f6skennellen enemm\u00e4n itsevarmasti. Min\u00e4 nyt osaa ty\u00f6 itsen\u00e4isesti ja vastuullisesti. Minun ohjaajani Juho ja Valtteri ovat oikein high professional. Yhteisty\u00f6 ohjaajien kanssa on todella loistavasti ja helposti l\u00e4hestytt\u00e4v\u00e4, ymm\u00e4rr\u00e4mme toisiamme todella hyvin. \u00a0 Syd\u00e4men kiitoksia Juholle ja Vantterille, ett\u00e4 he ovat opettaneet minua niin paljon and selitt\u00e4neet minulle principles of Tehohoidon. Juho ja Valtteri antoivat minulle paljon todella hyvi\u00e4 vinkkej\u00e4 ja neuvoja, jotka auttoivat minua paljon! T\u00e4m\u00e4 harjoitteluni on minulle eritt\u00e4in antoisa ja opettavainen. &nbsp; AMMATILLINEN OSAAMINEN. KOMPETENSSIT ja TAVOITTEET KLIININEN HOITOTY\u00d6 Potilasryhm\u00e4t olivat erilainen: Sepsis sokki, \u00a0aivokuolema ja elinluovutus, Neuro &#8211; SAV ja SDH, iso aivo infarkti; \u00a0ja syd\u00e4nleikkaus j\u00e4lkeen, verisuonien [&hellip;]<\/p>\n","protected":false},"author":8444,"featured_media":0,"parent":1920,"menu_order":1,"comment_status":"open","ping_status":"closed","template":"","meta":{"footnotes":""},"class_list":["post-2276","page","type-page","status-publish","hentry","clearfix"],"_links":{"self":[{"href":"https:\/\/blogi.savonia.fi\/ingacheburkova\/wp-json\/wp\/v2\/pages\/2276","targetHints":{"allow":["GET"]}}],"collection":[{"href":"https:\/\/blogi.savonia.fi\/ingacheburkova\/wp-json\/wp\/v2\/pages"}],"about":[{"href":"https:\/\/blogi.savonia.fi\/ingacheburkova\/wp-json\/wp\/v2\/types\/page"}],"author":[{"embeddable":true,"href":"https:\/\/blogi.savonia.fi\/ingacheburkova\/wp-json\/wp\/v2\/users\/8444"}],"replies":[{"embeddable":true,"href":"https:\/\/blogi.savonia.fi\/ingacheburkova\/wp-json\/wp\/v2\/comments?post=2276"}],"version-history":[{"count":21,"href":"https:\/\/blogi.savonia.fi\/ingacheburkova\/wp-json\/wp\/v2\/pages\/2276\/revisions"}],"predecessor-version":[{"id":2297,"href":"https:\/\/blogi.savonia.fi\/ingacheburkova\/wp-json\/wp\/v2\/pages\/2276\/revisions\/2297"}],"up":[{"embeddable":true,"href":"https:\/\/blogi.savonia.fi\/ingacheburkova\/wp-json\/wp\/v2\/pages\/1920"}],"wp:attachment":[{"href":"https:\/\/blogi.savonia.fi\/ingacheburkova\/wp-json\/wp\/v2\/media?parent=2276"}],"curies":[{"name":"wp","href":"https:\/\/api.w.org\/{rel}","templated":true}]}}