{"id":23,"date":"2022-01-25T20:00:21","date_gmt":"2022-01-25T18:00:21","guid":{"rendered":"https:\/\/blogi.savonia.fi\/ingacheburkova\/?page_id=23"},"modified":"2024-10-01T11:59:58","modified_gmt":"2024-10-01T08:59:58","slug":"my-learning-reflection","status":"publish","type":"page","link":"https:\/\/blogi.savonia.fi\/ingacheburkova\/4-nurhhota1-internship-nursing-assessment-and-interventions\/my-learning-reflection\/","title":{"rendered":"Summary. Evaluation \/ Yhteenveto"},"content":{"rendered":"<p style=\"text-align: center\"><b>\u00a0My 1st\u00a0internship <a href=\"https:\/\/www.savonia.fi\/en\/study-with-us\/for-students\/curricula\/?yks=KS&amp;krtid=1417&amp;tab=6&amp;krtid2=94716\">Nursing Assessment and Interventions Practice<\/a>\u00a0Summary\u00a0<\/b><\/p>\n<p style=\"text-align: center\"><b>Learning Skills<\/b><\/p>\n<p style=\"text-align: left\"><b>Level of competenc:\u00a0<\/b><\/p>\n<p>I have got great competence:<\/p>\n<ul>\n<li>work in accordance with the nursing values, principles and statutes<\/li>\n<li>understand the limits of his or her responsibility<\/li>\n<li>interact professionally with the client\/patient and respect his or her personality and individualism<\/li>\n<li>identify the client\u2019s\/patient\u2019s nutritional health, daily functional ability and need for nursing care<\/li>\n<li>help the clients\/patients maintain their functional abilities and advise them on basic nutrition issues and provide respectful nursing care<\/li>\n<li>work aseptically correctly according to the infection prevention principle<\/li>\n<li>Aseptic and infection control, nursing interventions: taking care of hygiene,<\/li>\n<li>nutrition\/fluid therapy and secretion, vital functions: monitoring blood pressure<\/li>\n<li>pulse, respiration, temperature, consciousness and Blood Sugar<\/li>\n<li>medical treatment: implementing medical treatment and monitoring the effectiveness, functional ability and nutrition: monitoring daily functional ability and assessing nutritional health, structural documentation<\/li>\n<li>use essential nursing methods and instruments<\/li>\n<\/ul>\n<p>I also tried to use all my personal characteristics which are rationality, responsibility, versatility, sociability, and empathy. It turns out during shifts you need to be not just on the alert, you have to follow everything 360 degrees .<\/p>\n<p>My experience during this practice:<\/p>\n<ul>\n<li>Vital\u00a0functions \u00a0monitorin: \u00a0Blood Pressure, Pulse, Respiration\/ Respiratory Rate\u00a0\/Oxygen Saturation SpO2, Temperature, Consciousness, Blood Glucose;<\/li>\n<li>ABCDE Approach to Health Assesment<\/li>\n<li>Reporting to Doctor, ISBAR<\/li>\n<li>Taking care of patient daily hygiene, Bath Bed<\/li>\n<li>Nutrition treatment. Helping with feeding<\/li>\n<li>Fluide balance monitoring<\/li>\n<li>Medical treatment: implementing medical treatment and monitoring the effectiveness, using Duodecim database.<\/li>\n<li>ECG recording<\/li>\n<li>i.m. , i.v. , subcutinious (insulin) \u00a0injections<\/li>\n<li>Cannulations<\/li>\n<li>Fluid transfusio<\/li>\n<li>Blood sampling for laboratory tests<\/li>\n<li>Urinary catheterisation (male). Take urina for laboratory tests (infection test)<\/li>\n<li>Documentation. Work with Pegasos database. start to filling the eMedical Passport.<\/li>\n<\/ul>\n<p>Additionally I have got really great expereance with:<\/p>\n<ul>\n<li>Blood transfusion. I was working with my colleague Jasmin for twice control Blood group and I have don cancelation and Vvtal status reaction and monitoring.<\/li>\n<li>Post-mortem care. I have not participation, because it was not mine patient. But I was attention observing haw it was managing by my colleague.<\/li>\n<li>Familiarise and well understood how do work with Hipro database<\/li>\n<\/ul>\n<p>Even though having a lot of practice is great and combining it with theory will give me great result!<\/p>\n<p><b>Goals and objective:\u00a0<\/b>Basically , I am really interested in learn how to fill in the eMedical passport.internal life hacks and good habits of medical professionals which can be adopted.<\/p>\n<p><b>Self-Evaluation:\u00a0<\/b>I learned how to use eMedical passport and fill it in . I will continue using it in my future Internships . I also tried to use all my personal characteristics which are rationality, responsibility, versatility, sociability, and empathy. It turns out during shifts you need to be not just on the alert, you have to follow everything 360 degrees .<\/p>\n<p>&nbsp;<\/p>\n<p style=\"text-align: center\"><b>Ethical knowledge and professionality<\/b><\/p>\n<p><b>Level of competency:\u00a0<\/b>Therefore, I may clearly recognize the principles of dialogic interaction . Besides , I am eager to learn to act and behave correctly accordingly nursing .<\/p>\n<p><b>Goals and objectives:\u00a0<\/b>Under such circumstances , I hope that I will learn to reason and think more critically , as well as develop my cognitive functions such as quick analysis and memory .<\/p>\n<p><b>Self-Evaluation:\u00a0<\/b>Throughout the whole practice, I followed absolutely all the rules of conduct for a nurse such as respect of patient privacy , for example . I always observed patients\u2019 confidentiality , never discussed or divulged patients\u2019 records. In terms of the importance of the nursing value and fundamental nursing concepts I tend to agree and mean that it is rather significant and those ideas ought to be known by medical staff<\/p>\n<p style=\"text-align: center\"><b>Clinical Skills<\/b><\/p>\n<p><b>Level of competency:\u00a0<\/b>\u00a0trained and I know how to apply into practice the help with functional ability of a patient by using different scales and processes such as physical activity , memory, coping with everyday activities and nutritional condition ). Also I completely acknowledge that if I do not comprehend some peace of information I have to straight forward ask my sypervisor to clearify the situation as I have to mentor the client\/patient accordingly to the principles guiding the maintenance &amp; promote the finctional ability &amp; rehabilitation . Of course ,I always remeber about the aseptics is it the major basic knowledge and habit which must be absorbed by the cerebral cortex . It is 100 percent crucial to always have clean\/washed and antisaptic hands . So I realize how important it is to work in environment which is aseptically clean . Just recently I had a lecture about working ergonimically correctly as it improves medical professionals\u2019 effort.<\/p>\n<p><b>Goals and objectivies:\u00a0<\/b>It would be really great to improve my ergonomical skills during this internship because it is an absolutely new thing for me<\/p>\n<p><b>Self-Evaluation:\u00a0<\/b>Throughout the practice, I monitored the asepsis of my hands, carried out all procedures with gloves, after which I washed my hands with soap and applied an antiseptic. Also, to be comfortable for both the patient and me, I used all the ergonomically advantageous postures while working.<\/p>\n<p style=\"text-align: center\"><b>Teaching and guidance<\/b><\/p>\n<p><b>Level of competency:\u00a0<\/b>Moreover, I am eager to study how to carry out rehabilitative nusring care. I suppose that I might need a slight help in guiding the client\u2019s \/ patient\u2019s relatives if necessary because sometimes it happens so I cannot find the right words to explain the situation\/case.<\/p>\n<p><b>Goals and objectives:\u00a0<\/b>In my opinion, during this and futher going interships I have to develop a very essential skill which is proper self evaluation and better ability to communicate with the patient and his or her relatives in their native language (Finnish)<\/p>\n<p><b>Self-Evaluation:\u00a0<\/b>I had a little trouble understanding what the patients were saying, what they wanted, and so on. But over time, I already learned their habits, and could use some of the memorized phrases and words, as well as communicate with them non-verbally.<\/p>\n<p style=\"text-align: center\"><b>Patient safety. Quality of Social and Health Care services<\/b><\/p>\n<p><b>Level of competency:\u00a0<\/b>No matter what , I always tent to take into account the factors affecting the physical , mental and social security of the client \/patient . Also fact affecting medication safety , for instance, Haipro-system<\/p>\n<p><b>Goals and objectives:\u00a0<\/b>I really want to hone my skills in both taking and explaining the ABCDE method and ISBAR method.<\/p>\n<p style=\"text-align: center\"><b>Working community competence<\/b><\/p>\n<p><b>Level of competency:<\/b>It goes without saying that every medical staff member have to know how to communicate and work in the community as a whole . It requires from the professionals to be active, open and have communicative lifestyle which is not a problem for me as I am a considerate, open-minded, and agile person.<\/p>\n<p><b>Goals and objectives:\u00a0<\/b>Communicate with as many people as possible , make new acquauntances and connections . Be cheerful and friendly in general.<\/p>\n<p><b>Self-Evaluation:\u00a0<\/b>As an open and friendly person, I tried to stay with them for these five weeks. Despite the fact that the entire medical staff is much older than me, I still tried to somehow establish contact. I tend to suppose that I did it.<\/p>\n<p>&nbsp;<\/p>\n<p><b>Description<\/b><\/p>\n<p>I saw and understood a lot during this internship. This is naturally an invaluable experience. I worked in the morning shift, evening and even at night. I know what I need to pay attention to in varying degrees. I was able to try to carry out procedures not on a manikin at the university but on living people! It is very interesting to work with different people, therefore you need to find your own unique approach to everyone.<\/p>\n<p>I also want to mention that the emotions of people who are happy about something simply cannot be expressed in words, it must be felt.<\/p>\n<p><b>Feelings<\/b><\/p>\n<p>All the excitement and experiences remained at the very beginning of the internship , as now I stand firmly on my feet and know what and when to do. Naturally, I am still learning how to manage my emotions and experiences, but I believe that I have made a big step forward!<\/p>\n<p><b>Evaluation<\/b><\/p>\n<p>I described a detailed assessment of my knowledge and skills above, but here I can emphasize that I myself realized that now I can and can, and what else I need to learn and that\u2019s great!<\/p>\n<p><b>Analysis<\/b><\/p>\n<p>The main point of this point is control, understanding, analysis of the situation and willingness to help at any moment.<\/p>\n<p><b>Conclusion<\/b><\/p>\n<p>I am glad for the opportunity to get to know my future profession better, now I am sure that despite all the difficulties, I was tired and sometimes even fatigued \u2013 I am glad that I chose this profession, because I believe that helping people is important! And not everyone can do it disinterestedly and conscientiously.<\/p>\n<p><b>Action Plan<\/b><\/p>\n<p>Now that I have an understanding of what real Basic Nursing it is about , I can definitely go further and develop my knowledge and skills in medicine, because thanks to this internship , I learned the very concept of nursing &amp; now I know where it all begins .<\/p>\n<p>&nbsp;<\/p>\n<p>With worm of my hert I am deeply graceful to my Tutor Nurses \u00a0Saara, Niina, Riita and Tarja for hight professional supervising, teaching guidance me and provide me very-very useful wise advises.<\/p>\n<p>Mentor teacher Sari for controlling my first Internship . Also I want to say thank you to every practitional nurse at my department for assissting me in my journey ! You all truly helped me<\/p>\n<hr \/>\n<p>Olen syd\u00e4min kiitollinen ohjaajalle &#8211; sairaanhoitajilleni Saaralle ja Niinalle korkean ammattitaidon ohjaamisesta, opettamisesta ja minulle eritt\u00e4in-eritt\u00e4in hy\u00f6dyllisist\u00e4 viisaista neuvoista.<\/p>\n<p>Haluan my\u00f6s kiitt\u00e4\u00e4 jokaista osastollani toimivaa sairaanhoitajaa, joka auttoi minua matkallani!<\/p>\n<p>Te kaikki todella auttoitte minua!<\/p>\n<p>You are the Best\u2764\ufe0f<\/p>\n","protected":false},"excerpt":{"rendered":"<p>\u00a0My 1st\u00a0internship Nursing Assessment and Interventions Practice\u00a0Summary\u00a0 Learning Skills Level of competenc:\u00a0 I have got great competence: work in accordance with the nursing values, principles and statutes understand the limits of his or her responsibility interact professionally with the client\/patient and respect his or her personality and individualism identify the client\u2019s\/patient\u2019s nutritional health, daily functional ability and need for nursing care help the clients\/patients maintain their functional abilities and advise them on basic nutrition issues and provide respectful nursing care work aseptically correctly according to the infection prevention principle Aseptic and infection control, nursing interventions: taking care of hygiene, nutrition\/fluid therapy and secretion, vital functions: monitoring blood pressure pulse, respiration, temperature, consciousness and Blood Sugar medical treatment: implementing medical treatment and monitoring the effectiveness, functional ability and nutrition: monitoring daily functional ability and assessing nutritional health, structural documentation use essential nursing methods and instruments I [&hellip;]<\/p>\n","protected":false},"author":8444,"featured_media":0,"parent":17,"menu_order":2,"comment_status":"closed","ping_status":"closed","template":"page-templates\/single-project.php","meta":{"footnotes":""},"class_list":["post-23","page","type-page","status-publish","hentry","clearfix"],"_links":{"self":[{"href":"https:\/\/blogi.savonia.fi\/ingacheburkova\/wp-json\/wp\/v2\/pages\/23","targetHints":{"allow":["GET"]}}],"collection":[{"href":"https:\/\/blogi.savonia.fi\/ingacheburkova\/wp-json\/wp\/v2\/pages"}],"about":[{"href":"https:\/\/blogi.savonia.fi\/ingacheburkova\/wp-json\/wp\/v2\/types\/page"}],"author":[{"embeddable":true,"href":"https:\/\/blogi.savonia.fi\/ingacheburkova\/wp-json\/wp\/v2\/users\/8444"}],"replies":[{"embeddable":true,"href":"https:\/\/blogi.savonia.fi\/ingacheburkova\/wp-json\/wp\/v2\/comments?post=23"}],"version-history":[{"count":15,"href":"https:\/\/blogi.savonia.fi\/ingacheburkova\/wp-json\/wp\/v2\/pages\/23\/revisions"}],"predecessor-version":[{"id":594,"href":"https:\/\/blogi.savonia.fi\/ingacheburkova\/wp-json\/wp\/v2\/pages\/23\/revisions\/594"}],"up":[{"embeddable":true,"href":"https:\/\/blogi.savonia.fi\/ingacheburkova\/wp-json\/wp\/v2\/pages\/17"}],"wp:attachment":[{"href":"https:\/\/blogi.savonia.fi\/ingacheburkova\/wp-json\/wp\/v2\/media?parent=23"}],"curies":[{"name":"wp","href":"https:\/\/api.w.org\/{rel}","templated":true}]}}