{"id":375,"date":"2022-11-04T06:36:38","date_gmt":"2022-11-04T04:36:38","guid":{"rendered":"https:\/\/blogi.savonia.fi\/ingacheburkova\/?page_id=375"},"modified":"2024-12-09T15:09:20","modified_gmt":"2024-12-09T13:09:20","slug":"perioperative-internship-harjoittelu","status":"publish","type":"page","link":"https:\/\/blogi.savonia.fi\/ingacheburkova\/perioperative-internship-harjoittelu\/","title":{"rendered":"Perioperatiivinen"},"content":{"rendered":"<div class=\"page\" title=\"Page 1\">\n<div class=\"layoutArea\">\n<div class=\"column\">\n<p><strong>Perioperatiivinen Hoitoty\u00f6 Harjoittelu<\/strong><\/p>\n<p>Tuntima\u0308a\u0308ra\u0308: 7 op &#8211; \u00a0185 t\u00a0\/ 5 viikkoa\u00a0Aika: SYKSY 2022 \u00a0&#8211; viikot 47-51<\/p>\n<div class=\"page\" title=\"Page 1\">\n<div class=\"layoutArea\">\n<p>Nimeni on Inga V. Cheburkova<\/p>\n<p>Min\u00e4 olen toisen vuoden sairaanhoitajaopiskelija Savonia AMK 2021-2025,\u00a0englanniksi<\/p>\n<div class=\"page\" title=\"Page 1\">\n<div class=\"section\">\n<div class=\"layoutArea\">\n<div class=\"column\">\n<p>Suoritetut opintopisteet harjoitteluun mennessa\u0308 &#8211;\u00a095 \/ 210<\/p>\n<\/div>\n<\/div>\n<\/div>\n<\/div>\n<div class=\"page\" title=\"Page 3\">\n<div class=\"section\">\n<div class=\"layoutArea\">\n<div class=\"column\">\n<p>Puhun\u00a0englantia, suomea ja \u00e4idinkieli\u00a0on ven\u00e4j\u00e4.<\/p>\n<\/div>\n<\/div>\n<\/div>\n<\/div>\n<p>e-mail: inga.cheburkova@edu.savonia.fi<\/p>\n<p>puh.: +358 40 3625432<\/p>\n<p>&nbsp;<\/p>\n<p><strong>Aikaisemmat harjoittelut<\/strong>:<\/p>\n<p>Hoitotaidon 7 op \u00a0ja Sisa\u0308tautipotilaiden hoitotyo\u0308 7 op &#8211; Akuutti osasto, Viitasaaren Sairaala (suomeksi 50% ja englanksi 50%)<\/p>\n<p><strong>Millainen oppija min\u00e4 olen\u00a0ja millainen oppimistyyli\u00a0minulla on?\u00a0<\/strong><\/p>\n<p>Luen\u00a0koulutus materiaali,\u00a0\u00a0kiinnostus uusia tietoa, kysy kysymyksi\u00e4 ja etsin vastauksia\u00a0niihin sek\u00e4 itsen\u00e4isesti ett\u00e4\u00a0opettajan kanssa. Sitten\u00a0menee soveltaminen teorian k\u00e4yt\u00e4nn\u00f6ss\u00e4\u00a0kunnes se on juurtunut p\u00e4\u00e4h\u00e4n. Minulla on\u00a0utelias luonne.<\/p>\n<p>Muun muassa sopivasta ty\u00f6tahdista ja riitt\u00e4v\u00e4st\u00e4 levosta ovat avain menestykseen.<\/p>\n<p>Odotan innolla \u00a0miten ne n\u00e4kyv\u00e4t\u00a0harjoittelussa!<\/p>\n<p>&nbsp;<\/p>\n<p><strong>Eettist\u00e4 tietoa ja ammattimaisesti:<\/strong><\/p>\n<p><u>P\u00e4tevyystaso<\/u><\/p>\n<p>Tunnen\u00a0hoitoty\u00f6n, arvot ja periaatteet, sairaanhoitajan eettiset ohjeet.\u00a0Soveltaa tietoja perioperatiivisen hoidon tarpeenm\u00e4\u00e4rittelyss\u00e4, suunnittelussa, toteutuksessa ja arvioinnissa.<\/p>\n<p><u>Tavoite<\/u><\/p>\n<p>Haluan tulla ammattilaiseksi, joka pysyy sellaisena kaikissa tilanteissa, joita sairaalassa voi esiinty\u00e4. Siksi haluan olla mukana erilaisissa haastavissa tilanteissa ja saada mentoreiltani realistista palautetta. Hyvin k\u00e4yt\u00e4nn\u00f6llinen potilaiden oikeuksista ja asemasta ja hoitoty\u00f6n eettiset periaatteet ja arvot oikeuksista ja asemasta ja hoitoty\u00f6n eettiset periaatteet ja arvot.<\/p>\n<\/div>\n<p><u>Koulutus:<\/u><\/p>\n<\/div>\n<ul>\n<li>Min\u00e4 suunnittelen lis\u00e4ksi ottaa viel\u00e4 Verkkokursiit ja Webinaarit &#8211; Duodecim Oppiporti\u00a0www.oppiportti.fi<\/li>\n<\/ul>\n<p>Esimerkiksi: Haavojen ABC;\u00a0Haavadiagnoosi \u2013hoida haava oikein;\u00a0Avoimen haavan paikallishoito<\/p>\n<ul>\n<li>Lis\u00e4ksi olen jo ilmoittautunut lis\u00e4koulutukseen\u00a0KYSiss\u00e4 &#8211; Perioperatiivinen osaamis vahvistava taitopaja-koulutus &#8211; ke 23.11. klo 07:30-10:00<\/li>\n<\/ul>\n<p>Koulutuksen k\u00e4yty\u00e4\u00e4n henkil\u00f6&#8230;<br \/>\n&#8211; Ymm\u00e4rt\u00e4\u00e4 aseptiikan merkityksen pientoimenpiteiden joka vaiheessa ja osaa toimia aseptisesti oikein<br \/>\n&#8211; Osaa valmistella steriilin p\u00f6yd\u00e4n<br \/>\n&#8211; Osaa pukeutua steriiliksi<br \/>\n&#8211; Osaa valmistella potilaan toimenpidett\u00e4 varten (toimenpidealueen pesu ja peittely)<br \/>\n&#8211; Pystyy avustamaan l\u00e4\u00e4k\u00e4ri\u00e4 pientoimenpiteiss\u00e4<\/p>\n<div class=\"page\" title=\"Page 1\">\n<div class=\"layoutArea\">\n<p>T\u00e4m\u00e4 antaa minulle uusia skills-taitoja ja parantaa minun suomea.<\/p>\n<p><strong>Kliiniset taidot:<\/strong><\/p>\n<\/div>\n<\/div>\n<\/div>\n<div class=\"column\">\n<div class=\"page\" title=\"Page 1\">\n<div class=\"layoutArea\">\n<p><u>P\u00e4tevyystaso<\/u><\/p>\n<p>Koulussa (skill-lab:ssa) minut opetettiin leiko\u00a0periaate &#8211;\u00a0<em>from home to operation<\/em>, pa\u0308iki \u00a0&#8211; <em>day surgery<\/em> and herko &#8211; <em>extended day surgery\u00a0<\/em>\u00a0hoitotyo\u0308; Hoitoty\u00f6n herk\u00e4t indikaattorit: painehaava, putoaminen, ravitsemus, kipu, alkoholi, nikotiini;\u00a0Suun ja ihon kunto;\u00a0Leikkausta edelt\u00e4v\u00e4t tutkimukset ja valmistelut;\u00a0Potilaan leikkaus arviointi sit\u00e4 mukaa, kun potilas saapuu ja han on PACU:ssa; Leikkauspotilas ja vihre\u00e4n linjan potilas, Tarkistuslista; Leikkausalueen ja\u00a0haavainfektio.<\/p>\n<p><u>Tavoite<\/u><\/p>\n<p>Totta kai olen hyvin kiinnostunut moniammatillista kliinisest\u00e4 kokemuksesta <em>helikopterin\u00e4kym\u00e4 kirurginen aluella,\u00a0<\/em>\u00a0sek\u00e4 Pre- ja \u00a0Intra-operatiivinen ett\u00e4 \u00a0Post-operatiivinen hoitoty\u00f6 &#8211;<\/p>\n<p>Koska\u00a0olen menossa\u00a0Her\u00e4\u00e4m\u00f6\u00f6n siksi minun t\u00e4ytyy\u00a0kiinnitett\u00e4v\u00e4 enemm\u00e4n huomiota potilaan toimenpiteen ja\u0308lkeinen tarkkailu ja hoito &#8211; KLIININEN OSAAMINEN: Post-operatiivinen hoito &#8211; moniammatillista kuntouttavaa hoitotyo\u0308ta\u0308.\u00a0Siis nimitt\u00e4in: leikkauksen \u00a0ja\u00a0anestesian j\u00e4lkeen hoitotyo\u0308; potilaan tarkkailu, anestesian ja toimenpiteen ja\u0308lkeen, yleisanestesia- ja puudutuspotilaan hoitoa, potilaan postoperatiivinen ohjaus, kotiutus ja jatkohoidon suunnittele.<\/p>\n<p>Minun t\u00e4ytyy soveltaa harjoittelulla seuraavana tietoja:<\/p>\n<div class=\"page\" title=\"Page 4\">\n<div class=\"section\">\n<div class=\"layoutArea\">\n<div class=\"column\">\n<ul>\n<li>Vitaalielintoimintojen: Perioperatiivisen Check lists, mittaus verenpaine, VS, EKG, RR, SpO2, vere, m.m.\u00a0ABCDE,\u00a0NEWS score jne.,<\/li>\n<li>kivun arviointi ja hoito<\/li>\n<li>haavavn\u00a0arviointi ja hoito, esim. \u00a0Avoimen haavan paikallishoito<\/li>\n<li>nimet\u00e4 keskeiset komplikaatioriskit<\/li>\n<li>aseptisen toiminnan periaatteet<\/li>\n<li>infuusio- ja pistoshoidot, laita laskuputket, dreenit, katetrit<\/li>\n<li>ravitsemuksen ja nestetasapainon seuranta<\/li>\n<li>la\u0308a\u0308ke- ja neste- hoito<\/li>\n<li>postoperatiivisten komplikaatioriskien tunnistaminen ja ennaltaehka\u0308isy<\/li>\n<li>dokumentointi ja hoidon suunnittelu<\/li>\n<\/ul>\n<\/div>\n<\/div>\n<\/div>\n<\/div>\n<p>&nbsp;<\/p>\n<p>Ja viel\u00e4 olisi hyv\u00e4 k\u00e4yt\u00e4\u00e4 lis\u00e4ksesi Pre- ja \u00a0Intra-operatiivinen hoito, esim: preoperatiivinen hoidon suunnittelu, hoidon tarve, hoidon tavoitteet, suunnitellut toiminnot, hoidon tuloksen tila; olennaiset potilaan elintoimintojen tutkimiseen, tarkkailuun ja ylla\u0308pitoon liittyva\u0308t toimintamenetelma\u0308t &#8211; preoperatiivinen potilasohjaus, ohjata ja tukea potilasta seka\u0308 la\u0308heista\u0308 perioperatiivisen prosessin eri vaiheissa.<\/p>\n<p><strong>Ohjaus- ja Opetus-\u00a0<\/strong><b>osaaminen<\/b><\/p>\n<p style=\"text-align: left\"><u>P\u00e4tevyystaso<\/u><\/p>\n<p>Aiemmin olen harjoitellut potilaiden ja heid\u00e4n l\u00e4heistens\u00e4 neuvontaa, mutta ilman pre-, intra- ja postoperatiivinen ohjausta.<\/p>\n<p><u>Tavoite<\/u><\/p>\n<p>Uusi kokemus ja harjaantuminen: ohje ja tukeminen potilaan ja h\u00e4nen perheens\u00e4\u00a0perioperatiivisessa prosessissa, esim. leikkauksen j\u00e4lkeist\u00e4 ohjausta.<\/p>\n<p><strong>Turvallisuus Sosiaali- ja Terveyspalvelu<\/strong><\/p>\n<p>Ergonomia. Perioperatiivinen potilasturvallisuus. Turvallinen k\u00e4ytt\u00f6 perioperatiivisen l\u00e4\u00e4kehoidon, infuusion, ty\u00f6kaluihin, l\u00e4\u00e4kityksen laskenta, aseptinen toiminta perioperatiivisessa hoidossa jne.<\/p>\n<div class=\"page\" title=\"Page 5\">\n<div class=\"section\">\n<div class=\"layoutArea\">\n<div class=\"column\">\n<ul>\n<li>Check lists (perioperatiivisen)<\/li>\n<li>ABCDE<\/li>\n<li>NEWS score<\/li>\n<li>ISBAR<\/li>\n<li>Haipro web tool<\/li>\n<li>vastuus teoistaan ja kollegiaaliseen vuorovaikutukseen<\/li>\n<\/ul>\n<\/div>\n<\/div>\n<\/div>\n<\/div>\n<\/div>\n<\/div>\n<\/div>\n<\/div>\n<\/div>\n","protected":false},"excerpt":{"rendered":"<p>Perioperatiivinen Hoitoty\u00f6 Harjoittelu Tuntima\u0308a\u0308ra\u0308: 7 op &#8211; \u00a0185 t\u00a0\/ 5 viikkoa\u00a0Aika: SYKSY 2022 \u00a0&#8211; viikot 47-51 Nimeni on Inga V. Cheburkova Min\u00e4 olen toisen vuoden sairaanhoitajaopiskelija Savonia AMK 2021-2025,\u00a0englanniksi Suoritetut opintopisteet harjoitteluun mennessa\u0308 &#8211;\u00a095 \/ 210 Puhun\u00a0englantia, suomea ja \u00e4idinkieli\u00a0on ven\u00e4j\u00e4. e-mail: inga.cheburkova@edu.savonia.fi puh.: +358 40 3625432 &nbsp; Aikaisemmat harjoittelut: Hoitotaidon 7 op \u00a0ja Sisa\u0308tautipotilaiden hoitotyo\u0308 7 op &#8211; Akuutti osasto, Viitasaaren Sairaala (suomeksi 50% ja englanksi 50%) Millainen oppija min\u00e4 olen\u00a0ja millainen oppimistyyli\u00a0minulla on?\u00a0 Luen\u00a0koulutus materiaali,\u00a0\u00a0kiinnostus uusia tietoa, kysy kysymyksi\u00e4 ja etsin vastauksia\u00a0niihin sek\u00e4 itsen\u00e4isesti ett\u00e4\u00a0opettajan kanssa. Sitten\u00a0menee soveltaminen teorian k\u00e4yt\u00e4nn\u00f6ss\u00e4\u00a0kunnes se on juurtunut p\u00e4\u00e4h\u00e4n. Minulla on\u00a0utelias luonne. Muun muassa sopivasta ty\u00f6tahdista ja riitt\u00e4v\u00e4st\u00e4 levosta ovat avain menestykseen. Odotan innolla \u00a0miten ne n\u00e4kyv\u00e4t\u00a0harjoittelussa! &nbsp; Eettist\u00e4 tietoa ja ammattimaisesti: P\u00e4tevyystaso Tunnen\u00a0hoitoty\u00f6n, arvot ja periaatteet, sairaanhoitajan eettiset ohjeet.\u00a0Soveltaa tietoja perioperatiivisen hoidon tarpeenm\u00e4\u00e4rittelyss\u00e4, suunnittelussa, toteutuksessa ja arvioinnissa. Tavoite Haluan tulla ammattilaiseksi, joka pysyy sellaisena kaikissa tilanteissa, joita [&hellip;]<\/p>\n","protected":false},"author":8444,"featured_media":0,"parent":0,"menu_order":1,"comment_status":"closed","ping_status":"closed","template":"","meta":{"footnotes":""},"class_list":["post-375","page","type-page","status-publish","hentry","clearfix"],"_links":{"self":[{"href":"https:\/\/blogi.savonia.fi\/ingacheburkova\/wp-json\/wp\/v2\/pages\/375","targetHints":{"allow":["GET"]}}],"collection":[{"href":"https:\/\/blogi.savonia.fi\/ingacheburkova\/wp-json\/wp\/v2\/pages"}],"about":[{"href":"https:\/\/blogi.savonia.fi\/ingacheburkova\/wp-json\/wp\/v2\/types\/page"}],"author":[{"embeddable":true,"href":"https:\/\/blogi.savonia.fi\/ingacheburkova\/wp-json\/wp\/v2\/users\/8444"}],"replies":[{"embeddable":true,"href":"https:\/\/blogi.savonia.fi\/ingacheburkova\/wp-json\/wp\/v2\/comments?post=375"}],"version-history":[{"count":39,"href":"https:\/\/blogi.savonia.fi\/ingacheburkova\/wp-json\/wp\/v2\/pages\/375\/revisions"}],"predecessor-version":[{"id":1441,"href":"https:\/\/blogi.savonia.fi\/ingacheburkova\/wp-json\/wp\/v2\/pages\/375\/revisions\/1441"}],"wp:attachment":[{"href":"https:\/\/blogi.savonia.fi\/ingacheburkova\/wp-json\/wp\/v2\/media?parent=375"}],"curies":[{"name":"wp","href":"https:\/\/api.w.org\/{rel}","templated":true}]}}