{"id":429,"date":"2022-12-04T21:23:40","date_gmt":"2022-12-04T19:23:40","guid":{"rendered":"https:\/\/blogi.savonia.fi\/ingacheburkova\/?page_id=429"},"modified":"2024-10-01T11:57:03","modified_gmt":"2024-10-01T08:57:03","slug":"arviointi","status":"publish","type":"page","link":"https:\/\/blogi.savonia.fi\/ingacheburkova\/perioperative-internship-harjoittelu\/arviointi\/","title":{"rendered":"Summary Evaluation. Arviointi"},"content":{"rendered":"<p><strong>Summary Evaluation. Arviointi<\/strong><\/p>\n<p>Harjoittelupaikka: <strong>Her\u00e4\u00e4m\u00f6, KYS\u00a0<\/strong><\/p>\n<p>Harjoittelu:<strong>\u00a0Post- POST &#8211; OPERATIIVINEN HOITOTYO\u0308\u00a0<\/strong><\/p>\n<p><em>Opettaja &#8211; Nina Arveli<\/em><\/p>\n<div class=\"page\" title=\"Page 1\">\n<div class=\"section\">\n<div class=\"layoutArea\">\n<div class=\"column\">\n<p><em>Klinikkaopettaja &#8211; Elina Pa\u0308a\u0308kko\u0308nen<\/em><\/p>\n<p><em>Ohjaaja &#8211; Niina Viinnikainen<\/em><\/p>\n<\/div>\n<div class=\"page\" title=\"Page 1\">\n<div class=\"section\">\n<div class=\"layoutArea\">\n<div class=\"column\">\n<p>&nbsp;<\/p>\n<div>\n<div>\n<p>OPPIMISEN TAIDOT:<\/p>\n<\/div>\n<div>\n<p>TYO\u0308YHTEISO\u0308 OSAAMINE ja SOSIAALI<span class=\"apple-converted-space\"><span lang=\"FI\">\u00a0<\/span><\/span><span lang=\"FI\">J<\/span>A TERVEYDENHUOL<span lang=\"FI\">L<\/span>ON TOIMINTA YMPA\u0308RISTO\u0308:<\/p>\n<p>&nbsp;<\/p>\n<\/div>\n<div>\n<p>NA\u0308YTTO\u0308O\u0308N PERUSTUVA TOIMINTA<span class=\"apple-converted-space\">\u00a0<\/span><span lang=\"FI\">J<\/span>A PA\u0308A\u0308TO\u0308KSENTEKO:<\/p>\n<p>&nbsp;<\/p>\n<\/div>\n<div>\n<p>OHJAUS<span class=\"apple-converted-space\"><span lang=\"FI\">\u00a0<\/span><\/span><span lang=\"FI\">J<\/span>A OPETUS OSAAMINEN:<\/p>\n<p>&nbsp;<\/p>\n<\/div>\n<div>\n<p>SOSIAALI<span class=\"apple-converted-space\">\u00a0<\/span><span lang=\"FI\">J<\/span>A TERVEYSPALVELU<span lang=\"FI\">J<\/span>EN LAATU<span class=\"apple-converted-space\">\u00a0<\/span><span lang=\"FI\">J<\/span>A TURVALLISUUS:<\/p>\n<p>&nbsp;<\/p>\n<\/div>\n<\/div>\n<\/div>\n<\/div>\n<\/div>\n<\/div>\n<\/div>\n<\/div>\n<\/div>\n","protected":false},"excerpt":{"rendered":"<p>Summary Evaluation. Arviointi Harjoittelupaikka: Her\u00e4\u00e4m\u00f6, KYS\u00a0 Harjoittelu:\u00a0Post- POST &#8211; OPERATIIVINEN HOITOTYO\u0308\u00a0 Opettaja &#8211; Nina Arveli Klinikkaopettaja &#8211; Elina Pa\u0308a\u0308kko\u0308nen Ohjaaja &#8211; Niina Viinnikainen &nbsp; OPPIMISEN TAIDOT: TYO\u0308YHTEISO\u0308 OSAAMINE ja SOSIAALI\u00a0JA TERVEYDENHUOLLON TOIMINTA YMPA\u0308RISTO\u0308: &nbsp; NA\u0308YTTO\u0308O\u0308N PERUSTUVA TOIMINTA\u00a0JA PA\u0308A\u0308TO\u0308KSENTEKO: &nbsp; OHJAUS\u00a0JA OPETUS OSAAMINEN: &nbsp; SOSIAALI\u00a0JA TERVEYSPALVELUJEN LAATU\u00a0JA TURVALLISUUS: &nbsp;<\/p>\n","protected":false},"author":8444,"featured_media":0,"parent":375,"menu_order":2,"comment_status":"closed","ping_status":"closed","template":"page-templates\/single-project.php","meta":{"footnotes":""},"class_list":["post-429","page","type-page","status-publish","hentry","clearfix"],"_links":{"self":[{"href":"https:\/\/blogi.savonia.fi\/ingacheburkova\/wp-json\/wp\/v2\/pages\/429","targetHints":{"allow":["GET"]}}],"collection":[{"href":"https:\/\/blogi.savonia.fi\/ingacheburkova\/wp-json\/wp\/v2\/pages"}],"about":[{"href":"https:\/\/blogi.savonia.fi\/ingacheburkova\/wp-json\/wp\/v2\/types\/page"}],"author":[{"embeddable":true,"href":"https:\/\/blogi.savonia.fi\/ingacheburkova\/wp-json\/wp\/v2\/users\/8444"}],"replies":[{"embeddable":true,"href":"https:\/\/blogi.savonia.fi\/ingacheburkova\/wp-json\/wp\/v2\/comments?post=429"}],"version-history":[{"count":19,"href":"https:\/\/blogi.savonia.fi\/ingacheburkova\/wp-json\/wp\/v2\/pages\/429\/revisions"}],"predecessor-version":[{"id":503,"href":"https:\/\/blogi.savonia.fi\/ingacheburkova\/wp-json\/wp\/v2\/pages\/429\/revisions\/503"}],"up":[{"embeddable":true,"href":"https:\/\/blogi.savonia.fi\/ingacheburkova\/wp-json\/wp\/v2\/pages\/375"}],"wp:attachment":[{"href":"https:\/\/blogi.savonia.fi\/ingacheburkova\/wp-json\/wp\/v2\/media?parent=429"}],"curies":[{"name":"wp","href":"https:\/\/api.w.org\/{rel}","templated":true}]}}