{"id":456,"date":"2022-12-11T20:33:02","date_gmt":"2022-12-11T18:33:02","guid":{"rendered":"https:\/\/blogi.savonia.fi\/ingacheburkova\/?page_id=456"},"modified":"2024-12-09T14:56:57","modified_gmt":"2024-12-09T12:56:57","slug":"valiarviointi","status":"publish","type":"page","link":"https:\/\/blogi.savonia.fi\/ingacheburkova\/perioperative-internship-harjoittelu\/valiarviointi\/","title":{"rendered":"Mid-Internship Evaluation. V\u00e4liarviointi"},"content":{"rendered":"<p><strong id=\"yui_3_17_2_1_1670782103716_35\">Mid-Internship Evaluation. V\u00e4liarviointi<\/strong><\/p>\n<p>Harjoittelupaikka: <strong>Her\u00e4\u00e4m\u00f6, KYS\u00a0<\/strong><\/p>\n<p>Harjoittelu:<strong> POST &#8211; OPERATIIVINEN HOITOTYO\u0308\u00a0<\/strong><\/p>\n<p><em>Opettaja &#8211; Nina Arveli<\/em><\/p>\n<div class=\"page\" title=\"Page 1\">\n<div class=\"section\">\n<div class=\"layoutArea\">\n<div class=\"column\">\n<p><em>Klinikkaopettaja &#8211; Elina Pa\u0308a\u0308kko\u0308nen<\/em><\/p>\n<p><em>Ohjaaja &#8211; Niina Viinianen<\/em><\/p>\n<\/div>\n<div class=\"page\" title=\"Page 1\">\n<div class=\"section\">\n<div class=\"layoutArea\">\n<div class=\"column\">\n<p>&nbsp;<\/p>\n<div>\n<div>\n<p>OPPIMISEN TAIDOT:<\/p>\n<p>Olemme puhuneet siit\u00e4, ett\u00e4 minun olisi parempi keskitty\u00e4 \/ focusing puudutus -infusio-\u00a0 anesthesia- ja kipul\u00e4\u00e4kkeist\u00e4 lopun harjoittelun, koska olen jo n\u00e4hnyt ja kokeillut paljon toimenpiteit\u00e4, joten nyt minulle on t\u00e4rkeint\u00e4 saada enemm\u00e4n PACU-pharmacology eli tietoa anestesia- ja kipul\u00e4\u00e4kkeist\u00e4.<\/p>\n<p>My\u00f6s opettajani ja ohjaaja opetti, ett\u00e4 dokumentointi edistyy paremmin, jos suullinen parempi suomea sama aikana.<\/p>\n<\/div>\n<div>\n<p>TYO\u0308YHTEISO\u0308 OSAAMINE ja SOSIAALI<span class=\"apple-converted-space\"><span lang=\"FI\">\u00a0<\/span><\/span><span lang=\"FI\">J<\/span>A TERVEYDENHUOL<span lang=\"FI\">L<\/span>ON TOIMINTA YMPA\u0308RISTO\u0308:<\/p>\n<\/div>\n<div>\n<p>Olen ty\u00f6skennellyt hoitoty\u00f6n periaatteiden ja arvojen mukaisesti. Kunnioita potilaan henkil\u00f6kohtaisia tietoja, \u00e4l\u00e4k\u00e4 levit\u00e4 asiakkaan sairaushistoriaa osaston.<\/p>\n<p>Olen my\u00f6s n\u00e4hnyt, ett\u00e4 potilaat saattavat olla hermostuneita ja pahoinvointia anestesian j\u00e4lkeen. Sopimuksena on, ett\u00e4 he tuntevat py\u00f6rrytyst\u00e4 ja sekaisin, mink\u00e4 vuoksi ei tarvitse seurata t\u00e4t\u00e4 h\u00e4mmennyst\u00e4. Olen yleens\u00e4 rauhallinen ja ymm\u00e4rt\u00e4v\u00e4inen.<\/p>\n<p>Potilas turvallisuus. The patients\u2019 safety and Personal Data Protection are always high priority.\u00a0 Whether it is a physical safety or confidential \u2019 information. Also I have always respected the person\u2019s autonomy (each individual has a right to make his or her own healthcare decisions), nonmaleficence (not causing intentional harm) &amp; fidelity (ability to keep commitment and responsibility) are crucial parts of nursing along with other professional obligations for me additionally.<\/p>\n<\/div>\n<div>\n<p>KLIININEN OSAAMINEN. POST &#8211; OPERATIIVINEN<span class=\"apple-converted-space\">\u00a0<\/span><span lang=\"FI\">H<\/span>OITOTYO\u0308:<\/p>\n<p>Tunnen edistyst\u00e4 valvojalla &#8211; Vitaalielintoiminto \/ Vital Signs: mittaus verenpaine, VS, EKG, RR, SpO2, m.m. ABCDE, NEWS score, Neorologia status jne,<br \/>\nkivun arviointi ja hoito, haavaan arviointi ja hoito, esim. \u00a0Avoimen haavan paikallishoito, komplikaatio ja riskit<br \/>\naseptisen toiminnan periaatteet<br \/>\ninfuusio- ja pistoshoidot, laita laskuputket, dreenit, katetrit<br \/>\nravitsemuksen ja nestetasapainon seuranta, l\u00e4\u00e4ke- ja neste- hoito, postoperatiivisten komplikaatioriskien tunnistaminen ja ennaltaehk\u00e4isy, dokumentointi ja hoidon suunnittelu<\/p>\n<\/div>\n<div>\n<p>NA\u0308YTTO\u0308O\u0308N PERUSTUVA TOIMINTA<span class=\"apple-converted-space\">\u00a0<\/span><span lang=\"FI\">J<\/span>A PA\u0308A\u0308TO\u0308KSENTEKO:<\/p>\n<p>Kaikista toiveistani olen pyyt\u00e4nyt uudelleen tutor-hoitajaltani.<br \/>\nJos min\u00e4 en tied\u00e4 jotain voin aina katsoa KYS-ohje:sta tai tarkistaa ty\u00f6toverilta mit\u00e4 tarvitsin. Tietysti kysyn hoitajaltani tarvittaessa.<br \/>\nMiranda, Ariel, Orbit- ja KYS-ohje ovat todella hyv\u00e4 paikat l\u00f6yt\u00e4\u00e4 kaikki tiedot ja vastaat mit\u00e4 tarvita, esim. kipul\u00e4\u00e4ke, LAB, l\u00e4\u00e4k\u00e4rien puhelinnumerot, paikkojen numerot jne.<\/p>\n<\/div>\n<div>\n<p>OHJAUS<span class=\"apple-converted-space\"><span lang=\"FI\">\u00a0<\/span><\/span><span lang=\"FI\">J<\/span>A OPETUS OSAAMINEN:<\/p>\n<p>Minulla on uusi kokemus ja harjaantuminen: ohje ja tukeminen potilaan ja h\u00e4nen perheens\u00e4 post-operatiivisessa prosessissa, esim. leikkauksen j\u00e4lkeist\u00e4 ohjausta.<\/p>\n<\/div>\n<div>\n<p>SOSIAALI<span class=\"apple-converted-space\">\u00a0<\/span><span lang=\"FI\">J<\/span>A TERVEYSPALVELU<span lang=\"FI\">J<\/span>EN LAATU<span class=\"apple-converted-space\">\u00a0<\/span><span lang=\"FI\">J<\/span>A TURVALLISUUS:<\/p>\n<p>Olen ty\u00f6skennellyt tiimiss\u00e4 korkean tason ammattilaisten kanssa. Siin\u00e4 oli monta vuoroa eri sairaanhoitajien kanssa, joten minun piti kommunikoida ja ty\u00f6skennell\u00e4 eri sairaanhoitajien kanssa &#8220;heid\u00e4n s\u00e4\u00e4nt\u00f6jens\u00e4&#8221; mukaan.<br \/>\nMinun n\u00e4k\u00f6kulmastani se antaa minulle hyvi\u00e4 tuloksia, koska opiskelijana pystyn n\u00e4kem\u00e4\u00e4n erilaisia tapoja tehd\u00e4 samaa ty\u00f6t\u00e4.<br \/>\nPysyv\u00e4sti saamani palautteen j\u00e4lkeen se sujui eritt\u00e4in hyvin ja min\u00e4 tunnen samoin. Olen saanut paljon tietoa samoista asioista, mutta eri ammattilaisilta.<\/p>\n<p>Teamwork on oikein eritt\u00e4in t\u00e4rkeit\u00e4 Perioperatiivisessa hoidossa.<\/p>\n<p>Odotan innolla jatkaa harjoittelua eteenp\u00e4in! Ja olen oikein kiinnostunut saamaan lis\u00e4\u00e4 uutta tietoa! \ud83d\udc9c<\/p>\n<\/div>\n<\/div>\n<\/div>\n<\/div>\n<\/div>\n<\/div>\n<\/div>\n<\/div>\n<\/div>\n","protected":false},"excerpt":{"rendered":"<p>Mid-Internship Evaluation. V\u00e4liarviointi Harjoittelupaikka: Her\u00e4\u00e4m\u00f6, KYS\u00a0 Harjoittelu: POST &#8211; OPERATIIVINEN HOITOTYO\u0308\u00a0 Opettaja &#8211; Nina Arveli Klinikkaopettaja &#8211; Elina Pa\u0308a\u0308kko\u0308nen Ohjaaja &#8211; Niina Viinianen &nbsp; OPPIMISEN TAIDOT: Olemme puhuneet siit\u00e4, ett\u00e4 minun olisi parempi keskitty\u00e4 \/ focusing puudutus -infusio-\u00a0 anesthesia- ja kipul\u00e4\u00e4kkeist\u00e4 lopun harjoittelun, koska olen jo n\u00e4hnyt ja kokeillut paljon toimenpiteit\u00e4, joten nyt minulle on t\u00e4rkeint\u00e4 saada enemm\u00e4n PACU-pharmacology eli tietoa anestesia- ja kipul\u00e4\u00e4kkeist\u00e4. My\u00f6s opettajani ja ohjaaja opetti, ett\u00e4 dokumentointi edistyy paremmin, jos suullinen parempi suomea sama aikana. TYO\u0308YHTEISO\u0308 OSAAMINE ja SOSIAALI\u00a0JA TERVEYDENHUOLLON TOIMINTA YMPA\u0308RISTO\u0308: Olen ty\u00f6skennellyt hoitoty\u00f6n periaatteiden ja arvojen mukaisesti. Kunnioita potilaan henkil\u00f6kohtaisia tietoja, \u00e4l\u00e4k\u00e4 levit\u00e4 asiakkaan sairaushistoriaa osaston. Olen my\u00f6s n\u00e4hnyt, ett\u00e4 potilaat saattavat olla hermostuneita ja pahoinvointia anestesian j\u00e4lkeen. Sopimuksena on, ett\u00e4 he tuntevat py\u00f6rrytyst\u00e4 ja sekaisin, mink\u00e4 vuoksi ei tarvitse seurata t\u00e4t\u00e4 h\u00e4mmennyst\u00e4. Olen yleens\u00e4 rauhallinen ja ymm\u00e4rt\u00e4v\u00e4inen. Potilas turvallisuus. The patients\u2019 safety and Personal Data Protection are always [&hellip;]<\/p>\n","protected":false},"author":8444,"featured_media":0,"parent":375,"menu_order":2,"comment_status":"closed","ping_status":"closed","template":"","meta":{"footnotes":""},"class_list":["post-456","page","type-page","status-publish","hentry","clearfix"],"_links":{"self":[{"href":"https:\/\/blogi.savonia.fi\/ingacheburkova\/wp-json\/wp\/v2\/pages\/456","targetHints":{"allow":["GET"]}}],"collection":[{"href":"https:\/\/blogi.savonia.fi\/ingacheburkova\/wp-json\/wp\/v2\/pages"}],"about":[{"href":"https:\/\/blogi.savonia.fi\/ingacheburkova\/wp-json\/wp\/v2\/types\/page"}],"author":[{"embeddable":true,"href":"https:\/\/blogi.savonia.fi\/ingacheburkova\/wp-json\/wp\/v2\/users\/8444"}],"replies":[{"embeddable":true,"href":"https:\/\/blogi.savonia.fi\/ingacheburkova\/wp-json\/wp\/v2\/comments?post=456"}],"version-history":[{"count":20,"href":"https:\/\/blogi.savonia.fi\/ingacheburkova\/wp-json\/wp\/v2\/pages\/456\/revisions"}],"predecessor-version":[{"id":508,"href":"https:\/\/blogi.savonia.fi\/ingacheburkova\/wp-json\/wp\/v2\/pages\/456\/revisions\/508"}],"up":[{"embeddable":true,"href":"https:\/\/blogi.savonia.fi\/ingacheburkova\/wp-json\/wp\/v2\/pages\/375"}],"wp:attachment":[{"href":"https:\/\/blogi.savonia.fi\/ingacheburkova\/wp-json\/wp\/v2\/media?parent=456"}],"curies":[{"name":"wp","href":"https:\/\/api.w.org\/{rel}","templated":true}]}}