{"id":533,"date":"2023-02-06T12:04:30","date_gmt":"2023-02-06T10:04:30","guid":{"rendered":"https:\/\/blogi.savonia.fi\/ingacheburkova\/?page_id=533"},"modified":"2024-12-09T14:58:42","modified_gmt":"2024-12-09T12:58:42","slug":"1st-week-reflections","status":"publish","type":"page","link":"https:\/\/blogi.savonia.fi\/ingacheburkova\/peadiatric-internship\/1st-week-reflections\/","title":{"rendered":"1st Week Reflections"},"content":{"rendered":"<p style=\"text-align: center\"><b>Minun ensimm\u00e4inen viikko &#8211; Lasten ja Perhen hoito harjoittelu\u00a0<\/b><\/p>\n<p>Period: <strong>13.02.\u00a0&#8211; 17.02.2023<\/strong><\/p>\n<p>Harjoittelupaikka: <strong>Kurkim\u00e4en p\u00e4iv\u00e4koti, Kuopio. <\/strong>Ryhm\u00e4<strong>: Keltainenserkut &#8211; 4 vuotta lapset<\/strong><\/p>\n<p>&nbsp;<\/p>\n<p>T\u00e4m\u00e4 viikkona meille olivat min. 9 lasta ja max. olivat 15 lasta.<\/p>\n<p>Ensimm\u00e4inen p\u00e4iv\u00e4n\u00e4 meill\u00e4 oli vain 9 lasta ja min\u00e4 luulin, ett\u00e4 siit\u00e4 tulee todella helppo harjoituttelu. Mutta, seuraavana p\u00e4iv\u00e4n\u00e4 oli todella kovaa ty\u00f6p\u00e4iv\u00e4 koska meille oli 15 lasta.<\/p>\n<p>Nyt olen varma, ett\u00e4 lastenhoitoty\u00f6 on todella kovaa ty\u00f6 ja erityist\u00e4 huomion kansa.<\/p>\n<p><strong>Minun p\u00e4ivitt\u00e4iset aktiviteetit\u00a0<\/strong><\/p>\n<p>Ensimm\u00e4inen painava ja koko t\u00e4m\u00e4 viikona min\u00e4 katsoin, sain tiet\u00e4\u00e4\u00a0ja muistin:<\/p>\n<ul>\n<li>mit\u00e4 lapset osaavat tehd\u00e4, millainen \u00a0lapsen kasvava on (physical development), kuka ja miten osaa puhua, kuka sy\u00f6 \/ juo mit\u00e4 (kuka juo laktoositon maitoa), mik\u00e4 on p\u00e4iv\u00e4- ja viikko- ohje, mihin aikaan ja kuinka kauan p\u00e4iv\u00e4uni, kuka k\u00e4ytt\u00e4\u00e4 vaippoja ja kuka k\u00e4ytt\u00e4\u00e4 WC itseni.<\/li>\n<li>Katselin tarkemmin yht\u00e4 poikaa, joka tarvitsee erityist\u00e4 huomiota. H\u00e4nell\u00e4 ei ole ADHD-diagnoosia, ei. Mutta h\u00e4n ei osaa focus hyvin.<\/li>\n<\/ul>\n<p>Ja samaan aikaan min\u00e4 katsoin lastenhoitajat ja lastentarhanopettajat tekev\u00e4t ja millaisia toimialoja he ty\u00f6skentelev\u00e4t joka p\u00e4iv\u00e4.<\/p>\n<p><strong>What has been new \/ Mit\u00e4 uutta<\/strong><\/p>\n<div class=\"page\" title=\"Page 7\">\n<div class=\"layoutArea\">\n<div class=\"column\">\n<ul>\n<li>Olen eritt\u00e4in kiinnostunut ja mielell\u00e4ni tied\u00e4n enemm\u00e4n lapsista, koska tottakai kaikki on uutta: uusi ohjeet, uusi ymp\u00e4rist\u00f6, uusi tiimi, uusi tapa toimia, monia uusia nimi\u00e4 jne.<\/li>\n<li>Kuten min\u00e4 sanoin aiemmin, minulla on v\u00e4h\u00e4n kokemus sairainen lasten kanssa. Mutta min\u00e4 en koskaan ty\u00f6skennellyt terveiden lasten kanssa. \u00a0Ja min\u00e4 en kosa ty\u00f6skennellyt p\u00e4iv\u00e4kodissa.<\/li>\n<li>Joka p\u00e4iv\u00e4si \u00a0min\u00e4 teen ja yrit\u00e4n tekee yhdess\u00e4 minun ohjaajanin\u00a0Minnan kanssa samoin asioita: \u00a0aamu-piiri, anna lapsille ruokaa, laita heid\u00e4t nukkumaan, auta WC:ss\u00e4.<\/li>\n<li>Ja lis\u00e4ksi minulle oli uusi tietoa n\u00e4kyv\u00e4 lasten kortit &#8211;\u00a0<b>Eidetic memory Cards <\/b><em>(the word eidetic comes from the Greek word &#8220;\u03b5\u1f36\u03b4\u03bf\u03c2&#8221; &#8211; &#8220;visible form&#8221; . The word eidetic comes from the Greek word &#8220;\u03b5\u1f36\u03b4\u03bf\u03c2&#8221; &#8211; &#8220;visible form&#8221;.Flashcards for kids are <b>colorful cards filled with limited information \u2013 images, concepts, ideas &amp; words<\/b>. It is an excellent way for in-depth learning. Its main purpose is to strengthen a child&#8217;s mind for a high attention spam).<\/em><\/li>\n<\/ul>\n<\/div>\n<\/div>\n<\/div>\n<p><b>\u00a0Tunteet<\/b><\/p>\n<p>Ensimm\u00e4isen\u00e4 p\u00e4iv\u00e4n\u00e4 niin paljon informaatioita vain putosi p\u00e4\u00e4h\u00e4ni ja minun piti oppia paljon asioita, muistaa, jotta onnistuneesti toteuttaa jotain tulevaisuudessa.<\/p>\n<p>Tietysti ajan my\u00f6t\u00e4 t\u00e4m\u00e4 on mennyt ohi ja on tullut paljon rauhallisemmaksi ja tutummaksi olla ty\u00f6paikalla. Olin jo tehnyt t\u00f6it\u00e4 tiimin j\u00e4senten kanssa ja tiesin, kenelt\u00e4 voin pyyt\u00e4\u00e4 apua, jos teen jotain tai teen v\u00e4\u00e4rin.<\/p>\n<p><b>\u00a0Arviointi<\/b><\/p>\n<p>P\u00e4ivitt\u00e4in min\u00e4 kirjoitan lyhyt muistilaput (Nota Bene) ja vinket taskuvihkoon, joka todella auttaa ratkaisemaan ongelman ajoissa ja tehokkaammin.\u00a0Olen saanut paljon t\u00e4n\u00e4 todella hyv\u00e4 tiet\u00e4\u00e4 aikaa! N\u00e4in Olen saanut eritt\u00e4in hyv\u00e4n tietopohjan. Olen jo oppinut, muistanut ja tied\u00e4n tiettyj\u00e4 erityis tarkoita asioita ett\u00e4 koskee hoitoa Her\u00e4\u00e4m\u00f6:ss\u00e4<\/p>\n<p><b>\u00a0P\u00e4\u00e4telm\u00e4<\/b><\/p>\n<p>Olen jo tutustunut ja tunnen kollegani, osastorakenteen ja miten se toimii sek\u00e4 sis\u00e4ll\u00e4 ett\u00e4 ulkopuolella.\u00a0Yhteenvetona voin sanoa, ett\u00e4 aloin tuntea luottamusta itseeni ja tekoihini sek\u00e4 positiivisiin tunteisiin, kun tein ty\u00f6t\u00e4 itsen\u00e4isesti.\u00a0Mentorini todella auttavat minua saamaan uutta tietoa ja antavat minulle aina pahe-neuvoja.<\/p>\n<p>Yhteenvetona t\u00e4m\u00e4n viikon j\u00e4lleen voit sanoa kerran, ett\u00e4 olen eritt\u00e4in kiinnostunut, inspiroitunut ja motivoitunut menem\u00e4\u00e4n eteenp\u00e4in.<\/p>\n<p><b>\u00a0Suunnitelma<\/b><\/p>\n<p>Teht\u00e4v\u00e4n\u00e4 ja tarkoituksena seuraavalle viikolle on selvitt\u00e4\u00e4:<\/p>\n<ul>\n<li>Minun pit\u00e4\u00e4 lis\u00e4\u00e4 lukea ja opiskella materiaalia koskevaa n\u00e4kyv\u00e4 lasten kortit Eidetic Memory cards. \u00a0(What are flashcards for preschoolers?\u00a0<em>Flashcards are one of effective study tool that can be great for ADHD.\u00a0<\/em>They build confidence through repetition, so it can build in visual cues);<\/li>\n<li>Ensin viikon \u00a0min\u00e4 suunnittelun jatkaa opiskele ja analysointia\u00a0lasten opiskele tarpeiden, mielialan muutosten ja toiveiden \u00a0Ja sitten arvioi ja auta sit\u00e4. Jokainen lapsi on my\u00f6s yksil\u00f6, joten haluan kokea tietyn l\u00e4hestymistavan rakentamisen kaikkien kanssa.<\/li>\n<\/ul>\n","protected":false},"excerpt":{"rendered":"<p>Minun ensimm\u00e4inen viikko &#8211; Lasten ja Perhen hoito harjoittelu\u00a0 Period: 13.02.\u00a0&#8211; 17.02.2023 Harjoittelupaikka: Kurkim\u00e4en p\u00e4iv\u00e4koti, Kuopio. Ryhm\u00e4: Keltainenserkut &#8211; 4 vuotta lapset &nbsp; T\u00e4m\u00e4 viikkona meille olivat min. 9 lasta ja max. olivat 15 lasta. Ensimm\u00e4inen p\u00e4iv\u00e4n\u00e4 meill\u00e4 oli vain 9 lasta ja min\u00e4 luulin, ett\u00e4 siit\u00e4 tulee todella helppo harjoituttelu. Mutta, seuraavana p\u00e4iv\u00e4n\u00e4 oli todella kovaa ty\u00f6p\u00e4iv\u00e4 koska meille oli 15 lasta. Nyt olen varma, ett\u00e4 lastenhoitoty\u00f6 on todella kovaa ty\u00f6 ja erityist\u00e4 huomion kansa. Minun p\u00e4ivitt\u00e4iset aktiviteetit\u00a0 Ensimm\u00e4inen painava ja koko t\u00e4m\u00e4 viikona min\u00e4 katsoin, sain tiet\u00e4\u00e4\u00a0ja muistin: mit\u00e4 lapset osaavat tehd\u00e4, millainen \u00a0lapsen kasvava on (physical development), kuka ja miten osaa puhua, kuka sy\u00f6 \/ juo mit\u00e4 (kuka juo laktoositon maitoa), mik\u00e4 on p\u00e4iv\u00e4- ja viikko- ohje, mihin aikaan ja kuinka kauan p\u00e4iv\u00e4uni, kuka k\u00e4ytt\u00e4\u00e4 vaippoja ja kuka k\u00e4ytt\u00e4\u00e4 WC itseni. Katselin tarkemmin yht\u00e4 poikaa, joka tarvitsee erityist\u00e4 huomiota. H\u00e4nell\u00e4 ei ole [&hellip;]<\/p>\n","protected":false},"author":8444,"featured_media":0,"parent":523,"menu_order":1,"comment_status":"closed","ping_status":"closed","template":"page-templates\/single-project.php","meta":{"footnotes":""},"class_list":["post-533","page","type-page","status-publish","hentry","clearfix"],"_links":{"self":[{"href":"https:\/\/blogi.savonia.fi\/ingacheburkova\/wp-json\/wp\/v2\/pages\/533","targetHints":{"allow":["GET"]}}],"collection":[{"href":"https:\/\/blogi.savonia.fi\/ingacheburkova\/wp-json\/wp\/v2\/pages"}],"about":[{"href":"https:\/\/blogi.savonia.fi\/ingacheburkova\/wp-json\/wp\/v2\/types\/page"}],"author":[{"embeddable":true,"href":"https:\/\/blogi.savonia.fi\/ingacheburkova\/wp-json\/wp\/v2\/users\/8444"}],"replies":[{"embeddable":true,"href":"https:\/\/blogi.savonia.fi\/ingacheburkova\/wp-json\/wp\/v2\/comments?post=533"}],"version-history":[{"count":29,"href":"https:\/\/blogi.savonia.fi\/ingacheburkova\/wp-json\/wp\/v2\/pages\/533\/revisions"}],"predecessor-version":[{"id":704,"href":"https:\/\/blogi.savonia.fi\/ingacheburkova\/wp-json\/wp\/v2\/pages\/533\/revisions\/704"}],"up":[{"embeddable":true,"href":"https:\/\/blogi.savonia.fi\/ingacheburkova\/wp-json\/wp\/v2\/pages\/523"}],"wp:attachment":[{"href":"https:\/\/blogi.savonia.fi\/ingacheburkova\/wp-json\/wp\/v2\/media?parent=533"}],"curies":[{"name":"wp","href":"https:\/\/api.w.org\/{rel}","templated":true}]}}