{"id":535,"date":"2023-02-06T12:04:49","date_gmt":"2023-02-06T10:04:49","guid":{"rendered":"https:\/\/blogi.savonia.fi\/ingacheburkova\/?page_id=535"},"modified":"2024-12-09T14:58:35","modified_gmt":"2024-12-09T12:58:35","slug":"2nd-week-reflections","status":"publish","type":"page","link":"https:\/\/blogi.savonia.fi\/ingacheburkova\/peadiatric-internship\/2nd-week-reflections\/","title":{"rendered":"2nd Week Reflections"},"content":{"rendered":"<p style=\"text-align: center\"><b>Minun Toinen viikko &#8211; Lasten ja Perhen hoito harjoittelu\u00a0<\/b><\/p>\n<p>Period: <strong>20.02.\u00a0&#8211; 25.02.2023<\/strong><\/p>\n<p>Harjoittelupaikka: <strong>Kurkim\u00e4en p\u00e4iv\u00e4koti, Kuopio <\/strong>Ryhm\u00e4: <strong>Keltainenserkut &#8211; 4 vuotta<\/strong><strong>\u00a0lapset<\/strong><\/p>\n<p>T\u00e4m\u00e4 viikkona olivat min. 15 \u00a0lasta ja max. olivat 20 lasta.<\/p>\n<p>&nbsp;<\/p>\n<p><span class=\"HwtZe\" lang=\"fi\"><span class=\"jCAhz ChMk0b\"><span class=\"ryNqvb\">Aika lent\u00e4\u00e4 vauhdilla.<\/span> <span class=\"ryNqvb\">T\u00e4m\u00e4n p\u00e4iv\u00e4kodin harjoittelun toinen viikko on tullut p\u00e4\u00e4t\u00f6kseen.<\/span> <\/span><\/span><\/p>\n<p><strong>\u00a0Minun p\u00e4ivitt\u00e4iset aktiviteetit<\/strong><\/p>\n<div class=\"QcsUad BDJ8fb BLojaf\">\n<div class=\"XL3Kf\">\n<div class=\"a8FIud L6rCcb\">\n<div class=\"usGWQd\">\n<div class=\"KkbLmb\">\n<div class=\"lRu31\"><span class=\"HwtZe\" lang=\"fi\"><span class=\"jCAhz ChMk0b\"><span class=\"ryNqvb\">Min\u00e4 haluaisin kerto pari asiat, jotka ovat minun n\u00e4k\u00f6kulma kiinnostavampia ja joista voin vet\u00e4\u00e4 joitain johtop\u00e4\u00e4t\u00f6ksi\u00e4.<\/span> <\/span><\/span><\/div>\n<div class=\"lRu31\"><span class=\"HwtZe\" lang=\"fi\"><span class=\"jCAhz ChMk0b\"><span class=\"jCAhz\"><span class=\"ryNqvb\">Meill\u00e4 on 4-vuotias poika \u00a0jolla on huono keskittymiskyky.<\/span> <span class=\"ryNqvb\">H\u00e4n ei kommunikoi aktiivisesti eik\u00e4 puhu paljon, mutta h\u00e4n ymm\u00e4rt\u00e4\u00e4, jos n\u00e4yt\u00e4mme h\u00e4nelle kuvia teoilla tai puhumme puhumme h\u00e4nen kanssaan hitaasti ja n\u00e4yt\u00e4mme k\u00e4sin, mit\u00e4 tarkoitamme. H\u00e4n ei viet\u00e4 niin paljon aikaa muiden ryhm\u00e4n lasten kanssa, vaan leikkii mieluummin opettajien tai opiskelijoiden kanssa. H\u00e4n saattaa kommunikoida muiden kanssa, mutta ei pitk\u00e4\u00e4n. Mit\u00e4 tulee h\u00e4nen ruokavalioonsa: h\u00e4n sy\u00f6 kaikkia ruokia, h\u00e4nell\u00e4 ei ole allergioita, h\u00e4n k\u00e4ytt\u00e4\u00e4 ruokailuv\u00e4lineit\u00e4, mutta ei tarpeeksi hyv\u00e4, kun h\u00e4n on rikkonut lasin; ja h\u00e4n unohtaa aina ottaa astiat pois tai siivota ruokaj\u00e4lken.<\/span><\/span><\/span><\/span><\/div>\n<\/div>\n<\/div>\n<\/div>\n<\/div>\n<\/div>\n<p><strong>\u00a0Mit\u00e4 uutta<\/strong><\/p>\n<p>T\u00e4m\u00e4 viikona ryhm\u00e4\u00e4mme tuli uusi poika. T\u00e4st\u00e4 min\u00e4 sain uusi kokemus siit\u00e4, kuinka h\u00e4nen lapsensa integroituminen uuteen tiimiin rakentuu, miten lapsia autetaan rakentamaan ihmissuhteita.<\/p>\n<p>Ja lisaksi \u00a0toinen tapaus, yksi poika oli sairas p\u00e4iv\u00e4n aikana &#8211; pahoinvointia ja kipua vatsassa. T\u00e4st\u00e4 min\u00e4 opin, mit\u00e4 tarvitse \u00a0tehd\u00e4 niiss\u00e4 tapauksissa\u00a0ja miten kommunikoida perheen kanssa.<\/p>\n<p><b>\u00a0Tunteet<\/b><\/p>\n<p>T\u00e4m\u00e4 viikona min\u00e4 jo parempi tied\u00e4 meid\u00e4n lapset, ja meid\u00e4n p\u00e4iv\u00e4- ja viikko- ohje. Min\u00e4 tunnun itseni jo itsevarmemmin.\u00a0Olen hoitanut p\u00e4ivitt\u00e4iset teht\u00e4v\u00e4ni melko hyvin. Ty\u00f6suhteeni joko kollegoihin ja lapsiin ovat varsin hyv\u00e4t ja ammattimaiset.<br \/>\nTottakai minulla on viel\u00e4 monia kysymyksi\u00e4 ja minun on saatava lis\u00e4\u00e4 tietoa lasten hyvinvoinnista.<\/p>\n<p><b>\u00a0Arviointi<\/b><\/p>\n<p>Joka p\u00e4iv\u00e4 min\u00e4 enemm\u00e4n ja enemm\u00e4n tied\u00e4n\u00a0ett\u00e4 minun harjoittelu p\u00e4iv\u00e4kodissa on on todella vaikea. Min\u00e4 yrit\u00e4n olla hyv\u00e4 apu-k\u00e4si ja harjoittelija. Se antaa minulle itseluottamusta ja motivoi jatkamaan yritt\u00e4mist\u00e4 ja tekem\u00e4\u00e4n ty\u00f6n yht\u00e4 nopeasti ja tehokkaasti.<\/p>\n<p>En kiirehtinyt pys\u00e4ytt\u00e4m\u00e4tt\u00e4 koko kahdeksan tunnin vuoroa miellytt\u00e4\u00e4kseni jotakuta tai todistaakseni jotain, mutta en my\u00f6sk\u00e4\u00e4n filoniillut, en kielt\u00e4nyt annettuja tilaisuuksia kokeilla jotain uutta, tuloksena taitoni harjoittelu, tein kaiken. teht\u00e4v\u00e4t olivat avoimia ja vieraanvaraisia, eik\u00e4 se koskaan aiheuttanut ongelmia.<\/p>\n<p>Oma harjoitellun itsearviointini on todella vaikeampaa kuin jonkun muun, mutta siit\u00e4 kriittisess\u00e4 ajattelussa on kyse.<\/p>\n<p>Loppujen lopuksi kukaan ei ole sinulle suoran sanoja kuin sin\u00e4 itse. Siksi min\u00e4 haluaisin sano, ett\u00e4 min\u00e4 menin mentori kanssa kaikialla ja avustelin h\u00e4nelle ahkerasti.<\/p>\n<p>Mentoreideni kiitokset ovat minulle todella suuri kunnia.<\/p>\n<p><b>\u00a0P\u00e4\u00e4telm\u00e4<\/b><\/p>\n<p>Analysoimalla t\u00e4m\u00e4 viikkoa ja minun \u00a0polkua voin sanoa, ett\u00e4 kaikki minun suunnitelmani ovat onnistuneet ja hyv\u00e4. Suoritan harjoitteluni hyvin lasteni ja henkil\u00f6kunnan kanssa.<\/p>\n<p>Minun mielest\u00e4ni se on loistava aloita askelini.<\/p>\n<p><b>\u00a0Suunnitelma<\/b><\/p>\n<p>Minun tarvitse erityisesti focus p\u00e4iv\u00e4n ohje ja rutiiniin, sy\u00f6miseen, allergioihin ja sen toimiin ja vaikutuksiin lapsen kehitykseen. Uskon, ett\u00e4 se on varsin mielenkiintoinen ja informatiivinen, koska jokaisella lapsella on paljon ruoan spesifikat. Min\u00e4 kuten sairaanhoitajan pit\u00e4isi aina pysy\u00e4 ajan tasalla kaikista n\u00e4ist\u00e4 tapahtumista.<\/p>\n<p>&nbsp;<\/p>\n<p>Paljon kiitoksia minun kollegoilleni ja erityisesti mentorilleni Minnalle! \ud83d\ude4f\ud83c\udffb\ud83c\udf37<\/p>\n<p>Olen eritt\u00e4in kiinnostunut, inspiroitunut ja motivoitunut menem\u00e4\u00e4n eteenp\u00e4in!<\/p>\n","protected":false},"excerpt":{"rendered":"<p>Minun Toinen viikko &#8211; Lasten ja Perhen hoito harjoittelu\u00a0 Period: 20.02.\u00a0&#8211; 25.02.2023 Harjoittelupaikka: Kurkim\u00e4en p\u00e4iv\u00e4koti, Kuopio Ryhm\u00e4: Keltainenserkut &#8211; 4 vuotta\u00a0lapset T\u00e4m\u00e4 viikkona olivat min. 15 \u00a0lasta ja max. olivat 20 lasta. &nbsp; Aika lent\u00e4\u00e4 vauhdilla. T\u00e4m\u00e4n p\u00e4iv\u00e4kodin harjoittelun toinen viikko on tullut p\u00e4\u00e4t\u00f6kseen. \u00a0Minun p\u00e4ivitt\u00e4iset aktiviteetit Min\u00e4 haluaisin kerto pari asiat, jotka ovat minun n\u00e4k\u00f6kulma kiinnostavampia ja joista voin vet\u00e4\u00e4 joitain johtop\u00e4\u00e4t\u00f6ksi\u00e4. Meill\u00e4 on 4-vuotias poika \u00a0jolla on huono keskittymiskyky. H\u00e4n ei kommunikoi aktiivisesti eik\u00e4 puhu paljon, mutta h\u00e4n ymm\u00e4rt\u00e4\u00e4, jos n\u00e4yt\u00e4mme h\u00e4nelle kuvia teoilla tai puhumme puhumme h\u00e4nen kanssaan hitaasti ja n\u00e4yt\u00e4mme k\u00e4sin, mit\u00e4 tarkoitamme. H\u00e4n ei viet\u00e4 niin paljon aikaa muiden ryhm\u00e4n lasten kanssa, vaan leikkii mieluummin opettajien tai opiskelijoiden kanssa. H\u00e4n saattaa kommunikoida muiden kanssa, mutta ei pitk\u00e4\u00e4n. Mit\u00e4 tulee h\u00e4nen ruokavalioonsa: h\u00e4n sy\u00f6 kaikkia ruokia, h\u00e4nell\u00e4 ei ole allergioita, h\u00e4n k\u00e4ytt\u00e4\u00e4 ruokailuv\u00e4lineit\u00e4, mutta ei tarpeeksi hyv\u00e4, kun h\u00e4n on rikkonut [&hellip;]<\/p>\n","protected":false},"author":8444,"featured_media":0,"parent":523,"menu_order":1,"comment_status":"closed","ping_status":"closed","template":"page-templates\/single-project.php","meta":{"footnotes":""},"class_list":["post-535","page","type-page","status-publish","hentry","clearfix"],"_links":{"self":[{"href":"https:\/\/blogi.savonia.fi\/ingacheburkova\/wp-json\/wp\/v2\/pages\/535","targetHints":{"allow":["GET"]}}],"collection":[{"href":"https:\/\/blogi.savonia.fi\/ingacheburkova\/wp-json\/wp\/v2\/pages"}],"about":[{"href":"https:\/\/blogi.savonia.fi\/ingacheburkova\/wp-json\/wp\/v2\/types\/page"}],"author":[{"embeddable":true,"href":"https:\/\/blogi.savonia.fi\/ingacheburkova\/wp-json\/wp\/v2\/users\/8444"}],"replies":[{"embeddable":true,"href":"https:\/\/blogi.savonia.fi\/ingacheburkova\/wp-json\/wp\/v2\/comments?post=535"}],"version-history":[{"count":20,"href":"https:\/\/blogi.savonia.fi\/ingacheburkova\/wp-json\/wp\/v2\/pages\/535\/revisions"}],"predecessor-version":[{"id":724,"href":"https:\/\/blogi.savonia.fi\/ingacheburkova\/wp-json\/wp\/v2\/pages\/535\/revisions\/724"}],"up":[{"embeddable":true,"href":"https:\/\/blogi.savonia.fi\/ingacheburkova\/wp-json\/wp\/v2\/pages\/523"}],"wp:attachment":[{"href":"https:\/\/blogi.savonia.fi\/ingacheburkova\/wp-json\/wp\/v2\/media?parent=535"}],"curies":[{"name":"wp","href":"https:\/\/api.w.org\/{rel}","templated":true}]}}