{"id":541,"date":"2023-02-06T12:06:34","date_gmt":"2023-02-06T10:06:34","guid":{"rendered":"https:\/\/blogi.savonia.fi\/ingacheburkova\/?page_id=541"},"modified":"2024-12-09T14:58:18","modified_gmt":"2024-12-09T12:58:18","slug":"5th-week-reflections","status":"publish","type":"page","link":"https:\/\/blogi.savonia.fi\/ingacheburkova\/peadiatric-internship\/5th-week-reflections\/","title":{"rendered":"5th Week Reflections"},"content":{"rendered":"<p style=\"text-align: center\"><b>5th week of Paediatric Internship\u00a0<\/b><\/p>\n<p style=\"text-align: left\">Period:<strong>\u00a013.03. ; 21.03 &#8211; 22.03.2023<\/strong><\/p>\n<p>Place: <strong>Kurkim\u00e4kin\u00a0Ckindergarden, Kuopio<\/strong><\/p>\n<p>Group<strong>: Keltainenserkut \u00a0<\/strong>Child&#8217;s\u00a0age: <strong>4 years of old<\/strong><\/p>\n<p>&nbsp;<\/p>\n<p>This is my last and at the same time very important week in the Paediatric internship. Time flies really \u00a0fast.<\/p>\n<p>I am so sad that my practice is on the final line and I have to say goodbye \ud83d\udc9c<\/p>\n<p>The last week of my internship has beeb broken onto 2 parts: Mon 13.03. and Tue 21.03 &#8211; Wen 22.03.<\/p>\n<p>We are following, like always, our regular time schedule: 8:00 aamupala, leikki\u00e4, aamupiiri, toiminta, ulkoilu, 12:00 lounas, p\u00e4iv\u00e4unet, 12:30 v\u00e4lipala, leikki\u00e4, ulkoilu.<\/p>\n<p>In childhood it is very important to follow daily routine and time schedule, because it helps to develop good time management skill for all life.<\/p>\n<p><strong>\u00a0What has been new:<\/strong><\/p>\n<ul>\n<li>I had been woking 1 day in a new group, where there were children of 2 years old. It was because a colleague was ill therefore me and Minna were substituting her.<\/li>\n<li>We had lessons by visiting library and storytelling.<\/li>\n<\/ul>\n<p><b>\u00a0Feelings:<\/b><\/p>\n<ul>\n<li>I am sure that library visiting is very important for children and helps them to broad their understanding of the world around them. Visiting the library for cultural lessons can provide an opportunity for children to explore different customs, traditions, and beliefs through books, and interactive activities. Reading the books can inspire children to learn about new \u00a0information, develop speaking skills, gain a deeper appreciation of their own culture. Libraries can also offer programs and events that showcase different cultures, such as art exhibitions, storytelling sessions. All of these experiences can contribute to a child&#8217;s personal and social development, as well as their mental grow.<\/li>\n<li>By substituting our colleague, I have once again seen that teamwork and helping each other are very important aspect in nursing life.<\/li>\n<\/ul>\n<p><b>\u00a0Evaluation\u00a0<\/b><\/p>\n<p>Thus I am pleased to work in multicultural team and I am able to help my colleagues by \u00a0substituting\u00a0each one and \u00a0working with collective rules and instructions. I very well know how to play in\u00a0\u00a0teamwork and understud the significance of multidisciplinary collaboration in nursing care of children and family.\u00a0And I have \u00a0familiared with instructions governing exceptional circumstances in the training unit.<\/p>\n<p><b>Conclusions\u00a0<\/b><\/p>\n<p>During this week\u00a0I have got once again more deeply knowledge about children in our group; our daily routine \u00a0and daily lessons with children.<\/p>\n<p>I am working with my colleagues friendly and confidently, \u00a0because I know quit well our kindergarten&#8217;s rules and structure and how it works both inside and outside (with parents).<\/p>\n<p>In summary, I can say that I started to feel confidence in myself and my actions and positive emotions when I worked independently. My mentors really help me gain new knowledge and always give me vice advice.<\/p>\n<p>To summarise this week, I would say \u00a0that \u00a0have enough demonstrated my previous \u00a0knowledge and \u00a0experience from previous practice \u00a0as well as my nursing skilful paediatric field.<\/p>\n<p><b>Action Plan\u00a0<\/b><\/p>\n<p>My action plan for my 4th week is follow:<\/p>\n<ul>\n<li>continue monitoring, assesses and analysing children\u2019s needs, mood changes wishes, threats and then evaluate and assist it;<\/li>\n<li style=\"font-weight: 400\">study more deeply child development and wellbeing (physical, cognitive, and emotional)\u00a0and \u00a0in order to get sufficient knowledge in oder to be able and identifies basic needs of children, plan and perform basic nursing care.<\/li>\n<\/ul>\n<p style=\"text-align: center\">Paljon kiitoksia \u00a0kollegoilleni ja erityisesti mentorini Minnalle!<\/p>\n<p style=\"text-align: center\">\n","protected":false},"excerpt":{"rendered":"<p>5th week of Paediatric Internship\u00a0 Period:\u00a013.03. ; 21.03 &#8211; 22.03.2023 Place: Kurkim\u00e4kin\u00a0Ckindergarden, Kuopio Group: Keltainenserkut \u00a0Child&#8217;s\u00a0age: 4 years of old &nbsp; This is my last and at the same time very important week in the Paediatric internship. Time flies really \u00a0fast. I am so sad that my practice is on the final line and I have to say goodbye \ud83d\udc9c The last week of my internship has beeb broken onto 2 parts: Mon 13.03. and Tue 21.03 &#8211; Wen 22.03. We are following, like always, our regular time schedule: 8:00 aamupala, leikki\u00e4, aamupiiri, toiminta, ulkoilu, 12:00 lounas, p\u00e4iv\u00e4unet, 12:30 v\u00e4lipala, leikki\u00e4, ulkoilu. In childhood it is very important to follow daily routine and time schedule, because it helps to develop good time management skill for all life. \u00a0What has been new: I had been woking 1 day in a new group, where there were children [&hellip;]<\/p>\n","protected":false},"author":8444,"featured_media":0,"parent":523,"menu_order":1,"comment_status":"closed","ping_status":"closed","template":"page-templates\/single-project.php","meta":{"footnotes":""},"class_list":["post-541","page","type-page","status-publish","hentry","clearfix"],"_links":{"self":[{"href":"https:\/\/blogi.savonia.fi\/ingacheburkova\/wp-json\/wp\/v2\/pages\/541","targetHints":{"allow":["GET"]}}],"collection":[{"href":"https:\/\/blogi.savonia.fi\/ingacheburkova\/wp-json\/wp\/v2\/pages"}],"about":[{"href":"https:\/\/blogi.savonia.fi\/ingacheburkova\/wp-json\/wp\/v2\/types\/page"}],"author":[{"embeddable":true,"href":"https:\/\/blogi.savonia.fi\/ingacheburkova\/wp-json\/wp\/v2\/users\/8444"}],"replies":[{"embeddable":true,"href":"https:\/\/blogi.savonia.fi\/ingacheburkova\/wp-json\/wp\/v2\/comments?post=541"}],"version-history":[{"count":16,"href":"https:\/\/blogi.savonia.fi\/ingacheburkova\/wp-json\/wp\/v2\/pages\/541\/revisions"}],"predecessor-version":[{"id":789,"href":"https:\/\/blogi.savonia.fi\/ingacheburkova\/wp-json\/wp\/v2\/pages\/541\/revisions\/789"}],"up":[{"embeddable":true,"href":"https:\/\/blogi.savonia.fi\/ingacheburkova\/wp-json\/wp\/v2\/pages\/523"}],"wp:attachment":[{"href":"https:\/\/blogi.savonia.fi\/ingacheburkova\/wp-json\/wp\/v2\/media?parent=541"}],"curies":[{"name":"wp","href":"https:\/\/api.w.org\/{rel}","templated":true}]}}