{"id":809,"date":"2023-04-01T23:56:19","date_gmt":"2023-04-01T20:56:19","guid":{"rendered":"https:\/\/blogi.savonia.fi\/ingacheburkova\/?page_id=809"},"modified":"2024-12-09T15:08:46","modified_gmt":"2024-12-09T13:08:46","slug":"mielenterveys-ja-paihdehoitotyo-harjoittelu","status":"publish","type":"page","link":"https:\/\/blogi.savonia.fi\/ingacheburkova\/mielenterveys-ja-paihdehoitotyo-harjoittelu\/","title":{"rendered":"Mielenterveys- ja P\u00e4ihdehoitoty\u00f6"},"content":{"rendered":"<h2 style=\"text-align: center\"><strong>Mielenterveys- ja P\u00e4ihdehoitoty\u00f6 Harjoittelu<\/strong><\/h2>\n<p><strong>SISALT\u00d6<\/strong><\/p>\n<p>&nbsp;<\/p>\n<p><strong><label class=\"screen-reader-text\" for=\"cb-select-811\"> Learning Goals\u00a0<\/label><\/strong><label class=\"screen-reader-text\" for=\"cb-select-811\"> <\/label><a href=\"https:\/\/blogi.savonia.fi\/ingacheburkova\/wp-admin\/post.php?post=811&amp;action=edit\"><label class=\"screen-reader-text\" for=\"cb-select-811\">https:\/\/blogi.savonia.fi\/ingacheburkova\/wp-admin\/post.php?post=811&amp;action=edit<\/label><\/a><\/p>\n<p><label class=\"screen-reader-text\" for=\"cb-select-817\">1st Week Reflection<a href=\"https:\/\/blogi.savonia.fi\/ingacheburkova\/mielenterveys-ja-paihdehoitotyo-harjoittelu\/1st-week-reflection\/\"> https:\/\/blogi.savonia.fi\/ingacheburkova\/mielenterveys-ja-paihdehoitotyo-harjoittelu\/1st-week-reflection\/<\/a><\/label><\/p>\n<p><label class=\"screen-reader-text\" for=\"cb-select-819\">2nd Week Reflections\u00a0<a href=\"https:\/\/blogi.savonia.fi\/ingacheburkova\/mielenterveys-ja-paihdehoitotyo-harjoittelu\/2nd-week-reflections\/\"> https:\/\/blogi.savonia.fi\/ingacheburkova\/mielenterveys-ja-paihdehoitotyo-harjoittelu\/2nd-week-reflections\/<\/a><\/label><\/p>\n<p><label class=\"screen-reader-text\" for=\"cb-select-833\"><strong> V\u00e4liarviointi\u00a0<\/strong> <a href=\"https:\/\/blogi.savonia.fi\/ingacheburkova\/mielenterveys-ja-paihdehoitotyo-harjoittelu\/valiarviointi\/\">https:\/\/blogi.savonia.fi\/ingacheburkova\/mielenterveys-ja-paihdehoitotyo-harjoittelu\/valiarviointi\/<\/a><\/label><\/p>\n<p><label class=\"screen-reader-text\" for=\"cb-select-894\"><strong>Potilas hoitohaastattelu<\/strong> \/ Assignment\u00a0 <a href=\"https:\/\/blogi.savonia.fi\/ingacheburkova\/mielenterveys-ja-paihdehoitotyo-harjoittelu\/patient-case\/\">https:\/\/blogi.savonia.fi\/ingacheburkova\/mielenterveys-ja-paihdehoitotyo-harjoittelu\/patient-case\/<\/a><\/label><\/p>\n<p><label class=\"screen-reader-text\" for=\"cb-select-821\">3rd Week Reflections\u00a0 <a href=\"https:\/\/blogi.savonia.fi\/ingacheburkova\/mielenterveys-ja-paihdehoitotyo-harjoittelu\/3rd-week-reflections\/\">https:\/\/blogi.savonia.fi\/ingacheburkova\/mielenterveys-ja-paihdehoitotyo-harjoittelu\/3rd-week-reflections\/<\/a><\/label><\/p>\n<p><label class=\"screen-reader-text\" for=\"cb-select-823\">4th Week Reflections <a href=\"https:\/\/blogi.savonia.fi\/ingacheburkova\/mielenterveys-ja-paihdehoitotyo-harjoittelu\/4th-week-reflections\/\">https:\/\/blogi.savonia.fi\/ingacheburkova\/mielenterveys-ja-paihdehoitotyo-harjoittelu\/4th-week-reflections\/<\/a><\/label><\/p>\n<p><label class=\"screen-reader-text\" for=\"cb-select-826\">5th Week Reflections\u00a0<a href=\"https:\/\/blogi.savonia.fi\/ingacheburkova\/mielenterveys-ja-paihdehoitotyo-harjoittelu\/5th-week-reflections\/\"> https:\/\/blogi.savonia.fi\/ingacheburkova\/mielenterveys-ja-paihdehoitotyo-harjoittelu\/5th-week-reflections\/<\/a><\/label><\/p>\n<p><label class=\"screen-reader-text\" for=\"cb-select-828\"><strong>Arviointi<\/strong> <a href=\"https:\/\/blogi.savonia.fi\/ingacheburkova\/mielenterveys-ja-paihdehoitotyo-harjoittelu\/arviointi\/\">https:\/\/blogi.savonia.fi\/ingacheburkova\/mielenterveys-ja-paihdehoitotyo-harjoittelu\/arviointi\/<\/a><\/label><\/p>\n","protected":false},"excerpt":{"rendered":"<p>Mielenterveys- ja P\u00e4ihdehoitoty\u00f6 Harjoittelu SISALT\u00d6 &nbsp; Learning Goals\u00a0 https:\/\/blogi.savonia.fi\/ingacheburkova\/wp-admin\/post.php?post=811&amp;action=edit 1st Week Reflection https:\/\/blogi.savonia.fi\/ingacheburkova\/mielenterveys-ja-paihdehoitotyo-harjoittelu\/1st-week-reflection\/ 2nd Week Reflections\u00a0 https:\/\/blogi.savonia.fi\/ingacheburkova\/mielenterveys-ja-paihdehoitotyo-harjoittelu\/2nd-week-reflections\/ V\u00e4liarviointi\u00a0 https:\/\/blogi.savonia.fi\/ingacheburkova\/mielenterveys-ja-paihdehoitotyo-harjoittelu\/valiarviointi\/ Potilas hoitohaastattelu \/ Assignment\u00a0 https:\/\/blogi.savonia.fi\/ingacheburkova\/mielenterveys-ja-paihdehoitotyo-harjoittelu\/patient-case\/ 3rd Week Reflections\u00a0 https:\/\/blogi.savonia.fi\/ingacheburkova\/mielenterveys-ja-paihdehoitotyo-harjoittelu\/3rd-week-reflections\/ 4th Week Reflections https:\/\/blogi.savonia.fi\/ingacheburkova\/mielenterveys-ja-paihdehoitotyo-harjoittelu\/4th-week-reflections\/ 5th Week Reflections\u00a0 https:\/\/blogi.savonia.fi\/ingacheburkova\/mielenterveys-ja-paihdehoitotyo-harjoittelu\/5th-week-reflections\/ Arviointi https:\/\/blogi.savonia.fi\/ingacheburkova\/mielenterveys-ja-paihdehoitotyo-harjoittelu\/arviointi\/<\/p>\n","protected":false},"author":8444,"featured_media":0,"parent":0,"menu_order":1,"comment_status":"closed","ping_status":"closed","template":"","meta":{"footnotes":""},"class_list":["post-809","page","type-page","status-publish","hentry","clearfix"],"_links":{"self":[{"href":"https:\/\/blogi.savonia.fi\/ingacheburkova\/wp-json\/wp\/v2\/pages\/809","targetHints":{"allow":["GET"]}}],"collection":[{"href":"https:\/\/blogi.savonia.fi\/ingacheburkova\/wp-json\/wp\/v2\/pages"}],"about":[{"href":"https:\/\/blogi.savonia.fi\/ingacheburkova\/wp-json\/wp\/v2\/types\/page"}],"author":[{"embeddable":true,"href":"https:\/\/blogi.savonia.fi\/ingacheburkova\/wp-json\/wp\/v2\/users\/8444"}],"replies":[{"embeddable":true,"href":"https:\/\/blogi.savonia.fi\/ingacheburkova\/wp-json\/wp\/v2\/comments?post=809"}],"version-history":[{"count":6,"href":"https:\/\/blogi.savonia.fi\/ingacheburkova\/wp-json\/wp\/v2\/pages\/809\/revisions"}],"predecessor-version":[{"id":1226,"href":"https:\/\/blogi.savonia.fi\/ingacheburkova\/wp-json\/wp\/v2\/pages\/809\/revisions\/1226"}],"wp:attachment":[{"href":"https:\/\/blogi.savonia.fi\/ingacheburkova\/wp-json\/wp\/v2\/media?parent=809"}],"curies":[{"name":"wp","href":"https:\/\/api.w.org\/{rel}","templated":true}]}}