{"id":811,"date":"2023-04-01T23:58:47","date_gmt":"2023-04-01T20:58:47","guid":{"rendered":"https:\/\/blogi.savonia.fi\/ingacheburkova\/?page_id=811"},"modified":"2024-12-09T14:59:33","modified_gmt":"2024-12-09T12:59:33","slug":"learning-goals","status":"publish","type":"page","link":"https:\/\/blogi.savonia.fi\/ingacheburkova\/mielenterveys-ja-paihdehoitotyo-harjoittelu\/learning-goals\/","title":{"rendered":"Learning Goals"},"content":{"rendered":"<h2><\/h2>\n<h2 style=\"text-align: center\"><b>Mielenterveys- ja P\u00e4ihdehoitoty\u00f6 h<\/b><b>arjoittelu<\/b><\/h2>\n<div class=\"page\" title=\"Page 1\">\n<div class=\"layoutArea\">\n<div class=\"column\">\n<p>Harjoitteluyksikko\u0308:\u00a0<b>Niuvanniemen sairaala, osasto 13, Kuopio\u00a0<\/b><\/p>\n<p>Tuntim\u00e4\u00e4r\u00e4: 7 op. \u00a0Harjoittelu kesto: 5 viikkoa, 24.04 &#8211; 26.05.2023<\/p>\n<p>Tutoropettaja: Marjo Heikkinen<\/p>\n<p>Minun johtajani harjoittelun ajan: \u00a0Sh Olli-PekkaLankinen \u00a0<a href=\"mailto:Olli-Pekka.Lankinen@niuva.fi\" target=\"_blank\" rel=\"noopener noreferrer\">Olli-Pekka.Lankinen@niuva.fi <\/a>\u00a0 \u00a0ja \u00a0Sh Nella Geselle <a href=\"mailto:Nella.Geselle@niuva.fi\" target=\"_blank\" rel=\"noopener noreferrer\">Nella.Geselle@niuva.fi<\/a>\u00a0 \u00a0ja \u00a0msh Pekka Kiiskinen <a href=\"mailto:Pekka.Kiiskinen@niuva.fi\" target=\"_blank\" rel=\"noopener noreferrer\">Pekka.K<\/a><a href=\"mailto:Pekka.Kiiskinen@niuva.fi\" target=\"_blank\" rel=\"noopener noreferrer\">iiskinen@niuva.fi<\/a><\/p>\n<\/div>\n<p>&nbsp;<\/p>\n<p><strong>Minusta:<\/strong><\/p>\n<p>Nimeni on Inga. Olen jo toisen vuoden opiskelija sairaanhoitajaksi Savonia AMK:ssa.<\/p>\n<p>Minun aikaisempi tutkinto on sairaanhoitaja ammattitutkinto ja 10 vuoden kokemus sairaanhoitajaksi Moskovassa.<\/p>\n<p>On suoritettu: 110\/210 opintopistett\u00e4. Aikaisemmat harjoittelujaksot:<\/p>\n<table style=\"height: 279px\" width=\"952\" cellspacing=\"0\" cellpadding=\"0\">\n<tbody>\n<tr>\n<td valign=\"top\">\n<p style=\"text-align: center\"><b>Teht\u00e4vien kuvaus<\/b><\/p>\n<\/td>\n<td style=\"text-align: center\" valign=\"top\"><b>Harjoitteluorganisaatti<\/b><\/td>\n<\/tr>\n<tr>\n<td style=\"text-align: center\" valign=\"top\">Leikkauksen ja anestesian j\u00e4lkeen hoitoty\u00f6<\/td>\n<td valign=\"top\">\n<p style=\"text-align: center\">Her\u00e4\u00e4m\u00f6 4335 ja Induktio, \u00a0KYS\u00a0\u00a0Kuopio<\/p>\n<p style=\"text-align: right\"><em>ohjauskieli &#8211; suomi<\/em><\/p>\n<\/td>\n<\/tr>\n<tr>\n<td valign=\"top\">\n<p style=\"text-align: center\">Lasten, nuorten ja perheiden hoitoty\u00f6<\/p>\n<\/td>\n<td style=\"text-align: center\" valign=\"top\">Von Wrightin p\u00e4iv\u00e4kotiyksikk\u00f6,Kuopio<\/p>\n<p style=\"text-align: right\"><em>ohjauskieli &#8211; suomi<\/em><\/p>\n<\/td>\n<\/tr>\n<tr>\n<td valign=\"top\">\n<p style=\"text-align: center\">Sis\u00e4tautipotilaiden hoitoty\u00f6, Kuntoutushoito<\/p>\n<p style=\"text-align: center\">ja<\/p>\n<p style=\"text-align: center\">Perushoitoty\u00f6<\/p>\n<\/td>\n<td valign=\"top\">\n<p style=\"text-align: center\">Akuutti ja Dialyysi osastot, Viitasaari Sairaala &#8211; NOVA:n osasto<\/p>\n<p style=\"text-align: center\">Keski-Suomen sairaanhoitopiirin<\/p>\n<p style=\"text-align: right\"><em>ohjauskielet &#8211; suomi ja englanti<\/em><\/p>\n<\/td>\n<\/tr>\n<tr>\n<td valign=\"top\"><\/td>\n<td valign=\"top\"><\/td>\n<\/tr>\n<\/tbody>\n<\/table>\n<\/div>\n<\/div>\n<div class=\"page\" title=\"Page 1\">\n<div class=\"layoutArea\">\n<div class=\"column\">\n<p><strong>Miten opin ja millainen on oppimistyylini:<\/strong><\/p>\n<p>Harjoittelu on aina ainutlaatuinen tilaisuus opiskella soveltamalla aikaisempaa teoriatietoani todellisessa ty\u00f6el\u00e4m\u00e4ss\u00e4.<br \/>\nOlen varma siita, ett\u00e4 se on todella hyv\u00e4 ja loistava oppimismenetelm\u00e4. Olen itse aktiivinen ja kyselen paljon. Olen varma ett\u00e4 perimpi jos ensin katsoa, tarkkailla ja esitt\u00e4\u00e4 minulle t\u00e4rke\u00e4t t\u00e4sment\u00e4v\u00e4t kysymykset. Ja sitten min\u00e4 teke t\u00e4t\u00e4 itseni.<\/p>\n<p>Yleens\u00e4 olen lukeva, tarkkaileva ja kysyv\u00e4. Lis\u00e4ksi tykk\u00e4\u00e4n tehd\u00e4 itse kysymyksi\u00e4 ja saada omia vastauksia. Minulla on kriittinen ajattelu ja looginen mieli ja hyv\u00e4 muisti. Pystyn keskittym\u00e4\u00e4n syv\u00e4sti t\u00e4rkeisiin asioihin.<\/p>\n<p>Muun muassa, \u00a0olen varma siit\u00e4, ett\u00e4 sopivasta ty\u00f6tahdista ja riitt\u00e4v\u00e4st\u00e4 levosta ovat avain menestykseen.<\/p>\n<p style=\"text-align: center\">LEARNING SKILLS \/ OPPIMISEN TAIDOT<\/p>\n<\/div>\n<\/div>\n<\/div>\n<p><strong>Eettinen osaaminen<\/strong><\/p>\n<p><em><u>Osaamisen kuvausta:<\/u><\/em><\/p>\n<p>Savonia AMK:ssa\u00a0ja aikaisemmilla harjoitteluillani olen jo saanut jonkin teoria (tietoa) ja k\u00e4yt\u00e4nn\u00f6n taitoja eri hoitoty\u00f6n aloilta, kuten: mielenterveysta kliiniset, lasten, operatiiviset, fyysiset, henkiset jne.<br \/>\nMy\u00f6s olen saanut verran k\u00e4sityst\u00e4 yleiset ihmisoikeudet ja sairaanhoitajan eettiset ohjeet.<\/p>\n<div class=\"page\" title=\"Page 1\">\n<div class=\"layoutArea\">\n<div class=\"column\">\n<p><em><u>Keinoja tavoitteisiin pa\u0308a\u0308semiseksi<\/u><\/em><\/p>\n<p>Kaikki\u00a0t\u00e4m\u00e4 olen valmis hakemaan t\u00e4h\u00e4n harjoitella.\u00a0Olen eritt\u00e4in tarkkaavainen ja todella varovainen erilaisissa hoitoty\u00f6n t\u00f6iss\u00e4 ja erityisesti potilas, h\u00e4n perheeseen ja heid\u00e4n terveyteen liittyviss\u00e4 teht\u00e4viss\u00e4ni.<\/p>\n<p style=\"text-align: left\">Uskon, ett\u00e4 minun tutor-sairaanhoitajani kertoo minulle lis\u00e4\u00e4 n\u00e4ist\u00e4 asioista ja muista ohjeista, jotka auttavat minua kehitt\u00e4m\u00e4\u00e4n ammatillisia taitojani.<br \/>\nmin\u00e4 todella tunnustan ty\u00f6n ammattietiikan periaatteiden mukaisesti ja asenteiden ja tunteiden merkityst\u00e4 mielenterveys- ja p\u00e4ihdehoitoty\u00f6ss\u00e4.<\/p>\n<\/div>\n<\/div>\n<\/div>\n<p><strong>Moniammatillinen yhteisty\u00f6osaaminen<\/strong><\/p>\n<p><em><u>Osaamisen kuvausta:<\/u><\/em><\/p>\n<p>Olen todella varmasti siit\u00e4, ett\u00e4 vuorovaikutustaidot,vertaisty\u00f6skentely,\u00a0tiimity\u00f6,\u00a0moniammatillisuus ovat hyvin t\u00e4rke\u00e4 asiat. Se on todella t\u00e4rke\u00e4 rakentaa hyvi\u00e4 suhteita kollegoiden kanssa ja ty\u00f6skennell\u00e4 yhdess\u00e4 joukkueena.<\/p>\n<p><em><u>Keinoja tavoitteisiin pa\u0308a\u0308semiseksi<\/u><\/em><\/p>\n<p>Voin sanoa, ett\u00e4 t\u00e4rkeimm\u00e4t yhteisty\u00f6t ovat organisaation ty\u00f6nantajien v\u00e4lill\u00e4 \u2013 t\u00e4m\u00e4 on oikein avain ja ty\u00f6skentelet my\u00f6s moniammatillisessa tiimiss\u00e4.<\/p>\n<p>Min\u00e4 haluan ja suunnittelen k\u00e4yt\u00e4 sen mielenterveyden harjoittelu prosessissa. Uskon sen, ett\u00e4 minun harjoittelu on ammattilaisella ja l\u00e4mmin ilmapiirissa.<\/p>\n<p><strong>Hoitoty\u00f6n p\u00e4\u00e4t\u00f6ksenteko-osaaminen<\/strong><\/p>\n<p><em><u>Keinoja tavoitteisiin pa\u0308a\u0308semiseksi<\/u><\/em><\/p>\n<p>Min\u00e4 osaan k\u00e4yt\u00e4 hy\u00f6dynt\u00e4m\u00e4\u00e4n mielenterveys ja liittyv\u00e4\u00e4 n\u00e4ytt\u00f6\u00f6n perustuvaa tietoa teoreettisessa oppimisessani. Toivon, ett\u00e4 minun ohjaajani jakaa minulle lis\u00e4\u00e4 tietoa t\u00e4st\u00e4 asiasta ja voin soveltaa teoriaa k\u00e4yt\u00e4nn\u00f6ss\u00e4.<\/p>\n<p><strong>Kulttuurinen osaaminen<\/strong><\/p>\n<p><em><u>Osaamisen kuvausta:<\/u><\/em><\/p>\n<p>Koulussa ja aikaisemmilla harjoitteluillani olen saanut jonkin teoria,\u00a0kuten: kulttuuri- aspekti ja mit\u00e4 se t\u00e4rkeit\u00e4 hoitoty\u00f6ss\u00e4, esim. potilaiden perheeseen, p\u00e4ihteiden k\u00e4ytt\u00f6\u00f6n, maahanmuuttoon ja uskon liittyv\u00e4t kulttuuriset asiat.<\/p>\n<p>Minulla on teoria siit\u00e4, kuinka edist\u00e4\u00e4 eri kulttuuritaustoista tulevien asiakkaiden mielenterveytt\u00e4 ja raittiutta sek\u00e4 k\u00e4ytt\u00e4\u00e4 mielenterveyden ja riippuvuushoidon olennaisia \u200b\u200binterventioita turvallisesti.<\/p>\n<p><em><u>Keinoja tavoitteisiin pa\u0308a\u0308semiseksi<\/u><\/em><\/p>\n<p>Haluan todella, ett\u00e4 tutor-hoitajani kertoisi minulle kuinka toimia paremmin t\u00e4h\u00e4n suuntaan, haluan joku jakaa kokemuksensa kanssani. Ja min\u00e4 uskon, ett\u00e4 t\u00e4ll\u00e4 tavalla pystyn parantamaan kulttuurista osaamistani.<\/p>\n<p><strong>Kliininen osaaminen<\/strong><\/p>\n<p><em><u>Osaamisen kuvausta:<\/u><\/em><\/p>\n<p>Savonia AMK:ssa olen saanut jonkin teoria (tietoa) k\u00e4ytt\u00e4\u00e4 turvallisesti mielenterveys- ja p\u00e4ihdety\u00f6n auttamismenetelmi\u00e4 ja\u00a0toteuttaa turvallisesti mielenterveys- ja p\u00e4ihdehoitoty\u00f6n l\u00e4\u00e4kehoitoa<\/p>\n<p><em><u>Keinoja tavoitteisiin pa\u0308a\u0308semiseksi<\/u><\/em><\/p>\n<p>Olen todella kiinnostunut ja haluan harjoitella n\u00e4it\u00e4 kaikkia oikeissa sairaalaymp\u00e4rist\u00f6iss\u00e4, kuten:<\/p>\n<ul>\n<li>Osoittavat taitoa soveltaa tietoa<\/li>\n<li>Tunnistaa ja arvioi mielenterveys- ja p\u00e4ihdeh\u00e4iri\u00f6iden vaikutuksia ja merki-tyksi\u00e4 potilaille sek\u00e4 hei-d\u00e4n l\u00e4heisille<\/li>\n<li>K\u00e4yd\u00e4 turvallisia l\u00e4\u00e4kitysk\u00e4yt\u00e4nt\u00f6j\u00e4 mielenterveys- ja riippuvuushoidossa<\/li>\n<li>Arvioida omia taitojani ja osaamistani mielenterveys- ja riippuvuushoidossa.<\/li>\n<li>Voisi olla AVEKKI (jos tarvitse) ja toimimaan sen mukaisesti<\/li>\n<li>\u00a0Ehk\u00e4ist\u00e4 ja hallita uhkaavia ja v\u00e4kivaltaisia \u200b\u200btapauksia<\/li>\n<\/ul>\n<p style=\"text-align: center\"><em>Odotan innolla \u00a0miten ne n\u00e4kyv\u00e4t\u00a0harjoittelussa! \ud83d\ude0a<\/em><\/p>\n","protected":false},"excerpt":{"rendered":"<p>Mielenterveys- ja P\u00e4ihdehoitoty\u00f6 harjoittelu Harjoitteluyksikko\u0308:\u00a0Niuvanniemen sairaala, osasto 13, Kuopio\u00a0 Tuntim\u00e4\u00e4r\u00e4: 7 op. \u00a0Harjoittelu kesto: 5 viikkoa, 24.04 &#8211; 26.05.2023 Tutoropettaja: Marjo Heikkinen Minun johtajani harjoittelun ajan: \u00a0Sh Olli-PekkaLankinen \u00a0Olli-Pekka.Lankinen@niuva.fi \u00a0 \u00a0ja \u00a0Sh Nella Geselle Nella.Geselle@niuva.fi\u00a0 \u00a0ja \u00a0msh Pekka Kiiskinen Pekka.Kiiskinen@niuva.fi &nbsp; Minusta: Nimeni on Inga. Olen jo toisen vuoden opiskelija sairaanhoitajaksi Savonia AMK:ssa. Minun aikaisempi tutkinto on sairaanhoitaja ammattitutkinto ja 10 vuoden kokemus sairaanhoitajaksi Moskovassa. On suoritettu: 110\/210 opintopistett\u00e4. Aikaisemmat harjoittelujaksot: Teht\u00e4vien kuvaus Harjoitteluorganisaatti Leikkauksen ja anestesian j\u00e4lkeen hoitoty\u00f6 Her\u00e4\u00e4m\u00f6 4335 ja Induktio, \u00a0KYS\u00a0\u00a0Kuopio ohjauskieli &#8211; suomi Lasten, nuorten ja perheiden hoitoty\u00f6 Von Wrightin p\u00e4iv\u00e4kotiyksikk\u00f6,Kuopio ohjauskieli &#8211; suomi Sis\u00e4tautipotilaiden hoitoty\u00f6, Kuntoutushoito ja Perushoitoty\u00f6 Akuutti ja Dialyysi osastot, Viitasaari Sairaala &#8211; NOVA:n osasto Keski-Suomen sairaanhoitopiirin ohjauskielet &#8211; suomi ja englanti Miten opin ja millainen on oppimistyylini: Harjoittelu on aina ainutlaatuinen tilaisuus opiskella soveltamalla aikaisempaa teoriatietoani todellisessa ty\u00f6el\u00e4m\u00e4ss\u00e4. Olen varma siita, ett\u00e4 se on todella hyv\u00e4 ja [&hellip;]<\/p>\n","protected":false},"author":8444,"featured_media":0,"parent":809,"menu_order":1,"comment_status":"closed","ping_status":"closed","template":"","meta":{"footnotes":""},"class_list":["post-811","page","type-page","status-publish","hentry","clearfix"],"_links":{"self":[{"href":"https:\/\/blogi.savonia.fi\/ingacheburkova\/wp-json\/wp\/v2\/pages\/811","targetHints":{"allow":["GET"]}}],"collection":[{"href":"https:\/\/blogi.savonia.fi\/ingacheburkova\/wp-json\/wp\/v2\/pages"}],"about":[{"href":"https:\/\/blogi.savonia.fi\/ingacheburkova\/wp-json\/wp\/v2\/types\/page"}],"author":[{"embeddable":true,"href":"https:\/\/blogi.savonia.fi\/ingacheburkova\/wp-json\/wp\/v2\/users\/8444"}],"replies":[{"embeddable":true,"href":"https:\/\/blogi.savonia.fi\/ingacheburkova\/wp-json\/wp\/v2\/comments?post=811"}],"version-history":[{"count":26,"href":"https:\/\/blogi.savonia.fi\/ingacheburkova\/wp-json\/wp\/v2\/pages\/811\/revisions"}],"predecessor-version":[{"id":862,"href":"https:\/\/blogi.savonia.fi\/ingacheburkova\/wp-json\/wp\/v2\/pages\/811\/revisions\/862"}],"up":[{"embeddable":true,"href":"https:\/\/blogi.savonia.fi\/ingacheburkova\/wp-json\/wp\/v2\/pages\/809"}],"wp:attachment":[{"href":"https:\/\/blogi.savonia.fi\/ingacheburkova\/wp-json\/wp\/v2\/media?parent=811"}],"curies":[{"name":"wp","href":"https:\/\/api.w.org\/{rel}","templated":true}]}}