{"id":821,"date":"2023-04-02T00:04:42","date_gmt":"2023-04-01T21:04:42","guid":{"rendered":"https:\/\/blogi.savonia.fi\/ingacheburkova\/?page_id=821"},"modified":"2024-12-09T14:59:07","modified_gmt":"2024-12-09T12:59:07","slug":"3rd-week-reflections","status":"publish","type":"page","link":"https:\/\/blogi.savonia.fi\/ingacheburkova\/mielenterveys-ja-paihdehoitotyo-harjoittelu\/3rd-week-reflections\/","title":{"rendered":"3rd Week Reflections"},"content":{"rendered":"<h3 style=\"text-align: center\">Kolmas viikko tuntuu<\/h3>\n<p><strong>08.05 &#8211; 14.05.2023 \/ 19 viikko\u00a0<\/strong><\/p>\n<p><strong>Niuvanniemen sairaalassa, o<\/strong><strong>sasto 13<\/strong><\/p>\n<p><b>What has been new \/ Mit\u00e4 uutta<\/b><\/p>\n<p>Tiistai oli opettavainen ja hyv\u00e4 p\u00e4iv\u00e4, koska siell\u00e4 oli useita aktiviteetteja: johdatus ECT-terapiaan (laboratoriossa klo 7.15);<\/p>\n<ul>\n<li>Tiistai 09.05.2023 \u00a0oli opettavainen ja efektiivinen\u00a0p\u00e4iv\u00e4\u00e4, koska olivat uusi aktivitet: ECT-terapia tutustuminen\u00a0(Labrotoria:ssa klo. 7:15);\u00a0\u00a0V\u00e4liarviointi;\u00a0klo. 14:00 &#8211; 15:00 toinen ty\u00f6ohje<\/li>\n<\/ul>\n<ul>\n<li>olen suorittanut pari uutta infotunnet: \u00a010.05 Musiikkiterapia jA \u00a011.05 Vertaistukipotiladen info<\/li>\n<li>\u00a0Perjantaina 12.05 oli Niuvannieminen sairaalan omaisten p\u00e4iv\u00e4. Siell\u00e4 oli luento Skitsofreniasta &#8211; Johtava l\u00e4\u00e4k\u00e4ri Allan Sepp\u00e4nen ja ylil\u00e4\u00e4k\u00e4ri Kristina Kivimies.<\/li>\n<li>Lauantaina 13.05 oli \u00a0Ranta sauna osastossa. T\u00e4m\u00e4 on yksi viel\u00e4 vaihtoehto\u00a0communikoida ja sosiaalisuutta potillan kansa.\u00a0T\u00e4m\u00e4 on paikka, jossa kaikki tulevat ja viett\u00e4v\u00e4t tuottavaa aikaa yhdess\u00e4.<\/li>\n<li>L\u00e4\u00e4ke jakaminen ohjaus<\/li>\n<\/ul>\n<p><b>Minun p\u00e4ivitt\u00e4iset aktiviteetit<\/b><\/p>\n<p>T\u00e4m\u00e4 viikolla minulla olivat ihan paljon uudet ja oppimista tapahtumia. Se meni todella hyvin ja mielenkiinnosta. Olin v\u00e4synyt mutta oikein iloinen, koska sain niin paljon uusi kokemus.<\/p>\n<p>Tiistai oli todella\u00a0 vilkas ja aktiivinen p\u00e4iv\u00e4, koska olivat : ECT-terapia tutustuminen Laboratoriossa, \u00a0toinen Ty\u00f6ohje ja V\u00e4liarviointi.<\/p>\n<p>Ja\u00a0 viel\u00e4\u00a0 t\u00e4ll\u00e4 viikolla olen suorittanut\u00a0\u00a0 Info-tunnit:<\/p>\n<p>Keskiviikona Musiikkiterapia &#8211; info (taideterapia talo)<\/p>\n<p>Torstaina Vertaistukipotilaiden info (opetus)<\/p>\n<p>Ohjaan kanssa olen, DKT ryhm\u00e4, HOSU, Tominnalinen ryhm\u00e4<\/p>\n<p>L\u00e4\u00e4ke jakaminen<\/p>\n<p><b>Feelings \/ Tunteet<\/b><\/p>\n<p>Joka p\u00e4iv\u00e4 min\u00e4 \u00a0tottaan enemman ja enneman teoria info, hyv\u00e4t vinkit ja ammatillainen koekemus. Osaston ilmapiiri on todella l\u00e4mmin ja yst\u00e4v\u00e4llisi\u00e4.\u00a0Jokainen henkil\u00f6kunta auttaa minua aina ja vastaa kaikkiin minun kysymyksiini. Min\u00e4 tunnen itseni varmuutta lis\u00e4ksi.<\/p>\n<p><u>Kollegani ja minun ohjaat ovat oikein korkean tason ammattilaisia! My respect!<\/u><\/p>\n<p><b>Evaluation \/ Itsearviointi<\/b><\/p>\n<p>T\u00e4ll\u00e4 viikolla olen ty\u00f6skennellyt v\u00e4h\u00e4n ennemm\u00e4n itse. Tutustuin paremmin osaston tiimin kanssa ja sairaalan alueellaan. Ja olen jo muistanut a potilaan nimet\u00e4.<\/p>\n<p>Mina aina muistan mit\u00e4 minua opetettiin koulussa. <u>Ymm\u00e4rr\u00e4n eritt\u00e4in hyvin ja aina\u00a0muistan, mill\u00e4 osastolla min\u00e4 olen ja mink\u00e4 potilaiden kanssa ty\u00f6skentelen. <\/u><\/p>\n<p>T\u00e4m\u00e4 tarkoittaa, ett\u00e4 kunnioitan aina etiikkaa, potilaiden henkil\u00f6tietojen s\u00e4ilytt\u00e4mist\u00e4 ja turvallisuutta.<\/p>\n<p><b>Conclusions \/ P\u00e4\u00e4telm\u00e4<\/b><\/p>\n<p>Analysoida t\u00e4m\u00e4n viikon voisin sanoa, ett\u00e4 minulla on\u00a0viel\u00e4 v\u00e4h\u00e4n ep\u00e4varmastani. Kirjoitin kuitenkin pari muistialappt taskumuistikirjan ja tallentaa siihen, kun pit\u00e4\u00e4 suorittamaan potilaiden hoitoty\u00f6.<\/p>\n<p>Yhteenvetona t\u00e4m\u00e4n viikon tuloksista korostan, ett\u00e4 olen eritt\u00e4in kiinnostunut, inspiroitunut ja motivoitunut siirtym\u00e4\u00e4n eteenp\u00e4in. Tunnen kollegani, osaston rakenteen ja sen toimivuuden sis\u00e4ll\u00e4 ja ulkopuolella.<\/p>\n<p>Yhteenvetona t\u00e4m\u00e4n viikon j\u00e4lleen voit sanoa uuden kerran, ett\u00e4 olen eritt\u00e4in kiinnostunut, inspiroitunut ja motivoitunut menem\u00e4\u00e4n eteenp\u00e4in.<\/p>\n<p>&nbsp;<\/p>\n<p>&nbsp;<\/p>\n<p>&nbsp;<\/p>\n","protected":false},"excerpt":{"rendered":"<p>Kolmas viikko tuntuu 08.05 &#8211; 14.05.2023 \/ 19 viikko\u00a0 Niuvanniemen sairaalassa, osasto 13 What has been new \/ Mit\u00e4 uutta Tiistai oli opettavainen ja hyv\u00e4 p\u00e4iv\u00e4, koska siell\u00e4 oli useita aktiviteetteja: johdatus ECT-terapiaan (laboratoriossa klo 7.15); Tiistai 09.05.2023 \u00a0oli opettavainen ja efektiivinen\u00a0p\u00e4iv\u00e4\u00e4, koska olivat uusi aktivitet: ECT-terapia tutustuminen\u00a0(Labrotoria:ssa klo. 7:15);\u00a0\u00a0V\u00e4liarviointi;\u00a0klo. 14:00 &#8211; 15:00 toinen ty\u00f6ohje olen suorittanut pari uutta infotunnet: \u00a010.05 Musiikkiterapia jA \u00a011.05 Vertaistukipotiladen info \u00a0Perjantaina 12.05 oli Niuvannieminen sairaalan omaisten p\u00e4iv\u00e4. Siell\u00e4 oli luento Skitsofreniasta &#8211; Johtava l\u00e4\u00e4k\u00e4ri Allan Sepp\u00e4nen ja ylil\u00e4\u00e4k\u00e4ri Kristina Kivimies. Lauantaina 13.05 oli \u00a0Ranta sauna osastossa. T\u00e4m\u00e4 on yksi viel\u00e4 vaihtoehto\u00a0communikoida ja sosiaalisuutta potillan kansa.\u00a0T\u00e4m\u00e4 on paikka, jossa kaikki tulevat ja viett\u00e4v\u00e4t tuottavaa aikaa yhdess\u00e4. L\u00e4\u00e4ke jakaminen ohjaus Minun p\u00e4ivitt\u00e4iset aktiviteetit T\u00e4m\u00e4 viikolla minulla olivat ihan paljon uudet ja oppimista tapahtumia. Se meni todella hyvin ja mielenkiinnosta. Olin v\u00e4synyt mutta oikein iloinen, koska sain niin paljon uusi kokemus. Tiistai [&hellip;]<\/p>\n","protected":false},"author":8444,"featured_media":0,"parent":809,"menu_order":2,"comment_status":"closed","ping_status":"closed","template":"page-templates\/page_fullwidth.php","meta":{"footnotes":""},"class_list":["post-821","page","type-page","status-publish","hentry","clearfix"],"_links":{"self":[{"href":"https:\/\/blogi.savonia.fi\/ingacheburkova\/wp-json\/wp\/v2\/pages\/821","targetHints":{"allow":["GET"]}}],"collection":[{"href":"https:\/\/blogi.savonia.fi\/ingacheburkova\/wp-json\/wp\/v2\/pages"}],"about":[{"href":"https:\/\/blogi.savonia.fi\/ingacheburkova\/wp-json\/wp\/v2\/types\/page"}],"author":[{"embeddable":true,"href":"https:\/\/blogi.savonia.fi\/ingacheburkova\/wp-json\/wp\/v2\/users\/8444"}],"replies":[{"embeddable":true,"href":"https:\/\/blogi.savonia.fi\/ingacheburkova\/wp-json\/wp\/v2\/comments?post=821"}],"version-history":[{"count":28,"href":"https:\/\/blogi.savonia.fi\/ingacheburkova\/wp-json\/wp\/v2\/pages\/821\/revisions"}],"predecessor-version":[{"id":1124,"href":"https:\/\/blogi.savonia.fi\/ingacheburkova\/wp-json\/wp\/v2\/pages\/821\/revisions\/1124"}],"up":[{"embeddable":true,"href":"https:\/\/blogi.savonia.fi\/ingacheburkova\/wp-json\/wp\/v2\/pages\/809"}],"wp:attachment":[{"href":"https:\/\/blogi.savonia.fi\/ingacheburkova\/wp-json\/wp\/v2\/media?parent=821"}],"curies":[{"name":"wp","href":"https:\/\/api.w.org\/{rel}","templated":true}]}}